{"id":15512,"date":"2020-06-10T19:43:04","date_gmt":"2020-06-10T17:43:04","guid":{"rendered":"https:\/\/aslaksen.bcc.no\/?page_id=15512"},"modified":"2020-10-01T11:04:49","modified_gmt":"2020-10-01T09:04:49","slug":"davids-rike-nade-den-visse","status":"publish","type":"page","link":"https:\/\/words-of-faith.org\/no\/bibelstudier\/tema-4\/davids-rike-nade-den-visse\/","title":{"rendered":"\u00abDavids rike n\u00e5de, den visse\u00bb"},"content":{"rendered":"\n\t<section class=\"section\" id=\"section_737888961\">\n\t\t<div class=\"section-bg fill\" >\n\t\t\t\t\t\t\t\t\t\n\t\t\t\n\n\t\t<\/div>\n\n\t\t\n\n\t\t<div class=\"section-content relative\">\n\t\t\t\n<div class=\"row align-center\"  id=\"row-1044734266\">\n\n\t<div id=\"col-1986168488\" class=\"col small-12 large-12\"  >\n\t\t\t\t<div class=\"col-inner\"  >\n\t\t\t\n\t\t\t\n<p class=\"breadcrumbs\"><a href=\"..\/\">Tema 4<\/a> \/ Taler<\/p>\n<h1>\u00abDavids rike n\u00e5de, den visse\u00bb<\/h1>\n<p class=\"article-date\">Skjulte Skatter, publisert april 1985<\/p>\n<p class=\"article-author\">av Elias Aslaksen<\/p>\n\t\t<\/div>\n\t\t\t\t\t<\/div>\n\n\t\n\n<style>\n#row-1044734266 > .col > .col-inner {\n  padding: 30px 0px 0px 0px;\n}\n<\/style>\n<\/div>\n<div class=\"row align-center audio\"  id=\"row-622511870\">\n\n\t<div id=\"col-756361051\" class=\"col small-12 large-12\"  >\n\t\t\t\t<div class=\"col-inner\"  >\n\t\t\t\n\t\t\t\n<!--[if lt IE 9]><script>document.createElement('audio');<\/script><![endif]-->\n<audio class=\"wp-audio-shortcode\" id=\"audio-15512-1\" preload=\"none\" style=\"width: 100%;\" controls=\"controls\"><source type=\"audio\/mpeg\" src=\"\/audio\/Tema%204\/NO\/24%20Davids%20rike%20n\u00e5de,%20den%20visse.mp3?_=1\" \/><a href=\"\/audio\/Tema%204\/NO\/24%20Davids%20rike%20n\u00e5de,%20den%20visse.mp3\">\/audio\/Tema%204\/NO\/24%20Davids%20rike%20n\u00e5de,%20den%20visse.mp3<\/a><\/audio>\n<p class=\"click-to-listen\">Click to listen to the speech.<\/p>\n\t\t<\/div>\n\t\t\t\t\t<\/div>\n\n\t\n<\/div>\n<div class=\"row align-center article article-excerpt\"  id=\"row-1426322634\">\n\n\t<div id=\"col-2094895590\" class=\"col small-12 large-12\"  >\n\t\t\t\t<div class=\"col-inner text-left\"  >\n\t\t\t\n\t\t\t\n<p><em>Esaias 55,3<\/em><\/p>\n<p>Det er alts\u00e5 to betegnende ting ved denne n\u00e5de, som underlig nok kalles Davids n\u00e5de, den veldige n\u00e5de som David fikk, den som maktet \u00e5 f\u00e5 ham til \u00e5 bli en mann etter Guds hjerte. Det skal det jo selvsagt noe voldsomt meget til \u00e5 kunne bli! \u2014<\/p>\n<p>Og all den virksomme n\u00e5de som vi har anledning til \u00e5 f\u00e5 n\u00e5 i den nye pakts tid, den er jo mangfoldig ganger st\u00f8rre og virksommere enn den man kunne f\u00e5 i den gamle pakts tid!<\/p>\n<p>Men \u2014 helt guddommelig lovmessig \u2014 absolutt uten unntagelser \u2014 if\u00f8lge Peter og Jakob \u2014 kan vi kun f\u00e5 denne n\u00e5de hvis vi i sannhet er ydmyke, og bare i den grad vi er ydmyke.<\/p>\n<p>Dette er visst og sant i alle m\u00e5ter! Ja, det er det sikreste av alt det sikre! Og det er like s\u00e5 sikkert at den stolte har Gud til motstander, som det er at den ydmyke f\u00e5r n\u00e5de. Dette er det \u00e5ndelige, s\u00e5vel som det menneskelige, livs naturlov. Det er den sanne bakgrunn for all opph\u00f8yelse og all fornedrelse, if\u00f8lge Jesu egne ord: \u00abDen seg selv opph\u00f8yer, skal fornedres, og den seg selv fornedrer skal opph\u00f8yes.\u00bb Ja, selv om man selv ikke \u00f8nsket det. For det er Guds egen faste beslutning, if\u00f8lge sitt eget guddommelige vesen.<\/p>\n<p>Vi f\u00e5r alts\u00e5 akkurat s\u00e5 rik og mangfoldig n\u00e5de som vi er ydmyke til! Og akkurat s\u00e5 sikkert og visst er dette, som det i det hele tatt er sikkert og visst at det virkelig i \u00e5nd og sannhet er ydmykhet vi har, og ikke ett eller annet surrogat for ydmykhet. \u2014<\/p>\n<p>Det er jo flere kjennetegn p\u00e5 ydmykheten. Den ydmyke gj\u00f8r ikke innvendinger, eller bortforklaringer, eller protesterer, eller opponerer, eller tviler eller n\u00f8ler med \u00e5 adlyde Guds ord og sine overordnede i denne verden, b\u00e5de p\u00e5 arbeidssteder og i familielivet. Man lar seg da ogs\u00e5 gjerne formane og irettesette. \u2014 Og er dyktig til \u00e5 tie stille, og ikke opplate sin munn, eller uttale seg om dette og hint, og om denne og hin, og til \u00e5 snakke om noe man egentlig ikke har noe greie p\u00e5, for han holder seg gjerne til det lave. Ja, han benytter anledningene til \u00e5 holde seg der, for der er freden uten ende. \u2014<\/p>\n<p>Fremfor alt avholder den ydmyke seg fra \u00e5 d\u00f8mme og kritisere sin neste, for hver den som gj\u00f8r slikt, har jo unektelig opph\u00f8yet seg, og tatt plass p\u00e5 et dommersete. Dommerne sitter jo der. \u2014<\/p>\n<p>Da er man s\u00e5 langt borte fra ydmykheten som \u00f8sten er fra vesten. Og like s\u00e5 langt borte er da Guds sanne n\u00e5de fra enhver slik person!<\/p>\n<p>S\u00e5 lenge man er ydmyk, er man s\u00e5 \u00e5 si livsforsikret! Gud er n\u00e5dig, miskunnelig og barmhjertig mot alle mennesker, unntatt de stolte, hovmodige, overmodige, selvkloke og oppbl\u00e5ste, for disse har Gud til motstandere! Stakkars mennesker!<\/p>\n\t\t<\/div>\n\t\t\t\t\t<\/div>\n\n\t\n\n\t<div id=\"col-423134514\" class=\"col copyright small-12 large-12\"  >\n\t\t\t\t<div class=\"col-inner text-left\"  >\n\t\t\t\n\t\t\t\n<div>\u00a9 Copyright Stiftelsen Skjulte Skatters Forlag<\/div>\n\t\t<\/div>\n\t\t\t\t\t<\/div>\n\n\t\n\n\t<div id=\"col-74231787\" class=\"col small-12 large-12\"  >\n\t\t\t\t<div class=\"col-inner text-left\"  >\n\t\t\t\n\t\t\t\n<div><a href=\"#\" class=\"read-more\">Les mer<\/a><\/div>\n\t\t<\/div>\n\t\t\t\t\t<\/div>\n\n\t\n\n\t<div id=\"col-1719522740\" class=\"col small-12 large-12\"  >\n\t\t\t\t<div class=\"col-inner text-left\"  >\n\t\t\t\n\t\t\t\n<p class=\"next-previous-message\"><a class=\"previous\" href=\"..\/guds-arbeidsmetode\/\"><i class=\"icon-angle-left\"><\/i> Previous<\/a><a class=\"next\" href=\"..\/ydmykhet-er-selve-saken\/\">Next <i class=\"icon-angle-right\"><\/i><\/a><\/p>\n\t\t<\/div>\n\t\t\t\t\t<\/div>\n\n\t\n<\/div>\n\t\t<\/div>\n\n\t\t\n<style>\n#section_737888961 {\n  padding-top: 0px;\n  padding-bottom: 0px;\n  margin-bottom: 0px;\n}\n@media (min-width:550px) {\n  #section_737888961 {\n    padding-top: 0px;\n    padding-bottom: 0px;\n  }\n}\n<\/style>\n\t<\/section>\n\t\n\n\t<section class=\"section food-for-thought\" id=\"section_971096502\">\n\t\t<div class=\"section-bg fill\" >\n\t\t\t\t\t\t\t\t\t\n\t\t\t\n\n\t\t<\/div>\n\n\t\t\n\n\t\t<div class=\"section-content relative\">\n\t\t\t\n<div class=\"row align-center\"  id=\"row-496473939\">\n\n\t<div id=\"col-1675761822\" class=\"col title small-12 large-12\"  >\n\t\t\t\t<div class=\"col-inner text-left dark\"  >\n\t\t\t\n\t\t\t\n<h2>Devotional<\/h2>\n\t\t<\/div>\n\t\t\t\t\t<\/div>\n\n\t\n\n\t<div id=\"col-413392582\" class=\"col small-12 large-12\"  >\n\t\t\t\t<div class=\"col-inner dark\"  >\n\t\t\t\n\t\t\t\n<p>I stykket \u00abDavids rike n\u00e5de, den visse\u00bb kommer det veldig klart fram at Gud st\u00e5r de stolte imot men gir de ydmyke n\u00e5de. Hvorfor tror du at det er slik? Kan du tenke p\u00e5 et eksempel fra hverdagen hvor Gud gir den ydmyke n\u00e5de?<\/p>\n<p class='info'>You have to <a href='\/login\/'>log in<\/a> if you want to save your answer.<\/p>\n\t\t<\/div>\n\t\t\t\t\t<\/div>\n\n\t\n<\/div>\n\t\t<\/div>\n\n\t\t\n<style>\n#section_971096502 {\n  padding-top: 30px;\n  padding-bottom: 30px;\n  background-color: rgb(73, 92, 94);\n}\n<\/style>\n\t<\/section>\n\t\n\t<div id=\"gap-383081128\" class=\"gap-element clearfix\" style=\"display:block; height:auto;\">\n\t\t\n<style>\n#gap-383081128 {\n  padding-top: 20px;\n}\n<\/style>\n\t<\/div>\n\t\n<p style=\"text-align: center;\"><a href=\"..\/\"><u>Tilbake til Tema 4<\/u><\/a><\/p>\n","protected":false},"excerpt":{"rendered":"<p>Tilbake til Tema 4<\/p>\n","protected":false},"author":5,"featured_media":0,"parent":15402,"menu_order":6,"comment_status":"closed","ping_status":"closed","template":"page-blank.php","meta":{"footnotes":""},"class_list":["post-15512","page","type-page","status-publish","hentry"],"aioseo_notices":[],"_links":{"self":[{"href":"https:\/\/words-of-faith.org\/no\/wp-json\/wp\/v2\/pages\/15512","targetHints":{"allow":["GET"]}}],"collection":[{"href":"https:\/\/words-of-faith.org\/no\/wp-json\/wp\/v2\/pages"}],"about":[{"href":"https:\/\/words-of-faith.org\/no\/wp-json\/wp\/v2\/types\/page"}],"author":[{"embeddable":true,"href":"https:\/\/words-of-faith.org\/no\/wp-json\/wp\/v2\/users\/5"}],"replies":[{"embeddable":true,"href":"https:\/\/words-of-faith.org\/no\/wp-json\/wp\/v2\/comments?post=15512"}],"version-history":[{"count":0,"href":"https:\/\/words-of-faith.org\/no\/wp-json\/wp\/v2\/pages\/15512\/revisions"}],"up":[{"embeddable":true,"href":"https:\/\/words-of-faith.org\/no\/wp-json\/wp\/v2\/pages\/15402"}],"wp:attachment":[{"href":"https:\/\/words-of-faith.org\/no\/wp-json\/wp\/v2\/media?parent=15512"}],"curies":[{"name":"wp","href":"https:\/\/api.w.org\/{rel}","templated":true}]}}