{"id":18340,"date":"2020-07-21T10:16:11","date_gmt":"2020-07-21T08:16:11","guid":{"rendered":"https:\/\/aslaksen.bcc.no\/?page_id=18340"},"modified":"2020-10-01T11:02:07","modified_gmt":"2020-10-01T09:02:07","slug":"tro-pa-underets-gud","status":"publish","type":"page","link":"https:\/\/words-of-faith.org\/no\/bibelstudier\/tema-1\/tro-pa-underets-gud\/","title":{"rendered":"Tro p\u00e5 underets Gud"},"content":{"rendered":"\n\t<section class=\"section\" id=\"section_599113748\">\n\t\t<div class=\"section-bg fill\" >\n\t\t\t\t\t\t\t\t\t\n\t\t\t\n\n\t\t<\/div>\n\n\t\t\n\n\t\t<div class=\"section-content relative\">\n\t\t\t\n<div class=\"row align-center\"  id=\"row-1045534680\">\n\n\t<div id=\"col-1073549468\" class=\"col small-12 large-12\"  >\n\t\t\t\t<div class=\"col-inner\"  >\n\t\t\t\n\t\t\t\n<p class=\"breadcrumbs\"><a href=\"..\/\">Tema 1<\/a> \/ Taler<\/p>\n<h1>Tro p\u00e5 underets Gud<\/h1>\n<p class=\"article-date\">Fra en tale holdt i 1965<\/p>\n<p class=\"article-author\">av Elias Aslaksen<\/p>\n\t\t<\/div>\n\t\t\t\t\t<\/div>\n\n\t\n\n<style>\n#row-1045534680 > .col > .col-inner {\n  padding: 30px 0px 0px 0px;\n}\n<\/style>\n<\/div>\n<div class=\"row align-center audio\"  id=\"row-448280739\">\n\n\t<div id=\"col-1102338061\" class=\"col small-12 large-12\"  >\n\t\t\t\t<div class=\"col-inner\"  >\n\t\t\t\n\t\t\t\n<!--[if lt IE 9]><script>document.createElement('audio');<\/script><![endif]-->\n<audio class=\"wp-audio-shortcode\" id=\"audio-18340-1\" preload=\"none\" style=\"width: 100%;\" controls=\"controls\"><source type=\"audio\/mpeg\" src=\"\/audio\/Tema%201\/no\/1%20T%20-%20Tro%20p\u00e5%20underets%20Gud.mp3?_=1\" \/><a href=\"\/audio\/Tema%201\/no\/1%20T%20-%20Tro%20p\u00e5%20underets%20Gud.mp3\">\/audio\/Tema%201\/no\/1%20T%20-%20Tro%20p\u00e5%20underets%20Gud.mp3<\/a><\/audio>\n<p class=\"click-to-listen\">Click to listen to the speech. <\/p>\n\t\t<\/div>\n\t\t\t\t\t<\/div>\n\n\t\n<\/div>\n<div class=\"row align-center article article-excerpt\"  id=\"row-395691735\">\n\n\t<div id=\"col-340868468\" class=\"col small-12 large-12\"  >\n\t\t\t\t<div class=\"col-inner text-left\"  >\n\t\t\t\n\t\t\t\n<p>Tro p\u00e5 underets Gud, tro p\u00e5 miraklenes Gud! Tro p\u00e5 undere og mirakler i ditt indre! Mirakler, det er noe som m\u00e5 overg\u00e5 alt vett og forstand, det er noe utenfor all menneskelig beregning. Tro p\u00e5 det n\u00e5r det gjelder frelse i hjertets dyp! Det er noks\u00e5 alminnelig det, man har holdt p\u00e5 lenge, og enda er det sm\u00e5tt stell. Tro p\u00e5 mirakler!<\/p>\n<p>Og n\u00e5r det er slik at man har holdt p\u00e5 aldri s\u00e5 lenge, hvem skulle da tro at det noen gang skulle bli noen greie p\u00e5 det. Gud er miraklenes Gud. Og tenk p\u00e5 et s\u00e5nt mirakel som at slike elendige, ja jeg vet ikke alt som jeg skal si om det, forkomne skapninger som vi er etter syndefallet, og s\u00e5 spesielt \u2013 som vi ogs\u00e5 h\u00f8rte om \u2013 urolige vesener. For et mirakel \u00e5 komme inn til Guds vilje mens vi er i denne d\u00f8delige kroppen og i denne onde verden. For et mirakel! Hvile n\u00e5r alle djevler er l\u00f8s. N\u00e5r allting st\u00e5r p\u00e5 hodet, s\u00e5 hvile Guds hvile, hvile som Jesus hvilte n\u00e5r han l\u00e5 bak i b\u00e5ten og sov. Hva vil du kalle det? Jeg kaller det mirakel over alle andre mirakler.<\/p>\n<p>Der det er sm\u00e5tt stell med og hvorledes vil vi i det hele tatt bli frelst? N\u00e5r det er stor eller lite, ved tro p\u00e5 l Gud. Ved tro p\u00e5 miraklenes Gud. Fornuften sier s\u00e5nn, og Per og P\u00e5l sier s\u00e5nn ogs\u00e5, at n\u00e5 har du holdt p\u00e5 i s\u00e5 mange \u00e5r og s\u00e5 enda er det ikke bedre enn det, det blir aldri noe greie p\u00e5 deg. Nei, hvis ikke Gud for gjort et mirakel, s\u00e5 blir det ikke det, men han gj\u00f8r gjerne et mirakel, is\u00e6r det mirakelet der.<\/p>\n<p>Han selv er hundre-tusen-millioner ganger mer interessert i et slikt mirakel enn et mirakel \u00e5 gj\u00f8re stener til br\u00f8d. Og hans navn er mirakel eller under. Hans navn er under, hans navn er mirakel, og navn i bibelsk betydning det uttrykker hvorledes man er, det er ikke s\u00e5nn som Hansen og Pettersen &#8211; det er en merkelapp det \u2013 men navn i bibelsk betydning det uttaler innhold i den personen som har det navnet. Hans navn er under, det betyr at det er det han holder p\u00e5 med, \u00e5 gj\u00f8re undere, mirakler. Det ser sv\u00e6rt ut, det ser umulig ut, ja da er det ikke noe annet igjen da enn mirakel. Men tenk s\u00e5 godt at det er igjen, dere. \u00a0Ja tenk s\u00e5 godt. Ikke noe annet igjen. Ja bl\u00e5s med alt det andre da vel, n\u00e5r bare det er igjen.<\/p>\n\t\t<\/div>\n\t\t\t\t\t<\/div>\n\n\t\n\n\t<div id=\"col-136352646\" class=\"col copyright small-12 large-12\"  >\n\t\t\t\t<div class=\"col-inner text-left\"  >\n\t\t\t\n\t\t\t\n<div>\u00a9 Copyright Stiftelsen Skjulte Skatters Forlag<\/div>\n\t\t<\/div>\n\t\t\t\t\t<\/div>\n\n\t\n\n\t<div id=\"col-738370775\" class=\"col small-12 large-12\"  >\n\t\t\t\t<div class=\"col-inner text-left\"  >\n\t\t\t\n\t\t\t\n<div><a href=\"#\" class=\"read-more\">Les mer<\/a><\/div>\n\t\t<\/div>\n\t\t\t\t\t<\/div>\n\n\t\n\n\t<div id=\"col-586867260\" class=\"col small-12 large-12\"  >\n\t\t\t\t<div class=\"col-inner text-left\"  >\n\t\t\t\n\t\t\t\n<p class=\"next-previous-message\"><a class=\"previous\" href=\"..\/gud-er-sanndru\/\"><i class=\"icon-angle-left\"><\/i> Previous<\/a><a class=\"next\" href=\"..\/hans-navn-er-under\/\">Next <i class=\"icon-angle-right\"><\/i><\/a><\/p>\n\t\t<\/div>\n\t\t\t\t\t<\/div>\n\n\t\n<\/div>\n\t\t<\/div>\n\n\t\t\n<style>\n#section_599113748 {\n  padding-top: 0px;\n  padding-bottom: 0px;\n  margin-bottom: 0px;\n}\n@media (min-width:550px) {\n  #section_599113748 {\n    padding-top: 0px;\n    padding-bottom: 0px;\n  }\n}\n<\/style>\n\t<\/section>\n\t\n\n\t<section class=\"section food-for-thought\" id=\"section_1817160944\">\n\t\t<div class=\"section-bg fill\" >\n\t\t\t\t\t\t\t\t\t\n\t\t\t\n\n\t\t<\/div>\n\n\t\t\n\n\t\t<div class=\"section-content relative\">\n\t\t\t\n<div class=\"row align-center\"  id=\"row-317142328\">\n\n\t<div id=\"col-1492957867\" class=\"col title small-12 large-12\"  >\n\t\t\t\t<div class=\"col-inner text-left dark\"  >\n\t\t\t\n\t\t\t\n<h2>Devotional<\/h2>\n\t\t<\/div>\n\t\t\t\t\t<\/div>\n\n\t\n\n\t<div id=\"col-594898507\" class=\"col small-12 large-12\"  >\n\t\t\t\t<div class=\"col-inner dark\"  >\n\t\t\t\n\t\t\t\n<p>Hva syns DU er det viktigste Aslaksen vil f\u00e5 frem i talen om \u00abTro p\u00e5 underets Gud\u00bb?<\/p>\n<ul class=\"question-answers\">\n<li>Jeg trenger et mirakel i mitt liv \u2013 uansett hvordan det har v\u00e6rt f\u00f8r<\/li>\n<li>Det er h\u00e5p for alle som tror p\u00e5 underets Gud<\/li>\n<li>Det er ingenting som er umulig, n\u00e5r vi har med Gud \u00e5 gj\u00f8re<\/li>\n<\/ul>\n<p class='info'>You have to <a href='\/login\/'>log in<\/a> if you want to save your answer.<\/p>\n\t\t<\/div>\n\t\t\t\t\t<\/div>\n\n\t\n<\/div>\n\t\t<\/div>\n\n\t\t\n<style>\n#section_1817160944 {\n  padding-top: 30px;\n  padding-bottom: 30px;\n  background-color: rgb(73, 92, 94);\n}\n<\/style>\n\t<\/section>\n\t\n\t<div id=\"gap-382582782\" class=\"gap-element clearfix\" style=\"display:block; height:auto;\">\n\t\t\n<style>\n#gap-382582782 {\n  padding-top: 20px;\n}\n<\/style>\n\t<\/div>\n\t\n<p style=\"text-align: center;\"><a href=\"..\/\"><u>Tilbake til Tema 1<\/u><\/a><\/p>\n","protected":false},"excerpt":{"rendered":"<p>Tilbake til Tema 1<\/p>\n","protected":false},"author":5,"featured_media":0,"parent":7635,"menu_order":0,"comment_status":"closed","ping_status":"closed","template":"page-blank.php","meta":{"footnotes":""},"class_list":["post-18340","page","type-page","status-publish","hentry"],"aioseo_notices":[],"_links":{"self":[{"href":"https:\/\/words-of-faith.org\/no\/wp-json\/wp\/v2\/pages\/18340","targetHints":{"allow":["GET"]}}],"collection":[{"href":"https:\/\/words-of-faith.org\/no\/wp-json\/wp\/v2\/pages"}],"about":[{"href":"https:\/\/words-of-faith.org\/no\/wp-json\/wp\/v2\/types\/page"}],"author":[{"embeddable":true,"href":"https:\/\/words-of-faith.org\/no\/wp-json\/wp\/v2\/users\/5"}],"replies":[{"embeddable":true,"href":"https:\/\/words-of-faith.org\/no\/wp-json\/wp\/v2\/comments?post=18340"}],"version-history":[{"count":0,"href":"https:\/\/words-of-faith.org\/no\/wp-json\/wp\/v2\/pages\/18340\/revisions"}],"up":[{"embeddable":true,"href":"https:\/\/words-of-faith.org\/no\/wp-json\/wp\/v2\/pages\/7635"}],"wp:attachment":[{"href":"https:\/\/words-of-faith.org\/no\/wp-json\/wp\/v2\/media?parent=18340"}],"curies":[{"name":"wp","href":"https:\/\/api.w.org\/{rel}","templated":true}]}}