{"id":18372,"date":"2020-07-21T10:24:03","date_gmt":"2020-07-21T08:24:03","guid":{"rendered":"https:\/\/aslaksen.bcc.no\/?page_id=18372"},"modified":"2020-10-01T11:02:20","modified_gmt":"2020-10-01T09:02:20","slug":"hans-navn-er-under","status":"publish","type":"page","link":"https:\/\/words-of-faith.org\/no\/bibelstudier\/tema-1\/hans-navn-er-under\/","title":{"rendered":"Hans navn er Under"},"content":{"rendered":"\n\t<section class=\"section\" id=\"section_1026191369\">\n\t\t<div class=\"section-bg fill\" >\n\t\t\t\t\t\t\t\t\t\n\t\t\t\n\n\t\t<\/div>\n\n\t\t\n\n\t\t<div class=\"section-content relative\">\n\t\t\t\n<div class=\"row align-center\"  id=\"row-1395500818\">\n\n\t<div id=\"col-1657635215\" class=\"col small-12 large-12\"  >\n\t\t\t\t<div class=\"col-inner\"  >\n\t\t\t\n\t\t\t\n<p class=\"breadcrumbs\"><a href=\"..\/\">Tema 1<\/a> \/ Taler<\/p>\n<h1>Hans navn er Under<\/h1>\n<p class=\"article-date\"> Skjulte Skatter &#8211; publisert januar 1955<\/p>\n<p class=\"article-author\">av Elias Aslaksen<\/p>\n\t\t<\/div>\n\t\t\t\t\t<\/div>\n\n\t\n\n<style>\n#row-1395500818 > .col > .col-inner {\n  padding: 30px 0px 0px 0px;\n}\n<\/style>\n<\/div>\n<div class=\"row align-center audio\"  id=\"row-186918465\">\n\n\t<div id=\"col-1310146164\" class=\"col small-12 large-12\"  >\n\t\t\t\t<div class=\"col-inner\"  >\n\t\t\t\n\t\t\t\n<!--[if lt IE 9]><script>document.createElement('audio');<\/script><![endif]-->\n<audio class=\"wp-audio-shortcode\" id=\"audio-18372-1\" preload=\"none\" style=\"width: 100%;\" controls=\"controls\"><source type=\"audio\/mpeg\" src=\"\/audio\/Tema%201\/no\/2%20S%20-%20Hans%20navn%20er%20Under.mp3?_=1\" \/><a href=\"\/audio\/Tema%201\/no\/2%20S%20-%20Hans%20navn%20er%20Under.mp3\">\/audio\/Tema%201\/no\/2%20S%20-%20Hans%20navn%20er%20Under.mp3<\/a><\/audio>\n<p class=\"click-to-listen\">Click to listen to the speech.<\/p>\n\t\t<\/div>\n\t\t\t\t\t<\/div>\n\n\t\n<\/div>\n<div class=\"row align-center article article-excerpt\"  id=\"row-1897131842\">\n\n\t<div id=\"col-849276310\" class=\"col small-12 large-12\"  >\n\t\t\t\t<div class=\"col-inner text-left\"  >\n\t\t\t\n\t\t\t\n<p>Det er om \u00e5 gj\u00f8re \u00e5 tro p\u00e5 ham hvis navn er Under. At hans navn er Under, det betyr at han gj\u00f8r undere. Det gj\u00f8r han jevnlig. Han gj\u00f8r ikke bare vann til vin og lignende, men aller mest og aller helst gj\u00f8r han underverker i v\u00e5rt indre. Dette innbefattes ganske enkelt i at han er <strong>Gud<\/strong>.<\/p>\n<p>\u00c5 tro p\u00e5 Gud, det betyr \u00e5 tro p\u00e5 undergjerninger, p\u00e5 mirakler. \u2014<\/p>\n<p>Det s\u00f8rgelige er at menneskene, ogs\u00e5 Guds folk, er s\u00e5 kolossalt utadvendte. S\u00e5 \u00e5 si all deres tanke og interesse dreier seg om det utvortes. Hvis det er tale om undere, tenker man straks p\u00e5 det utvortes, bare det utvortes.<\/p>\n<p>Troen p\u00e5 jomfruf\u00f8dselen burde l\u00e6re oss, og styrke oss til \u00e5 tro p\u00e5 undere i v\u00e5rt indre, at det kan f\u00f8des og skapes noe guddommelig i hjerte og sinn uten kj\u00f8ds vilje og kj\u00f8ds styrke, uten manns vilje og manns styrke \u2014 <strong>p\u00e5 overnaturlig vis<\/strong> \u2014 helt uavhengig av v\u00e5r uduelighet og kraftesl\u00f8shet som menneske.<\/p>\n<p>Alle v\u00e5re forgjeves fors\u00f8k beviser ikke at det er umulig. Det beviser bare at <strong>v\u00e5r egen kraft<\/strong> ikke duger.<\/p>\n<p>Ved at Gud <strong>gj\u00f8r undere<\/strong> \u2014 og det gj\u00f8r han gjerne \u2014 lykkes det allikevel. \u00c6re v\u00e6re Gud!<\/p>\n<p>Har vi grunn til \u00e5 tro p\u00e5 full seier, til det ytterste? Ja, <strong>Tro p\u00e5 undere,<\/strong> p\u00e5 mirakler! Tro at det ene mirakel kommer til \u00e5 avl\u00f8se det andre, <strong>i ditt indre vesen!<\/strong><\/p>\n<p>Da oppst\u00e5r det et herlig, guddommelig vesen i ens indre, og dette kommer n\u00f8dvendigvis til \u00e5 gi seg <strong>underfulle utslag i det ytre,<\/strong> i det daglige liv, underlivets vanskeligheter.<\/p>\n<p>Tro p\u00e5 &#8220;jomfruf\u00f8dsler!&#8221; Det vil si at mannens kraft er helt overfl\u00f8dig.<\/p>\n<p>Vandre omkring i en uavbrutt tro p\u00e5 at det skjer undere i ditt liv, og du vil ikke bli skuffet! S\u00e5 kommer b\u00e5de du selv og andre jevnlig til \u00e5 f\u00e5 grunn til \u00e5 si: &#8220;Ja, det er <strong>virkelig et mirakel!<\/strong>&#8220;<\/p>\n\t\t<\/div>\n\t\t\t\t\t<\/div>\n\n\t\n\n\t<div id=\"col-504646874\" class=\"col copyright small-12 large-12\"  >\n\t\t\t\t<div class=\"col-inner text-left\"  >\n\t\t\t\n\t\t\t\n<div>\u00a9 Copyright Stiftelsen Skjulte Skatters Forlag<\/div>\n\t\t<\/div>\n\t\t\t\t\t<\/div>\n\n\t\n\n\t<div id=\"col-1814305756\" class=\"col small-12 large-12\"  >\n\t\t\t\t<div class=\"col-inner text-left\"  >\n\t\t\t\n\t\t\t\n<div><a href=\"#\" class=\"read-more\">Les mer<\/a><\/div>\n\t\t<\/div>\n\t\t\t\t\t<\/div>\n\n\t\n\n\t<div id=\"col-612909366\" class=\"col small-12 large-12\"  >\n\t\t\t\t<div class=\"col-inner text-left\"  >\n\t\t\t\n\t\t\t\n<p class=\"next-previous-message\"><a class=\"previous\" href=\"..\/tro-pa-underets-gud\/\"><i class=\"icon-angle-left\"><\/i> Previous<\/a><a class=\"next\" href=\"..\/deg-skje-som-du-tror\/\">Next <i class=\"icon-angle-right\"><\/i><\/a><\/p>\n\t\t<\/div>\n\t\t\t\t\t<\/div>\n\n\t\n<\/div>\n\t\t<\/div>\n\n\t\t\n<style>\n#section_1026191369 {\n  padding-top: 0px;\n  padding-bottom: 0px;\n  margin-bottom: 0px;\n}\n@media (min-width:550px) {\n  #section_1026191369 {\n    padding-top: 0px;\n    padding-bottom: 0px;\n  }\n}\n<\/style>\n\t<\/section>\n\t\n\n\t<section class=\"section food-for-thought\" id=\"section_1449093772\">\n\t\t<div class=\"section-bg fill\" >\n\t\t\t\t\t\t\t\t\t\n\t\t\t\n\n\t\t<\/div>\n\n\t\t\n\n\t\t<div class=\"section-content relative\">\n\t\t\t\n<div class=\"row align-center\"  id=\"row-248950503\">\n\n\t<div id=\"col-1707581316\" class=\"col title small-12 large-12\"  >\n\t\t\t\t<div class=\"col-inner text-left dark\"  >\n\t\t\t\n\t\t\t\n<h2>Devotional<\/h2>\n\t\t<\/div>\n\t\t\t\t\t<\/div>\n\n\t\n\n\t<div id=\"col-1090635913\" class=\"col small-12 large-12\"  >\n\t\t\t\t<div class=\"col-inner dark\"  >\n\t\t\t\n\t\t\t\n<p>H\u00f8r eller les stykket \u00abHans navn er Under\u00bb og noter hvordan livet ditt vil se ut om kort tid, hvis det Aslaksen skriver her fungerer i livet ditt.<\/p>\n<p class='info'>You have to <a href='\/login\/'>log in<\/a> if you want to save your answer.<\/p>\n\t\t<\/div>\n\t\t\t\t\t<\/div>\n\n\t\n<\/div>\n\t\t<\/div>\n\n\t\t\n<style>\n#section_1449093772 {\n  padding-top: 30px;\n  padding-bottom: 30px;\n  background-color: rgb(73, 92, 94);\n}\n<\/style>\n\t<\/section>\n\t\n\t<div id=\"gap-2089150218\" class=\"gap-element clearfix\" style=\"display:block; height:auto;\">\n\t\t\n<style>\n#gap-2089150218 {\n  padding-top: 20px;\n}\n<\/style>\n\t<\/div>\n\t\n<p style=\"text-align: center;\"><a href=\"..\/\"><u>Tilbake til Tema 1<\/u><\/a><\/p>\n","protected":false},"excerpt":{"rendered":"<p>Tilbake til Tema 1<\/p>\n","protected":false},"author":5,"featured_media":0,"parent":7635,"menu_order":1,"comment_status":"closed","ping_status":"closed","template":"page-blank.php","meta":{"footnotes":""},"class_list":["post-18372","page","type-page","status-publish","hentry"],"aioseo_notices":[],"_links":{"self":[{"href":"https:\/\/words-of-faith.org\/no\/wp-json\/wp\/v2\/pages\/18372","targetHints":{"allow":["GET"]}}],"collection":[{"href":"https:\/\/words-of-faith.org\/no\/wp-json\/wp\/v2\/pages"}],"about":[{"href":"https:\/\/words-of-faith.org\/no\/wp-json\/wp\/v2\/types\/page"}],"author":[{"embeddable":true,"href":"https:\/\/words-of-faith.org\/no\/wp-json\/wp\/v2\/users\/5"}],"replies":[{"embeddable":true,"href":"https:\/\/words-of-faith.org\/no\/wp-json\/wp\/v2\/comments?post=18372"}],"version-history":[{"count":0,"href":"https:\/\/words-of-faith.org\/no\/wp-json\/wp\/v2\/pages\/18372\/revisions"}],"up":[{"embeddable":true,"href":"https:\/\/words-of-faith.org\/no\/wp-json\/wp\/v2\/pages\/7635"}],"wp:attachment":[{"href":"https:\/\/words-of-faith.org\/no\/wp-json\/wp\/v2\/media?parent=18372"}],"curies":[{"name":"wp","href":"https:\/\/api.w.org\/{rel}","templated":true}]}}