{"id":18405,"date":"2020-07-21T10:28:57","date_gmt":"2020-07-21T08:28:57","guid":{"rendered":"https:\/\/aslaksen.bcc.no\/?page_id=18405"},"modified":"2020-10-01T11:02:24","modified_gmt":"2020-10-01T09:02:24","slug":"deg-skje-som-du-tror","status":"publish","type":"page","link":"https:\/\/words-of-faith.org\/no\/bibelstudier\/tema-1\/deg-skje-som-du-tror\/","title":{"rendered":"Deg skje som du tror"},"content":{"rendered":"\n\t<section class=\"section\" id=\"section_1400190210\">\n\t\t<div class=\"section-bg fill\" >\n\t\t\t\t\t\t\t\t\t\n\t\t\t\n\n\t\t<\/div>\n\n\t\t\n\n\t\t<div class=\"section-content relative\">\n\t\t\t\n<div class=\"row align-center\"  id=\"row-178696736\">\n\n\t<div id=\"col-1340642357\" class=\"col small-12 large-12\"  >\n\t\t\t\t<div class=\"col-inner\"  >\n\t\t\t\n\t\t\t\n<p class=\"breadcrumbs\"><a href=\"..\/\">Tema 1<\/a> \/ Taler<\/p>\n<h1>Deg skje som du tror<\/h1>\n<p class=\"article-date\">Skjulte Skatter, publisert juni 1982<\/p>\n<p class=\"article-author\">av Elias Aslaksen<\/p>\n\t\t<\/div>\n\t\t\t\t\t<\/div>\n\n\t\n\n<style>\n#row-178696736 > .col > .col-inner {\n  padding: 30px 0px 0px 0px;\n}\n<\/style>\n<\/div>\n<div class=\"row align-center audio\"  id=\"row-1379572577\">\n\n\t<div id=\"col-1477339968\" class=\"col small-12 large-12\"  >\n\t\t\t\t<div class=\"col-inner\"  >\n\t\t\t\n\t\t\t\n<!--[if lt IE 9]><script>document.createElement('audio');<\/script><![endif]-->\n<audio class=\"wp-audio-shortcode\" id=\"audio-18405-1\" preload=\"none\" style=\"width: 100%;\" controls=\"controls\"><source type=\"audio\/mpeg\" src=\"\/audio\/Tema%201\/no\/3%20S%20-%20Deg%20skje%20som%20du%20tror.mp3?_=1\" \/><a href=\"\/audio\/Tema%201\/no\/3%20S%20-%20Deg%20skje%20som%20du%20tror.mp3\">\/audio\/Tema%201\/no\/3%20S%20-%20Deg%20skje%20som%20du%20tror.mp3<\/a><\/audio>\n<p class=\"click-to-listen\">Click to listen to the speech.<\/p>\n\t\t<\/div>\n\t\t\t\t\t<\/div>\n\n\t\n<\/div>\n<div class=\"row align-center article article-excerpt\"  id=\"row-109098752\">\n\n\t<div id=\"col-1665113183\" class=\"col small-12 large-12\"  >\n\t\t\t\t<div class=\"col-inner text-left\"  >\n\t\t\t\n\t\t\t\n<p>Alle Guds ord \u2014 livets ord \u2014 er n\u00f8yaktig sant. Derfor b\u00f8r man tro det, n\u00f8yaktig som det st\u00e5r skrevet. N\u00e5r troen p\u00e5 dette er levende og personlig tilegnet, g\u00e5r Ordene n\u00f8yaktig i oppfyllelse. Det blir som man tror, det skjern\u00f8yaktig som man tror.<\/p>\n<p>P\u00e5 ingen annen m\u00e5te kan det skje. P\u00e5 ingen annen m\u00e5te kan man tilegne seg hva Ordet sier. \u2014<\/p>\n<p>F. eks. \u00abV\u00e5rt gamle menneske ble korsfestet med Kristus.\u00bb Rom. 6, 6. \u00abI som har avlagt det gamle menneske med dets gjerninger.\u00bb Kol. 3, 9. \u00abNu skal I avlegge dem alle\u00bb, all bevisst synd, Kol. 3, 8 \u2014 Gal. 5, 19\u201421, Rom. 6, 4 og 22.<\/p>\n<p>Her \u2014 og overalt ellers \u2014 gjelder alts\u00e5 Jesu ord. Deg skje som du tror. N\u00e5r man ikke tror disse ord, kan det ikke skje, hvor meget man enn \u00f8nsker det og ber om det. Men \u2014 dersom man virkelig tror det, da skjer det.<\/p>\n<p>Det er selvf\u00f8lgelig meget vanskelig \u00e5 tro noe s\u00e5 usigelig stort. Derfor b\u00f8r man med d\u00f8dsens alvor kjempe for \u00e5 tilegne seg en levende tro p\u00e5 slike herlige, sanne ord! Matt, 11, 12.<\/p>\n<p>For de fleste, dessverre, er det som en selvf\u00f8lge \u00e5 tvile p\u00e5 noe s\u00e5 usigelig stort. Det man da egentlig tror p\u00e5, er at noe slikt aldri vil lykkes, og just derfor g\u00e5r dette negative i oppfyllelse. P\u00e5 den m\u00e5ten kan man aldri oppn\u00e5 i sannhet \u00e5 elske Gud og holde hans bud! \u2014<\/p>\n<p>\u00abDeg skje som du tror\u00bb, g\u00e5r alts\u00e5 i alle tilfeller i oppfyllelse, enten man seirer, eller synder! Hvor ubeskrivelig dumt \u00e5 tvile p\u00e5 Guds sanne ord. Hebr. 11, 6.<\/p>\n\t\t<\/div>\n\t\t\t\t\t<\/div>\n\n\t\n\n\t<div id=\"col-881638694\" class=\"col copyright small-12 large-12\"  >\n\t\t\t\t<div class=\"col-inner text-left\"  >\n\t\t\t\n\t\t\t\n<div>\u00a9 Copyright Stiftelsen Skjulte Skatters Forlag<\/div>\n\t\t<\/div>\n\t\t\t\t\t<\/div>\n\n\t\n\n\t<div id=\"col-1439837489\" class=\"col small-12 large-12\"  >\n\t\t\t\t<div class=\"col-inner text-left\"  >\n\t\t\t\n\t\t\t\n<div><a href=\"#\" class=\"read-more\">Les mer<\/a><\/div>\n\t\t<\/div>\n\t\t\t\t\t<\/div>\n\n\t\n\n\t<div id=\"col-1135182970\" class=\"col small-12 large-12\"  >\n\t\t\t\t<div class=\"col-inner text-left\"  >\n\t\t\t\n\t\t\t\n<p class=\"next-previous-message\"><a class=\"previous\" href=\"..\/hans-navn-er-under\/\"><i class=\"icon-angle-left\"><\/i> Previous<\/a><a class=\"next\" href=\"..\/vaer-glade-i-hapet\/\">Next <i class=\"icon-angle-right\"><\/i><\/a><\/p>\n\t\t<\/div>\n\t\t\t\t\t<\/div>\n\n\t\n<\/div>\n\t\t<\/div>\n\n\t\t\n<style>\n#section_1400190210 {\n  padding-top: 0px;\n  padding-bottom: 0px;\n  margin-bottom: 0px;\n}\n@media (min-width:550px) {\n  #section_1400190210 {\n    padding-top: 0px;\n    padding-bottom: 0px;\n  }\n}\n<\/style>\n\t<\/section>\n\t\n\n\t<section class=\"section food-for-thought\" id=\"section_1728137816\">\n\t\t<div class=\"section-bg fill\" >\n\t\t\t\t\t\t\t\t\t\n\t\t\t\n\n\t\t<\/div>\n\n\t\t\n\n\t\t<div class=\"section-content relative\">\n\t\t\t\n<div class=\"row align-center\"  id=\"row-1872908853\">\n\n\t<div id=\"col-78888093\" class=\"col title small-12 large-12\"  >\n\t\t\t\t<div class=\"col-inner text-left dark\"  >\n\t\t\t\n\t\t\t\n<h2>Devotional<\/h2>\n\t\t<\/div>\n\t\t\t\t\t<\/div>\n\n\t\n\n\t<div id=\"col-2145962671\" class=\"col small-12 large-12\"  >\n\t\t\t\t<div class=\"col-inner dark\"  >\n\t\t\t\n\t\t\t\n<p>Sl\u00e5 opp et av bibelversene i stykket \u00abDeg skje som du tror\u00bb. Hvorfor tror du Aslaksen nevnte akkurat dette verset?<\/p>\n<p class='info'>You have to <a href='\/login\/'>log in<\/a> if you want to save your answer.<\/p>\n\t\t<\/div>\n\t\t\t\t\t<\/div>\n\n\t\n<\/div>\n\t\t<\/div>\n\n\t\t\n<style>\n#section_1728137816 {\n  padding-top: 30px;\n  padding-bottom: 30px;\n  background-color: rgb(73, 92, 94);\n}\n<\/style>\n\t<\/section>\n\t\n\t<div id=\"gap-1502395989\" class=\"gap-element clearfix\" style=\"display:block; height:auto;\">\n\t\t\n<style>\n#gap-1502395989 {\n  padding-top: 20px;\n}\n<\/style>\n\t<\/div>\n\t\n<p style=\"text-align: center;\"><a href=\"..\/\"><u>Tilbake til Tema 1<\/u><\/a><\/p>\n","protected":false},"excerpt":{"rendered":"<p>Tilbake til Tema 1<\/p>\n","protected":false},"author":5,"featured_media":0,"parent":7635,"menu_order":2,"comment_status":"closed","ping_status":"closed","template":"page-blank.php","meta":{"footnotes":""},"class_list":["post-18405","page","type-page","status-publish","hentry"],"aioseo_notices":[],"_links":{"self":[{"href":"https:\/\/words-of-faith.org\/no\/wp-json\/wp\/v2\/pages\/18405","targetHints":{"allow":["GET"]}}],"collection":[{"href":"https:\/\/words-of-faith.org\/no\/wp-json\/wp\/v2\/pages"}],"about":[{"href":"https:\/\/words-of-faith.org\/no\/wp-json\/wp\/v2\/types\/page"}],"author":[{"embeddable":true,"href":"https:\/\/words-of-faith.org\/no\/wp-json\/wp\/v2\/users\/5"}],"replies":[{"embeddable":true,"href":"https:\/\/words-of-faith.org\/no\/wp-json\/wp\/v2\/comments?post=18405"}],"version-history":[{"count":0,"href":"https:\/\/words-of-faith.org\/no\/wp-json\/wp\/v2\/pages\/18405\/revisions"}],"up":[{"embeddable":true,"href":"https:\/\/words-of-faith.org\/no\/wp-json\/wp\/v2\/pages\/7635"}],"wp:attachment":[{"href":"https:\/\/words-of-faith.org\/no\/wp-json\/wp\/v2\/media?parent=18405"}],"curies":[{"name":"wp","href":"https:\/\/api.w.org\/{rel}","templated":true}]}}