{"id":18469,"date":"2020-07-21T10:43:49","date_gmt":"2020-07-21T08:43:49","guid":{"rendered":"https:\/\/aslaksen.bcc.no\/?page_id=18469"},"modified":"2020-10-01T11:02:32","modified_gmt":"2020-10-01T09:02:32","slug":"a-tro-likesom-abraham","status":"publish","type":"page","link":"https:\/\/words-of-faith.org\/no\/bibelstudier\/tema-1\/a-tro-likesom-abraham\/","title":{"rendered":"\u00c5 tro, likesom Abraham"},"content":{"rendered":"\n\t<section class=\"section\" id=\"section_809453190\">\n\t\t<div class=\"section-bg fill\" >\n\t\t\t\t\t\t\t\t\t\n\t\t\t\n\n\t\t<\/div>\n\n\t\t\n\n\t\t<div class=\"section-content relative\">\n\t\t\t\n<div class=\"row align-center\"  id=\"row-904002252\">\n\n\t<div id=\"col-267792259\" class=\"col small-12 large-12\"  >\n\t\t\t\t<div class=\"col-inner\"  >\n\t\t\t\n\t\t\t\n<p class=\"breadcrumbs\"><a href=\"..\/\">Tema 1<\/a> \/ Taler<\/p>\n<h1>\u00c5 tro, likesom Abraham<\/h1>\n<p class=\"article-date\">Taleutdrag fra desember 1988<\/p>\n<p class=\"article-author\">av Elias Aslaksen<\/p>\n\t\t<\/div>\n\t\t\t\t\t<\/div>\n\n\t\n\n<style>\n#row-904002252 > .col > .col-inner {\n  padding: 30px 0px 0px 0px;\n}\n<\/style>\n<\/div>\n<div class=\"row align-center audio\"  id=\"row-634898818\">\n\n\t<div id=\"col-883991238\" class=\"col small-12 large-12\"  >\n\t\t\t\t<div class=\"col-inner\"  >\n\t\t\t\n\t\t\t\n<!--[if lt IE 9]><script>document.createElement('audio');<\/script><![endif]-->\n<audio class=\"wp-audio-shortcode\" id=\"audio-18469-1\" preload=\"none\" style=\"width: 100%;\" controls=\"controls\"><source type=\"audio\/mpeg\" src=\"\/audio\/Tema%201\/no\/6%20S%20-%20A%20%20tro%2C%20likesom%20Abraham.mp3?_=1\" \/><a href=\"\/audio\/Tema%201\/no\/6%20S%20-%20A%20%20tro%2C%20likesom%20Abraham.mp3\">\/audio\/Tema%201\/no\/6%20S%20-%20A%20%20tro%2C%20likesom%20Abraham.mp3<\/a><\/audio>\n<p class=\"click-to-listen\">Click to listen to the speech.<\/p>\n\t\t<\/div>\n\t\t\t\t\t<\/div>\n\n\t\n<\/div>\n<div class=\"row align-center article article-excerpt\"  id=\"row-625070112\">\n\n\t<div id=\"col-1930890408\" class=\"col small-12 large-12\"  >\n\t\t\t\t<div class=\"col-inner text-left\"  >\n\t\t\t\n\t\t\t\n<p>Abraham trodde ikke bare at Gud var til, og at han var en veldig Gud, men han trodde det Gud sa til ham! P\u00e5 det aller sikreste trodde han at Gud ville gj\u00f8re det han hadde lovet, selv om dette for hans egen forstand s\u00e5 fullstendig umulig ut.<\/p>\n<p>Dette er alts\u00e5 \u00e5 ha Abrahams tro, og \u00e5 v\u00e6re Abrahams barn.<\/p>\n<p>\u00c5 v\u00e6re v\u00e5r himmelske Faders barn, n\u00e5 i den nye pakts tid, det er \u00e5 tro p\u00e5 og v\u00e6re lydig mot, alle de livets ord som Jesus har sagt, og de ord som apostlene har skrevet i sine brev, slik at vi er lydige mot dem, mot alt som st\u00e5r i bergprekenen, og alt det andre i det Nye Testamentet, som jo stemmer fullkomment overens med denne ber\u00f8mte tale av Jesus selv likesom Abrahamvar tro og lydig mot Gud den gang han ofret sin s\u00f8nn Isak! Les Rom. 1, 5 og 16, 20, Matt. 28, 20, Hebr. 5, 9 og 2. Tess. 1, 5\u201410.<\/p>\n<p>I sannhet \u00e5 tro p\u00e5 Jesus, det er n\u00f8dvendigvis \u00e5 tro p\u00e5 hans ord og l\u00f8fter. Og det igjen innbefatter absolutt \u00e5 tro at vi m\u00e5 oppfylle betingelsene for at l\u00f8ftene kan g\u00e5 i oppfyllelse! Gud sa til Abraham: \u00abVandre for mitt \u00e5syn og v\u00e6r ustraffelig!\u00bb Eller: fullkommen og ulastelig! Denne fullkomne lydighet ser vi da han skulle ofre Isak!!! \u2014<\/p>\n<p>Akkurat slik er det i den nye pakt som Jesus kom med, bare i en langt, langt sterkere og mer dyptg\u00e5ende grad! \u00abDerfor skal I v\u00e6re fullkomne, likesomeders himmelske Fader er fullkommen.\u00bb Matt. 5, 48, Ef. 5, 27, 2. Pet. 3, 11 og 14.<\/p>\n<p>N\u00e5r man ikke tror Jesu ord om at vi skal v\u00e6re lydige, da gj\u00f8r man jo Jesus til en l\u00f8gner og en vrangl\u00e6rer, uten at man sier det eller mener det. Men ved dette meningsl\u00f8se standpunkt blir det jo slik. Man har ved dette rett og slett forkastet ham! \u2014 Da har man ogs\u00e5 virkelig forkastet hans sanne og gode og glade budskap, hans evangelium! For dette inneholder budskapet om i gjerning og sannhet \u00e5 lyde alle hans ord, \u00e5 bli forvandlet og omskapt innvendig, \u00e5vandre i hans fotspor, \u00e5 bli ham lik, \u00e5 bli delaktig i guddommelig natur.<\/p>\n<p>Det er just dette nesten alt sammen dreier seg om i hele det Nye Testamente!!! Kan man ikke se dette, da m\u00e5 man n\u00f8dvendigvis v\u00e6re blind!!! \u2014 Og det er man pga. sin vantro mot Ordet. Derfor er det n\u00e6rmest ironisk \u00e5 kalle seg troende.<\/p>\n<p>Jakob skriver s\u00e6rdeles treffende, at n\u00e5r ens tro ikke har gjerninger (eller lydighet), da har en samme tro som Satan. Ved slik tro blir vi ikke frelst fra \u00e5synde! Jak. 2, 19.<\/p>\n\t\t<\/div>\n\t\t\t\t\t<\/div>\n\n\t\n\n\t<div id=\"col-804276939\" class=\"col copyright small-12 large-12\"  >\n\t\t\t\t<div class=\"col-inner text-left\"  >\n\t\t\t\n\t\t\t\n<div>\u00a9 Copyright Stiftelsen Skjulte Skatters Forlag<\/div>\n\t\t<\/div>\n\t\t\t\t\t<\/div>\n\n\t\n\n\t<div id=\"col-1027265548\" class=\"col small-12 large-12\"  >\n\t\t\t\t<div class=\"col-inner text-left\"  >\n\t\t\t\n\t\t\t\n<div><a href=\"#\" class=\"read-more\">Les mer<\/a><\/div>\n\t\t<\/div>\n\t\t\t\t\t<\/div>\n\n\t\n\n\t<div id=\"col-2137870421\" class=\"col small-12 large-12\"  >\n\t\t\t\t<div class=\"col-inner text-left\"  >\n\t\t\t\n\t\t\t\n<p class=\"next-previous-message\"><a class=\"previous\" href=\"..\/vaer-glade-i-hapet\/\"><i class=\"icon-angle-left\"><\/i> Previous<\/a><a class=\"next\" href=\"..\/gud-er-sanndru\/\">Next <i class=\"icon-angle-right\"><\/i><\/a><\/p>\n\t\t<\/div>\n\t\t\t\t\t<\/div>\n\n\t\n<\/div>\n\t\t<\/div>\n\n\t\t\n<style>\n#section_809453190 {\n  padding-top: 0px;\n  padding-bottom: 0px;\n  margin-bottom: 0px;\n}\n@media (min-width:550px) {\n  #section_809453190 {\n    padding-top: 0px;\n    padding-bottom: 0px;\n  }\n}\n<\/style>\n\t<\/section>\n\t\n\n\t<section class=\"section food-for-thought\" id=\"section_986397621\">\n\t\t<div class=\"section-bg fill\" >\n\t\t\t\t\t\t\t\t\t\n\t\t\t\n\n\t\t<\/div>\n\n\t\t\n\n\t\t<div class=\"section-content relative\">\n\t\t\t\n<div class=\"row align-center\"  id=\"row-2119899906\">\n\n\t<div id=\"col-1129022314\" class=\"col title small-12 large-12\"  >\n\t\t\t\t<div class=\"col-inner text-left dark\"  >\n\t\t\t\n\t\t\t\n<h2>Devotional<\/h2>\n\t\t<\/div>\n\t\t\t\t\t<\/div>\n\n\t\n\n\t<div id=\"col-489166704\" class=\"col small-12 large-12\"  >\n\t\t\t\t<div class=\"col-inner dark\"  >\n\t\t\t\n\t\t\t\n<p>Hva vil det si \u00e5 tro if\u00f8lge det Aslaksen skriver i stykket \u00ab\u00c5 tro, likesom Abraham\u00bb?<\/p>\n<ul class=\"question-answers\">\n<li>\u00c5 bekjenne at Gud er allmektig<\/li>\n<li>At vi er lydige mot hvert eneste Guds ord<\/li>\n<li>At vi oppfyller betingelsene n\u00f8yaktig<\/li>\n<\/ul>\n<p class='info'>You have to <a href='\/login\/'>log in<\/a> if you want to save your answer.<\/p>\n\t\t<\/div>\n\t\t\t\t\t<\/div>\n\n\t\n<\/div>\n\t\t<\/div>\n\n\t\t\n<style>\n#section_986397621 {\n  padding-top: 30px;\n  padding-bottom: 30px;\n  background-color: rgb(73, 92, 94);\n}\n<\/style>\n\t<\/section>\n\t\n\t<div id=\"gap-2123154056\" class=\"gap-element clearfix\" style=\"display:block; height:auto;\">\n\t\t\n<style>\n#gap-2123154056 {\n  padding-top: 20px;\n}\n<\/style>\n\t<\/div>\n\t\n<p style=\"text-align: center;\"><a href=\"..\/\"><u>Tilbake til Tema 1<\/u><\/a><\/p>\n","protected":false},"excerpt":{"rendered":"<p>Tilbake til Tema 1<\/p>\n","protected":false},"author":5,"featured_media":0,"parent":7635,"menu_order":4,"comment_status":"closed","ping_status":"closed","template":"page-blank.php","meta":{"footnotes":""},"class_list":["post-18469","page","type-page","status-publish","hentry"],"aioseo_notices":[],"_links":{"self":[{"href":"https:\/\/words-of-faith.org\/no\/wp-json\/wp\/v2\/pages\/18469","targetHints":{"allow":["GET"]}}],"collection":[{"href":"https:\/\/words-of-faith.org\/no\/wp-json\/wp\/v2\/pages"}],"about":[{"href":"https:\/\/words-of-faith.org\/no\/wp-json\/wp\/v2\/types\/page"}],"author":[{"embeddable":true,"href":"https:\/\/words-of-faith.org\/no\/wp-json\/wp\/v2\/users\/5"}],"replies":[{"embeddable":true,"href":"https:\/\/words-of-faith.org\/no\/wp-json\/wp\/v2\/comments?post=18469"}],"version-history":[{"count":0,"href":"https:\/\/words-of-faith.org\/no\/wp-json\/wp\/v2\/pages\/18469\/revisions"}],"up":[{"embeddable":true,"href":"https:\/\/words-of-faith.org\/no\/wp-json\/wp\/v2\/pages\/7635"}],"wp:attachment":[{"href":"https:\/\/words-of-faith.org\/no\/wp-json\/wp\/v2\/media?parent=18469"}],"curies":[{"name":"wp","href":"https:\/\/api.w.org\/{rel}","templated":true}]}}