{"id":18501,"date":"2020-07-21T10:48:00","date_gmt":"2020-07-21T08:48:00","guid":{"rendered":"https:\/\/aslaksen.bcc.no\/?page_id=18501"},"modified":"2020-10-01T11:02:35","modified_gmt":"2020-10-01T09:02:35","slug":"gud-er-sanndru","status":"publish","type":"page","link":"https:\/\/words-of-faith.org\/no\/bibelstudier\/tema-1\/gud-er-sanndru\/","title":{"rendered":"Gud er sanndru"},"content":{"rendered":"\n\t<section class=\"section\" id=\"section_1198480472\">\n\t\t<div class=\"section-bg fill\" >\n\t\t\t\t\t\t\t\t\t\n\t\t\t\n\n\t\t<\/div>\n\n\t\t\n\n\t\t<div class=\"section-content relative\">\n\t\t\t\n<div class=\"row align-center\"  id=\"row-2044217204\">\n\n\t<div id=\"col-1592918541\" class=\"col small-12 large-12\"  >\n\t\t\t\t<div class=\"col-inner\"  >\n\t\t\t\n\t\t\t\n<p class=\"breadcrumbs\"><a href=\"..\/\">Tema 1<\/a> \/ Taler<\/p>\n<h1>Gud er sanndru<\/h1>\n<p class=\"article-date\">Skjulte Skatter, publisert januar 1982<\/p>\n<p class=\"article-author\">av Elias Aslaksen<\/p>\n\t\t<\/div>\n\t\t\t\t\t<\/div>\n\n\t\n\n<style>\n#row-2044217204 > .col > .col-inner {\n  padding: 30px 0px 0px 0px;\n}\n<\/style>\n<\/div>\n<div class=\"row align-center audio\"  id=\"row-1682420135\">\n\n\t<div id=\"col-225071204\" class=\"col small-12 large-12\"  >\n\t\t\t\t<div class=\"col-inner\"  >\n\t\t\t\n\t\t\t\n<!--[if lt IE 9]><script>document.createElement('audio');<\/script><![endif]-->\n<audio class=\"wp-audio-shortcode\" id=\"audio-18501-1\" preload=\"none\" style=\"width: 100%;\" controls=\"controls\"><source type=\"audio\/mpeg\" src=\"\/audio\/Tema%201\/no\/5%20S%20-%20Gud%20er%20sanndru.mp3?_=1\" \/><a href=\"\/audio\/Tema%201\/no\/5%20S%20-%20Gud%20er%20sanndru.mp3\">\/audio\/Tema%201\/no\/5%20S%20-%20Gud%20er%20sanndru.mp3<\/a><\/audio>\n<p class=\"click-to-listen\">Click to listen to the speech.<\/p>\n\t\t<\/div>\n\t\t\t\t\t<\/div>\n\n\t\n<\/div>\n<div class=\"row align-center article article-excerpt\"  id=\"row-243274907\">\n\n\t<div id=\"col-1381274996\" class=\"col small-12 large-12\"  >\n\t\t\t\t<div class=\"col-inner text-left\"  >\n\t\t\t\n\t\t\t\n<p>Hvert Guds ord er sant. Gud holder alt det han har lovet. Derfor burde vi tro hvert eneste livets ord, n\u00f8yaktig, fullt og helt. Og oppfylle alle betingelsene helt og holdent, s\u00e5 oppn\u00e5r vi fullstendig alt det som er lovet. Der finnes ingen unntagelser. Og Gud gj\u00f8r ikke forskjell p\u00e5 folk. Han kan ikke lyve eller svikte. Guds ord er det eneste som er fullt ut p\u00e5litelig! Hvem skulle da ikke tro p\u00e5 alt sammen?<\/p>\n<p>N\u00e5r vi tror, uten \u00e5 tvile, da skjer det vi tror, da f\u00e5r vi det. Da kan det ikke utebli. Det kan ta noe tid, men det kommer! \u2014 Den seg selv fornedrer han vil bli opph\u00f8yet! Det finnes ingen vei forbi. Det inntreffer likes\u00e5 sant som Gudlever! Og skulle man driste seg til \u00e5 f\u00e5 store tanker om seg selv, eller m.a.o. \u00e5 opph\u00f8ye seg selv, s\u00e5 sant som Gud lever, han blir fornedret. Det s\u00f8rger Gudtrofast for. Det er da uunng\u00e5elig!<\/p>\n<p>\u00abGi, s\u00e5 skal eder gis!\u00bb Det betyr av hjertet og med glede. Da finnes det overhodet ingen mulighet for noe annet enn at det blir gitt oss igjen. Det ordner Gud selv, med aldri sviktende troskap! For folk klikker det med snart det ene og snart det andre. Fra Guds side finnes det ikke noe som klikker.<\/p>\n<p>Vi kan ta alt Guds ord, alle livets ord, som eksempel. Det g\u00e5r automatisk i oppfyllelse, uavbrutt. \u2014 Hvorfor leser de fleste troende s\u00e5 s\u00f8rgelig lite, og s\u00e5 s\u00f8rgelig overfladisk i Guds ord? Fordi de ikke vet eller tror at det forholder seg slik. Det er jo liten hjelp i \u00e5 lese det, og \u00e5 h\u00f8re det ogs\u00e5, n\u00e5r man ikke har en levende tro p\u00e5 dets ufeilbarlige p\u00e5litelighet, eller n\u00e5r man ikke oppfyller betingelsene, eller ikke engang vet, eller ser, at det finnes betingelser for alt det som er lovet! \u2014<\/p>\n<p>\u00abAlt er mulig for den som tror!\u00bb \u00abDeg skje som du tror!\u00bb \u00abUten tro er det umulig \u00e5 tekkes Gud!\u00bb \u2014<\/p>\n\t\t<\/div>\n\t\t\t\t\t<\/div>\n\n\t\n\n\t<div id=\"col-1609503020\" class=\"col copyright small-12 large-12\"  >\n\t\t\t\t<div class=\"col-inner text-left\"  >\n\t\t\t\n\t\t\t\n<div>\u00a9 Copyright Stiftelsen Skjulte Skatters Forlag<\/div>\n\t\t<\/div>\n\t\t\t\t\t<\/div>\n\n\t\n\n\t<div id=\"col-1674402591\" class=\"col small-12 large-12\"  >\n\t\t\t\t<div class=\"col-inner text-left\"  >\n\t\t\t\n\t\t\t\n<div><a href=\"#\" class=\"read-more\">Les mer<\/a><\/div>\n\t\t<\/div>\n\t\t\t\t\t<\/div>\n\n\t\n\n\t<div id=\"col-1024260030\" class=\"col small-12 large-12\"  >\n\t\t\t\t<div class=\"col-inner text-left\"  >\n\t\t\t\n\t\t\t\n<p class=\"next-previous-message\"><a class=\"previous\" href=\"..\/a-tro-likesom-abraham\/\"><i class=\"icon-angle-left\"><\/i> Previous<\/a><a class=\"next\" href=\"..\/tro-pa-underets-gud\/\">Next <i class=\"icon-angle-right\"><\/i><\/a><\/p>\n\t\t<\/div>\n\t\t\t\t\t<\/div>\n\n\t\n<\/div>\n\t\t<\/div>\n\n\t\t\n<style>\n#section_1198480472 {\n  padding-top: 0px;\n  padding-bottom: 0px;\n  margin-bottom: 0px;\n}\n@media (min-width:550px) {\n  #section_1198480472 {\n    padding-top: 0px;\n    padding-bottom: 0px;\n  }\n}\n<\/style>\n\t<\/section>\n\t\n\n\t<section class=\"section food-for-thought\" id=\"section_1980017809\">\n\t\t<div class=\"section-bg fill\" >\n\t\t\t\t\t\t\t\t\t\n\t\t\t\n\n\t\t<\/div>\n\n\t\t\n\n\t\t<div class=\"section-content relative\">\n\t\t\t\n<div class=\"row align-center\"  id=\"row-1145464047\">\n\n\t<div id=\"col-2057491829\" class=\"col title small-12 large-12\"  >\n\t\t\t\t<div class=\"col-inner text-left dark\"  >\n\t\t\t\n\t\t\t\n<h2>Devotional<\/h2>\n\t\t<\/div>\n\t\t\t\t\t<\/div>\n\n\t\n\n\t<div id=\"col-1880790405\" class=\"col small-12 large-12\"  >\n\t\t\t\t<div class=\"col-inner dark\"  >\n\t\t\t\n\t\t\t\n<p>Les eller h\u00f8r p\u00e5 stykket \u00abGud er sanndru\u00bb: Finn et l\u00f8fte i bibelen som du ikke har tenkt p\u00e5 f\u00f8r og noter bibelverset i feltet under. Hvis du vil kan du ogs\u00e5 notere hva som skjer for deg personlig, hvis du tror n\u00f8yaktig slik det st\u00e5r skrevet. Les sammenhengen \u2013 kan du finne noen betingelser knyttet til l\u00f8ftet?<\/p>\n<p class='info'>You have to <a href='\/login\/'>log in<\/a> if you want to save your answer.<\/p>\n\t\t<\/div>\n\t\t\t\t\t<\/div>\n\n\t\n<\/div>\n\t\t<\/div>\n\n\t\t\n<style>\n#section_1980017809 {\n  padding-top: 30px;\n  padding-bottom: 30px;\n  background-color: rgb(73, 92, 94);\n}\n<\/style>\n\t<\/section>\n\t\n\t<div id=\"gap-968930398\" class=\"gap-element clearfix\" style=\"display:block; height:auto;\">\n\t\t\n<style>\n#gap-968930398 {\n  padding-top: 20px;\n}\n<\/style>\n\t<\/div>\n\t\n<p style=\"text-align: center;\"><a href=\"..\/\"><u>Tilbake til Tema 1<\/u><\/a><\/p>\n","protected":false},"excerpt":{"rendered":"<p>Tilbake til Tema 1<\/p>\n","protected":false},"author":5,"featured_media":0,"parent":7635,"menu_order":5,"comment_status":"closed","ping_status":"closed","template":"page-blank.php","meta":{"footnotes":""},"class_list":["post-18501","page","type-page","status-publish","hentry"],"aioseo_notices":[],"_links":{"self":[{"href":"https:\/\/words-of-faith.org\/no\/wp-json\/wp\/v2\/pages\/18501","targetHints":{"allow":["GET"]}}],"collection":[{"href":"https:\/\/words-of-faith.org\/no\/wp-json\/wp\/v2\/pages"}],"about":[{"href":"https:\/\/words-of-faith.org\/no\/wp-json\/wp\/v2\/types\/page"}],"author":[{"embeddable":true,"href":"https:\/\/words-of-faith.org\/no\/wp-json\/wp\/v2\/users\/5"}],"replies":[{"embeddable":true,"href":"https:\/\/words-of-faith.org\/no\/wp-json\/wp\/v2\/comments?post=18501"}],"version-history":[{"count":0,"href":"https:\/\/words-of-faith.org\/no\/wp-json\/wp\/v2\/pages\/18501\/revisions"}],"up":[{"embeddable":true,"href":"https:\/\/words-of-faith.org\/no\/wp-json\/wp\/v2\/pages\/7635"}],"wp:attachment":[{"href":"https:\/\/words-of-faith.org\/no\/wp-json\/wp\/v2\/media?parent=18501"}],"curies":[{"name":"wp","href":"https:\/\/api.w.org\/{rel}","templated":true}]}}