{"id":19989,"date":"2020-07-31T09:19:25","date_gmt":"2020-07-31T07:19:25","guid":{"rendered":"https:\/\/words-of-faith.org\/?page_id=19989"},"modified":"2020-10-05T12:51:25","modified_gmt":"2020-10-05T10:51:25","slug":"om-oss","status":"publish","type":"page","link":"https:\/\/words-of-faith.org\/no\/om-oss\/","title":{"rendered":"Om oss"},"content":{"rendered":"\n\t<section class=\"section\" id=\"section_411775087\">\n\t\t<div class=\"section-bg fill\" >\n\t\t\t\t\t\t\t\t\t\n\t\t\t\n\n\t\t<\/div>\n\n\t\t\n\n\t\t<div class=\"section-content relative\">\n\t\t\t\n<div class=\"row align-center\"  id=\"row-2096785531\">\n\n\t<div id=\"col-585412983\" class=\"col small-12 large-12\"  >\n\t\t\t\t<div class=\"col-inner\"  >\n\t\t\t\n\t\t\t\n<h1>Om oss<\/h1>\n\n\t\t<div class=\"tabbed-content\">\n\t\t\t\n\t\t\t<ul class=\"nav nav-simple nav-normal nav-size-normal nav-left\" role=\"tablist\"><li id=\"tab-troens-ord\" class=\"tab active has-icon\" role=\"presentation\"><a href=\"#tab_troens-ord\" role=\"tab\" aria-selected=\"true\" aria-controls=\"tab_troens-ord\"><span>Troens ord<\/span><\/a><\/li>\n<li id=\"tab-om-elias-aslaksen\" class=\"tab has-icon\" role=\"presentation\"><a href=\"#tab_om-elias-aslaksen\" tabindex=\"-1\" role=\"tab\" aria-selected=\"false\" aria-controls=\"tab_om-elias-aslaksen\"><span>Om Elias Aslaksen<\/span><\/a><\/li>\n<li id=\"tab-om-aktivkristendom\" class=\"tab has-icon\" role=\"presentation\"><a href=\"#tab_om-aktivkristendom\" tabindex=\"-1\" role=\"tab\" aria-selected=\"false\" aria-controls=\"tab_om-aktivkristendom\"><span>Om AktivKristendom<\/span><\/a><\/li><\/ul><div class=\"tab-panels\"><div id=\"tab_troens-ord\" class=\"panel active entry-content\" role=\"tabpanel\" aria-labelledby=\"tab-troens-ord\">\n<h2>Troens ord<\/h2>\n<p style=\"text-align: center;\"><img loading=\"lazy\" decoding=\"async\" class=\"aligncenter wp-image-7610\" src=\"https:\/\/words-of-faith.org\/wp-content\/uploads\/2020\/04\/EA-Logo-Final-7-275x400.png\" alt=\"\" width=\"150\" height=\"219\"><\/p>\n<p>\u00abTroen p\u00e5 livets ord er den st\u00f8rste makt som eksisterer i universet.\u00bb Dette sitatet fra Elias Aslaksen oppsummerer hans liv og l\u00e6re.  <\/p>\n<p>\u00abTroens ord\u00bb er en bibelstudieressurs basert p\u00e5 skrifter og taler av Elias Aslaksen (1888-1976). Hans forkynnelse fulgte Guds ord og troens lydighet 100 %. Han trodde p\u00e5 et liv i seier over synd og full forvandling til Kristi bilde, akkurat som det st\u00e5r skrevet mange steder i Bibelen, og hans tro var p\u00e5 en allmektig Gud som har all makt i himmelen og p\u00e5 jorden til \u00e5 gj\u00f8re det fullt ut mulig \u00e5 leve dette livet for hver enkelt som tror.   <\/p>\n<p>Det st\u00e5r skrevet om Paulus at han var en l\u00e6rer for hedningene i tro og sannhet, og dette er m\u00f8nsteret som Elias Aslaksens l\u00e6re fulgte. F\u00f8rst \u00e5 tro at Ordet er sant og godt p\u00e5 alle m\u00e5ter. Deretter, med en personlig, levende tro, \u00e5 leve etter det.   <\/p>\n<p>Gjennom troens \u00e5nd i talene, skriftene og bibelstudiene p\u00e5 dette nettstedet, kan troen p\u00e5 \u00e5 leve et slikt seirende liv bli f\u00f8dt og styrket i hvert hjerte som er villig til \u00e5 stride troens gode strid og gripe det evig livet!<\/p>\n<\/div>\n<div id=\"tab_om-elias-aslaksen\" class=\"panel entry-content\" role=\"tabpanel\" aria-labelledby=\"tab-om-elias-aslaksen\">\n<h2>Om Elias Aslaksen (1888-1976)<\/h2>\n<p><img loading=\"lazy\" decoding=\"async\" class=\"alignnone size-medium wp-image-23816\" src=\"https:\/\/words-of-faith.org\/wp-content\/uploads\/2020\/09\/about-elias-aslaksen-632x400.png\" alt=\"\" width=\"632\" height=\"400\"><\/p>\n<p>I Filipperne 3, 7-8 skrev Paulus: \u00abMen det som var en vinning for meg, det har jeg for Kristi skyld aktet som tap. Ja, jeg akter i sannhet alt for tap, fordi kunnskapen om Kristus Jesus, min Herre, er s\u00e5 mye mer verd. For hans skyld har jeg tapt alt, jeg akter det for skrap, for at jeg kan vinne Kristus.\u00bb<\/p>\n<figure id=\"attachment_23784\" aria-describedby=\"caption-attachment-23784\" style=\"width: 154px\" class=\"wp-caption alignright\"><img loading=\"lazy\" decoding=\"async\" class=\"wp-image-23784\" src=\"https:\/\/words-of-faith.org\/wp-content\/uploads\/2020\/09\/elias-aslaksen-early-twenties-258x400.png\" alt=\"\" width=\"154\" height=\"239\"><figcaption id=\"caption-attachment-23784\" class=\"wp-caption-text\">Elias Aslaksen i begynnelsen av tjue\u00e5rene, som sekondl\u00f8ytnant. Han var en sv\u00e6rt intelligent ung mann, men han ga opp sin karriere i marinen fordi han ble grepet av Jesus Kristus.<\/figcaption><\/figure>\n<p>Disse ordene gjenspeiles i Elias Aslaksens liv. Han var en spesielt begavet ung mann med en utmerket utdannelse og en lovende karriere som den fremste kadetten i den norske marinens historie, men han ga opp alt for \u00e5 jage mot \u00abseiersprisen som Gud har kalt oss til der ovenfra i Kristus Jesus\u00bb. (Filipperne 3, 14.) Han ga hele sitt liv for \u00e5 fremme evangeliet, b\u00e5de ved troens lydighet i hans personlige liv og ved utrettelig forkynnelse av troens ord mange steder over hele kloden i mange \u00e5r.  <\/p>\n<p>B\u00e5de hans omfattende samling med artikler og skrifter og hans forkynnelse var basert p\u00e5 100 % trofasthet mot Guds ord. Kanskje det er dette som gj\u00f8r talene og skriftene hans s\u00e5 skarpe og kraftige selv n\u00e5, mer enn 40 \u00e5r etter hans d\u00f8d. Han gikk ikke rundt gr\u00f8ten for \u00e5 komme med et poeng, men han talte Guds ord tydelig og direkte slik han opplevde det i sitt eget liv.  <\/p>\n<figure id=\"attachment_23800\" aria-describedby=\"caption-attachment-23800\" style=\"width: 632px\" class=\"wp-caption alignnone\"><img loading=\"lazy\" decoding=\"async\" class=\"wp-image-23800 size-medium\" src=\"https:\/\/words-of-faith.org\/wp-content\/uploads\/2020\/09\/elias-aslaksen-preaching-632x400.png\" alt=\"\" width=\"632\" height=\"400\"><figcaption id=\"caption-attachment-23800\" class=\"wp-caption-text\">Elias Aslaksen taler p\u00e5 et friluftsm\u00f8te<\/figcaption><\/figure>\n<p>Han forkynte evangeliet om et liv i seier over synden. Tro ble f\u00f8dt i mange hjerter som et resultat av hans tjeneste og undervisning, men spesielt p\u00e5 grunn av hans liv. Han hadde en s\u00e5 levende tro p\u00e5 Gud at n\u00e5r han talte i denne troens \u00e5nd, var det nesten umulig ikke \u00e5 bli styrket. Han hadde en spesiell gave for \u00e5 tale p\u00e5 en slik m\u00e5te at lytterne ble trollbundet og fikk troen p\u00e5 at et liv i seier over synden ogs\u00e5 var mulig for dem.   <\/p>\n<figure id=\"attachment_23752\" aria-describedby=\"caption-attachment-23752\" style=\"width: 632px\" class=\"wp-caption alignnone\"><img loading=\"lazy\" decoding=\"async\" class=\"size-medium wp-image-23752\" src=\"https:\/\/words-of-faith.org\/wp-content\/uploads\/2020\/09\/elias-aslaksen-brilliant-speaker-632x400.png\" alt=\"\" width=\"632\" height=\"400\"><figcaption id=\"caption-attachment-23752\" class=\"wp-caption-text\">Aslaksen var en begavet taler, og kunne formulere ting p\u00e5 en slik m\u00e5te at de som h\u00f8rte p\u00e5 ble trollbundet.<\/figcaption><\/figure>\n<p>Han var et varmt og elskverdig menneske, full av kj\u00e6rlighet og godhet. Han tiltrakk folk som fluer til honning p\u00e5 grunn av den levende atmosf\u00e6ren som var med ham, men han samlet alltid til hodet, Jesus Kristus. Han trivdes med \u00e5 sitte og snakke med ungdommer om Guds ord, og n\u00e5r han kom i gang, kunne han lett snakke i en time eller to. Han var trofast mot sannheten, men alltid i kj\u00e6rlighet. S\u00e5 han kunne formane og oppmuntre og hadde alltid noe fra Gud \u00e5 gi og velsigne med.    <\/p>\n<figure id=\"attachment_23768\" aria-describedby=\"caption-attachment-23768\" style=\"width: 632px\" class=\"wp-caption alignnone\"><img loading=\"lazy\" decoding=\"async\" class=\"size-medium wp-image-23768\" src=\"https:\/\/words-of-faith.org\/wp-content\/uploads\/2020\/09\/elias-aslaksen-good-atmosphere-632x400.png\" alt=\"\" width=\"632\" height=\"400\"><figcaption id=\"caption-attachment-23768\" class=\"wp-caption-text\">Der Aslaksen var, var det alltid en god atmosf\u00e6re.<\/figcaption><\/figure>\n<p>Hans l\u00e6re lever videre i artikler og taler han etterlot seg, og mange har blitt styrket i sin tro ved hans ord. V\u00e5rt h\u00e5p er at ogs\u00e5 du vil bli styrket og oppmuntret til \u00e5 stride troens gode strid gjennom innholdet p\u00e5 dette nettstedet. <\/p>\n<figure id=\"attachment_23736\" aria-describedby=\"caption-attachment-23736\" style=\"width: 632px\" class=\"wp-caption alignnone\"><img loading=\"lazy\" decoding=\"async\" class=\"size-medium wp-image-23736\" src=\"https:\/\/words-of-faith.org\/wp-content\/uploads\/2020\/09\/elias-aslaksen-active-writer-632x400.png\" alt=\"\" width=\"632\" height=\"400\"><figcaption id=\"caption-attachment-23736\" class=\"wp-caption-text\">Aslaksen var en sv\u00e6rt flittig skribent, som gjennom livet skrev hundrevis av brev, artikler, hefter, b\u00f8ker og sanger.<\/figcaption><\/figure>\n<figure id=\"attachment_23720\" aria-describedby=\"caption-attachment-23720\" style=\"width: 318px\" class=\"wp-caption alignnone\"><img loading=\"lazy\" decoding=\"async\" class=\"size-medium wp-image-23720\" src=\"https:\/\/words-of-faith.org\/wp-content\/uploads\/2020\/09\/elias-aslaksen-70-years-318x400.png\" alt=\"\" width=\"318\" height=\"400\"><figcaption id=\"caption-attachment-23720\" class=\"wp-caption-text\">Elias Aslaksen ca.70 \u00e5r<\/figcaption><\/figure>\n<\/div>\n<div id=\"tab_om-aktivkristendom\" class=\"panel entry-content\" role=\"tabpanel\" aria-labelledby=\"tab-om-aktivkristendom\">\n<h2>Om AktivKristendom<\/h2>\n<p><em>Bes\u00f8k det ofisielle nettstedet <a href=\"https:\/\/activechristianity.org\" target=\"_blank\" rel=\"noopener noreferrer\">aktivkristendom.no<\/a> for mer detaljert informasjon om AktivKristendom.<\/em><\/p>\n<p>AktivKristendom av Brunstad Christian Church utforsker hvordan Guds ord utfordrer oss og gj\u00f8r oss i stand til \u00e5 leve 100 % etter hans vilje, s\u00e5 vi ikke lenger trenger \u00e5 falle i synd, men kan komme til et liv i seier.<\/p>\n<\/div><\/div><\/div>\n\t\t<\/div>\n\t\t\t\t\n<style>\n#col-585412983 > .col-inner {\n  margin: 0px 0px 20px 0px;\n}\n<\/style>\n\t<\/div>\n\n\t\n\n<style>\n#row-2096785531 > .col > .col-inner {\n  padding: 30px 0px 0px 0px;\n}\n<\/style>\n<\/div>\n\t\t<\/div>\n\n\t\t\n<style>\n#section_411775087 {\n  padding-top: 0px;\n  padding-bottom: 0px;\n}\n@media (min-width:550px) {\n  #section_411775087 {\n    padding-top: 30px;\n    padding-bottom: 30px;\n  }\n}\n<\/style>\n\t<\/section>\n\t\n","protected":false},"excerpt":{"rendered":"","protected":false},"author":5,"featured_media":0,"parent":0,"menu_order":0,"comment_status":"closed","ping_status":"closed","template":"page-blank.php","meta":{"footnotes":""},"class_list":["post-19989","page","type-page","status-publish","hentry"],"aioseo_notices":[],"_links":{"self":[{"href":"https:\/\/words-of-faith.org\/no\/wp-json\/wp\/v2\/pages\/19989","targetHints":{"allow":["GET"]}}],"collection":[{"href":"https:\/\/words-of-faith.org\/no\/wp-json\/wp\/v2\/pages"}],"about":[{"href":"https:\/\/words-of-faith.org\/no\/wp-json\/wp\/v2\/types\/page"}],"author":[{"embeddable":true,"href":"https:\/\/words-of-faith.org\/no\/wp-json\/wp\/v2\/users\/5"}],"replies":[{"embeddable":true,"href":"https:\/\/words-of-faith.org\/no\/wp-json\/wp\/v2\/comments?post=19989"}],"version-history":[{"count":0,"href":"https:\/\/words-of-faith.org\/no\/wp-json\/wp\/v2\/pages\/19989\/revisions"}],"wp:attachment":[{"href":"https:\/\/words-of-faith.org\/no\/wp-json\/wp\/v2\/media?parent=19989"}],"curies":[{"name":"wp","href":"https:\/\/api.w.org\/{rel}","templated":true}]}}