{"id":10907,"date":"2020-05-14T20:00:43","date_gmt":"2020-05-14T18:00:43","guid":{"rendered":"https:\/\/aslaksen.bcc.no\/?page_id=10907"},"modified":"2020-08-21T12:12:45","modified_gmt":"2020-08-21T10:12:45","slug":"z-chrystusem-jestem-ukrzyzowany","status":"publish","type":"page","link":"https:\/\/words-of-faith.org\/pl\/bible-study\/temat-2\/z-chrystusem-jestem-ukrzyzowany\/","title":{"rendered":"Z Chrystusem jestem ukrzy\u017cowany"},"content":{"rendered":"\n\t<section class=\"section\" id=\"section_282961911\">\n\t\t<div class=\"section-bg fill\" >\n\t\t\t\t\t\t\t\t\t\n\t\t\t\n\n\t\t<\/div>\n\n\t\t\n\n\t\t<div class=\"section-content relative\">\n\t\t\t\n<div class=\"row align-center\"  id=\"row-399764439\">\n\n\t<div id=\"col-1363536736\" class=\"col small-12 large-12\"  >\n\t\t\t\t<div class=\"col-inner\"  >\n\t\t\t\n\t\t\t\n<p class=\"breadcrumbs\"><a href=\"..\/\">Theme 2<\/a> \/ Messages<\/p>\n<h1>Z Chrystusem jestem ukrzy\u017cowany<\/h1>\n<p class=\"article-date\">Fragment \u201cOdpocznienie w Bogu\u201d, wydanej w 1950<\/p>\n<p class=\"article-author\">Elias Aslaksen<\/p>\n\t\t<\/div>\n\t\t\t\t\t<\/div>\n\n\t\n\n<style>\n#row-399764439 > .col > .col-inner {\n  padding: 30px 0px 0px 0px;\n}\n<\/style>\n<\/div>\n<div class=\"row align-center audio\"  id=\"row-1721967928\">\n\n\t<div id=\"col-518691103\" class=\"col small-12 large-12\"  >\n\t\t\t\t<div class=\"col-inner\"  >\n\t\t\t\n\t\t\t\n<!--[if lt IE 9]><script>document.createElement('audio');<\/script><![endif]-->\n<audio class=\"wp-audio-shortcode\" id=\"audio-10907-1\" preload=\"none\" style=\"width: 100%;\" controls=\"controls\"><source type=\"audio\/mpeg\" src=\"\/audio\/Tema%202\/pl\/8%20Z%20Chrystusem%20jestem%20ukrzy%C5%BCowany.mp3?_=1\" \/><a href=\"\/audio\/Tema%202\/pl\/8%20Z%20Chrystusem%20jestem%20ukrzy%C5%BCowany.mp3\">\/audio\/Tema%202\/pl\/8%20Z%20Chrystusem%20jestem%20ukrzy%C5%BCowany.mp3<\/a><\/audio>\n<p class=\"click-to-listen\">Click to listen to the speech.<\/p>\n\t\t<\/div>\n\t\t\t\t\t<\/div>\n\n\t\n<\/div>\n<div class=\"row align-center article article-excerpt\"  id=\"row-1073217916\">\n\n\t<div id=\"col-2039639360\" class=\"col small-12 large-12\"  >\n\t\t\t\t<div class=\"col-inner text-left\"  >\n\t\t\t\n\t\t\t\n<p><strong>\u201eZ Chrystusem jestem ukrzy\u017cowany; \u017cyj\u0119 wi\u0119c ju\u017c nie ja (\u2026)\u201d Gal 2, 20<\/strong>.<\/p>\n<p>S\u0105 to kluczowe s\u0142owa, aby m\u00f3c doj\u015b\u0107 do odpocznienia w Bogu. Je\u017celi wierzymy w te s\u0142owa \u2013 co jest niestety bardzo niepowszechne \u2013 to s\u0105 one jasne same w sobie. Jednak w\u0142a\u015bnie w to wi\u0119kszo\u015b\u0107 nie wierzy. T\u0142umacz\u0105 te s\u0142owa inaczej, zamiast w nie wierzy\u0107, tym samym inaczej t\u0142umacz\u0105 swoje w\u0142asne wspania\u0142e zbawienie od wszelkiej n\u0119dzy i wykluczaj\u0105 si\u0119 z odpocznienia w Bogu, do kt\u00f3rego niewielu dochodzi! Oby\u015b Ty, kt\u00f3ry czytasz ten tekst, by\u0142 jednym z tych \u201eniewielu\u201d!<\/p>\n<p>Dlaczego nie wej\u015b\u0107 do odpocznienia, zamiast pozostawa\u0107 w tym ca\u0142ym z\u0142ym i k\u0142opotliwym niepokoju, w tym ca\u0142ym niepotrzebnym, powsta\u0142ym z w\u0142asnej winy (z powodu niewiary), b\u00f3lu i udr\u0119ce?<\/p>\n<p>Prawda jest prosta, naturalna i krystalicznie czysta: Ca\u0142y niepok\u00f3j le\u017cy w starym cz\u0142owieku. Je\u017celi b\u0119dzie on w wierze w S\u0142owo, Rzym 6, 6 rzeczywi\u015bcie ukrzy\u017cowany z Chrystusem, i od\u0142o\u017cony, Efez 4, 22, zatrzymuje si\u0119 naturalnie ca\u0142y niepok\u00f3j, a pojawia si\u0119 przeciwne mu odpocznienie.<\/p>\n<p>Nie ma nic, co lepiej opisywa\u0142oby t\u0119 g\u0142\u0119bok\u0105 tajemnic\u0119, jak ten przyk\u0142ad ze znanym cytatem na og\u0142oszeniach o \u015bmierci: \u201eN. N. wszed\u0142 do odpocznienia\u201d (norw. t\u0142um.). Mianowicie odchodz\u0105c po \u015bmierci! Zobacz wy\u017cej cytowane Gal 2, 20 \u2013 i Rzym 6, 7 \u2013<\/p>\n<p>Ze wzgl\u0119du na niewiar\u0119, tak pe\u0142ne tajemnicy i nieznane jest to, \u017ce przez \u017cyw\u0105 wiar\u0119 w S\u0142owo mo\u017cna umrze\u0107, b\u0119d\u0105c jeszcze w tym ciele, umrze\u0107 dla grzechu, i dalej od wszelkiego tego wielkiego niepokoju w sercu i zmy\u015ble, podczas gdy cia\u0142o pracuje w tej przemijalnej niewoli. Te dwie rzeczy nie pasuj\u0105 w\u0142a\u015bciwie do siebie. S\u0142owo Bo\u017ce rozszczepia i rozdziela \u2013 ta jedna cz\u0119\u015b\u0107 jest oddzielana teraz! Nasz\u0105 nadziej\u0105 jest, aby si\u0119 wkr\u00f3tce pozby\u0107 te\u017c tej drugiej cz\u0119\u015bci na wieki! Alleluja!<\/p>\n<p>Tym najwi\u0119kszym co mo\u017ce spotka\u0107 cz\u0142owieka tutaj na obczy\u017anie, jest to gdy mo\u017ce w prawdzie powiedzie\u0107, nosz\u0105c jeszcze \u015bmiertelne cia\u0142o, \u017ce wszed\u0142 do odpocznienia.<\/p>\n\t\t<\/div>\n\t\t\t\t\t<\/div>\n\n\t\n\n\t<div id=\"col-878351697\" class=\"col copyright small-12 large-12\"  >\n\t\t\t\t<div class=\"col-inner text-left\"  >\n\t\t\t\n\t\t\t\n<div>\u00a9 Copyright Stiftelsen Skjulte Skatters Forlag<\/div>\n\t\t<\/div>\n\t\t\t\t\t<\/div>\n\n\t\n\n\t<div id=\"col-1621617160\" class=\"col small-12 large-12\"  >\n\t\t\t\t<div class=\"col-inner text-left\"  >\n\t\t\t\n\t\t\t\n<div><a href=\"#\" class=\"read-more\">Przeczytaj wi\u0119cej<\/a><\/div>\n\t\t<\/div>\n\t\t\t\t\t<\/div>\n\n\t\n\n\t<div id=\"col-276741063\" class=\"col small-12 large-12\"  >\n\t\t\t\t<div class=\"col-inner text-left\"  >\n\t\t\t\n\t\t\t\n<p class=\"next-previous-message\"><a class=\"previous\" href=\"\/pl\/bible-studies\/theme-2\/deny-oneself\/\"><i class=\"icon-angle-left\"><\/i> Previous<\/a><a class=\"next\" href=\"\/pl\/bible-studies\/theme-2\/it-is-no-longer-i-who-live\/\">Next <i class=\"icon-angle-right\"><\/i><\/a><\/p>\n\t\t<\/div>\n\t\t\t\t\t<\/div>\n\n\t\n<\/div>\n\t\t<\/div>\n\n\t\t\n<style>\n#section_282961911 {\n  padding-top: 0px;\n  padding-bottom: 0px;\n  margin-bottom: 0px;\n}\n@media (min-width:550px) {\n  #section_282961911 {\n    padding-top: 0px;\n    padding-bottom: 0px;\n  }\n}\n<\/style>\n\t<\/section>\n\t\n\n\t<section class=\"section food-for-thought\" id=\"section_1785365389\">\n\t\t<div class=\"section-bg fill\" >\n\t\t\t\t\t\t\t\t\t\n\t\t\t\n\n\t\t<\/div>\n\n\t\t\n\n\t\t<div class=\"section-content relative\">\n\t\t\t\n<div class=\"row align-center\"  id=\"row-2067644020\">\n\n\t<div id=\"col-1315911193\" class=\"col title small-12 large-12\"  >\n\t\t\t\t<div class=\"col-inner text-left dark\"  >\n\t\t\t\n\t\t\t\n<h2>Devotional<\/h2>\n\t\t<\/div>\n\t\t\t\t\t<\/div>\n\n\t\n\n\t<div id=\"col-970139012\" class=\"col small-12 large-12\"  >\n\t\t\t\t<div class=\"col-inner dark\"  >\n\t\t\t\n\t\t\t\n<p>Aslaksen pisze w artykule &#8220;Z Chrystusem jestem ukrzy\u017cowany&#8221;, by &#8220;wej\u015b\u0107 w odpocznienie&#8221;. Jak wyja\u015bni\u0142 by\u015b to drugiej osobie?<\/p>\n<p class='info'>You have to <a href='\/login\/'>log in<\/a> if you want to save your answer.<\/p>\n\t\t<\/div>\n\t\t\t\t\t<\/div>\n\n\t\n<\/div>\n\t\t<\/div>\n\n\t\t\n<style>\n#section_1785365389 {\n  padding-top: 30px;\n  padding-bottom: 30px;\n  background-color: rgb(73, 92, 94);\n}\n<\/style>\n\t<\/section>\n\t\n","protected":false},"excerpt":{"rendered":"","protected":false},"author":5,"featured_media":0,"parent":10118,"menu_order":0,"comment_status":"closed","ping_status":"closed","template":"page-blank.php","meta":{"footnotes":""},"class_list":["post-10907","page","type-page","status-publish","hentry"],"aioseo_notices":[],"_links":{"self":[{"href":"https:\/\/words-of-faith.org\/pl\/wp-json\/wp\/v2\/pages\/10907","targetHints":{"allow":["GET"]}}],"collection":[{"href":"https:\/\/words-of-faith.org\/pl\/wp-json\/wp\/v2\/pages"}],"about":[{"href":"https:\/\/words-of-faith.org\/pl\/wp-json\/wp\/v2\/types\/page"}],"author":[{"embeddable":true,"href":"https:\/\/words-of-faith.org\/pl\/wp-json\/wp\/v2\/users\/5"}],"replies":[{"embeddable":true,"href":"https:\/\/words-of-faith.org\/pl\/wp-json\/wp\/v2\/comments?post=10907"}],"version-history":[{"count":0,"href":"https:\/\/words-of-faith.org\/pl\/wp-json\/wp\/v2\/pages\/10907\/revisions"}],"up":[{"embeddable":true,"href":"https:\/\/words-of-faith.org\/pl\/wp-json\/wp\/v2\/pages\/10118"}],"wp:attachment":[{"href":"https:\/\/words-of-faith.org\/pl\/wp-json\/wp\/v2\/media?parent=10907"}],"curies":[{"name":"wp","href":"https:\/\/api.w.org\/{rel}","templated":true}]}}