{"id":11042,"date":"2020-05-14T20:00:14","date_gmt":"2020-05-14T18:00:14","guid":{"rendered":"https:\/\/aslaksen.bcc.no\/?page_id=11042"},"modified":"2020-08-21T12:20:14","modified_gmt":"2020-08-21T10:20:14","slug":"de-to-store-mal-i-den-kristnes-liv","status":"publish","type":"page","link":"https:\/\/words-of-faith.org\/pl\/bible-study\/temat-2\/de-to-store-mal-i-den-kristnes-liv\/","title":{"rendered":"De to store m\u00e5l i den kristnes liv"},"content":{"rendered":"\n\t<section class=\"section\" id=\"section_530003336\">\n\t\t<div class=\"section-bg fill\" >\n\t\t\t\t\t\t\t\t\t\n\t\t\t\n\n\t\t<\/div>\n\n\t\t\n\n\t\t<div class=\"section-content relative\">\n\t\t\t\n<div class=\"row align-center\"  id=\"row-1269438864\">\n\n\t<div id=\"col-1803832877\" class=\"col small-12 large-12\"  >\n\t\t\t\t<div class=\"col-inner\"  >\n\t\t\t\n\t\t\t\n<p class=\"breadcrumbs\"><a href=\"..\/\">Theme 2<\/a> \/ Messages<\/p>\n<h1>Dwa wielkie cele w \u017cyciu chrze\u015bcijanina<\/h1>\n<p class=\"article-date\">Ukryte Skarby, opublikowano: listopad 1957Elias Aslaksen<\/p>\n<p class=\"article-author\">\n\t\t<\/div>\n\t\t\t\t\t<\/div>\n\n\t\n\n<style>\n#row-1269438864 > .col > .col-inner {\n  padding: 30px 0px 0px 0px;\n}\n<\/style>\n<\/div>\n<div class=\"row align-center audio\"  id=\"row-809477775\">\n\n\t<div id=\"col-12010362\" class=\"col small-12 large-12\"  >\n\t\t\t\t<div class=\"col-inner\"  >\n\t\t\t\n\t\t\t\n<!--[if lt IE 9]><script>document.createElement('audio');<\/script><![endif]-->\n<audio class=\"wp-audio-shortcode\" id=\"audio-11042-1\" preload=\"none\" style=\"width: 100%;\" controls=\"controls\"><source type=\"audio\/mpeg\" src=\"\/audio\/Tema%202\/pl\/12%20Dwa%20wielkie%20cele%20w%20%C5%BCyciu%20chrze%C5%9Bcijanina.mp3?_=1\" \/><a href=\"\/audio\/Tema%202\/pl\/12%20Dwa%20wielkie%20cele%20w%20%C5%BCyciu%20chrze%C5%9Bcijanina.mp3\">\/audio\/Tema%202\/pl\/12%20Dwa%20wielkie%20cele%20w%20%C5%BCyciu%20chrze%C5%9Bcijanina.mp3<\/a><\/audio>\n<p class=\"click-to-listen\">Click to listen to the speech.<\/p>\n\t\t<\/div>\n\t\t\t\t\t<\/div>\n\n\t\n<\/div>\n<div class=\"row align-center article article-excerpt\"  id=\"row-1314470654\">\n\n\t<div id=\"col-1321655403\" class=\"col small-12 large-12\"  >\n\t\t\t\t<div class=\"col-inner text-left\"  >\n\t\t\t\n\t\t\t\n<div id=\"chapter-element-2\" data-v-7f3df67e=\"\">\n<p>I.&nbsp;Zawsze mie\u0107 zwyci\u0119stwo nad wszelkim \u015bwiadomym grzechem.<\/p>\n<p>To, \u017ce Chrystus umar\u0142 za nasze grzechy, daje nam odpuszczenie grzech\u00f3w, je\u015bli tylko w to wierzymy i je\u015bli sami przebaczamy, z serca, naszym winowajcom.<\/p>\n<p>Zwyci\u0119stwo nad \u015bwiadomym grzechem otrzymujemy tak\u017ce przez wiar\u0119, to znaczy przez wiar\u0119 w to, \u017ce nasz stary cz\u0142owiek zosta\u0142 ukrzy\u017cowany z Chrystusem. Rzym&nbsp;6,&nbsp;6 albo jak to jest wyra\u017cone w Gal&nbsp;2,&nbsp;20:<\/p>\n<p>\u201eZ Chrystusem jestem ukrzy\u017cowany \u2026\u201d<\/p>\n<p>W tej wierze i przez t\u0105 wiar\u0119 obumieramy od grzeszenia, od ka\u017cdego \u015bwiadomego grzechu, tak \u017ce \u2013 zamiast tego, by grzeszy\u0107 \u2013 zwyci\u0119\u017camy w ka\u017cdym pokuszeniu.<\/p>\n<p>Jak wspaniale w ten spos\u00f3b zawsze m\u00f3c \u017cy\u0107 z dobrym sumieniem przed Bogiem i lud\u017ami! \u2014 \u2014 \u2014<\/p>\n<p>Pawe\u0142 pisze: \u201eLecz Bogu niech b\u0119d\u0105 dzi\u0119ki, kt\u00f3ry nam zawsze daje zwyci\u0119stwo w Chrystusie \u2026\u201d 2&nbsp;Kor&nbsp;2,&nbsp;14.<\/p>\n<p>Ale niestety wi\u0119kszo\u015b\u0107 w og\u00f3le nie osi\u0105gn\u0119\u0142a tego tymczasowego, wspania\u0142ego celu w swoim \u017cyciu. A ma to dwa wyra\u017ane, dobre powody:<\/p>\n<ol>\n<li>Cz\u0142owiek po prostu nie chce odda\u0107 wszystkiego i umrze\u0107 z Chrystusem, a przez to przepada mo\u017cliwo\u015b\u0107, aby osi\u0105gn\u0105\u0107 to wspania\u0142e zwyci\u0119skie \u017cycie.<\/li>\n<li>Cz\u0142owiek absolutnie nie wierzy, \u017ce jest z Nim ukrzy\u017cowany, i nie mo\u017ce te\u017c w to uwierzy\u0107 przez ca\u0142y ten czas, kiedy w og\u00f3le nie chce odda\u0107 tego, co w\u0142asne. B\u00f3g nie daje nam wiary do czego\u015b, w czym nie chcemy bra\u0107 udzia\u0142u.<\/li>\n<\/ol>\n<p>Je\u017celi cz\u0142owiek rzeczywi\u015bcie w prawdzie chce i\u015b\u0107 drog\u0105 w \u015blady Jezusa, to wtedy otrzyma te\u017c wiar\u0119, aby ni\u0105 i\u015b\u0107. Chwa\u0142a niech b\u0119dzie Bogu!<\/p>\n<p>&nbsp;<\/p>\n<p>II.&nbsp;Poprzez wzrastaj\u0105ce \u015bwiat\u0142o \u017cycia, odkrywanie i odk\u0142adanie nie\u015bwiadomego grzechu: wzrost w tym, co dobre.<\/p>\n<p>To jest to samo co wzrastaj\u0105ce przekszta\u0142towanie w naszym wn\u0119trzu i to samo, co wzrastaj\u0105ce uczestnictwo w boskiej naturze.<\/p>\n<p>Tutaj nie mamy jakiego\u015b ograniczonego celu, lecz praktycznie nieograniczone mo\u017cliwo\u015bci. Celem jest wtedy:<\/p>\n<p>Jak najwi\u0119cej wzrostu i przekszta\u0142towania!<\/p>\n<p>Z tego samego powodu b\u0119dziemy \u017cywo zainteresowani wszystkimi owocami Ducha i wszystkimi cnotami Chrystusowymi w najwi\u0119kszym stopniu i najwi\u0119kszej g\u0142\u0119bi.<\/p>\n<p>\u201eMy wierzymy, i dlatego te\u017c m\u00f3wimy\u201d, pisze Pawe\u0142. M\u00f3wimy o tym, w co wierzymy. Je\u017celi w og\u00f3le o tym nie m\u00f3wisz, to jest tego jeden pow\u00f3d: nie wierzysz w to. \u2014<\/p>\n<p>Zar\u00f3wno o celu I, jak i II mo\u017cna powiedzie\u0107: tutaj nie pomog\u0105 \u017cyczenia i marzenia, nawet je\u017celi mniej lub bardziej pr\u00f3bujesz i si\u0119 starasz. Nie \u2013 to si\u0119 na nic nie przyda! Jedynym, co si\u0119 nadaje, co dzia\u0142a, jest \u017cywa wiara w Boga i dzie\u0142o Chrystusowe, i w S\u0142owo, kt\u00f3re wyj\u0105tkowo wyra\u017anie, stanowczo i zdecydowanie o tym m\u00f3wi, kt\u00f3re tak w\u0142a\u015bciwie nie m\u00f3wi o niczym innym. \u2013 Czytaj, my\u015bl i wierz!<\/p>\n<p>Elias Aslaksen.<\/p>\n<\/div>\n\t\t<\/div>\n\t\t\t\t\t<\/div>\n\n\t\n\n\t<div id=\"col-1317171951\" class=\"col copyright small-12 large-12\"  >\n\t\t\t\t<div class=\"col-inner text-left\"  >\n\t\t\t\n\t\t\t\n<div>\u00a9 Copyright Stiftelsen Skjulte Skatters Forlag<\/div>\n\t\t<\/div>\n\t\t\t\t\t<\/div>\n\n\t\n\n\t<div id=\"col-1128417384\" class=\"col small-12 large-12\"  >\n\t\t\t\t<div class=\"col-inner text-left\"  >\n\t\t\t\n\t\t\t\n<div><a href=\"#\" class=\"read-more\">Przeczytaj wi\u0119cej<\/a><\/div>\n\t\t<\/div>\n\t\t\t\t\t<\/div>\n\n\t\n\n\t<div id=\"col-166023078\" class=\"col small-12 large-12\"  >\n\t\t\t\t<div class=\"col-inner text-left\"  >\n\t\t\t\n\t\t\t\n<p class=\"next-previous-message\"><a class=\"previous\" href=\"\/pl\/bible-studies\/theme-2\/taking-up-your-cross\/\"><i class=\"icon-angle-left\"><\/i> Previous<\/a><a class=\"next\" href=\"\/pl\/bible-studies\/theme-2\/deny-oneself\/\">Next <i class=\"icon-angle-right\"><\/i><\/a><\/p>\n\t\t<\/div>\n\t\t\t\t\t<\/div>\n\n\t\n<\/div>\n\t\t<\/div>\n\n\t\t\n<style>\n#section_530003336 {\n  padding-top: 0px;\n  padding-bottom: 0px;\n  margin-bottom: 0px;\n}\n@media (min-width:550px) {\n  #section_530003336 {\n    padding-top: 0px;\n    padding-bottom: 0px;\n  }\n}\n<\/style>\n\t<\/section>\n\t\n\n\t<section class=\"section food-for-thought\" id=\"section_102523796\">\n\t\t<div class=\"section-bg fill\" >\n\t\t\t\t\t\t\t\t\t\n\t\t\t\n\n\t\t<\/div>\n\n\t\t\n\n\t\t<div class=\"section-content relative\">\n\t\t\t\n<div class=\"row align-center\"  id=\"row-1334398644\">\n\n\t<div id=\"col-1628022135\" class=\"col title small-12 large-12\"  >\n\t\t\t\t<div class=\"col-inner text-left dark\"  >\n\t\t\t\n\t\t\t\n<h2>Devotional<\/h2>\n\t\t<\/div>\n\t\t\t\t\t<\/div>\n\n\t\n\n\t<div id=\"col-461802207\" class=\"col small-12 large-12\"  >\n\t\t\t\t<div class=\"col-inner dark\"  >\n\t\t\t\n\t\t\t\n<p>Zapisz wszystkie napomnienia Aslaksena z artyku\u0142u &#8220;Dwa wielkie cele w \u017cyciu chrze\u015bcijanina&#8221;. Czy kt\u00f3re\u015b z nich przemawia do ciebie w wyj\u0105tkowy spos\u00f3b?<\/p>\n<p class='info'>You have to <a href='\/login\/'>log in<\/a> if you want to save your answer.<\/p>\n\t\t<\/div>\n\t\t\t\t\t<\/div>\n\n\t\n<\/div>\n\t\t<\/div>\n\n\t\t\n<style>\n#section_102523796 {\n  padding-top: 30px;\n  padding-bottom: 30px;\n  background-color: rgb(73, 92, 94);\n}\n<\/style>\n\t<\/section>\n\t\n","protected":false},"excerpt":{"rendered":"","protected":false},"author":5,"featured_media":0,"parent":10118,"menu_order":0,"comment_status":"closed","ping_status":"closed","template":"page-blank.php","meta":{"footnotes":""},"class_list":["post-11042","page","type-page","status-publish","hentry"],"aioseo_notices":[],"_links":{"self":[{"href":"https:\/\/words-of-faith.org\/pl\/wp-json\/wp\/v2\/pages\/11042","targetHints":{"allow":["GET"]}}],"collection":[{"href":"https:\/\/words-of-faith.org\/pl\/wp-json\/wp\/v2\/pages"}],"about":[{"href":"https:\/\/words-of-faith.org\/pl\/wp-json\/wp\/v2\/types\/page"}],"author":[{"embeddable":true,"href":"https:\/\/words-of-faith.org\/pl\/wp-json\/wp\/v2\/users\/5"}],"replies":[{"embeddable":true,"href":"https:\/\/words-of-faith.org\/pl\/wp-json\/wp\/v2\/comments?post=11042"}],"version-history":[{"count":0,"href":"https:\/\/words-of-faith.org\/pl\/wp-json\/wp\/v2\/pages\/11042\/revisions"}],"up":[{"embeddable":true,"href":"https:\/\/words-of-faith.org\/pl\/wp-json\/wp\/v2\/pages\/10118"}],"wp:attachment":[{"href":"https:\/\/words-of-faith.org\/pl\/wp-json\/wp\/v2\/media?parent=11042"}],"curies":[{"name":"wp","href":"https:\/\/api.w.org\/{rel}","templated":true}]}}