{"id":13328,"date":"2020-05-29T20:00:19","date_gmt":"2020-05-29T18:00:19","guid":{"rendered":"https:\/\/aslaksen.bcc.no\/?page_id=13328"},"modified":"2020-08-21T12:29:45","modified_gmt":"2020-08-21T10:29:45","slug":"bogobojnosc","status":"publish","type":"page","link":"https:\/\/words-of-faith.org\/pl\/bible-study\/temat-3\/bogobojnosc\/","title":{"rendered":"Bogobojno\u015b\u0107"},"content":{"rendered":"\n\t<section class=\"section\" id=\"section_621046404\">\n\t\t<div class=\"section-bg fill\" >\n\t\t\t\t\t\t\t\t\t\n\t\t\t\n\n\t\t<\/div>\n\n\t\t\n\n\t\t<div class=\"section-content relative\">\n\t\t\t\n<div class=\"row align-center\"  id=\"row-562708443\">\n\n\t<div id=\"col-9588441\" class=\"col small-12 large-12\"  >\n\t\t\t\t<div class=\"col-inner\"  >\n\t\t\t\n\t\t\t\n<p class=\"breadcrumbs\"><a href=\"..\/\">Theme 3<\/a> \/ Messages<\/p>\n<h1>Bogobojno\u015b\u0107<\/h1>\n<p class=\"article-date\">Ukryte Skarby, opublikowano: kwiecie\u0144 1991<\/p>\n<p class=\"article-author\">Elias Aslaksen<\/p>\n\t\t<\/div>\n\t\t\t\t\t<\/div>\n\n\t\n\n<style>\n#row-562708443 > .col > .col-inner {\n  padding: 30px 0px 0px 0px;\n}\n<\/style>\n<\/div>\n<div class=\"row align-center audio\"  id=\"row-455060663\">\n\n\t<div id=\"col-1254389127\" class=\"col small-12 large-12\"  >\n\t\t\t\t<div class=\"col-inner\"  >\n\t\t\t\n\t\t\t\n<!--[if lt IE 9]><script>document.createElement('audio');<\/script><![endif]-->\n<audio class=\"wp-audio-shortcode\" id=\"audio-13328-1\" preload=\"none\" style=\"width: 100%;\" controls=\"controls\"><source type=\"audio\/mpeg\" src=\"\/audio\/Tema%203\/PL\/14%20Bogobojno%C5%9B%C4%87.mp3?_=1\" \/><a href=\"\/audio\/Tema%203\/PL\/14%20Bogobojno%C5%9B%C4%87.mp3\">\/audio\/Tema%203\/PL\/14%20Bogobojno%C5%9B%C4%87.mp3<\/a><\/audio>\n<p class=\"click-to-listen\">Click to listen to the speech.<\/p>\n\t\t<\/div>\n\t\t\t\t\t<\/div>\n\n\t\n<\/div>\n<div class=\"row align-center article article-excerpt\"  id=\"row-1292880106\">\n\n\t<div id=\"col-941839252\" class=\"col small-12 large-12\"  >\n\t\t\t\t<div class=\"col-inner text-left\"  >\n\t\t\t\n\t\t\t\n<p>Bogobojno\u015bci w najg\u0142\u0119bszym tego s\u0142owa znaczeniu \u2014 wed\u0142ug S\u0142owa Bo\u017cego \u2014 prawie nie ma na \u015bwiecie!!! Niestety, niestety, niestety! Dlaczego m\u00f3wicie do mnie: Panie, Panie, a nie czynicie tego, co m\u00f3wi\u0119??? \u2013 powiedzia\u0142 Jezus. Je\u015bli On jest naszym Panem, to my jeste\u015bmy Jego s\u0142ugami, zobowi\u0105zanymi do pos\u0142usze\u0144stwa Mu we wszystkim! Prawie nikt nie widzi tego w ten spos\u00f3b. \u0141uk 6, 46.<\/p>\n<p>\u201eKt\u00f3\u017c zna moc gniewu twego? Kto boi si\u0119 ciebie w uniesieniu twoim?\u201d Psalm 90, 11. Prawdziwa i pe\u0142na boja\u017a\u0144 Bo\u017ca dzia\u0142a tak, \u017ce rozumiemy i widzimy, jak pot\u0119\u017cny jest gniew i niech\u0119\u0107 Boga do grzechu wszelkiego rodzaju, we wszystkich formach i podobiznach i we wszystkich stopniach!<\/p>\n<p>Im bardziej boimy si\u0119 zawie\u015b\u0107 Boga, przekracza\u0107 Jego prawa i przykazania, tym szybciej i dalej oddalamy si\u0119 od wszelkiego grzechu i wykrocze\u0144. Tym dok\u0142adniej i z wi\u0119ksz\u0105 rado\u015bci\u0105 i gorliwo\u015bci\u0105, i tym ch\u0119tniej zachowujemy z ca\u0142ego serca wszystkie Jego s\u0142owa! Kto \u015bmiertelnie powa\u017cnie boi si\u0119, \u017ce przegapi ca\u0142e zbawienie z powodu pustej mowy??? Jak 1, 26. Lub zaniedba czynienie dobra, kt\u00f3re ma okazj\u0119 zrobi\u0107??? Jak 4, 17.<\/p>\n<p>Czy naprawd\u0119 si\u0119 tego boisz, drogi przyjacielu?<\/p>\n\t\t<\/div>\n\t\t\t\t\t<\/div>\n\n\t\n\n\t<div id=\"col-156839805\" class=\"col copyright small-12 large-12\"  >\n\t\t\t\t<div class=\"col-inner text-left\"  >\n\t\t\t\n\t\t\t\n<div>\u00a9 Copyright Stiftelsen Skjulte Skatters Forlag<\/div>\n\t\t<\/div>\n\t\t\t\t\t<\/div>\n\n\t\n\n\t<div id=\"col-441022975\" class=\"col small-12 large-12\"  >\n\t\t\t\t<div class=\"col-inner text-left\"  >\n\t\t\t\n\t\t\t\n<div><a href=\"#\" class=\"read-more\">Przeczytaj wi\u0119cej<\/a><\/div>\n\t\t<\/div>\n\t\t\t\t\t<\/div>\n\n\t\n\n\t<div id=\"col-738985931\" class=\"col small-12 large-12\"  >\n\t\t\t\t<div class=\"col-inner text-left\"  >\n\t\t\t\n\t\t\t\n<p class=\"next-previous-message\"><a class=\"previous\" href=\"\/pl\/bible-studies\/theme-3\/judge-not\/\"><i class=\"icon-angle-left\"><\/i> Previous<\/a><a class=\"next\" href=\"\/pl\/bible-studies\/theme-3\/keep-yourselves-from-idols\/\">Next <i class=\"icon-angle-right\"><\/i><\/a><\/p>\n\t\t<\/div>\n\t\t\t\t\t<\/div>\n\n\t\n<\/div>\n\t\t<\/div>\n\n\t\t\n<style>\n#section_621046404 {\n  padding-top: 0px;\n  padding-bottom: 0px;\n  margin-bottom: 0px;\n}\n@media (min-width:550px) {\n  #section_621046404 {\n    padding-top: 0px;\n    padding-bottom: 0px;\n  }\n}\n<\/style>\n\t<\/section>\n\t\n\n\t<section class=\"section food-for-thought\" id=\"section_774228989\">\n\t\t<div class=\"section-bg fill\" >\n\t\t\t\t\t\t\t\t\t\n\t\t\t\n\n\t\t<\/div>\n\n\t\t\n\n\t\t<div class=\"section-content relative\">\n\t\t\t\n<div class=\"row align-center\"  id=\"row-901521876\">\n\n\t<div id=\"col-2047104666\" class=\"col title small-12 large-12\"  >\n\t\t\t\t<div class=\"col-inner text-left dark\"  >\n\t\t\t\n\t\t\t\n<h2>Devotional<\/h2>\n\t\t<\/div>\n\t\t\t\t\t<\/div>\n\n\t\n\n\t<div id=\"col-1043823123\" class=\"col small-12 large-12\"  >\n\t\t\t\t<div class=\"col-inner dark\"  >\n\t\t\t\n\t\t\t\n<p>Aslaksen, w artykule &#8220;Bogobojno\u015b\u0107&#8221;, pisze o tym, jak B\u00f3g jest gniewny wzgl\u0119dem grzechu. Zanotuj jeden werset, kt\u00f3ry to opisuje. Teraz znajd\u017a werset, kt\u00f3ry ukazuje to, jak bardzo B\u00f3g ci\u0119 kocha.<\/p>\n<p class='info'>You have to <a href='\/login\/'>log in<\/a> if you want to save your answer.<\/p>\n\t\t<\/div>\n\t\t\t\t\t<\/div>\n\n\t\n<\/div>\n\t\t<\/div>\n\n\t\t\n<style>\n#section_774228989 {\n  padding-top: 30px;\n  padding-bottom: 30px;\n  background-color: rgb(73, 92, 94);\n}\n<\/style>\n\t<\/section>\n\t\n","protected":false},"excerpt":{"rendered":"","protected":false},"author":5,"featured_media":0,"parent":12616,"menu_order":2,"comment_status":"closed","ping_status":"closed","template":"page-blank.php","meta":{"footnotes":""},"class_list":["post-13328","page","type-page","status-publish","hentry"],"aioseo_notices":[],"_links":{"self":[{"href":"https:\/\/words-of-faith.org\/pl\/wp-json\/wp\/v2\/pages\/13328","targetHints":{"allow":["GET"]}}],"collection":[{"href":"https:\/\/words-of-faith.org\/pl\/wp-json\/wp\/v2\/pages"}],"about":[{"href":"https:\/\/words-of-faith.org\/pl\/wp-json\/wp\/v2\/types\/page"}],"author":[{"embeddable":true,"href":"https:\/\/words-of-faith.org\/pl\/wp-json\/wp\/v2\/users\/5"}],"replies":[{"embeddable":true,"href":"https:\/\/words-of-faith.org\/pl\/wp-json\/wp\/v2\/comments?post=13328"}],"version-history":[{"count":0,"href":"https:\/\/words-of-faith.org\/pl\/wp-json\/wp\/v2\/pages\/13328\/revisions"}],"up":[{"embeddable":true,"href":"https:\/\/words-of-faith.org\/pl\/wp-json\/wp\/v2\/pages\/12616"}],"wp:attachment":[{"href":"https:\/\/words-of-faith.org\/pl\/wp-json\/wp\/v2\/media?parent=13328"}],"curies":[{"name":"wp","href":"https:\/\/api.w.org\/{rel}","templated":true}]}}