{"id":13346,"date":"2020-05-29T20:00:12","date_gmt":"2020-05-29T18:00:12","guid":{"rendered":"https:\/\/aslaksen.bcc.no\/?page_id=13346"},"modified":"2020-08-21T13:37:16","modified_gmt":"2020-08-21T11:37:16","slug":"strzezcie-sie-bozkow","status":"publish","type":"page","link":"https:\/\/words-of-faith.org\/pl\/bible-study\/temat-3\/strzezcie-sie-bozkow\/","title":{"rendered":"Wystrzegajcie si\u0119 fa\u0142szywych bog\u00f3w"},"content":{"rendered":"\n\t<section class=\"section\" id=\"section_230139068\">\n\t\t<div class=\"section-bg fill\" >\n\t\t\t\t\t\t\t\t\t\n\t\t\t\n\n\t\t<\/div>\n\n\t\t\n\n\t\t<div class=\"section-content relative\">\n\t\t\t\n<div class=\"row align-center\"  id=\"row-1278893477\">\n\n\t<div id=\"col-17524344\" class=\"col small-12 large-12\"  >\n\t\t\t\t<div class=\"col-inner\"  >\n\t\t\t\n\t\t\t\n<p class=\"breadcrumbs\"><a href=\"..\/\">Theme 3<\/a> \/ Messages<\/p>\n<h1>Wystrzegajcie si\u0119 fa\u0142szywych bog\u00f3w<\/h1>\n<p class=\"article-date\">Ukryte Skarby, opublikowano: luty 1991<\/p>\n<p class=\"article-author\">Elias Aslaksen<\/p>\n\t\t<\/div>\n\t\t\t\t\t<\/div>\n\n\t\n\n<style>\n#row-1278893477 > .col > .col-inner {\n  padding: 30px 0px 0px 0px;\n}\n<\/style>\n<\/div>\n<div class=\"row align-center audio\"  id=\"row-1383966710\">\n\n\t<div id=\"col-502315604\" class=\"col small-12 large-12\"  >\n\t\t\t\t<div class=\"col-inner\"  >\n\t\t\t\n\t\t\t\n<!--[if lt IE 9]><script>document.createElement('audio');<\/script><![endif]-->\n<audio class=\"wp-audio-shortcode\" id=\"audio-13346-1\" preload=\"none\" style=\"width: 100%;\" controls=\"controls\"><source type=\"audio\/mpeg\" src=\"\/audio\/Tema%203\/PL\/15%20Wystrzegajcie%20si%C4%99%20fa%C5%82szywych%20bog%C3%B3w.mp3?_=1\" \/><a href=\"\/audio\/Tema%203\/PL\/15%20Wystrzegajcie%20si%C4%99%20fa%C5%82szywych%20bog%C3%B3w.mp3\">\/audio\/Tema%203\/PL\/15%20Wystrzegajcie%20si%C4%99%20fa%C5%82szywych%20bog%C3%B3w.mp3<\/a><\/audio>\n<p class=\"click-to-listen\">Click to listen to the speech.<\/p>\n\t\t<\/div>\n\t\t\t\t\t<\/div>\n\n\t\n<\/div>\n<div class=\"row align-center article article-excerpt\"  id=\"row-705052458\">\n\n\t<div id=\"col-343909980\" class=\"col small-12 large-12\"  >\n\t\t\t\t<div class=\"col-inner text-left\"  >\n\t\t\t\n\t\t\t\n<p>W rozdz.&nbsp;2,&nbsp;15 mamy obja\u015bnienie tego, czym zazwyczaj s\u0105 bo\u017cki: Rzeczami na tym \u015bwiecie! Zgadza si\u0119 to z obja\u015bnieniem aposto\u0142a Paw\u0142a: chciwo\u015b\u0107, kt\u00f3ra jest ba\u0142wochwalstwem.<\/p>\n<p>Bycie chorym na to, \u017ceby mie\u0107, otrzyma\u0107, kupi\u0107, to w\u0142a\u015bnie bo\u017cki. Mamy te\u017c \u015bmiertelnie powa\u017cne obja\u015bnienie tego ba\u0142wochwalstwa w Fil&nbsp;3,&nbsp;18-19: \u201eko\u0144cem ich jest zatracenie, bogiem ich jest brzuch, \u2026 my\u015bl\u0105 bowiem o rzeczach ziemskich\u201d. Mo\u017cna w takim stopniu mi\u0142owa\u0107 i zachwyca\u0107 si\u0119 dobrym jedzeniem, \u017ce, innymi s\u0142owy, dobre jedzenie i du\u017co jedzenia jest bo\u017ckiem. Pawe\u0142 cz\u0119sto m\u00f3wi\u0142 o tym i p\u0142aka\u0142 ze smutku z tego powodu, w.&nbsp;18. Zgadza si\u0119 to z tym, co napisa\u0142 w Rzym&nbsp;1,&nbsp;25: s\u0142u\u017cyli stworzeniu zamiast Stw\u00f3rcy! W\u0142a\u015bnie dlatego nie jest mo\u017cliwe jednoczesne mi\u0142owanie pieni\u0119dzy i mi\u0142owanie Boga!!!<\/p>\n<p>Wielki prorok Izajasz te\u017c powa\u017cnie o tym przemawia\u0142! Izaj&nbsp;2,&nbsp;21-22 i 3,&nbsp;16-24. W rozdz.&nbsp;2,&nbsp;18 jest napisane: \u201ea bo\u017cki doszcz\u0119tnie zgin\u0105\u201d. W\u0142a\u015bnie w tym dniu, kiedy Bo\u017cy gniew i s\u0105d objawi si\u0119 nad tym wszystkim! (W.&nbsp;12) Ale teraz sprawa wygl\u0105da tak, \u017ce Jezus przyszed\u0142 z doskona\u0142ym zbawieniem od wszelkiej tej zwyczajnej n\u0119dzy!!!<\/p>\n<p>Zatem teraz wszyscy mamy pe\u0142ne mo\u017cliwo\u015bci, \u017ceby ca\u0142kowicie zako\u0144czy\u0107 z wszelkiego rodzaju ba\u0142wochwalstwem w naszym \u017cyciu! Chwa\u0142a niech b\u0119dzie Panu!<\/p>\n\t\t<\/div>\n\t\t\t\t\t<\/div>\n\n\t\n\n\t<div id=\"col-1019256935\" class=\"col copyright small-12 large-12\"  >\n\t\t\t\t<div class=\"col-inner text-left\"  >\n\t\t\t\n\t\t\t\n<div>\u00a9 Copyright Stiftelsen Skjulte Skatters Forlag<\/div>\n\t\t<\/div>\n\t\t\t\t\t<\/div>\n\n\t\n\n\t<div id=\"col-1140185726\" class=\"col small-12 large-12\"  >\n\t\t\t\t<div class=\"col-inner text-left\"  >\n\t\t\t\n\t\t\t\n<div><a href=\"#\" class=\"read-more\">Przeczytaj wi\u0119cej<\/a><\/div>\n\t\t<\/div>\n\t\t\t\t\t<\/div>\n\n\t\n\n\t<div id=\"col-1543872676\" class=\"col small-12 large-12\"  >\n\t\t\t\t<div class=\"col-inner text-left\"  >\n\t\t\t\n\t\t\t\n<p class=\"next-previous-message\"><a class=\"previous\" href=\"\/pl\/bible-studies\/theme-3\/the-fear-of-god\/\"><i class=\"icon-angle-left\"><\/i> Previous<\/a><a class=\"next\" href=\"\/pl\/bible-studies\/theme-3\/do-gods-will\/\">Next <i class=\"icon-angle-right\"><\/i><\/a><\/p>\n\t\t<\/div>\n\t\t\t\t\t<\/div>\n\n\t\n<\/div>\n\t\t<\/div>\n\n\t\t\n<style>\n#section_230139068 {\n  padding-top: 0px;\n  padding-bottom: 0px;\n  margin-bottom: 0px;\n}\n@media (min-width:550px) {\n  #section_230139068 {\n    padding-top: 0px;\n    padding-bottom: 0px;\n  }\n}\n<\/style>\n\t<\/section>\n\t\n\n\t<section class=\"section food-for-thought\" id=\"section_342509538\">\n\t\t<div class=\"section-bg fill\" >\n\t\t\t\t\t\t\t\t\t\n\t\t\t\n\n\t\t<\/div>\n\n\t\t\n\n\t\t<div class=\"section-content relative\">\n\t\t\t\n<div class=\"row align-center\"  id=\"row-162637973\">\n\n\t<div id=\"col-274320058\" class=\"col title small-12 large-12\"  >\n\t\t\t\t<div class=\"col-inner text-left dark\"  >\n\t\t\t\n\t\t\t\n<h2>Devotional<\/h2>\n\t\t<\/div>\n\t\t\t\t\t<\/div>\n\n\t\n\n\t<div id=\"col-1601378853\" class=\"col small-12 large-12\"  >\n\t\t\t\t<div class=\"col-inner dark\"  >\n\t\t\t\n\t\t\t\n<p>Aslaksen, w artykule &#8220;Strze\u017ccie si\u0119 bo\u017ck\u00f3w&#8221;, wspomina r\u00f3\u017cne przyk\u0142ady bo\u017ck\u00f3w. Kiedy co\u015b staje si\u0119 dla ciebie bo\u017ckiem?<\/p>\n<p class='info'>You have to <a href='\/login\/'>log in<\/a> if you want to save your answer.<\/p>\n\t\t<\/div>\n\t\t\t\t\t<\/div>\n\n\t\n<\/div>\n\t\t<\/div>\n\n\t\t\n<style>\n#section_342509538 {\n  padding-top: 30px;\n  padding-bottom: 30px;\n  background-color: rgb(73, 92, 94);\n}\n<\/style>\n\t<\/section>\n\t\n","protected":false},"excerpt":{"rendered":"","protected":false},"author":5,"featured_media":0,"parent":12616,"menu_order":3,"comment_status":"closed","ping_status":"closed","template":"page-blank.php","meta":{"footnotes":""},"class_list":["post-13346","page","type-page","status-publish","hentry"],"aioseo_notices":[],"_links":{"self":[{"href":"https:\/\/words-of-faith.org\/pl\/wp-json\/wp\/v2\/pages\/13346","targetHints":{"allow":["GET"]}}],"collection":[{"href":"https:\/\/words-of-faith.org\/pl\/wp-json\/wp\/v2\/pages"}],"about":[{"href":"https:\/\/words-of-faith.org\/pl\/wp-json\/wp\/v2\/types\/page"}],"author":[{"embeddable":true,"href":"https:\/\/words-of-faith.org\/pl\/wp-json\/wp\/v2\/users\/5"}],"replies":[{"embeddable":true,"href":"https:\/\/words-of-faith.org\/pl\/wp-json\/wp\/v2\/comments?post=13346"}],"version-history":[{"count":0,"href":"https:\/\/words-of-faith.org\/pl\/wp-json\/wp\/v2\/pages\/13346\/revisions"}],"up":[{"embeddable":true,"href":"https:\/\/words-of-faith.org\/pl\/wp-json\/wp\/v2\/pages\/12616"}],"wp:attachment":[{"href":"https:\/\/words-of-faith.org\/pl\/wp-json\/wp\/v2\/media?parent=13346"}],"curies":[{"name":"wp","href":"https:\/\/api.w.org\/{rel}","templated":true}]}}