{"id":13365,"date":"2020-05-29T20:00:56","date_gmt":"2020-05-29T18:00:56","guid":{"rendered":"https:\/\/aslaksen.bcc.no\/?page_id=13365"},"modified":"2020-08-21T13:43:02","modified_gmt":"2020-08-21T11:43:02","slug":"wykonywac-boza-wole-tak-jak-dzieje-sie-ona-w-niebie","status":"publish","type":"page","link":"https:\/\/words-of-faith.org\/pl\/bible-study\/temat-3\/wykonywac-boza-wole-tak-jak-dzieje-sie-ona-w-niebie\/","title":{"rendered":"Wykonywa\u0107 Bo\u017c\u0105 wol\u0119, tak jak dzieje si\u0119 ona w niebie"},"content":{"rendered":"\n\t<section class=\"section\" id=\"section_2088752373\">\n\t\t<div class=\"section-bg fill\" >\n\t\t\t\t\t\t\t\t\t\n\t\t\t\n\n\t\t<\/div>\n\n\t\t\n\n\t\t<div class=\"section-content relative\">\n\t\t\t\n<div class=\"row align-center\"  id=\"row-1712349004\">\n\n\t<div id=\"col-1317838015\" class=\"col small-12 large-12\"  >\n\t\t\t\t<div class=\"col-inner\"  >\n\t\t\t\n\t\t\t\n<p class=\"breadcrumbs\"><a href=\"..\/\">Theme 3<\/a> \/ Messages<\/p>\n<h1>Wykonywa\u0107 Bo\u017c\u0105 wol\u0119, tak jak dzieje si\u0119 ona w niebie<\/h1>\n<p class=\"article-date\">Fragment przemowy z stycze\u0144 1965<\/p>\n<p class=\"article-author\">Elias Aslaksen<\/p>\n\t\t<\/div>\n\t\t\t\t\t<\/div>\n\n\t\n\n<style>\n#row-1712349004 > .col > .col-inner {\n  padding: 30px 0px 0px 0px;\n}\n<\/style>\n<\/div>\n<div class=\"row align-center audio\"  id=\"row-2031356177\">\n\n\t<div id=\"col-1238738131\" class=\"col small-12 large-12\"  >\n\t\t\t\t<div class=\"col-inner\"  >\n\t\t\t\n\t\t\t\n<!--[if lt IE 9]><script>document.createElement('audio');<\/script><![endif]-->\n<audio class=\"wp-audio-shortcode\" id=\"audio-13365-1\" preload=\"none\" style=\"width: 100%;\" controls=\"controls\"><source type=\"audio\/mpeg\" src=\"\/audio\/Tema%203\/PL\/16%20Czyni%C4%87%20Bo%C5%BC%C4%85%20wol%C4%99.mp3?_=1\" \/><a href=\"\/audio\/Tema%203\/PL\/16%20Czyni%C4%87%20Bo%C5%BC%C4%85%20wol%C4%99.mp3\">\/audio\/Tema%203\/PL\/16%20Czyni%C4%87%20Bo%C5%BC%C4%85%20wol%C4%99.mp3<\/a><\/audio>\n<p class=\"click-to-listen\">Click to listen to the speech.<\/p>\n\t\t<\/div>\n\t\t\t\t\t<\/div>\n\n\t\n<\/div>\n<div class=\"row align-center article article-excerpt\"  id=\"row-450732347\">\n\n\t<div id=\"col-1227023707\" class=\"col small-12 large-12\"  >\n\t\t\t\t<div class=\"col-inner text-left\"  >\n\t\t\t\n\t\t\t\n<p>Vi arme stakkarer her i denne onde verden med et kj\u00f8d som det ikke bor noe godt i, med sterk egenvilje, sterke lyster og sterke meninger. S\u00e5 bli i den grad frelst at Guds vilje kan skje i v\u00e5rt liv, at vi personlig \u2013 hver enkelt en \u2013 gj\u00f8r Guds vilje slik som den blir gjort i himmelen. Og de i himmelen har ikke noen slik egenvilje \u00e5 fornekte, men det har vi! ENDA gj\u00f8re Guds vilje slik som den skjer i himmelen. Ja hvem mener seg \u00e5 ha gjort det slik?<\/p>\n<p>Hva om vi spurte hver enkelt om de mente at de gjorde Guds vilje? S\u00e5 ville vel de fleste dra p\u00e5 det tenker jeg. Og om du skulle tilh\u00f8re en av de f\u00e5, s\u00e5 ville du si ja uten \u00e5 dra p\u00e5 det, s\u00e5 var det da allikevel n\u00f8dvendig med det tilleggssp\u00f8rsm\u00e5let, slik at du blir i overenstemmelse med dette ordet her: mener du at du gj\u00f8r den slik som den skjer i himmelen? All Guds vilje blir av deg gjort slik p\u00e5 jorden som den skjer i himmelen.<\/p>\n<p>S\u00e5 kan vi sp\u00f8rre, hvorledes skjer den i himmelen? Ja det er det letteste \u00e5 svare p\u00e5 av alt sammen. Eller rettere sagt det er det eneste som er lett \u00e5 svare p\u00e5. Det skal det ikke stort til \u00e5 skj\u00f8nne. Men det er ikke sikkert vi har tenkt noe st\u00f8rre over det, og derfor s\u00e5 gj\u00f8r det ikke noe st\u00f8rre virkning heller. Derfor er jeg glad for \u00e5 kunne fremlegge det her n\u00e5, for at det kan gj\u00f8re st\u00f8rre virkning \u2013 stor virkning. I himmelen skjer selvf\u00f8lgelig Guds vilje slik at den blir gjort med en eneste gang. Det er ikke f\u00f8r sakt f\u00f8r det er gjort. Den blir gjort straks!<\/p>\n\t\t<\/div>\n\t\t\t\t\t<\/div>\n\n\t\n\n\t<div id=\"col-1851904113\" class=\"col copyright small-12 large-12\"  >\n\t\t\t\t<div class=\"col-inner text-left\"  >\n\t\t\t\n\t\t\t\n<div>\u00a9 Copyright Stiftelsen Skjulte Skatters Forlag<\/div>\n\t\t<\/div>\n\t\t\t\t\t<\/div>\n\n\t\n\n\t<div id=\"col-1786122753\" class=\"col small-12 large-12\"  >\n\t\t\t\t<div class=\"col-inner text-left\"  >\n\t\t\t\n\t\t\t\n<div><a href=\"#\" class=\"read-more\">Przeczytaj wi\u0119cej<\/a><\/div>\n\t\t<\/div>\n\t\t\t\t\t<\/div>\n\n\t\n\n\t<div id=\"col-429022664\" class=\"col small-12 large-12\"  >\n\t\t\t\t<div class=\"col-inner text-left\"  >\n\t\t\t\n\t\t\t\n<p class=\"next-previous-message\"><a class=\"previous\" href=\"\/pl\/bible-studies\/theme-3\/keep-yourselves-from-idols\/\"><i class=\"icon-angle-left\"><\/i> Previous<\/a><a class=\"next\" href=\"\/pl\/bible-studies\/theme-3\/commit-your-souls-to-the-faithful-creator\/\">Next <i class=\"icon-angle-right\"><\/i><\/a><\/p>\n\t\t<\/div>\n\t\t\t\t\t<\/div>\n\n\t\n<\/div>\n\t\t<\/div>\n\n\t\t\n<style>\n#section_2088752373 {\n  padding-top: 0px;\n  padding-bottom: 0px;\n  margin-bottom: 0px;\n}\n@media (min-width:550px) {\n  #section_2088752373 {\n    padding-top: 0px;\n    padding-bottom: 0px;\n  }\n}\n<\/style>\n\t<\/section>\n\t\n\n\t<section class=\"section food-for-thought\" id=\"section_91773519\">\n\t\t<div class=\"section-bg fill\" >\n\t\t\t\t\t\t\t\t\t\n\t\t\t\n\n\t\t<\/div>\n\n\t\t\n\n\t\t<div class=\"section-content relative\">\n\t\t\t\n<div class=\"row align-center\"  id=\"row-587237602\">\n\n\t<div id=\"col-500302626\" class=\"col title small-12 large-12\"  >\n\t\t\t\t<div class=\"col-inner text-left dark\"  >\n\t\t\t\n\t\t\t\n<h2>Devotional<\/h2>\n\t\t<\/div>\n\t\t\t\t\t<\/div>\n\n\t\n\n\t<div id=\"col-1290100371\" class=\"col small-12 large-12\"  >\n\t\t\t\t<div class=\"col-inner dark\"  >\n\t\t\t\n\t\t\t\n<p>Pos\u0142uchaj przemowy &#8220;Czyni\u0107 Bo\u017c\u0105 wol\u0119&#8221;. Zanotuj co\u015b, co by\u0142\u0105 Bo\u017c\u0105 wol\u0105 dla ciebie dzisiaj. Pomy\u015bl o tym, jak mo\u017cna j\u0105 wykonywa\u0107 na ziemi tak, jak dzieje si\u0119 ona w niebie.<\/p>\n<p class='info'>You have to <a href='\/login\/'>log in<\/a> if you want to save your answer.<\/p>\n\t\t<\/div>\n\t\t\t\t\t<\/div>\n\n\t\n<\/div>\n\t\t<\/div>\n\n\t\t\n<style>\n#section_91773519 {\n  padding-top: 30px;\n  padding-bottom: 30px;\n  background-color: rgb(73, 92, 94);\n}\n<\/style>\n\t<\/section>\n\t\n","protected":false},"excerpt":{"rendered":"","protected":false},"author":5,"featured_media":0,"parent":12616,"menu_order":4,"comment_status":"closed","ping_status":"closed","template":"page-blank.php","meta":{"footnotes":""},"class_list":["post-13365","page","type-page","status-publish","hentry"],"aioseo_notices":[],"_links":{"self":[{"href":"https:\/\/words-of-faith.org\/pl\/wp-json\/wp\/v2\/pages\/13365","targetHints":{"allow":["GET"]}}],"collection":[{"href":"https:\/\/words-of-faith.org\/pl\/wp-json\/wp\/v2\/pages"}],"about":[{"href":"https:\/\/words-of-faith.org\/pl\/wp-json\/wp\/v2\/types\/page"}],"author":[{"embeddable":true,"href":"https:\/\/words-of-faith.org\/pl\/wp-json\/wp\/v2\/users\/5"}],"replies":[{"embeddable":true,"href":"https:\/\/words-of-faith.org\/pl\/wp-json\/wp\/v2\/comments?post=13365"}],"version-history":[{"count":0,"href":"https:\/\/words-of-faith.org\/pl\/wp-json\/wp\/v2\/pages\/13365\/revisions"}],"up":[{"embeddable":true,"href":"https:\/\/words-of-faith.org\/pl\/wp-json\/wp\/v2\/pages\/12616"}],"wp:attachment":[{"href":"https:\/\/words-of-faith.org\/pl\/wp-json\/wp\/v2\/media?parent=13365"}],"curies":[{"name":"wp","href":"https:\/\/api.w.org\/{rel}","templated":true}]}}