{"id":13383,"date":"2020-05-29T20:00:06","date_gmt":"2020-05-29T18:00:06","guid":{"rendered":"https:\/\/aslaksen.bcc.no\/?page_id=13383"},"modified":"2020-08-21T13:46:43","modified_gmt":"2020-08-21T11:46:43","slug":"przekazac-swe-dusze-wiernemu-stworcy","status":"publish","type":"page","link":"https:\/\/words-of-faith.org\/pl\/bible-study\/temat-3\/przekazac-swe-dusze-wiernemu-stworcy\/","title":{"rendered":"Przekaza\u0107 swe dusze wiernemu stw\u00f3rcy"},"content":{"rendered":"\n\t<section class=\"section\" id=\"section_191915919\">\n\t\t<div class=\"section-bg fill\" >\n\t\t\t\t\t\t\t\t\t\n\t\t\t\n\n\t\t<\/div>\n\n\t\t\n\n\t\t<div class=\"section-content relative\">\n\t\t\t\n<div class=\"row align-center\"  id=\"row-1518839528\">\n\n\t<div id=\"col-961748739\" class=\"col small-12 large-12\"  >\n\t\t\t\t<div class=\"col-inner\"  >\n\t\t\t\n\t\t\t\n<p class=\"breadcrumbs\"><a href=\"..\/\">Theme 3<\/a> \/ Messages<\/p>\n<h1>Powierzy\u0107 wiernemu stw\u00f3rcy dusze swoje<\/h1>\n<p class=\"article-date\">Ukryte Skarby, opublikowano: Marsz 1989<\/p>\n<p class=\"article-author\">Elias Aslaksen<\/p>\n\t\t<\/div>\n\t\t\t\t\t<\/div>\n\n\t\n\n<style>\n#row-1518839528 > .col > .col-inner {\n  padding: 30px 0px 0px 0px;\n}\n<\/style>\n<\/div>\n<div class=\"row align-center audio\"  id=\"row-90215048\">\n\n\t<div id=\"col-749572710\" class=\"col small-12 large-12\"  >\n\t\t\t\t<div class=\"col-inner\"  >\n\t\t\t\n\t\t\t\n<!--[if lt IE 9]><script>document.createElement('audio');<\/script><![endif]-->\n<audio class=\"wp-audio-shortcode\" id=\"audio-13383-1\" preload=\"none\" style=\"width: 100%;\" controls=\"controls\"><source type=\"audio\/mpeg\" src=\"\/audio\/Tema%203\/PL\/17%20Powierzy%C4%87%20wiernemu%20stw%C3%B3rcy%20dusze%20swoje.mp3?_=1\" \/><a href=\"\/audio\/Tema%203\/PL\/17%20Powierzy%C4%87%20wiernemu%20stw%C3%B3rcy%20dusze%20swoje.mp3\">\/audio\/Tema%203\/PL\/17%20Powierzy%C4%87%20wiernemu%20stw%C3%B3rcy%20dusze%20swoje.mp3<\/a><\/audio>\n<p class=\"click-to-listen\">Click to listen to the speech.<\/p>\n\t\t<\/div>\n\t\t\t\t\t<\/div>\n\n\t\n<\/div>\n<div class=\"row align-center article article-excerpt\"  id=\"row-2122772781\">\n\n\t<div id=\"col-1223344012\" class=\"col small-12 large-12\"  >\n\t\t\t\t<div class=\"col-inner text-left\"  >\n\t\t\t\n\t\t\t\n<p>C\u00f3\u017c za trafne, pe\u0142ne zawarto\u015bci wyra\u017cenie!!! Czyli: nie zachowywa\u0107 naszej duszy dla siebie, nie \u017cy\u0107 dla samego siebie, nie robi\u0107 to co sami chcemy, lecz przekaza\u0107 nasz\u0105 dusz\u0119 Jemu. Si\u0142\u0105 odda\u0107 si\u0119 jemu ze sk\u00f3r\u0105 i w\u0142osami, i z wszystkim co jest w nas, w pe\u0142nym zaufaniu do Niego, tak, do stw\u00f3rcy, kt\u00f3ry stworzy\u0142 wszystko i kt\u00f3ry teraz chce stworzy\u0107 co\u015b zupe\u0142nie nowego w naszym wn\u0119trzu! Nie ufaj rozumowi, ani uczuciom, lecz poleci\u0107 samego siebie i wszystko Jemu, Jego s\u0142owu, w doskona\u0142ym \u015bwietle Nowego Testamentu.<\/p>\n<p>Motto: \u015blepe zaufanie i prosta wierno\u015b\u0107 zar\u00f3wno w ma\u0142ym i wielkim. Nie mo\u017cemy powiedzie\u0107 stw\u00f3rcy w jaki spos\u00f3b ma nas stworzy\u0107! To jest Jego sprawa. Nasz\u0105 spraw\u0105 jest odda\u0107 si\u0119 Jego woli. Ca\u0142a chwa\u0142a i cze\u015b\u0107 dla Niego.<\/p>\n<p>Wypr\u00f3buj samego siebie, czy jeste\u015b rzeczywi\u015bcie zupe\u0142nie, ca\u0142kowicie i bez woli oddany \u2013 Je\u017celi nie to oddaj si\u0119 teraz, gdy\u017c o wiele, wiele lepiej jest zrobi\u0107 to p\u00f3\u017ano, ni\u017c wcale!<\/p>\n<p>Je\u017celi dusza zostanie wypr\u00f3\u017cniona w \u015bmierci Chrystusowej, otrzyma si\u0119 zmys\u0142 na rzeczy duchowe. \u2013 Ci kt\u00f3rzy s\u0105 duszewni, nie oddali swojej duszy Jemu.<\/p>\n\t\t<\/div>\n\t\t\t\t\t<\/div>\n\n\t\n\n\t<div id=\"col-42526016\" class=\"col copyright small-12 large-12\"  >\n\t\t\t\t<div class=\"col-inner text-left\"  >\n\t\t\t\n\t\t\t\n<div>\u00a9 Copyright Stiftelsen Skjulte Skatters Forlag<\/div>\n\t\t<\/div>\n\t\t\t\t\t<\/div>\n\n\t\n\n\t<div id=\"col-1044826103\" class=\"col small-12 large-12\"  >\n\t\t\t\t<div class=\"col-inner text-left\"  >\n\t\t\t\n\t\t\t\n<div><a href=\"#\" class=\"read-more\">Przeczytaj wi\u0119cej<\/a><\/div>\n\t\t<\/div>\n\t\t\t\t\t<\/div>\n\n\t\n\n\t<div id=\"col-183069157\" class=\"col small-12 large-12\"  >\n\t\t\t\t<div class=\"col-inner text-left\"  >\n\t\t\t\n\t\t\t\n<p class=\"next-previous-message\"><a class=\"previous\" href=\"\/pl\/bible-studies\/theme-3\/do-gods-will\/\"><i class=\"icon-angle-left\"><\/i> Previous<\/a><a class=\"next\" href=\"\/pl\/bible-studies\/theme-3\/you-are-loved-and-should-love-in-return\/\">Next <i class=\"icon-angle-right\"><\/i><\/a><\/p>\n\t\t<\/div>\n\t\t\t\t\t<\/div>\n\n\t\n<\/div>\n\t\t<\/div>\n\n\t\t\n<style>\n#section_191915919 {\n  padding-top: 0px;\n  padding-bottom: 0px;\n  margin-bottom: 0px;\n}\n@media (min-width:550px) {\n  #section_191915919 {\n    padding-top: 0px;\n    padding-bottom: 0px;\n  }\n}\n<\/style>\n\t<\/section>\n\t\n\n\t<section class=\"section food-for-thought\" id=\"section_685993782\">\n\t\t<div class=\"section-bg fill\" >\n\t\t\t\t\t\t\t\t\t\n\t\t\t\n\n\t\t<\/div>\n\n\t\t\n\n\t\t<div class=\"section-content relative\">\n\t\t\t\n<div class=\"row align-center\"  id=\"row-2018159860\">\n\n\t<div id=\"col-1117274905\" class=\"col title small-12 large-12\"  >\n\t\t\t\t<div class=\"col-inner text-left dark\"  >\n\t\t\t\n\t\t\t\n<h2>Devotional<\/h2>\n\t\t<\/div>\n\t\t\t\t\t<\/div>\n\n\t\n\n\t<div id=\"col-1028675127\" class=\"col small-12 large-12\"  >\n\t\t\t\t<div class=\"col-inner dark\"  >\n\t\t\t\n\t\t\t\n<p>Aslaksen, w artykule &#8220;Przekaza\u0107 swoje dusze wiernemu Stw\u00f3rcy&#8221;, pisze o tym, by by\u0107 oddanym bez woli. Co wed\u0142ug ciebie ma na my\u015bli?<\/p>\n<p class='info'>You have to <a href='\/login\/'>log in<\/a> if you want to save your answer.<\/p>\n\t\t<\/div>\n\t\t\t\t\t<\/div>\n\n\t\n<\/div>\n\t\t<\/div>\n\n\t\t\n<style>\n#section_685993782 {\n  padding-top: 30px;\n  padding-bottom: 30px;\n  background-color: rgb(73, 92, 94);\n}\n<\/style>\n\t<\/section>\n\t\n","protected":false},"excerpt":{"rendered":"","protected":false},"author":5,"featured_media":0,"parent":12616,"menu_order":5,"comment_status":"closed","ping_status":"closed","template":"page-blank.php","meta":{"footnotes":""},"class_list":["post-13383","page","type-page","status-publish","hentry"],"aioseo_notices":[],"_links":{"self":[{"href":"https:\/\/words-of-faith.org\/pl\/wp-json\/wp\/v2\/pages\/13383","targetHints":{"allow":["GET"]}}],"collection":[{"href":"https:\/\/words-of-faith.org\/pl\/wp-json\/wp\/v2\/pages"}],"about":[{"href":"https:\/\/words-of-faith.org\/pl\/wp-json\/wp\/v2\/types\/page"}],"author":[{"embeddable":true,"href":"https:\/\/words-of-faith.org\/pl\/wp-json\/wp\/v2\/users\/5"}],"replies":[{"embeddable":true,"href":"https:\/\/words-of-faith.org\/pl\/wp-json\/wp\/v2\/comments?post=13383"}],"version-history":[{"count":0,"href":"https:\/\/words-of-faith.org\/pl\/wp-json\/wp\/v2\/pages\/13383\/revisions"}],"up":[{"embeddable":true,"href":"https:\/\/words-of-faith.org\/pl\/wp-json\/wp\/v2\/pages\/12616"}],"wp:attachment":[{"href":"https:\/\/words-of-faith.org\/pl\/wp-json\/wp\/v2\/media?parent=13383"}],"curies":[{"name":"wp","href":"https:\/\/api.w.org\/{rel}","templated":true}]}}