{"id":13401,"date":"2020-05-29T20:00:10","date_gmt":"2020-05-29T18:00:10","guid":{"rendered":"https:\/\/aslaksen.bcc.no\/?page_id=13401"},"modified":"2020-08-21T13:50:08","modified_gmt":"2020-08-21T11:50:08","slug":"jestes-umilowany-i-powinienes-milowac","status":"publish","type":"page","link":"https:\/\/words-of-faith.org\/pl\/bible-study\/temat-3\/jestes-umilowany-i-powinienes-milowac\/","title":{"rendered":"Jeste\u015b umi\u0142owany i powiniene\u015b mi\u0142owa\u0107"},"content":{"rendered":"\n\t<section class=\"section\" id=\"section_1509058376\">\n\t\t<div class=\"section-bg fill\" >\n\t\t\t\t\t\t\t\t\t\n\t\t\t\n\n\t\t<\/div>\n\n\t\t\n\n\t\t<div class=\"section-content relative\">\n\t\t\t\n<div class=\"row align-center\"  id=\"row-154175702\">\n\n\t<div id=\"col-1029469087\" class=\"col small-12 large-12\"  >\n\t\t\t\t<div class=\"col-inner\"  >\n\t\t\t\n\t\t\t\n<p class=\"breadcrumbs\"><a href=\"..\/\">Theme 3<\/a> \/ Messages<\/p>\n<h1>Jeste\u015b umi\u0142owany i powiniene\u015b mi\u0142owa\u0107<\/h1>\n<p class=\"article-date\">Ukryte Skarby, opublikowano: kwiecie\u0144 1938<\/p>\n<p class=\"article-author\">Elias Aslaksen<\/p>\n\t\t<\/div>\n\t\t\t\t\t<\/div>\n\n\t\n\n<style>\n#row-154175702 > .col > .col-inner {\n  padding: 30px 0px 0px 0px;\n}\n<\/style>\n<\/div>\n<div class=\"row align-center audio\"  id=\"row-1598151426\">\n\n\t<div id=\"col-2002142380\" class=\"col small-12 large-12\"  >\n\t\t\t\t<div class=\"col-inner\"  >\n\t\t\t\n\t\t\t\n<!--[if lt IE 9]><script>document.createElement('audio');<\/script><![endif]-->\n<audio class=\"wp-audio-shortcode\" id=\"audio-13401-1\" preload=\"none\" style=\"width: 100%;\" controls=\"controls\"><source type=\"audio\/mpeg\" src=\"\/audio\/Tema%203\/PL\/18%20Jeste%C5%9B%20mi%C5%82owany%20i%20r%C3%B3wnie%C5%BC%20powiniene%C5%9B%20mi%C5%82owa%C4%87.mp3?_=1\" \/><a href=\"\/audio\/Tema%203\/PL\/18%20Jeste%C5%9B%20mi%C5%82owany%20i%20r%C3%B3wnie%C5%BC%20powiniene%C5%9B%20mi%C5%82owa%C4%87.mp3\">\/audio\/Tema%203\/PL\/18%20Jeste%C5%9B%20mi%C5%82owany%20i%20r%C3%B3wnie%C5%BC%20powiniene%C5%9B%20mi%C5%82owa%C4%87.mp3<\/a><\/audio>\n<p class=\"click-to-listen\">Click to listen to the speech.<\/p>\n\t\t<\/div>\n\t\t\t\t\t<\/div>\n\n\t\n<\/div>\n<div class=\"row align-center article article-excerpt\"  id=\"row-937935062\">\n\n\t<div id=\"col-2817859\" class=\"col small-12 large-12\"  >\n\t\t\t\t<div class=\"col-inner text-left\"  >\n\t\t\t\n\t\t\t\n<p>Rozdzia\u0142 1<\/p>\n<p>Chrze\u015bcija\u0144stwo, nawr\u00f3cenie, zbawienie, ewangelia \u2013 czego to dotyczy? Co chce B\u00f3g z nami uczyni\u0107? O co tu chodzi???<\/p>\n<p>Tutaj chodzi o 2 rzeczy:<\/p>\n<p>I B\u00f3g nas mi\u0142uje. \u201eAlbowiem tak B\u00f3g umi\u0142owa\u0142 \u015bwiat (\u2026)\u201d<\/p>\n<p>Jana 3, 16.<\/p>\n<p>II My r\u00f3wnie\u017c go mi\u0142ujemy:<\/p>\n<p>\u201eMi\u0142ujmy wi\u0119c, gdy\u017c On nas przedtem umi\u0142owa\u0142\u201d.<\/p>\n<p>1 Jana 4, 19.<\/p>\n<p>Czy nie chodzi jednak o wiele wi\u0119cej spraw? Nie, o nic innego! Wszelkie inne dobro jest nieuniknion\u0105 konsekwencj\u0105 tego! Kto nas mi\u0142uje wielk\u0105 i czyst\u0105 mi\u0142o\u015bci\u0105? Jezus Chrystus. Mocno to po\u015bwiadczy\u0142. Kto r\u00f3wnie\u017c go mi\u0142uje? Oczywi\u015bcie ka\u017cdy, kto zdaje sobie spraw\u0119 z tej wznios\u0142ej mi\u0142o\u015bci.<\/p>\n<p>Poniewa\u017c B\u00f3g ci\u0119 mi\u0142uje doskona\u0142\u0105 mi\u0142o\u015bci\u0105, jest tylko jedna rzecz, kt\u00f3r\u0105 chce z tob\u0105, a mianowicie czyni\u0107 dobro wzgl\u0119dem ciebie. To jedyna my\u015bl i plan, jaki ma dla ciebie. Nic gorszego ni\u017c to!<\/p>\n<p>Kiedy m\u0119\u017cczyzna naturalnie kocha kobiet\u0119, czyni wzgl\u0119dem niej dobro, daje jej prezenty itp., a ona lubi jego osob\u0119, wtedy Ona r\u00f3wnie\u017c go kocha i jest stosunkowo bardzo szcz\u0119\u015bliwa na tym \u015bwiecie tak d\u0142ugo, jak ten zwi\u0105zek si\u0119 utrzymuje. A jednak to szcz\u0119\u015bcie jest niczym w por\u00f3wnaniu z tym, kt\u00f3re powstaje przez bycie kochanym przez Boga, przez Jego mi\u0142uj\u0105cego i doskona\u0142ego Syna Jezusa Chrystusa i przez wzajemne umi\u0142owanie! Dlaczego?<\/p>\n<p>Poniewa\u017c Jego mi\u0142o\u015b\u0107 jest o wiele wi\u0119ksza! Poniewa\u017c jest o wiele bogatszy i pot\u0119\u017cniejszy! A przede wszystkim dlatego, \u017ce Jego istota, osobowo\u015b\u0107, usposobienie s\u0105 niesko\u0144czenie lepsze, szlachetniejsze i bardziej chwalebne pod ka\u017cdym wzgl\u0119dem!<\/p>\n<p>Pomy\u015bl, \u017ce jeste\u015b przez niego kochany!!!??? \u2013 \u2013 \u2013<\/p>\n<p>Co za szcz\u0119\u015bcie! Co za wielko\u015b\u0107! Co za oferta! Nic dziwnego, \u017ce ewangelia nazywana jest dobrym i radosnym poselstwem!<\/p>\n<p>Kim jeste\u015b, droga duszo, \u017ce mia\u0142aby\u015b powiedzie\u0107 temu \u201enie, dzi\u0119ki\u201d? Mia\u0142aby\u015b Go odrzuci\u0107? Mia\u0142aby\u015b raczej wybra\u0107 bycie bez Niego? Odda\u0142 za ciebie swoje \u017cycie, wycierpia\u0142 wszystko dla ciebie, odpu\u015bci\u0142 ca\u0142y tw\u00f3j grzech, utorowa\u0142 drog\u0119 od wszystkich grzech\u00f3w i przekle\u0144stw, aby\u015b m\u00f3g\u0142 po niej i\u015b\u0107! \u201eChrystus raz za grzechy cierpia\u0142, sprawiedliwy za niesprawiedliwych, aby was przywie\u015b\u0107 do Boga\u201d. 1&nbsp;Piotr 3, 18.<\/p>\n<p>Wyznaj sw\u00f3j grzech, a On ci wszystko wybaczy! 1&nbsp;Jana 1, 9.<\/p>\n<p>M\u00f3dl si\u0119 o moc, a On ci\u0119 wzmocni! Daje ci wiar\u0119, mi\u0142o\u015b\u0107, ducha i moc, aby\u015b robi\u0142 to, co sprawiedliwe i dobre w Jego oczach, a ty stajesz si\u0119 ca\u0142kowicie szcz\u0119\u015bliwy, zawsze szcz\u0119\u015bliwy! Dostajesz wszystko, czego potrzebujesz, aby m\u00f3c uporz\u0105dkowa\u0107 swoje sprawy, wyzna\u0107 i naprawi\u0107 to, co zrobi\u0142e\u015b \u017ale. \u2013<\/p>\n<p>Dostajesz wszystko, czego potrzebujesz od Tego, kt\u00f3ry jest bogaty w moc i dobro\u0107, kt\u00f3ry ci\u0119 mi\u0142uje, aby\u015b m\u00f3g\u0142 czyni\u0107 to, czego teraz nie potrafisz, a mianowicie czyni\u0107 dobro i przesta\u0107 czyni\u0107 z\u0142o.<\/p>\n<p>Uchwy\u0107 si\u0119 mi\u0142o\u015bci do Niego! On ci\u0119 mi\u0142uje! Powiedz Mu \u201etak\u201d! Umi\u0142uj Go r\u00f3wnie\u017c! Wtedy do\u015bwiadczysz tego, co Jego niewymownie wielka mi\u0142o\u015b\u0107 przyniesie ci z niewyobra\u017calnego i niepoznawalnego szcz\u0119\u015bcia i chwa\u0142y w twoim sercu.<\/p>\n<p>Nie ma nic lepszego ni\u017c mi\u0142owanie i bycie mi\u0142owanym! Zw\u0142aszcza, gdy jest taka osoba, kt\u00f3ra nas mi\u0142uje i kt\u00f3r\u0105 r\u00f3wnie\u017c mi\u0142ujemy. Nie m\u00f3w Mu \u201enie\u201d! Jezus wzywa ci\u0119 teraz. \u2013<\/p>\n\t\t<\/div>\n\t\t\t\t\t<\/div>\n\n\t\n\n\t<div id=\"col-854240486\" class=\"col copyright small-12 large-12\"  >\n\t\t\t\t<div class=\"col-inner text-left\"  >\n\t\t\t\n\t\t\t\n<div>\u00a9 Copyright Stiftelsen Skjulte Skatters Forlag<\/div>\n\t\t<\/div>\n\t\t\t\t\t<\/div>\n\n\t\n\n\t<div id=\"col-1676303517\" class=\"col small-12 large-12\"  >\n\t\t\t\t<div class=\"col-inner text-left\"  >\n\t\t\t\n\t\t\t\n<div><a href=\"#\" class=\"read-more\">Przeczytaj wi\u0119cej<\/a><\/div>\n\t\t<\/div>\n\t\t\t\t\t<\/div>\n\n\t\n\n\t<div id=\"col-834994763\" class=\"col small-12 large-12\"  >\n\t\t\t\t<div class=\"col-inner text-left\"  >\n\t\t\t\n\t\t\t\n<p class=\"next-previous-message\"><a class=\"previous\" href=\"\/pl\/bible-studies\/theme-3\/commit-your-souls-to-the-faithful-creator\/\"><i class=\"icon-angle-left\"><\/i> Previous<\/a><a class=\"next\" href=\"\/pl\/bible-studies\/theme-3\/judge-not\/\">Next <i class=\"icon-angle-right\"><\/i><\/a><\/p>\n\t\t<\/div>\n\t\t\t\t\t<\/div>\n\n\t\n<\/div>\n\t\t<\/div>\n\n\t\t\n<style>\n#section_1509058376 {\n  padding-top: 0px;\n  padding-bottom: 0px;\n  margin-bottom: 0px;\n}\n@media (min-width:550px) {\n  #section_1509058376 {\n    padding-top: 0px;\n    padding-bottom: 0px;\n  }\n}\n<\/style>\n\t<\/section>\n\t\n\n\t<section class=\"section food-for-thought\" id=\"section_324749159\">\n\t\t<div class=\"section-bg fill\" >\n\t\t\t\t\t\t\t\t\t\n\t\t\t\n\n\t\t<\/div>\n\n\t\t\n\n\t\t<div class=\"section-content relative\">\n\t\t\t\n<div class=\"row align-center\"  id=\"row-1117629702\">\n\n\t<div id=\"col-686737324\" class=\"col title small-12 large-12\"  >\n\t\t\t\t<div class=\"col-inner text-left dark\"  >\n\t\t\t\n\t\t\t\n<h2>Devotional<\/h2>\n\t\t<\/div>\n\t\t\t\t\t<\/div>\n\n\t\n\n\t<div id=\"col-1324643764\" class=\"col small-12 large-12\"  >\n\t\t\t\t<div class=\"col-inner dark\"  >\n\t\t\t\n\t\t\t\n<p>Pos\u0142uchaj\/przeczytaj artyku\u0142u &#8220;Jeste\u015b umi\u0142owany i powiniene\u015b r\u00f3wnie\u017c umi\u0142owa\u0107&#8221;. Co dla ciebie znaczy, umi\u0142owa\u0107 Jezusa z powrotem? Zapisz kilka konkretnych punkt\u00f3w.<\/p>\n<p class='info'>You have to <a href='\/login\/'>log in<\/a> if you want to save your answer.<\/p>\n\t\t<\/div>\n\t\t\t\t\t<\/div>\n\n\t\n<\/div>\n\t\t<\/div>\n\n\t\t\n<style>\n#section_324749159 {\n  padding-top: 30px;\n  padding-bottom: 30px;\n  background-color: rgb(73, 92, 94);\n}\n<\/style>\n\t<\/section>\n\t\n","protected":false},"excerpt":{"rendered":"","protected":false},"author":5,"featured_media":0,"parent":12616,"menu_order":6,"comment_status":"closed","ping_status":"closed","template":"page-blank.php","meta":{"footnotes":""},"class_list":["post-13401","page","type-page","status-publish","hentry"],"aioseo_notices":[],"_links":{"self":[{"href":"https:\/\/words-of-faith.org\/pl\/wp-json\/wp\/v2\/pages\/13401","targetHints":{"allow":["GET"]}}],"collection":[{"href":"https:\/\/words-of-faith.org\/pl\/wp-json\/wp\/v2\/pages"}],"about":[{"href":"https:\/\/words-of-faith.org\/pl\/wp-json\/wp\/v2\/types\/page"}],"author":[{"embeddable":true,"href":"https:\/\/words-of-faith.org\/pl\/wp-json\/wp\/v2\/users\/5"}],"replies":[{"embeddable":true,"href":"https:\/\/words-of-faith.org\/pl\/wp-json\/wp\/v2\/comments?post=13401"}],"version-history":[{"count":0,"href":"https:\/\/words-of-faith.org\/pl\/wp-json\/wp\/v2\/pages\/13401\/revisions"}],"up":[{"embeddable":true,"href":"https:\/\/words-of-faith.org\/pl\/wp-json\/wp\/v2\/pages\/12616"}],"wp:attachment":[{"href":"https:\/\/words-of-faith.org\/pl\/wp-json\/wp\/v2\/media?parent=13401"}],"curies":[{"name":"wp","href":"https:\/\/api.w.org\/{rel}","templated":true}]}}