{"id":15412,"date":"2020-06-10T19:13:47","date_gmt":"2020-06-10T17:13:47","guid":{"rendered":"https:\/\/aslaksen.bcc.no\/?page_id=15412"},"modified":"2020-11-02T08:06:02","modified_gmt":"2020-11-02T07:06:02","slug":"temat-4","status":"publish","type":"page","link":"https:\/\/words-of-faith.org\/pl\/bible-study\/temat-4\/","title":{"rendered":"Temat 4"},"content":{"rendered":"\n\t<section class=\"section theme-single-page\" id=\"section_226605655\">\n\t\t<div class=\"section-bg fill\" >\n\t\t\t\t\t\t\t\t\t\n\t\t\t\n\n\t\t<\/div>\n\n\t\t\n\n\t\t<div class=\"section-content relative\">\n\t\t\t\n\t<div id=\"gap-926224745\" class=\"gap-element clearfix\" style=\"display:block; height:auto;\">\n\t\t\n<style>\n#gap-926224745 {\n  padding-top: 30px;\n}\n<\/style>\n\t<\/div>\n\t\n<div class=\"row align-center\"  id=\"row-1894227347\">\n\n\t<div id=\"col-323175674\" class=\"col small-12 large-12\"  >\n\t\t\t\t<div class=\"col-inner\"  >\n\t\t\t\n\t\t\t\n<p class=\"breadcrumbs\"><a href=\"..\/\">Studia biblijne<\/a> \/ Temat 4<\/p>\n<h1>Pokora to sedno sprawy<\/h1>\n<p>Pokora pierwszej klasy sk\u0142ada si\u0119 z tego, \u017ce dobrowolnie os\u0105dzam samego siebie i uni\u017cam samego siebie \u2013 z w\u0142asnej pobudki.<\/p>\n\t<div class=\"img has-hover x md-x lg-x y md-y lg-y\" id=\"image_1176813531\">\n\t\t<a class=\"\" href=\"https:\/\/vimeo.com\/427682078\" >\t\t\t\t\t\t<div class=\"img-inner dark\" >\n\t\t\t<img loading=\"lazy\" decoding=\"async\" width=\"1020\" height=\"574\" src=\"https:\/\/words-of-faith.org\/wp-content\/uploads\/2020\/05\/frame_156-1400x788.jpg\" class=\"attachment-large size-large\" alt=\"\" \/>\t\t\t\t\t\t\n\t\t\t\t\t<\/div>\n\t\t\t\t\t\t<\/a>\t\t\n<style>\n#image_1176813531 {\n  width: 100%;\n}\n<\/style>\n\t<\/div>\n\t\n<p class=\"overview-text\">Overview: Temat 4<\/p>\n\t\t<\/div>\n\t\t\t\t\t<\/div>\n\n\t\n<\/div>\n<div class=\"row align-center themes\"  id=\"row-107340666\">\n\n\t<div id=\"col-1719458386\" class=\"col large-12\"  >\n\t\t\t\t<div class=\"col-inner\"  >\n\t\t\t\n\t\t\t\n<p class=\"listen-read\">S\u0142uchaj \/ czytaj<\/p>\n<h2>Kr\u00f3tkie i mocne przemowy<\/h2>\n\t\t<\/div>\n\t\t\t\t\t<\/div>\n\n\t\n\n\t<div id=\"col-1421713342\" class=\"col medium-6 small-6 large-6\"  >\n\t\t\t\t<div class=\"col-inner\"  >\n\t\t\t\n\t\t\t\n\n  <div class=\"banner has-hover\" id=\"banner-1218935358\">\n          <div class=\"banner-inner fill\">\n        <div class=\"banner-bg fill\" >\n            <img loading=\"lazy\" decoding=\"async\" width=\"577\" height=\"800\" src=\"https:\/\/words-of-faith.org\/wp-content\/uploads\/2020\/08\/Theme-4-Humility-is-everything-577x800.png\" class=\"bg attachment-large size-large\" alt=\"\" \/>                                    \n                    <\/div>\n\t\t\n        <div class=\"banner-layers container\">\n            <a class=\"fill\" href=\"https:\/\/words-of-faith.org\/bible-studies\/theme-4\/humility-is-everything\/\"><div class=\"fill banner-link\"><\/div><\/a>            \n   <div id=\"text-box-1570743142\" class=\"text-box banner-layer x0 md-x0 lg-x0 y100 md-y100 lg-y100 res-text\">\n                                <div class=\"text-box-content text \">\n              \n              <div class=\"text-inner text-center\">\n                  \n<h3>Pokora to sedno sprawy<\/h3>\n              <\/div>\n           <\/div>\n                            \n<style>\n#text-box-1570743142 .text-box-content {\n  background-color: rgba(40, 40, 40, 0.7);\n  font-size: 100%;\n}\n#text-box-1570743142 {\n  width: 100%;\n}\n<\/style>\n    <\/div>\n \n        <\/div>\n      <\/div>\n\n            \n<style>\n#banner-1218935358 {\n  padding-top: 220px;\n  background-color: rgba(0, 0, 0, 0);\n}\n#banner-1218935358 .banner-bg img {\n  object-position: 53% 69%;\n}\n<\/style>\n  <\/div>\n\n\n\t\t<\/div>\n\t\t\t\t\t<\/div>\n\n\t\n\n\t<div id=\"col-1238270381\" class=\"col medium-6 small-6 large-6\"  >\n\t\t\t\t<div class=\"col-inner\"  >\n\t\t\t\n\t\t\t\n\n  <div class=\"banner has-hover\" id=\"banner-1462472297\">\n          <div class=\"banner-inner fill\">\n        <div class=\"banner-bg fill\" >\n            <img loading=\"lazy\" decoding=\"async\" width=\"577\" height=\"800\" src=\"https:\/\/words-of-faith.org\/wp-content\/uploads\/2020\/08\/Theme-4-The-fundamental-law-of-a-Godly-life-577x800.png\" class=\"bg attachment-large size-large\" alt=\"\" \/>                                    \n                    <\/div>\n\t\t\n        <div class=\"banner-layers container\">\n            <a class=\"fill\" href=\"https:\/\/words-of-faith.org\/bible-studies\/theme-4\/the-fundamental-law-of-a-godly-life\/\"><div class=\"fill banner-link\"><\/div><\/a>            \n   <div id=\"text-box-1894385524\" class=\"text-box banner-layer x0 md-x0 lg-x0 y100 md-y100 lg-y100 res-text\">\n                                <div class=\"text-box-content text \">\n              \n              <div class=\"text-inner text-center\">\n                  \n<h3>Podstawy bo\u017cego \u017cycia<\/h3>\n              <\/div>\n           <\/div>\n                            \n<style>\n#text-box-1894385524 .text-box-content {\n  background-color: rgba(40, 40, 40, 0.7);\n  font-size: 100%;\n}\n#text-box-1894385524 {\n  width: 100%;\n}\n<\/style>\n    <\/div>\n \n        <\/div>\n      <\/div>\n\n            \n<style>\n#banner-1462472297 {\n  padding-top: 220px;\n  background-color: rgba(0, 0, 0, 0);\n}\n#banner-1462472297 .banner-bg img {\n  object-position: 45% 35%;\n}\n<\/style>\n  <\/div>\n\n\n\t\t<\/div>\n\t\t\t\t\t<\/div>\n\n\t\n\n\t<div id=\"col-1468843201\" class=\"col medium-6 small-6 large-6\"  >\n\t\t\t\t<div class=\"col-inner\"  >\n\t\t\t\n\t\t\t\n\n  <div class=\"banner has-hover\" id=\"banner-1822191915\">\n          <div class=\"banner-inner fill\">\n        <div class=\"banner-bg fill\" >\n            <img loading=\"lazy\" decoding=\"async\" width=\"577\" height=\"800\" src=\"https:\/\/words-of-faith.org\/wp-content\/uploads\/2020\/08\/Theme-4-From-only-lying-to-only-truth-577x800.png\" class=\"bg attachment-large size-large\" alt=\"\" \/>                                    \n                    <\/div>\n\t\t\n        <div class=\"banner-layers container\">\n            <a class=\"fill\" href=\"https:\/\/words-of-faith.org\/bible-studies\/theme-4\/from-only-lying-to-only-truth\/\"><div class=\"fill banner-link\"><\/div><\/a>            \n   <div id=\"text-box-1362562113\" class=\"text-box banner-layer x0 md-x0 lg-x0 y100 md-y100 lg-y100 res-text\">\n                                <div class=\"text-box-content text \">\n              \n              <div class=\"text-inner text-center\">\n                  \n<h3>Z wy\u0142\u0105cznie k\u0142amstwa &#8211; do wy\u0142\u0105cznie prawdy!!!<\/h3>\n              <\/div>\n           <\/div>\n                            \n<style>\n#text-box-1362562113 .text-box-content {\n  background-color: rgba(40, 40, 40, 0.7);\n  font-size: 100%;\n}\n#text-box-1362562113 {\n  width: 100%;\n}\n<\/style>\n    <\/div>\n \n        <\/div>\n      <\/div>\n\n            \n<style>\n#banner-1822191915 {\n  padding-top: 220px;\n  background-color: rgba(0, 0, 0, 0);\n}\n#banner-1822191915 .banner-bg img {\n  object-position: 49% 72%;\n}\n<\/style>\n  <\/div>\n\n\n\t\t<\/div>\n\t\t\t\t\t<\/div>\n\n\t\n\n\t<div id=\"col-2045702702\" class=\"col medium-6 small-6 large-6\"  >\n\t\t\t\t<div class=\"col-inner\"  >\n\t\t\t\n\t\t\t\n\n  <div class=\"banner has-hover\" id=\"banner-644807469\">\n          <div class=\"banner-inner fill\">\n        <div class=\"banner-bg fill\" >\n            <img loading=\"lazy\" decoding=\"async\" width=\"577\" height=\"800\" src=\"https:\/\/words-of-faith.org\/wp-content\/uploads\/2020\/08\/Theme-4-Humble-of-heart-577x800.png\" class=\"bg attachment-large size-large\" alt=\"\" \/>                                    \n                    <\/div>\n\t\t\n        <div class=\"banner-layers container\">\n            <a class=\"fill\" href=\"https:\/\/words-of-faith.org\/bible-studies\/theme-4\/humble-of-heart\/\"><div class=\"fill banner-link\"><\/div><\/a>            \n   <div id=\"text-box-712569246\" class=\"text-box banner-layer x0 md-x0 lg-x0 y100 md-y100 lg-y100 res-text\">\n                                <div class=\"text-box-content text \">\n              \n              <div class=\"text-inner text-center\">\n                  \n<h3>Z serca pokorni<\/h3>\n              <\/div>\n           <\/div>\n                            \n<style>\n#text-box-712569246 .text-box-content {\n  background-color: rgba(40, 40, 40, 0.7);\n  font-size: 100%;\n}\n#text-box-712569246 {\n  width: 100%;\n}\n<\/style>\n    <\/div>\n \n        <\/div>\n      <\/div>\n\n            \n<style>\n#banner-644807469 {\n  padding-top: 220px;\n  background-color: rgba(0, 0, 0, 0);\n}\n#banner-644807469 .banner-bg img {\n  object-position: 50% 19%;\n}\n<\/style>\n  <\/div>\n\n\n\t\t<\/div>\n\t\t\t\t\t<\/div>\n\n\t\n\n\t<div id=\"col-1164608908\" class=\"col medium-6 small-6 large-6\"  >\n\t\t\t\t<div class=\"col-inner\"  >\n\t\t\t\n\t\t\t\n\n  <div class=\"banner has-hover\" id=\"banner-1001961512\">\n          <div class=\"banner-inner fill\">\n        <div class=\"banner-bg fill\" >\n            <img loading=\"lazy\" decoding=\"async\" width=\"577\" height=\"800\" src=\"https:\/\/words-of-faith.org\/wp-content\/uploads\/2020\/08\/Theme-4-Gods-method-of-working-577x800.png\" class=\"bg attachment-large size-large\" alt=\"\" \/>                                    \n                    <\/div>\n\t\t\n        <div class=\"banner-layers container\">\n            <a class=\"fill\" href=\"https:\/\/words-of-faith.org\/bible-studies\/theme-4\/gods-method-of-working\/\"><div class=\"fill banner-link\"><\/div><\/a>            \n   <div id=\"text-box-243929537\" class=\"text-box banner-layer x0 md-x0 lg-x0 y100 md-y100 lg-y100 res-text\">\n                                <div class=\"text-box-content text \">\n              \n              <div class=\"text-inner text-center\">\n                  \n<h3>Bo\u017ca metoda pracy<\/h3>\n              <\/div>\n           <\/div>\n                            \n<style>\n#text-box-243929537 .text-box-content {\n  background-color: rgba(40, 40, 40, 0.7);\n  font-size: 100%;\n}\n#text-box-243929537 {\n  width: 100%;\n}\n<\/style>\n    <\/div>\n \n        <\/div>\n      <\/div>\n\n            \n<style>\n#banner-1001961512 {\n  padding-top: 220px;\n  background-color: rgba(0, 0, 0, 0);\n}\n#banner-1001961512 .banner-bg img {\n  object-position: 60% 40%;\n}\n<\/style>\n  <\/div>\n\n\n\t\t<\/div>\n\t\t\t\t\t<\/div>\n\n\t\n\n\t<div id=\"col-1721199433\" class=\"col medium-6 small-6 large-6\"  >\n\t\t\t\t<div class=\"col-inner\"  >\n\t\t\t\n\t\t\t\n\n  <div class=\"banner has-hover\" id=\"banner-1697798958\">\n          <div class=\"banner-inner fill\">\n        <div class=\"banner-bg fill\" >\n            <img loading=\"lazy\" decoding=\"async\" width=\"577\" height=\"800\" src=\"https:\/\/words-of-faith.org\/wp-content\/uploads\/2020\/08\/Theme-4-The-abundant-and-sure-grace-of-David-577x800.png\" class=\"bg attachment-large size-large\" alt=\"\" \/>                                    \n                    <\/div>\n\t\t\n        <div class=\"banner-layers container\">\n            <a class=\"fill\" href=\"https:\/\/words-of-faith.org\/bible-studies\/theme-4\/the-abundant-and-sure-grace-of-david\/\"><div class=\"fill banner-link\"><\/div><\/a>            \n   <div id=\"text-box-1092436714\" class=\"text-box banner-layer x0 md-x0 lg-x0 y100 md-y100 lg-y100 res-text\">\n                                <div class=\"text-box-content text \">\n              \n              <div class=\"text-inner text-center\">\n                  \n<h3>&#8220;Niez\u0142omne dowody \u0142aski okazanej niegdy\u015b Dawidowi&#8221;<\/h3>\n              <\/div>\n           <\/div>\n                            \n<style>\n#text-box-1092436714 .text-box-content {\n  background-color: rgba(40, 40, 40, 0.7);\n  font-size: 100%;\n}\n#text-box-1092436714 {\n  width: 100%;\n}\n<\/style>\n    <\/div>\n \n        <\/div>\n      <\/div>\n\n            \n<style>\n#banner-1697798958 {\n  padding-top: 220px;\n  background-color: rgba(0, 0, 0, 0);\n}\n#banner-1697798958 .banner-bg img {\n  object-position: 38% 29%;\n}\n<\/style>\n  <\/div>\n\n\n\t\t<\/div>\n\t\t\t\t\t<\/div>\n\n\t\n<\/div>\n\t\t<\/div>\n\n\t\t\n<style>\n#section_226605655 {\n  padding-top: 0px;\n  padding-bottom: 0px;\n  margin-bottom: 0px;\n}\n@media (min-width:550px) {\n  #section_226605655 {\n    padding-top: 0px;\n    padding-bottom: 0px;\n  }\n}\n<\/style>\n\t<\/section>\n\t\n\n\t<section class=\"section\" id=\"section_1227567412\">\n\t\t<div class=\"section-bg fill\" >\n\t\t\t\t\t\t\t\t\t\n\t\t\t\n\n\t\t<\/div>\n\n\t\t\n\n\t\t<div class=\"section-content relative\">\n\t\t\t\n\t<div id=\"gap-796079845\" class=\"gap-element clearfix\" style=\"display:block; height:auto;\">\n\t\t\n<style>\n#gap-796079845 {\n  padding-top: 30px;\n}\n<\/style>\n\t<\/div>\n\t\n<div class=\"row align-center rounded\"  id=\"row-765413208\">\n\n\t<div id=\"col-2069881070\" class=\"col large-12\"  >\n\t\t\t\t<div class=\"col-inner\"  >\n\t\t\t\n\t\t\t\n<h2>Tapety<\/h2>\n\t\t<\/div>\n\t\t\t\t\t<\/div>\n\n\t\n\n\t<div id=\"col-824350589\" class=\"col medium-3 small-6 large-3\"  >\n\t\t\t\t<div class=\"col-inner\"  >\n\t\t\t\n\t\t\t\n\t<div class=\"img has-hover x md-x lg-x y md-y lg-y\" id=\"image_489820857\">\n\t\t<a class=\"image-lightbox lightbox-gallery\" title=\"\" href=\"https:\/\/words-of-faith.org\/wp-content\/uploads\/2020\/10\/Tema-4-01_dark_PL.jpg\">\t\t\t\t\t\t<div class=\"img-inner dark\" >\n\t\t\t<img loading=\"lazy\" decoding=\"async\" width=\"450\" height=\"800\" src=\"https:\/\/words-of-faith.org\/wp-content\/uploads\/2020\/10\/Tema-4-01_dark_PL-450x800.jpg\" class=\"attachment-large size-large\" alt=\"\" \/>\t\t\t\t\t\t\n\t\t\t\t\t<\/div>\n\t\t\t\t\t\t<\/a>\t\t\n<style>\n#image_489820857 {\n  width: 100%;\n}\n<\/style>\n\t<\/div>\n\t\n\t\t<\/div>\n\t\t\t\t\t<\/div>\n\n\t\n\n\t<div id=\"col-2032155843\" class=\"col medium-3 small-6 large-3\"  >\n\t\t\t\t<div class=\"col-inner\"  >\n\t\t\t\n\t\t\t\n\t<div class=\"img has-hover x md-x lg-x y md-y lg-y\" id=\"image_2034891185\">\n\t\t<a class=\"image-lightbox lightbox-gallery\" title=\"\" href=\"https:\/\/words-of-faith.org\/wp-content\/uploads\/2020\/10\/Tema-4-02_forsteklasses-ydmykhet_PL.jpg\">\t\t\t\t\t\t<div class=\"img-inner dark\" >\n\t\t\t<img loading=\"lazy\" decoding=\"async\" width=\"450\" height=\"800\" src=\"https:\/\/words-of-faith.org\/wp-content\/uploads\/2020\/10\/Tema-4-02_forsteklasses-ydmykhet_PL-450x800.jpg\" class=\"attachment-large size-large\" alt=\"\" \/>\t\t\t\t\t\t\n\t\t\t\t\t<\/div>\n\t\t\t\t\t\t<\/a>\t\t\n<style>\n#image_2034891185 {\n  width: 100%;\n}\n<\/style>\n\t<\/div>\n\t\n\t\t<\/div>\n\t\t\t\t\t<\/div>\n\n\t\n\n\t<div id=\"col-1276148091\" class=\"col medium-3 small-6 large-3\"  >\n\t\t\t\t<div class=\"col-inner\"  >\n\t\t\t\n\t\t\t\n\t<div class=\"img has-hover x md-x lg-x y md-y lg-y\" id=\"image_837376874\">\n\t\t<a class=\"image-lightbox lightbox-gallery\" title=\"\" href=\"https:\/\/words-of-faith.org\/wp-content\/uploads\/2020\/10\/Tema-4-03_rik-og-mangfoldig-nade_PL.jpg\">\t\t\t\t\t\t<div class=\"img-inner dark\" >\n\t\t\t<img loading=\"lazy\" decoding=\"async\" width=\"450\" height=\"800\" src=\"https:\/\/words-of-faith.org\/wp-content\/uploads\/2020\/10\/Tema-4-03_rik-og-mangfoldig-nade_PL-450x800.jpg\" class=\"attachment-large size-large\" alt=\"\" \/>\t\t\t\t\t\t\n\t\t\t\t\t<\/div>\n\t\t\t\t\t\t<\/a>\t\t\n<style>\n#image_837376874 {\n  width: 100%;\n}\n<\/style>\n\t<\/div>\n\t\n\t\t<\/div>\n\t\t\t\t\t<\/div>\n\n\t\n\n\t<div id=\"col-1527306596\" class=\"col medium-3 small-6 large-3\"  >\n\t\t\t\t<div class=\"col-inner\"  >\n\t\t\t\n\t\t\t\n\t\t<\/div>\n\t\t\t\t\t<\/div>\n\n\t\n<\/div>\n<p style=\"text-align: center;\"><a href=\"..\/\"><u>Back to All Themes<\/u><\/a><\/p>\n\t\t<\/div>\n\n\t\t\n<style>\n#section_1227567412 {\n  padding-top: 30px;\n  padding-bottom: 30px;\n}\n<\/style>\n\t<\/section>\n\t\n","protected":false},"excerpt":{"rendered":"","protected":false},"author":5,"featured_media":0,"parent":19957,"menu_order":0,"comment_status":"closed","ping_status":"closed","template":"page-blank.php","meta":{"footnotes":""},"class_list":["post-15412","page","type-page","status-publish","hentry"],"aioseo_notices":[],"_links":{"self":[{"href":"https:\/\/words-of-faith.org\/pl\/wp-json\/wp\/v2\/pages\/15412","targetHints":{"allow":["GET"]}}],"collection":[{"href":"https:\/\/words-of-faith.org\/pl\/wp-json\/wp\/v2\/pages"}],"about":[{"href":"https:\/\/words-of-faith.org\/pl\/wp-json\/wp\/v2\/types\/page"}],"author":[{"embeddable":true,"href":"https:\/\/words-of-faith.org\/pl\/wp-json\/wp\/v2\/users\/5"}],"replies":[{"embeddable":true,"href":"https:\/\/words-of-faith.org\/pl\/wp-json\/wp\/v2\/comments?post=15412"}],"version-history":[{"count":0,"href":"https:\/\/words-of-faith.org\/pl\/wp-json\/wp\/v2\/pages\/15412\/revisions"}],"up":[{"embeddable":true,"href":"https:\/\/words-of-faith.org\/pl\/wp-json\/wp\/v2\/pages\/19957"}],"wp:attachment":[{"href":"https:\/\/words-of-faith.org\/pl\/wp-json\/wp\/v2\/media?parent=15412"}],"curies":[{"name":"wp","href":"https:\/\/api.w.org\/{rel}","templated":true}]}}