{"id":15522,"date":"2020-06-10T19:43:04","date_gmt":"2020-06-10T17:43:04","guid":{"rendered":"https:\/\/aslaksen.bcc.no\/?page_id=15522"},"modified":"2020-08-21T14:11:06","modified_gmt":"2020-08-21T12:11:06","slug":"niezlomne-dowody-laski-okazanej-niegdys-dawidowi","status":"publish","type":"page","link":"https:\/\/words-of-faith.org\/pl\/bible-study\/temat-4\/niezlomne-dowody-laski-okazanej-niegdys-dawidowi\/","title":{"rendered":"&#8220;Niez\u0142omne dowody \u0142aski okazanej niegdy\u015b Dawidowi&#8221;"},"content":{"rendered":"\n\t<section class=\"section\" id=\"section_1296846857\">\n\t\t<div class=\"section-bg fill\" >\n\t\t\t\t\t\t\t\t\t\n\t\t\t\n\n\t\t<\/div>\n\n\t\t\n\n\t\t<div class=\"section-content relative\">\n\t\t\t\n<div class=\"row align-center\"  id=\"row-1881602970\">\n\n\t<div id=\"col-22328955\" class=\"col small-12 large-12\"  >\n\t\t\t\t<div class=\"col-inner\"  >\n\t\t\t\n\t\t\t\n<p class=\"breadcrumbs\"><a href=\"..\/\">Theme 4<\/a> \/ Messages<\/p>\n<h1>\u201cNiez\u0142omne dowody \u0142aski okazanej niegdy\u015b Dawidowi\u201d<\/h1>\n<p class=\"article-date\">Ukryte Skarby, opublikowano: Kwiecie\u0144 1985<\/p>\n<p class=\"article-author\">Elias Aslaksen<\/p>\n\t\t<\/div>\n\t\t\t\t\t<\/div>\n\n\t\n\n<style>\n#row-1881602970 > .col > .col-inner {\n  padding: 30px 0px 0px 0px;\n}\n<\/style>\n<\/div>\n<div class=\"row align-center audio\"  id=\"row-809058305\">\n\n\t<div id=\"col-1140382218\" class=\"col small-12 large-12\"  >\n\t\t\t\t<div class=\"col-inner\"  >\n\t\t\t\n\t\t\t\n<!--[if lt IE 9]><script>document.createElement('audio');<\/script><![endif]-->\n<audio class=\"wp-audio-shortcode\" id=\"audio-15522-1\" preload=\"none\" style=\"width: 100%;\" controls=\"controls\"><source type=\"audio\/mpeg\" src=\"\/audio\/Tema%204\/PL\/24%20-%20Niez%C5%82omne%20dowody%20%C5%82aski%20okazanej%20niegdy%C5%9B%20Dawidowi.mp3?_=1\" \/><a href=\"\/audio\/Tema%204\/PL\/24%20-%20Niez%C5%82omne%20dowody%20%C5%82aski%20okazanej%20niegdy%C5%9B%20Dawidowi.mp3\">\/audio\/Tema%204\/PL\/24%20-%20Niez%C5%82omne%20dowody%20%C5%82aski%20okazanej%20niegdy%C5%9B%20Dawidowi.mp3<\/a><\/audio>\n<p class=\"click-to-listen\">Click to listen to the speech.<\/p>\n\t\t<\/div>\n\t\t\t\t\t<\/div>\n\n\t\n<\/div>\n<div class=\"row align-center article article-excerpt\"  id=\"row-1891925984\">\n\n\t<div id=\"col-1539730396\" class=\"col small-12 large-12\"  >\n\t\t\t\t<div class=\"col-inner text-left\"  >\n\t\t\t\n\t\t\t\n<p>Istniej\u0105 dwie istotne rzeczy dotycz\u0105ce tej \u0142aski, kt\u00f3ra jest dziwnie nazywana \u0142ask\u0105 Dawida, t\u0105 wielk\u0105 \u0142ask\u0105, kt\u00f3r\u0105 otrzyma\u0142 Dawid. Dzi\u0119ki niej sta\u0142 si\u0119 m\u0119\u017cem wg Bo\u017cego serca. Oczywiste jest, \u017ce potrzeba ogromnie wiele, aby si\u0119 takim sta\u0107! \u2013<\/p>\n<p>I ca\u0142a ta dzia\u0142aj\u0105ca \u0142aska, kt\u00f3r\u0105 mamy mo\u017cliwo\u015b\u0107 otrzyma\u0107 teraz w tym czasie nowego przymierza. Jest ona wielokrotnie wi\u0119ksza i bardziej skuteczna, ni\u017c ta, kt\u00f3r\u0105 mo\u017cna by\u0142o otrzyma\u0107 w czasie starego przymierza!<\/p>\n<p>Mo\u017cemy jednak \u2013 zupe\u0142nie wed\u0142ug boskiego prawa \u2013 absolutnie bez wyj\u0105tk\u00f3w \u2013 wed\u0142ug Piotra i Jakuba \u2013 otrzyma\u0107 t\u0119 \u0142ask\u0119 wy\u0142\u0105cznie, je\u017celi w prawdzie jeste\u015bmy pokorni i tylko tyle, na ile jeste\u015bmy pokorni.<\/p>\n<p>To jest pewne i prawdziwe na wszystkie sposoby! To jest najpewniejsze, z wszystkich pewnych! Jest r\u00f3wnie pewne, \u017ce pyszny ma Boga jako przeciwnika jak to, \u017ce pokorny otrzyma \u0142ask\u0119. To jest duchowe, jak i ludzkie, prawo \u017cycia natury. Jest to powodem wszystkich wywy\u017csze\u0144 i poni\u017ce\u0144 wed\u0142ug s\u0142\u00f3w Jezusa: \u201eA kto si\u0119 b\u0119dzie wywy\u017csza\u0142, b\u0119dzie poni\u017cony, a kto si\u0119 b\u0119dzie poni\u017ca\u0142, b\u0119dzie wywy\u017cszony\u201d. Tak, r\u00f3wnie\u017c wtedy, je\u017celi sami sobie tego nie \u017cyczymy. S\u0105 to w\u0142asne, Bo\u017ce, pewne postanowienia, wed\u0142ug jego w\u0142asnej boskiej istoty.<\/p>\n<p>Otrzymamy na tyle bogatej i r\u00f3\u017cnorodnej \u0142aski, na ile jeste\u015bmy pokorni! To jest na tyle pewne i wiadome, je\u017celi rzeczywi\u015bcie w duchu i prawdzie mamy pokor\u0119, a nie tak\u0105 lub inn\u0105 podr\u00f3bk\u0119 pokory \u2013<\/p>\n<p>Jest wiele oznak pokory. Pokorny nie sprzeciwia si\u0119 ani si\u0119 nie t\u0142umaczy, nie protestuje, nie sprzeciwia si\u0119, nie w\u0105tpi, ani nie waha si\u0119 s\u0142ucha\u0107 s\u0142owa Bo\u017cego i swoich prze\u0142o\u017conych na tym \u015bwiecie, zar\u00f3wno w miejscu pracy, jak i \u017cyciu rodzinnym. Daje si\u0119 napomina\u0107 i nakierowywa\u0107 \u2013 i jest w stanie by\u0107 cicho i nie otwiera\u0107 swoich ust ani wypowiada\u0107 si\u0119 o tym i o tamtym. Nie wypowiada si\u0119 na temat, o kt\u00f3rym nie ma si\u0119 poj\u0119cia, bo on ch\u0119tnie trzyma si\u0119 przy, tym co niskie. Tak, on wykorzystuje mo\u017cliwo\u015bci, aby tam pozosta\u0107, bo tam jest pok\u00f3j bez ko\u0144ca. \u2013<\/p>\n<p>Ponad wszystko pokorny powstrzymuje si\u0119 od os\u0105dzania i krytykowania innych, bo ka\u017cdy, kt\u00f3ry tak czyni, bezsprzecznie wywy\u017csza si\u0119 i zabiera miejsce na stole s\u0119dziowskim. S\u0119dziowie tam siedz\u0105 \u2013<\/p>\n<p>Jest si\u0119 wtedy tak daleko od pokory, jak daleko jest wsch\u00f3d od zachodu. I r\u00f3wnie daleko jest Bo\u017ca prawdziwa \u0142aska od ka\u017cdej takiej osoby!<\/p>\n<p>Tak d\u0142ugo, jak jest si\u0119 pokornym, jest si\u0119 ubezpieczonym! B\u00f3g jest \u0142askawy, mi\u0142osierny i lito\u015bciwy dla wszystkich ludzi, z wyj\u0105tkiem dumnych, wynios\u0142ych, aroganckich, m\u0105drych samych w sobie i nad\u0119tych, bo tych ma B\u00f3g jako przeciwnik\u00f3w! Biedni ludzie!<\/p>\n\t\t<\/div>\n\t\t\t\t\t<\/div>\n\n\t\n\n\t<div id=\"col-1556815903\" class=\"col copyright small-12 large-12\"  >\n\t\t\t\t<div class=\"col-inner text-left\"  >\n\t\t\t\n\t\t\t\n<div>\u00a9 Copyright Stiftelsen Skjulte Skatters Forlag<\/div>\n\t\t<\/div>\n\t\t\t\t\t<\/div>\n\n\t\n\n\t<div id=\"col-958220635\" class=\"col small-12 large-12\"  >\n\t\t\t\t<div class=\"col-inner text-left\"  >\n\t\t\t\n\t\t\t\n<div><a href=\"#\" class=\"read-more\">Przeczytaj wi\u0119cej<\/a><\/div>\n\t\t<\/div>\n\t\t\t\t\t<\/div>\n\n\t\n\n\t<div id=\"col-352232531\" class=\"col small-12 large-12\"  >\n\t\t\t\t<div class=\"col-inner text-left\"  >\n\t\t\t\n\t\t\t\n<p class=\"next-previous-message\"><a class=\"previous\" href=\"\/pl\/bible-studies\/theme-4\/gods-method-of-working\/\"><i class=\"icon-angle-left\"><\/i> Previous<\/a><a class=\"next\" href=\"\/pl\/bible-studies\/theme-4\/humility-is-everything\/\">Next <i class=\"icon-angle-right\"><\/i><\/a><\/p>\n\t\t<\/div>\n\t\t\t\t\t<\/div>\n\n\t\n<\/div>\n\t\t<\/div>\n\n\t\t\n<style>\n#section_1296846857 {\n  padding-top: 0px;\n  padding-bottom: 0px;\n  margin-bottom: 0px;\n}\n@media (min-width:550px) {\n  #section_1296846857 {\n    padding-top: 0px;\n    padding-bottom: 0px;\n  }\n}\n<\/style>\n\t<\/section>\n\t\n\n\t<section class=\"section food-for-thought\" id=\"section_1631574186\">\n\t\t<div class=\"section-bg fill\" >\n\t\t\t\t\t\t\t\t\t\n\t\t\t\n\n\t\t<\/div>\n\n\t\t\n\n\t\t<div class=\"section-content relative\">\n\t\t\t\n<div class=\"row align-center\"  id=\"row-1555307239\">\n\n\t<div id=\"col-304537200\" class=\"col title small-12 large-12\"  >\n\t\t\t\t<div class=\"col-inner text-left dark\"  >\n\t\t\t\n\t\t\t\n<h2>Devotional<\/h2>\n\t\t<\/div>\n\t\t\t\t\t<\/div>\n\n\t\n\n\t<div id=\"col-1127860495\" class=\"col small-12 large-12\"  >\n\t\t\t\t<div class=\"col-inner dark\"  >\n\t\t\t\n\t\t\t\n<p>W artykule &#8220;Niez\u0142omne dowody \u0142aski okazanej niegdy\u015b Dawidowi&#8221; bardzo klarownie opisane jest to, i\u017c B\u00f3g si\u0119 przeciwstawia pysznym, a pokornym daje \u0142ask\u0119. Jak my\u015blisz, dlaczego tak jest? Jeste\u015b w stanie poda\u0107 przyk\u0142ad z \u017cycia codziennego, kt\u00f3ry pokazuje, \u017ce B\u00f3g daje \u0142ask\u0119 pokornym?<\/p>\n<p class='info'>You have to <a href='\/login\/'>log in<\/a> if you want to save your answer.<\/p>\n\t\t<\/div>\n\t\t\t\t\t<\/div>\n\n\t\n<\/div>\n\t\t<\/div>\n\n\t\t\n<style>\n#section_1631574186 {\n  padding-top: 30px;\n  padding-bottom: 30px;\n  background-color: rgb(73, 92, 94);\n}\n<\/style>\n\t<\/section>\n\t\n","protected":false},"excerpt":{"rendered":"","protected":false},"author":5,"featured_media":0,"parent":15412,"menu_order":6,"comment_status":"closed","ping_status":"closed","template":"page-blank.php","meta":{"footnotes":""},"class_list":["post-15522","page","type-page","status-publish","hentry"],"aioseo_notices":[],"_links":{"self":[{"href":"https:\/\/words-of-faith.org\/pl\/wp-json\/wp\/v2\/pages\/15522","targetHints":{"allow":["GET"]}}],"collection":[{"href":"https:\/\/words-of-faith.org\/pl\/wp-json\/wp\/v2\/pages"}],"about":[{"href":"https:\/\/words-of-faith.org\/pl\/wp-json\/wp\/v2\/types\/page"}],"author":[{"embeddable":true,"href":"https:\/\/words-of-faith.org\/pl\/wp-json\/wp\/v2\/users\/5"}],"replies":[{"embeddable":true,"href":"https:\/\/words-of-faith.org\/pl\/wp-json\/wp\/v2\/comments?post=15522"}],"version-history":[{"count":0,"href":"https:\/\/words-of-faith.org\/pl\/wp-json\/wp\/v2\/pages\/15522\/revisions"}],"up":[{"embeddable":true,"href":"https:\/\/words-of-faith.org\/pl\/wp-json\/wp\/v2\/pages\/15412"}],"wp:attachment":[{"href":"https:\/\/words-of-faith.org\/pl\/wp-json\/wp\/v2\/media?parent=15522"}],"curies":[{"name":"wp","href":"https:\/\/api.w.org\/{rel}","templated":true}]}}