{"id":18350,"date":"2020-07-21T10:16:11","date_gmt":"2020-07-21T08:16:11","guid":{"rendered":"https:\/\/aslaksen.bcc.no\/?page_id=18350"},"modified":"2020-08-21T11:35:19","modified_gmt":"2020-08-21T09:35:19","slug":"wierz-w-boga-cudow","status":"publish","type":"page","link":"https:\/\/words-of-faith.org\/pl\/bible-study\/temat-1\/wierz-w-boga-cudow\/","title":{"rendered":"Wierz w Boga cud\u00f3w"},"content":{"rendered":"\n\t<section class=\"section\" id=\"section_1611604105\">\n\t\t<div class=\"section-bg fill\" >\n\t\t\t\t\t\t\t\t\t\n\t\t\t\n\n\t\t<\/div>\n\n\t\t\n\n\t\t<div class=\"section-content relative\">\n\t\t\t\n<div class=\"row align-center\"  id=\"row-412360248\">\n\n\t<div id=\"col-1353879325\" class=\"col small-12 large-12\"  >\n\t\t\t\t<div class=\"col-inner\"  >\n\t\t\t\n\t\t\t\n<p class=\"breadcrumbs\"><a href=\"..\/\">Theme 1<\/a> \/ Messages<\/p>\n<h1>\u201c\u2026 \u017cyj\u0119 ju\u017c wi\u0119c nie ja\u2026\u201d<\/h1>\n<p class=\"article-date\">Ukryte Skarby, opublikowano: luty 1963<\/p>\n<p class=\"article-author\">Elias Aslaksen<\/p>\n\t\t<\/div>\n\t\t\t\t\t<\/div>\n\n\t\n\n<style>\n#row-412360248 > .col > .col-inner {\n  padding: 30px 0px 0px 0px;\n}\n<\/style>\n<\/div>\n<div class=\"row align-center audio\"  id=\"row-474867679\">\n\n\t<div id=\"col-1096138365\" class=\"col small-12 large-12\"  >\n\t\t\t\t<div class=\"col-inner\"  >\n\t\t\t\n\t\t\t\n<!--[if lt IE 9]><script>document.createElement('audio');<\/script><![endif]-->\n<audio class=\"wp-audio-shortcode\" id=\"audio-18350-1\" preload=\"none\" style=\"width: 100%;\" controls=\"controls\"><source type=\"audio\/mpeg\" src=\"\/audio\/Tema%202\/pl\/9%20%C5%BByj%C4%99%20wi%C4%99c%20ju%C5%BC%20nie%20ja.mp3?_=1\" \/><a href=\"\/audio\/Tema%202\/pl\/9%20%C5%BByj%C4%99%20wi%C4%99c%20ju%C5%BC%20nie%20ja.mp3\">\/audio\/Tema%202\/pl\/9%20%C5%BByj%C4%99%20wi%C4%99c%20ju%C5%BC%20nie%20ja.mp3<\/a><\/audio>\n<p class=\"click-to-listen\">Click to listen to the speech.<\/p>\n\t\t<\/div>\n\t\t\t\t\t<\/div>\n\n\t\n<\/div>\n<div class=\"row align-center article article-excerpt\"  id=\"row-2089611819\">\n\n\t<div id=\"col-2038802060\" class=\"col small-12 large-12\"  >\n\t\t\t\t<div class=\"col-inner text-left\"  >\n\t\t\t\n\t\t\t\n<p><strong>\u201e(\u2026) \u017cyj\u0119 wi\u0119c ju\u017c nie ja\u201d. Gal 2, 20.<\/strong><\/p>\n<p>Jaki\u017c musia\u0142 si\u0119 wydarzy\u0107 cud, by kto\u015b m\u00f3g\u0142 naprawd\u0119 tak pisa\u0107, \u017cyj\u0105c jeszcze tutaj na tym \u015bwiecie?! \u2013 \u2013 \u2013<\/p>\n<p>Jak wi\u0119c mog\u0119 wci\u0105\u017c grzeszy\u0107, skoro sam ju\u017c nie \u017cyj\u0119? Jak mog\u0119 by\u0107 z\u0142y, ura\u017cony, zgorzknia\u0142y, niezadowolony, niewdzi\u0119czny, mie\u0107 co\u015b przeciwko komu\u015b, kra\u015b\u0107, k\u0142ama\u0107, martwi\u0107 si\u0119, by\u0107 pr\u00f3\u017cny i chciwy, m\u0119czy\u0107 si\u0119, dyskutowa\u0107, by\u0107 zw\u0105tpia\u0142y, znies\u0142awionym, \u017c\u0105dnym chwa\u0142y, by\u0107 dumnym lub mi\u0142owa\u0107 pieni\u0105dze, lub si\u0119 przechwala\u0107?<\/p>\n<p>Jeste\u015b mi w stanie na to odpowiedzie\u0107?! Jak ktokolwiek, kto ju\u017c w og\u00f3le nie \u017cyje, mo\u017ce wyrz\u0105dzi\u0107 krzywd\u0119? Cz\u0142owiek grzeszy dop\u00f3ty, dop\u00f3ki sam \u017cyje!!! Jak mog\u0119 czego\u015b wymaga\u0107 dla siebie, kiedy ju\u017c nie \u017cyj\u0119?<\/p>\n<p>Je\u015bli nie chc\u0119 porzuci\u0107 wszystkiego i umrze\u0107 z Chrystusem, musz\u0119 dalej grzeszy\u0107.<\/p>\n<p>\u201eNie mo\u017ce grzeszy\u0107, gdy\u017c z Boga si\u0119 narodzi\u0142\u201d jest tym samym, co: nie mo\u017ce grzeszy\u0107, poniewa\u017c jest martwy z Chrystusem = poniewa\u017c nie \u017cyje ju\u017c sam. 1 Jana 3, 9.<\/p>\n<p>Jak mog\u0119 nie mi\u0142owa\u0107, kiedy Chrystus we mnie mieszka? Gal 2, 20. Jak mog\u0119 czyni\u0107 niesprawiedliwo\u015b\u0107, kiedy Chrystus \u017cyje we mnie?<\/p>\n<p>Chrystus i \u015bwiadomy grzech nie mog\u0105 by\u0107 we mnie jednocze\u015bnie! Je\u015bli Chrystus jest we mnie, wtedy grzech jest poza moim sercem. Je\u015bli grzech jest w moim sercu, to Chrystus jest na zewn\u0105trz. \u2013 W\u0142a\u015bnie dlatego mo\u017ce sta\u0107 przed drzwiami serca nawr\u00f3conych ludzi, aby zapuka\u0107, jak jest napisane w Obj 3, 20.<\/p>\n<p>Niestety wi\u0119kszo\u015b\u0107 ludzi nadal \u017cyje sama, poniewa\u017c prawd\u0105 jest, \u017ce wi\u0119kszo\u015b\u0107 ludzi mo\u017ce pope\u0142nia\u0107 ten czy inne grzechy, raz po raz, nawet najpowa\u017cniejsze grzechy, np. k\u0142ama\u0107 lub mie\u0107 co\u015b przeciwko komu\u015b!<\/p>\n<p>Jak mog\u0119 dalej broni\u0107 siebie samego, usprawiedliwia\u0107 si\u0119, gdy jestem martwy?<\/p>\n<p>Jak mo\u017cna by\u0107 samolubnym, skoro ju\u017c si\u0119 nie \u017cyje? Jak mo\u017cna \u017cywo interesowa\u0107 si\u0119 sprz\u0119tem gospodarstwa domowego, odzie\u017c\u0105 i \u0142adnymi kolorami, gdy si\u0119 nie \u017cyje? A jakie zainteresowanie mo\u017ce mie\u0107 zmar\u0142y w tym, co ludzie o nim m\u00f3wi\u0105 lub my\u015bl\u0105 o nim??? Tak, odpowiedz mi! \u2013<\/p>\n<p>I jaki b\u00f3l mo\u017ce mi to przynie\u015b\u0107, gdy kto\u015b mnie krzywdzi w tym ziemskim, skoro sam od tego umar\u0142em? A jak wielk\u0105 rado\u015b\u0107 mo\u017ce przynie\u015b\u0107 zmar\u0142emu, \u017ce wci\u0105\u017c przychodzi du\u017co wp\u0142at w jego imieniu? Tak, powiedz mi!<\/p>\n<p>Nikt nie mo\u017ce s\u0142usznie powiedzie\u0107, \u017ce nie ma ju\u017c \u017cadnej w\u0142asnej woli, ale dzi\u0119ki wielkiej Bo\u017cej \u0142asce mo\u017ce to wygl\u0105da\u0107 tak, jakby si\u0119 jej nie mia\u0142o. \u2013 Jak mog\u0119 kocha\u0107 rzeczy na \u015bwiecie, kiedy dla niego umar\u0142em?<\/p>\n<p>W jednej pie\u015bni jest napisane: \u201eNie chc\u0119 wi\u0119cej\u201d = ju\u017c nie \u017cyj\u0119 sam. Czy to jest prawd\u0105 dla ciebie?<\/p>\n<p>Zazwyczaj chce si\u0119 ca\u0142kiem sporo!!!<\/p>\n<p>Zmar\u0142y \u2013 ten, kt\u00f3ry ju\u017c nie \u017cyje sam \u2013 nie ma ju\u017c nic do stracenia, poniewa\u017c tak naprawd\u0119 porzuci\u0142 wszystko (w chwili \u015bmierci).<\/p>\n<p>Ten, kto \u017cyje sam, musi strzec wielu rzeczy. Mo\u017ce napotka\u0107 wiele nieszcz\u0119\u015b\u0107, ponie\u015b\u0107 wiele strat i by\u0107 n\u0119kany przez swoich towarzyszy. Jednak te nieszcz\u0119\u015bcia niestety nie odbior\u0105 mu \u017cycia, jak si\u0119 cz\u0119sto m\u00f3wi. Ma jednak mo\u017cliwo\u015b\u0107 utraci\u0107 je dobrowolnie. \u2013<\/p>\n<p>A potem zdarzy\u0142 si\u0119 wielki cud lub fenomen, \u017ce pozby\u0142 si\u0119 wszystkich swoich niepotrzebnych smutk\u00f3w i k\u0142opot\u00f3w!!! \u2013 Cudownie! By\u0142o to po prostu ca\u0142kowitym zyskiem, zar\u00f3wno tego samego, jak i innego! \u2013<\/p>\n<p>\u201e(\u2026), aby\u015bmy, obumar\u0142szy (\u2026)\u201d 1 Piotr 2, 24. \u201e(\u2026), kt\u00f3rzy umarli\u015bmy\u201d. Rzym 6, 2. Je\u015bli jeste\u015bmy martwi z Chrystusem, dlaczego by traktowa\u0107 nas \u201ejakby\u015bmy w \u015bwiecie \u017cyli\u201d? Kol 2, 20.<\/p>\n<p>S\u0142ysza\u0142e\u015b kiedykolwiek co\u015b takiego???<\/p>\n<p>Teraz musimy zapyta\u0107: co jest konieczne, aby osi\u0105gn\u0105\u0107 ten nieopisanie wspania\u0142y stan? Dwie rzeczy: I. Naprawd\u0119 chcie\u0107 umrze\u0107 od siebie i od wszystkiego swojego. II. \u017bywa, osobi\u015bcie nabyta wiara, \u017ce umarli\u015bmy wraz z Chrystusem, gdy umar\u0142 na krzy\u017cu Golgoty. I. To, \u017ce si\u0119 tego chce, sprawia, \u017ce mo\u017cna uwierzy\u0107. II. Wiara czyni to rzeczywisto\u015bci\u0105.<\/p>\n<p>Wasz Elias Aslaksen.<\/p>\n\t\t<\/div>\n\t\t\t\t\t<\/div>\n\n\t\n\n\t<div id=\"col-765925000\" class=\"col copyright small-12 large-12\"  >\n\t\t\t\t<div class=\"col-inner text-left\"  >\n\t\t\t\n\t\t\t\n<div>\u00a9 Copyright Stiftelsen Skjulte Skatters Forlag<\/div>\n\t\t<\/div>\n\t\t\t\t\t<\/div>\n\n\t\n\n\t<div id=\"col-1644855450\" class=\"col small-12 large-12\"  >\n\t\t\t\t<div class=\"col-inner text-left\"  >\n\t\t\t\n\t\t\t\n<div><a href=\"#\" class=\"read-more\">Przeczytaj wi\u0119cej<\/a><\/div>\n\t\t<\/div>\n\t\t\t\t\t<\/div>\n\n\t\n\n\t<div id=\"col-1715966650\" class=\"col small-12 large-12\"  >\n\t\t\t\t<div class=\"col-inner text-left\"  >\n\t\t\t\n\t\t\t\n<p class=\"next-previous-message\"><a class=\"previous\" href=\"\/pl\/bible-studies\/theme-1\/god-is-truthful\/\"><i class=\"icon-angle-left\"><\/i> Previous<\/a><a class=\"next\" href=\"\/pl\/bible-studies\/theme-1\/his-name-is-wonder\/\">Next <i class=\"icon-angle-right\"><\/i><\/a><\/p>\n\t\t<\/div>\n\t\t\t\t\t<\/div>\n\n\t\n<\/div>\n\t\t<\/div>\n\n\t\t\n<style>\n#section_1611604105 {\n  padding-top: 0px;\n  padding-bottom: 0px;\n  margin-bottom: 0px;\n}\n@media (min-width:550px) {\n  #section_1611604105 {\n    padding-top: 0px;\n    padding-bottom: 0px;\n  }\n}\n<\/style>\n\t<\/section>\n\t\n\n\t<section class=\"section food-for-thought\" id=\"section_432769293\">\n\t\t<div class=\"section-bg fill\" >\n\t\t\t\t\t\t\t\t\t\n\t\t\t\n\n\t\t<\/div>\n\n\t\t\n\n\t\t<div class=\"section-content relative\">\n\t\t\t\n<div class=\"row align-center\"  id=\"row-1792382619\">\n\n\t<div id=\"col-1219714634\" class=\"col title small-12 large-12\"  >\n\t\t\t\t<div class=\"col-inner text-left dark\"  >\n\t\t\t\n\t\t\t\n<h2>Devotional<\/h2>\n\t\t<\/div>\n\t\t\t\t\t<\/div>\n\n\t\n\n\t<div id=\"col-963523840\" class=\"col small-12 large-12\"  >\n\t\t\t\t<div class=\"col-inner dark\"  >\n\t\t\t\n\t\t\t\n<p>Co wed\u0142ug CIEBIE jest najwa\u017cniejsz\u0105 rzecz\u0105, kt\u00f3r\u0105 Aslaksen chce przekaza\u0107 w przemowie o &#8220;Wierze w Boga cud\u00f3w&#8221;?<\/p>\n<ul class=\"question-answers\">\n<li>Potrzebuj\u0119 w moim \u017cyciu cudu &#8211; niezale\u017cnie od tego, jak by\u0142o wcze\u015bniej<\/li>\n<li>Jest nadzieja dla wszystkich, kt\u00f3rzy wierz\u0105 w Boga cud\u00f3w<\/li>\n<li>Nic nie jest niemo\u017cliwe, gdy mamy do czynienia z Bogiem<\/li>\n<\/ul>\n<p class='info'>You have to <a href='\/login\/'>log in<\/a> if you want to save your answer.<\/p>\n\t\t<\/div>\n\t\t\t\t\t<\/div>\n\n\t\n<\/div>\n\t\t<\/div>\n\n\t\t\n<style>\n#section_432769293 {\n  padding-top: 30px;\n  padding-bottom: 30px;\n  background-color: rgb(73, 92, 94);\n}\n<\/style>\n\t<\/section>\n\t\n","protected":false},"excerpt":{"rendered":"","protected":false},"author":5,"featured_media":0,"parent":8263,"menu_order":0,"comment_status":"closed","ping_status":"closed","template":"page-blank.php","meta":{"footnotes":""},"class_list":["post-18350","page","type-page","status-publish","hentry"],"aioseo_notices":[],"_links":{"self":[{"href":"https:\/\/words-of-faith.org\/pl\/wp-json\/wp\/v2\/pages\/18350","targetHints":{"allow":["GET"]}}],"collection":[{"href":"https:\/\/words-of-faith.org\/pl\/wp-json\/wp\/v2\/pages"}],"about":[{"href":"https:\/\/words-of-faith.org\/pl\/wp-json\/wp\/v2\/types\/page"}],"author":[{"embeddable":true,"href":"https:\/\/words-of-faith.org\/pl\/wp-json\/wp\/v2\/users\/5"}],"replies":[{"embeddable":true,"href":"https:\/\/words-of-faith.org\/pl\/wp-json\/wp\/v2\/comments?post=18350"}],"version-history":[{"count":0,"href":"https:\/\/words-of-faith.org\/pl\/wp-json\/wp\/v2\/pages\/18350\/revisions"}],"up":[{"embeddable":true,"href":"https:\/\/words-of-faith.org\/pl\/wp-json\/wp\/v2\/pages\/8263"}],"wp:attachment":[{"href":"https:\/\/words-of-faith.org\/pl\/wp-json\/wp\/v2\/media?parent=18350"}],"curies":[{"name":"wp","href":"https:\/\/api.w.org\/{rel}","templated":true}]}}