{"id":18382,"date":"2020-07-21T10:24:03","date_gmt":"2020-07-21T08:24:03","guid":{"rendered":"https:\/\/aslaksen.bcc.no\/?page_id=18382"},"modified":"2020-08-21T11:41:01","modified_gmt":"2020-08-21T09:41:01","slug":"jego-imie-to-cud","status":"publish","type":"page","link":"https:\/\/words-of-faith.org\/pl\/bible-study\/temat-1\/jego-imie-to-cud\/","title":{"rendered":"Jego imi\u0119 to Cud"},"content":{"rendered":"\n\t<section class=\"section\" id=\"section_926802888\">\n\t\t<div class=\"section-bg fill\" >\n\t\t\t\t\t\t\t\t\t\n\t\t\t\n\n\t\t<\/div>\n\n\t\t\n\n\t\t<div class=\"section-content relative\">\n\t\t\t\n<div class=\"row align-center\"  id=\"row-1555740928\">\n\n\t<div id=\"col-347084291\" class=\"col small-12 large-12\"  >\n\t\t\t\t<div class=\"col-inner\"  >\n\t\t\t\n\t\t\t\n<p class=\"breadcrumbs\"><a href=\"..\/\">Theme 1<\/a> \/ Messages<\/p>\n<h1>Pokora to sedno sprawy<\/h1>\n<p class=\"article-date\">Fragment przemowy\u00a0Stycze\u0144 1976 r<\/p>\n<p class=\"article-author\">Elias Aslaksen<\/p>\n\t\t<\/div>\n\t\t\t\t\t<\/div>\n\n\t\n\n<style>\n#row-1555740928 > .col > .col-inner {\n  padding: 30px 0px 0px 0px;\n}\n<\/style>\n<\/div>\n<div class=\"row align-center audio\"  id=\"row-1932928491\">\n\n\t<div id=\"col-1738448722\" class=\"col small-12 large-12\"  >\n\t\t\t\t<div class=\"col-inner\"  >\n\t\t\t\n\t\t\t\n<!--[if lt IE 9]><script>document.createElement('audio');<\/script><![endif]-->\n<audio class=\"wp-audio-shortcode\" id=\"audio-18382-1\" preload=\"none\" style=\"width: 100%;\" controls=\"controls\"><source type=\"audio\/mpeg\" src=\"\/audio\/Tema%204\/PL\/19%20T%20-%20Pokora%20to%20sedno%20sprawy.mp3?_=1\" \/><a href=\"\/audio\/Tema%204\/PL\/19%20T%20-%20Pokora%20to%20sedno%20sprawy.mp3\">\/audio\/Tema%204\/PL\/19%20T%20-%20Pokora%20to%20sedno%20sprawy.mp3<\/a><\/audio>\n<p class=\"click-to-listen\">Click to listen to the speech.<\/p>\n\t\t<\/div>\n\t\t\t\t\t<\/div>\n\n\t\n<\/div>\n<div class=\"row align-center article article-excerpt\"  id=\"row-15081156\">\n\n\t<div id=\"col-351694165\" class=\"col small-12 large-12\"  >\n\t\t\t\t<div class=\"col-inner text-left\"  >\n\t\t\t\n\t\t\t\n<p>Gud gir den ydmyke n\u00e5de. Og da er det knusende likegyldig, skriv opp det og, da er det knusende likegyldig hva alle andre gj\u00f8r. For det er jo s\u00e5 soleklart som det kan forblitt, at frelsen, det er en personlig sak mellom Gud og den enkelte. Det kommer ikke noe menneske innimellom der. Det er en direkte forbindelse mellom Gud og hver enkelt person. Det kan ikke komme med noen andre mennesker innimellom der. Jeg h\u00e5per dere skj\u00f8nner det. Jeg h\u00e5per dere skj\u00f8nner hva jeg sier.<\/p>\n<p>Gud gir den ydmyke n\u00e5de. Ja hvem kan forstyrre det da? Hvem kan hindre det? Det er jo ved hans n\u00e5de det lykkes, n\u00e5de betyr hjelp alts\u00e5. Vi har to ord for n\u00e5de, det ene er ben\u00e5dning, og det andre er n\u00e5de. Ben\u00e5dning \u2013 det er forsoning og syndenes forlatelse. Det er ben\u00e5dning. Og n\u00e5de \u2013 det er hjelp. Kraftig hjelp! Det er \u00e5 f\u00e5 sant lys og sant liv og f\u00e5 seier og g\u00e5 fra lys til lys og fra seier til seier og fra herlighet til herlighet. Det gj\u00f8r man if\u00f8lge ydmykhetens lov.<\/p>\n<p>Og s\u00e5 er det en annen dum tanke: gjennom en slags beskjedenhet, man kan tenke om seg selv at \u2013 jeg er jo en ekstra stor stakkar, det kan ikke bli s\u00e5 mye ut av meg. Det er 100% l\u00f8gn. Det er like mye h\u00e5p for de aller st\u00f8rste, for den aller. st\u00f8rste synderen p\u00e5 jorda. Det er ikke noe sp\u00f8rsm\u00e5l om hva vi har v\u00e6rt. Det er sp\u00f8rsm\u00e5l om hvor ydmyke vi er og blir, og hva vi derved blir. For det er derved vi blir noe i sannhet. Og det g\u00e5r p\u00e5 millimeteren og milligrammet.<\/p>\n<p>Gud er gnistrende rettferdig. Ingen personanseelse. Det samme enten det er nyomvendte eller eldstebr\u00f8dre eller hvem det er. Det er knusende likegyldig. Alle er like for loven. Finnes ikke antydning til personanseelse. Derfor kan det ogs\u00e5 hende at det har blitt forholdsvis sv\u00e6rt bra med noen, men s\u00e5 g\u00e5r det p\u00e5 hodet til dem, og s\u00e5 kan de g\u00e5 kaputt, helt kaputt. Og havner utenfor. Vi er p\u00e5 valg utallige ganger hver dag, hundrevis, tusenvis av ganger. Og alt sammen er utslag av ydmyket eller det motsatte.<\/p>\n\t\t<\/div>\n\t\t\t\t\t<\/div>\n\n\t\n\n\t<div id=\"col-605392293\" class=\"col copyright small-12 large-12\"  >\n\t\t\t\t<div class=\"col-inner text-left\"  >\n\t\t\t\n\t\t\t\n<div>\u00a9 Copyright Stiftelsen Skjulte Skatters Forlag<\/div>\n\t\t<\/div>\n\t\t\t\t\t<\/div>\n\n\t\n\n\t<div id=\"col-1606668747\" class=\"col small-12 large-12\"  >\n\t\t\t\t<div class=\"col-inner text-left\"  >\n\t\t\t\n\t\t\t\n<div><a href=\"#\" class=\"read-more\">Przeczytaj wi\u0119cej<\/a><\/div>\n\t\t<\/div>\n\t\t\t\t\t<\/div>\n\n\t\n\n\t<div id=\"col-1327409100\" class=\"col small-12 large-12\"  >\n\t\t\t\t<div class=\"col-inner text-left\"  >\n\t\t\t\n\t\t\t\n<p class=\"next-previous-message\"><a class=\"previous\" href=\"\/pl\/bible-studies\/theme-1\/believe-in-the-god-of-miracles\/\"><i class=\"icon-angle-left\"><\/i> Previous<\/a><a class=\"next\" href=\"\/pl\/bible-studies\/theme-1\/as-you-have-believed-so-let-it-be-done-for-you\/\">Next <i class=\"icon-angle-right\"><\/i><\/a><\/p>\n\t\t<\/div>\n\t\t\t\t\t<\/div>\n\n\t\n<\/div>\n\t\t<\/div>\n\n\t\t\n<style>\n#section_926802888 {\n  padding-top: 0px;\n  padding-bottom: 0px;\n  margin-bottom: 0px;\n}\n@media (min-width:550px) {\n  #section_926802888 {\n    padding-top: 0px;\n    padding-bottom: 0px;\n  }\n}\n<\/style>\n\t<\/section>\n\t\n\n\t<section class=\"section food-for-thought\" id=\"section_2011003595\">\n\t\t<div class=\"section-bg fill\" >\n\t\t\t\t\t\t\t\t\t\n\t\t\t\n\n\t\t<\/div>\n\n\t\t\n\n\t\t<div class=\"section-content relative\">\n\t\t\t\n<div class=\"row align-center\"  id=\"row-136185812\">\n\n\t<div id=\"col-1343818546\" class=\"col title small-12 large-12\"  >\n\t\t\t\t<div class=\"col-inner text-left dark\"  >\n\t\t\t\n\t\t\t\n<h2>Devotional<\/h2>\n\t\t<\/div>\n\t\t\t\t\t<\/div>\n\n\t\n\n\t<div id=\"col-949110834\" class=\"col small-12 large-12\"  >\n\t\t\t\t<div class=\"col-inner dark\"  >\n\t\t\t\n\t\t\t\n<p>Pos\u0142uchaj lub przeczytaj artyku\u0142 &#8220;Jego imi\u0119 to Cud&#8221; i napisz, jak wkr\u00f3tce b\u0119dzie wygl\u0105da\u0107 twoje \u017cycie, je\u017celi to, o czym Aslaksen tutaj pisze, b\u0119dzie dzia\u0142a\u0107 w twoim \u017cyciu.<\/p>\n<p class='info'>You have to <a href='\/login\/'>log in<\/a> if you want to save your answer.<\/p>\n\t\t<\/div>\n\t\t\t\t\t<\/div>\n\n\t\n<\/div>\n\t\t<\/div>\n\n\t\t\n<style>\n#section_2011003595 {\n  padding-top: 30px;\n  padding-bottom: 30px;\n  background-color: rgb(73, 92, 94);\n}\n<\/style>\n\t<\/section>\n\t\n","protected":false},"excerpt":{"rendered":"","protected":false},"author":5,"featured_media":0,"parent":8263,"menu_order":1,"comment_status":"closed","ping_status":"closed","template":"page-blank.php","meta":{"footnotes":""},"class_list":["post-18382","page","type-page","status-publish","hentry"],"aioseo_notices":[],"_links":{"self":[{"href":"https:\/\/words-of-faith.org\/pl\/wp-json\/wp\/v2\/pages\/18382","targetHints":{"allow":["GET"]}}],"collection":[{"href":"https:\/\/words-of-faith.org\/pl\/wp-json\/wp\/v2\/pages"}],"about":[{"href":"https:\/\/words-of-faith.org\/pl\/wp-json\/wp\/v2\/types\/page"}],"author":[{"embeddable":true,"href":"https:\/\/words-of-faith.org\/pl\/wp-json\/wp\/v2\/users\/5"}],"replies":[{"embeddable":true,"href":"https:\/\/words-of-faith.org\/pl\/wp-json\/wp\/v2\/comments?post=18382"}],"version-history":[{"count":0,"href":"https:\/\/words-of-faith.org\/pl\/wp-json\/wp\/v2\/pages\/18382\/revisions"}],"up":[{"embeddable":true,"href":"https:\/\/words-of-faith.org\/pl\/wp-json\/wp\/v2\/pages\/8263"}],"wp:attachment":[{"href":"https:\/\/words-of-faith.org\/pl\/wp-json\/wp\/v2\/media?parent=18382"}],"curies":[{"name":"wp","href":"https:\/\/api.w.org\/{rel}","templated":true}]}}