{"id":18447,"date":"2020-07-21T10:34:18","date_gmt":"2020-07-21T08:34:18","guid":{"rendered":"https:\/\/aslaksen.bcc.no\/?page_id=18447"},"modified":"2020-08-21T11:48:13","modified_gmt":"2020-08-21T09:48:13","slug":"badzcie-radosni-w-nadziei","status":"publish","type":"page","link":"https:\/\/words-of-faith.org\/pl\/bible-study\/temat-1\/badzcie-radosni-w-nadziei\/","title":{"rendered":"B\u0105d\u017acie rado\u015bni w nadziei"},"content":{"rendered":"\n\t<section class=\"section\" id=\"section_1309142959\">\n\t\t<div class=\"section-bg fill\" >\n\t\t\t\t\t\t\t\t\t\n\t\t\t\n\n\t\t<\/div>\n\n\t\t\n\n\t\t<div class=\"section-content relative\">\n\t\t\t\n<div class=\"row align-center\"  id=\"row-1297891762\">\n\n\t<div id=\"col-383767082\" class=\"col small-12 large-12\"  >\n\t\t\t\t<div class=\"col-inner\"  >\n\t\t\t\n\t\t\t\n<p class=\"breadcrumbs\"><a href=\"..\/\">Theme 1<\/a> \/ Messages<\/p>\n<h1>Z wy\u0142\u0105cznie k\u0142amstwa \u2013 do wy\u0142\u0105cznie prawdy!!!<\/h1>\n<p class=\"article-date\">Ukryte Skarby, opublikowano: Czerwiec 1985<\/p>\n<p class=\"article-author\">Elias Aslaksen<\/p>\n\t\t<\/div>\n\t\t\t\t\t<\/div>\n\n\t\n\n<style>\n#row-1297891762 > .col > .col-inner {\n  padding: 30px 0px 0px 0px;\n}\n<\/style>\n<\/div>\n<div class=\"row align-center audio\"  id=\"row-1906535308\">\n\n\t<div id=\"col-1659630122\" class=\"col small-12 large-12\"  >\n\t\t\t\t<div class=\"col-inner\"  >\n\t\t\t\n\t\t\t\n<!--[if lt IE 9]><script>document.createElement('audio');<\/script><![endif]-->\n<audio class=\"wp-audio-shortcode\" id=\"audio-18447-1\" preload=\"none\" style=\"width: 100%;\" controls=\"controls\"><source type=\"audio\/mpeg\" src=\"\/audio\/Tema%204\/PL\/21%20-%20Z%20wy%C5%82%C4%85cznie%20k%C5%82amstwa%20-%20do%20wy%C5%82%C4%85cznie%20prawdy.mp3?_=1\" \/><a href=\"\/audio\/Tema%204\/PL\/21%20-%20Z%20wy%C5%82%C4%85cznie%20k%C5%82amstwa%20-%20do%20wy%C5%82%C4%85cznie%20prawdy.mp3\">\/audio\/Tema%204\/PL\/21%20-%20Z%20wy%C5%82%C4%85cznie%20k%C5%82amstwa%20-%20do%20wy%C5%82%C4%85cznie%20prawdy.mp3<\/a><\/audio>\n<p class=\"click-to-listen\">Click to listen to the speech.<\/p>\n\t\t<\/div>\n\t\t\t\t\t<\/div>\n\n\t\n<\/div>\n<div class=\"row align-center article article-excerpt\"  id=\"row-1949719684\">\n\n\t<div id=\"col-1179663314\" class=\"col small-12 large-12\"  >\n\t\t\t\t<div class=\"col-inner text-left\"  >\n\t\t\t\n\t\t\t\n<p>C\u00f3\u017c za zbawienie! C\u00f3\u017c za przemiana! Co za rozw\u00f3j! Co za powo\u0142anie! C\u00f3\u017c za absolutnie nieopisan\u0105 mi\u0142o\u015b\u0107 B\u00f3g ma do nas, \u017ce naprawd\u0119 wykona tak zdumiewaj\u0105co wielkie, chwalebne i boskie dzie\u0142o w ka\u017cdym, kto z ca\u0142ego serca wierzy we wszystkie s\u0142owa \u017cycia na ten temat w Nowym Testamencie!!!<\/p>\n<p>\u201eSynowie ludzcy s\u0105 tylko k\u0142amstwem (norw. t\u0142um.)!\u201d W taki spos\u00f3b sami jeste\u015bmy zniszczeni przez grzech. \u201eWszak B\u00f3g jest wierny, a ka\u017cdy cz\u0142owiek jest k\u0142amc\u0105\u201d. Jezus powiedzia\u0142: \u201eJestem prawd\u0105!\u201d Rzym 3, 4 i Jana 14, 6. Naszym niebia\u0144skim powo\u0142aniem jest upodobni\u0107 si\u0119 do Niego, teraz tutaj w czasach \u0142aski, to znaczy sta\u0107 si\u0119 prawd\u0105 \u2014 tylko prawd\u0105 w praktyce, pod ka\u017cdym wzgl\u0119dem! I tutaj s\u0142owo z Izajasza 53 pasuje najbardziej: \u201eKto uwierzy\u0142 wie\u015bci naszej?\u201d<\/p>\n<p>Chwa\u0142a niech b\u0119dzie Bogu za ka\u017cdego, kto naprawd\u0119 zdobywa \u017cyw\u0105 wiar\u0119 w s\u0142owa Jezusa i s\u0142owa aposto\u0142\u00f3w!!! Bo przez wiar\u0119 si\u0119 to udaje. To jest to samo, co bycie zbawionym od ob\u0142udy we wszystkich najr\u00f3\u017cniejszych formach, bo ob\u0142uda jest k\u0142amstwem! Zobacz \u0141uk 12, 1. Ob\u0142uda pod ka\u017cdym wzgl\u0119dem udaje, \u017ce jest z kim\u015b lepiej, ni\u017c jest to w rzeczywisto\u015bci. To jest przedstawienie! Przedstawienie = aktorstwo! Wtedy zbiera si\u0119 chwa\u0142\u0119 za co\u015b, co nie jest prawd\u0105, zamiast w imi\u0119 ca\u0142ej prawdy zaprotestowa\u0107!<\/p>\n<p>Zbiega si\u0119 to r\u00f3wnie\u017c z oszustwem, nieszczero\u015bci\u0105 i nieuczciwo\u015bci\u0105. Jest co\u015b wielkiego napisane o Jezusie, mianowicie \u017ce by\u0142 bez zdrady. Bo on przecie\u017c by\u0142 prawd\u0105! \u2013 \u2013 \u2013<\/p>\n<p>Mo\u017cna zatem k\u0142ama\u0107 na kilka sposob\u00f3w, nie tylko przez bezpo\u015brednie, brutalne k\u0142amstwa i przebieg\u0142o\u015b\u0107! Tym samym niestety jest ukrywanie swojej s\u0142abo\u015bci i swego braku szcz\u0119\u015bcia. \u2013 I \u015bmiertelnie si\u0119 ba\u0107 tego, \u017ce kto\u015b si\u0119 dowie! Jest si\u0119 wtedy zaj\u0119ty obron\u0105 i usprawiedliwianiem si\u0119 wszystkimi zasadami sztuki, zamiast poprze\u0107 prawdziwy os\u0105d \u015bwiat\u0142a! \u2013<\/p>\n<p>Czego si\u0119 tak \u015bmiertelnie cz\u0142owiek boi? Tego, aby nikn\u0105\u0107 w ludzkich oczach. Ale nikniesz tylko w oczach g\u0142upich ludzi! Uni\u017cy\u0107 si\u0119 i zej\u015b\u0107 w d\u00f3\u0142, to najbardziej op\u0142acalna cnota, jak\u0105 mo\u017cna znale\u017a\u0107! Wtedy powstaje si\u0119 w oczach Boga!<\/p>\n<p>Zatem obawa przed uni\u017caniem si\u0119 jest, duchowo m\u00f3wi\u0105c, szalona!<\/p>\n<p>Dlatego te\u017c wielu nie prosi innych o przebaczenie zar\u00f3wno za to, jak i tamto! Pomimo tego, \u017ce maj\u0105 ku temu bardzo dobr\u0105 przyczyn\u0119 i \u017ce spowodowa\u0142oby to rado\u015b\u0107 w ich wn\u0119trzach! W prawdzie! Celem jest: Tylko prawda!<\/p>\n\t\t<\/div>\n\t\t\t\t\t<\/div>\n\n\t\n\n\t<div id=\"col-103806614\" class=\"col copyright small-12 large-12\"  >\n\t\t\t\t<div class=\"col-inner text-left\"  >\n\t\t\t\n\t\t\t\n<div>\u00a9 Copyright Stiftelsen Skjulte Skatters Forlag<\/div>\n\t\t<\/div>\n\t\t\t\t\t<\/div>\n\n\t\n\n\t<div id=\"col-2065723252\" class=\"col small-12 large-12\"  >\n\t\t\t\t<div class=\"col-inner text-left\"  >\n\t\t\t\n\t\t\t\n<div><a href=\"#\" class=\"read-more\">Przeczytaj wi\u0119cej<\/a><\/div>\n\t\t<\/div>\n\t\t\t\t\t<\/div>\n\n\t\n\n\t<div id=\"col-157034495\" class=\"col small-12 large-12\"  >\n\t\t\t\t<div class=\"col-inner text-left\"  >\n\t\t\t\n\t\t\t\n<p class=\"next-previous-message\"><a class=\"previous\" href=\"\/pl\/bible-studies\/theme-1\/as-you-have-believed-so-let-it-be-done-for-you\/\"><i class=\"icon-angle-left\"><\/i> Previous<\/a><a class=\"next\" href=\"\/pl\/bible-studies\/theme-1\/believe-like-abraham-did\/\">Next <i class=\"icon-angle-right\"><\/i><\/a><\/p>\n\t\t<\/div>\n\t\t\t\t\t<\/div>\n\n\t\n<\/div>\n\t\t<\/div>\n\n\t\t\n<style>\n#section_1309142959 {\n  padding-top: 0px;\n  padding-bottom: 0px;\n  margin-bottom: 0px;\n}\n@media (min-width:550px) {\n  #section_1309142959 {\n    padding-top: 0px;\n    padding-bottom: 0px;\n  }\n}\n<\/style>\n\t<\/section>\n\t\n\n\t<section class=\"section food-for-thought\" id=\"section_1446881230\">\n\t\t<div class=\"section-bg fill\" >\n\t\t\t\t\t\t\t\t\t\n\t\t\t\n\n\t\t<\/div>\n\n\t\t\n\n\t\t<div class=\"section-content relative\">\n\t\t\t\n<div class=\"row align-center\"  id=\"row-1493244499\">\n\n\t<div id=\"col-605677326\" class=\"col title small-12 large-12\"  >\n\t\t\t\t<div class=\"col-inner text-left dark\"  >\n\t\t\t\n\t\t\t\n<h2>Devotional<\/h2>\n\t\t<\/div>\n\t\t\t\t\t<\/div>\n\n\t\n\n\t<div id=\"col-1565034211\" class=\"col small-12 large-12\"  >\n\t\t\t\t<div class=\"col-inner dark\"  >\n\t\t\t\n\t\t\t\n<p>W przemowie &#8220;B\u0105d\u017a radosny w nadziei&#8221; Aslaksen m\u00f3wi, \u017ce nadzieja wszystko tworzy. Co wed\u0142ug CIEBIE ma on na my\u015bli?<\/p>\n<p class='info'>You have to <a href='\/login\/'>log in<\/a> if you want to save your answer.<\/p>\n\t\t<\/div>\n\t\t\t\t\t<\/div>\n\n\t\n<\/div>\n\t\t<\/div>\n\n\t\t\n<style>\n#section_1446881230 {\n  padding-top: 30px;\n  padding-bottom: 30px;\n  background-color: rgb(73, 92, 94);\n}\n<\/style>\n\t<\/section>\n\t\n","protected":false},"excerpt":{"rendered":"","protected":false},"author":5,"featured_media":0,"parent":8263,"menu_order":3,"comment_status":"closed","ping_status":"closed","template":"page-blank.php","meta":{"footnotes":""},"class_list":["post-18447","page","type-page","status-publish","hentry"],"aioseo_notices":[],"_links":{"self":[{"href":"https:\/\/words-of-faith.org\/pl\/wp-json\/wp\/v2\/pages\/18447","targetHints":{"allow":["GET"]}}],"collection":[{"href":"https:\/\/words-of-faith.org\/pl\/wp-json\/wp\/v2\/pages"}],"about":[{"href":"https:\/\/words-of-faith.org\/pl\/wp-json\/wp\/v2\/types\/page"}],"author":[{"embeddable":true,"href":"https:\/\/words-of-faith.org\/pl\/wp-json\/wp\/v2\/users\/5"}],"replies":[{"embeddable":true,"href":"https:\/\/words-of-faith.org\/pl\/wp-json\/wp\/v2\/comments?post=18447"}],"version-history":[{"count":0,"href":"https:\/\/words-of-faith.org\/pl\/wp-json\/wp\/v2\/pages\/18447\/revisions"}],"up":[{"embeddable":true,"href":"https:\/\/words-of-faith.org\/pl\/wp-json\/wp\/v2\/pages\/8263"}],"wp:attachment":[{"href":"https:\/\/words-of-faith.org\/pl\/wp-json\/wp\/v2\/media?parent=18447"}],"curies":[{"name":"wp","href":"https:\/\/api.w.org\/{rel}","templated":true}]}}