{"id":18511,"date":"2020-07-21T10:48:00","date_gmt":"2020-07-21T08:48:00","guid":{"rendered":"https:\/\/aslaksen.bcc.no\/?page_id=18511"},"modified":"2020-08-21T11:56:13","modified_gmt":"2020-08-21T09:56:13","slug":"bog-jest-prawdomowny","status":"publish","type":"page","link":"https:\/\/words-of-faith.org\/pl\/bible-study\/temat-1\/bog-jest-prawdomowny\/","title":{"rendered":"B\u00f3g jest prawdom\u00f3wny"},"content":{"rendered":"\n\t<section class=\"section\" id=\"section_1920225042\">\n\t\t<div class=\"section-bg fill\" >\n\t\t\t\t\t\t\t\t\t\n\t\t\t\n\n\t\t<\/div>\n\n\t\t\n\n\t\t<div class=\"section-content relative\">\n\t\t\t\n<div class=\"row align-center\"  id=\"row-1378169449\">\n\n\t<div id=\"col-913836690\" class=\"col small-12 large-12\"  >\n\t\t\t\t<div class=\"col-inner\"  >\n\t\t\t\n\t\t\t\n<p class=\"breadcrumbs\"><a href=\"..\/\">Theme 1<\/a> \/ Messages<\/p>\n<h1>Bo\u017ca metoda pracy<\/h1>\n<p class=\"article-date\">Ukryte Skarby, opublikowano: Kwiecie\u0144 1958 r<\/p>\n<p class=\"article-author\">Elias Aslaksen<\/p>\n\t\t<\/div>\n\t\t\t\t\t<\/div>\n\n\t\n\n<style>\n#row-1378169449 > .col > .col-inner {\n  padding: 30px 0px 0px 0px;\n}\n<\/style>\n<\/div>\n<div class=\"row align-center audio\"  id=\"row-1995820467\">\n\n\t<div id=\"col-870092232\" class=\"col small-12 large-12\"  >\n\t\t\t\t<div class=\"col-inner\"  >\n\t\t\t\n\t\t\t\n<!--[if lt IE 9]><script>document.createElement('audio');<\/script><![endif]-->\n<audio class=\"wp-audio-shortcode\" id=\"audio-18511-1\" preload=\"none\" style=\"width: 100%;\" controls=\"controls\"><source type=\"audio\/mpeg\" src=\"\/audio\/Tema%204\/PL\/23%20-%20Bo%C5%BCa%20metoda%20pracy.mp3?_=1\" \/><a href=\"\/audio\/Tema%204\/PL\/23%20-%20Bo%C5%BCa%20metoda%20pracy.mp3\">\/audio\/Tema%204\/PL\/23%20-%20Bo%C5%BCa%20metoda%20pracy.mp3<\/a><\/audio>\n<p class=\"click-to-listen\">Click to listen to the speech.<\/p>\n\t\t<\/div>\n\t\t\t\t\t<\/div>\n\n\t\n<\/div>\n<div class=\"row align-center article article-excerpt\"  id=\"row-666687907\">\n\n\t<div id=\"col-74207470\" class=\"col small-12 large-12\"  >\n\t\t\t\t<div class=\"col-inner text-left\"  >\n\t\t\t\n\t\t\t\n<p>jest zasadniczo zawsze taka sama. Jest to ca\u0142kiem rozs\u0105dne, poniewa\u017c wszyscy ludzie maj\u0105 takie same sk\u0142onno\u015bci, a mianowicie bycie napompowanymi oraz posiadanie wielkich my\u015bli o sobie, aby samemu odbiera\u0107 cze\u015b\u0107 za to, co B\u00f3g w swojej wielkiej \u0142asce dzia\u0142a\u0142 w nich i przez nich.<\/p>\n<p>W\u0142a\u015bnie dlatego jego ustalony plan i metoda dzia\u0142ania maj\u0105 temu zapobiec. A zatem jego dzie\u0142o polega na tym, aby nas z\u0142ama\u0107 wed\u0142ug cia\u0142a i sprawi\u0107, by\u015bmy na przyk\u0142ad odpowiednio zni\u017cyli si\u0119 we w\u0142asnych oczach, przez np. pozwolenie, aby zar\u00f3wno to, jak i tamto nie powiod\u0142o si\u0119 nam, wycofuj\u0105c si\u0119 i swoj\u0105 \u0142ask\u0119 w niekt\u00f3rych przypadkach, i w ten spos\u00f3b pozwala nam skosztowa\u0107 owocu naszych dr\u00f3g, owocu naszej silnej woli i rozumu.<\/p>\n<p>W ten spos\u00f3b jeste\u015bmy uni\u017cani i otrzymujemy balast na statku naszego \u017cycia, aby\u015bmy mogli przetrwa\u0107 podr\u00f3\u017c przy ka\u017cdej zmieniaj\u0105cej si\u0119 pogodzie, bez przemieszczania si\u0119 \u2014 aby\u015bmy mogli dotrze\u0107 w dobrym stanie do wiecznego portu.<\/p>\n<p>Jego mi\u0142a, dobra wola polega na wywy\u017cszeniu nas, i w\u0142a\u015bnie z tego powodu musi nas mocno uni\u017cy\u0107, aby\u015bmy mogli znie\u015b\u0107 wywy\u017cszenie bez brania czci.<\/p>\n<p>Robi to z mocn\u0105 r\u0119k\u0105 i sercem, bez tego, aby nasz brak zrozumienia jego zachowania na niego w najmniejszym stopniu wp\u0142yn\u0105\u0142.<\/p>\n<p>Chwa\u0142a, chwa\u0142a, chwa\u0142a \u2014 jego imieniu!<\/p>\n<p>Elias Aslaksen.<\/p>\n\t\t<\/div>\n\t\t\t\t\t<\/div>\n\n\t\n\n\t<div id=\"col-303325522\" class=\"col copyright small-12 large-12\"  >\n\t\t\t\t<div class=\"col-inner text-left\"  >\n\t\t\t\n\t\t\t\n<div>\u00a9 Copyright Stiftelsen Skjulte Skatters Forlag<\/div>\n\t\t<\/div>\n\t\t\t\t\t<\/div>\n\n\t\n\n\t<div id=\"col-1984444354\" class=\"col small-12 large-12\"  >\n\t\t\t\t<div class=\"col-inner text-left\"  >\n\t\t\t\n\t\t\t\n<div><a href=\"#\" class=\"read-more\">Przeczytaj wi\u0119cej<\/a><\/div>\n\t\t<\/div>\n\t\t\t\t\t<\/div>\n\n\t\n\n\t<div id=\"col-603620168\" class=\"col small-12 large-12\"  >\n\t\t\t\t<div class=\"col-inner text-left\"  >\n\t\t\t\n\t\t\t\n<p class=\"next-previous-message\"><a class=\"previous\" href=\"\/pl\/bible-studies\/theme-1\/believe-like-abraham-did\/\"><i class=\"icon-angle-left\"><\/i> Previous<\/a><a class=\"next\" href=\"\/pl\/bible-studies\/theme-1\/believe-in-the-god-of-miracles\/\">Next <i class=\"icon-angle-right\"><\/i><\/a><\/p>\n\t\t<\/div>\n\t\t\t\t\t<\/div>\n\n\t\n<\/div>\n\t\t<\/div>\n\n\t\t\n<style>\n#section_1920225042 {\n  padding-top: 0px;\n  padding-bottom: 0px;\n  margin-bottom: 0px;\n}\n@media (min-width:550px) {\n  #section_1920225042 {\n    padding-top: 0px;\n    padding-bottom: 0px;\n  }\n}\n<\/style>\n\t<\/section>\n\t\n\n\t<section class=\"section food-for-thought\" id=\"section_1409479786\">\n\t\t<div class=\"section-bg fill\" >\n\t\t\t\t\t\t\t\t\t\n\t\t\t\n\n\t\t<\/div>\n\n\t\t\n\n\t\t<div class=\"section-content relative\">\n\t\t\t\n<div class=\"row align-center\"  id=\"row-1314406035\">\n\n\t<div id=\"col-1206011646\" class=\"col title small-12 large-12\"  >\n\t\t\t\t<div class=\"col-inner text-left dark\"  >\n\t\t\t\n\t\t\t\n<h2>Devotional<\/h2>\n\t\t<\/div>\n\t\t\t\t\t<\/div>\n\n\t\n\n\t<div id=\"col-188450278\" class=\"col small-12 large-12\"  >\n\t\t\t\t<div class=\"col-inner dark\"  >\n\t\t\t\n\t\t\t\n<p>Pos\u0142uchaj lub przeczytaj artyku\u0142 &#8220;B\u00f3g jest prawdom\u00f3wny&#8221;: Znajd\u017a w Biblii obietnic\u0119, o kt\u00f3rej wcze\u015bniej nie my\u015bla\u0142e\u015b i zanotuj dany werset poni\u017cej. Je\u017celi chcesz, mo\u017cesz te\u017c napisa\u0107 co wydarzy si\u0119 z tob\u0105 osobi\u015bcie, gdy dok\u0142adnie uwierzysz w to, co jest napisane. Zwr\u00f3c uwag\u0119 na kontekst &#8211; czy potrafisz znale\u017a\u0107 jakie\u015b warunki zwi\u0105zane z obietnic\u0105?<\/p>\n<p class='info'>You have to <a href='\/login\/'>log in<\/a> if you want to save your answer.<\/p>\n\t\t<\/div>\n\t\t\t\t\t<\/div>\n\n\t\n<\/div>\n\t\t<\/div>\n\n\t\t\n<style>\n#section_1409479786 {\n  padding-top: 30px;\n  padding-bottom: 30px;\n  background-color: rgb(73, 92, 94);\n}\n<\/style>\n\t<\/section>\n\t\n","protected":false},"excerpt":{"rendered":"","protected":false},"author":5,"featured_media":0,"parent":8263,"menu_order":5,"comment_status":"closed","ping_status":"closed","template":"page-blank.php","meta":{"footnotes":""},"class_list":["post-18511","page","type-page","status-publish","hentry"],"aioseo_notices":[],"_links":{"self":[{"href":"https:\/\/words-of-faith.org\/pl\/wp-json\/wp\/v2\/pages\/18511","targetHints":{"allow":["GET"]}}],"collection":[{"href":"https:\/\/words-of-faith.org\/pl\/wp-json\/wp\/v2\/pages"}],"about":[{"href":"https:\/\/words-of-faith.org\/pl\/wp-json\/wp\/v2\/types\/page"}],"author":[{"embeddable":true,"href":"https:\/\/words-of-faith.org\/pl\/wp-json\/wp\/v2\/users\/5"}],"replies":[{"embeddable":true,"href":"https:\/\/words-of-faith.org\/pl\/wp-json\/wp\/v2\/comments?post=18511"}],"version-history":[{"count":0,"href":"https:\/\/words-of-faith.org\/pl\/wp-json\/wp\/v2\/pages\/18511\/revisions"}],"up":[{"embeddable":true,"href":"https:\/\/words-of-faith.org\/pl\/wp-json\/wp\/v2\/pages\/8263"}],"wp:attachment":[{"href":"https:\/\/words-of-faith.org\/pl\/wp-json\/wp\/v2\/media?parent=18511"}],"curies":[{"name":"wp","href":"https:\/\/api.w.org\/{rel}","templated":true}]}}