{"id":27008,"date":"2020-10-05T10:42:10","date_gmt":"2020-10-05T08:42:10","guid":{"rendered":"https:\/\/words-of-faith.org\/odkrywaj\/"},"modified":"2020-11-02T10:42:15","modified_gmt":"2020-11-02T09:42:15","slug":"odkrywaj","status":"publish","type":"page","link":"https:\/\/words-of-faith.org\/pl\/odkrywaj\/","title":{"rendered":"Odkrywaj"},"content":{"rendered":"\n\t<section class=\"section explore\" id=\"section_2077407356\">\n\t\t<div class=\"section-bg fill\" >\n\t\t\t\t\t\t\t\t\t\n\t\t\t\n\n\t\t<\/div>\n\n\t\t\n\n\t\t<div class=\"section-content relative\">\n\t\t\t\n<div class=\"row align-center themes\"  id=\"row-2142975494\">\n\n\t<div id=\"col-640338012\" class=\"col small-12 large-12\"  >\n\t\t\t\t<div class=\"col-inner\"  >\n\t\t\t\n\t\t\t\n<h1>Odkrywaj<\/h1>\n<h2>Tematy<\/h2>\n\t\t<\/div>\n\t\t\t\t\t<\/div>\n\n\t\n\n\t<div id=\"col-27634373\" class=\"col medium-6 small-6 large-3\"  data-animate=\"fadeInUp\">\n\t\t\t\t<div class=\"col-inner\"  >\n\t\t\t\n\t\t\t\n\n  <div class=\"banner has-hover\" id=\"banner-1592307552\">\n          <div class=\"banner-inner fill\">\n        <div class=\"banner-bg fill\" >\n            <img loading=\"lazy\" decoding=\"async\" width=\"572\" height=\"618\" src=\"https:\/\/words-of-faith.org\/wp-content\/uploads\/2020\/08\/Theme-1.png\" class=\"bg attachment-large size-large\" alt=\"\" \/>                                    \n                    <\/div>\n\t\t\n        <div class=\"banner-layers container\">\n            <a class=\"fill\" href=\"https:\/\/words-of-faith.org\/bible-studies\/theme-1\/\"><div class=\"fill banner-link\"><\/div><\/a>            \n   <div id=\"text-box-1218322565\" class=\"text-box banner-layer x5 md-x5 lg-x5 y50 md-y50 lg-y50 res-text\">\n                                <div class=\"text-box-content text dark\">\n              \n              <div class=\"text-inner text-left\">\n                  \n<p class=\"uppercase\">Temat 1<\/p>\n<h2>Wierz w Boga cud\u00f3w<\/h2>\n              <\/div>\n           <\/div>\n                            \n<style>\n#text-box-1218322565 {\n  width: 90%;\n}\n#text-box-1218322565 .text-box-content {\n  font-size: 100%;\n}\n<\/style>\n    <\/div>\n \n        <\/div>\n      <\/div>\n\n            \n<style>\n#banner-1592307552 {\n  padding-top: 155px;\n  background-color: rgba(0, 0, 0, 0);\n}\n#banner-1592307552 .banner-bg img {\n  object-position: 50% 50%;\n}\n<\/style>\n  <\/div>\n\n\n\t\t<\/div>\n\t\t\t\t\t<\/div>\n\n\t\n\n\t<div id=\"col-541070186\" class=\"col medium-6 small-6 large-3\"  data-animate=\"fadeInUp\">\n\t\t\t\t<div class=\"col-inner\"  >\n\t\t\t\n\t\t\t\n\n  <div class=\"banner has-hover\" id=\"banner-1707450360\">\n          <div class=\"banner-inner fill\">\n        <div class=\"banner-bg fill\" >\n            <img loading=\"lazy\" decoding=\"async\" width=\"572\" height=\"618\" src=\"https:\/\/words-of-faith.org\/wp-content\/uploads\/2020\/08\/Theme-2.png\" class=\"bg attachment-large size-large\" alt=\"\" \/>                                    \n                    <\/div>\n\t\t\n        <div class=\"banner-layers container\">\n            <a class=\"fill\" href=\"https:\/\/words-of-faith.org\/bible-studies\/theme-2\/\"><div class=\"fill banner-link\"><\/div><\/a>            \n   <div id=\"text-box-1094959216\" class=\"text-box banner-layer x5 md-x5 lg-x5 y50 md-y50 lg-y50 res-text\">\n                                <div class=\"text-box-content text dark\">\n              \n              <div class=\"text-inner text-left\">\n                  \n<p class=\"uppercase\">Temat 2<\/p>\n<h2>Z Chrystusem jestem ukrzy\u017cowany<\/h2>\n              <\/div>\n           <\/div>\n                            \n<style>\n#text-box-1094959216 {\n  width: 90%;\n}\n#text-box-1094959216 .text-box-content {\n  font-size: 100%;\n}\n<\/style>\n    <\/div>\n \n        <\/div>\n      <\/div>\n\n            \n<style>\n#banner-1707450360 {\n  padding-top: 155px;\n  background-color: rgba(0, 0, 0, 0);\n}\n#banner-1707450360 .banner-bg img {\n  object-position: 50% 65%;\n}\n<\/style>\n  <\/div>\n\n\n\t\t<\/div>\n\t\t\t\t\t<\/div>\n\n\t\n\n\t<div id=\"col-2073129352\" class=\"col medium-6 small-6 large-3\"  data-animate=\"fadeInUp\">\n\t\t\t\t<div class=\"col-inner\"  >\n\t\t\t\n\t\t\t\n\n  <div class=\"banner has-hover\" id=\"banner-815041271\">\n          <div class=\"banner-inner fill\">\n        <div class=\"banner-bg fill\" >\n            <img loading=\"lazy\" decoding=\"async\" width=\"572\" height=\"618\" src=\"https:\/\/words-of-faith.org\/wp-content\/uploads\/2020\/08\/Theme-3.png\" class=\"bg attachment-large size-large\" alt=\"\" \/>                                    \n                    <\/div>\n\t\t\n        <div class=\"banner-layers container\">\n            <a class=\"fill\" href=\"https:\/\/words-of-faith.org\/bible-studies\/theme-3\/\"><div class=\"fill banner-link\"><\/div><\/a>            \n   <div id=\"text-box-1128360014\" class=\"text-box banner-layer x5 md-x5 lg-x5 y50 md-y50 lg-y50 res-text\">\n                                <div class=\"text-box-content text dark\">\n              \n              <div class=\"text-inner text-left\">\n                  \n<p class=\"uppercase\">Temat 3<\/p>\n<h2>Ba\u0107 si\u0119 i mi\u0142owa\u0107 Boga<\/h2>\n              <\/div>\n           <\/div>\n                            \n<style>\n#text-box-1128360014 {\n  width: 90%;\n}\n#text-box-1128360014 .text-box-content {\n  font-size: 100%;\n}\n<\/style>\n    <\/div>\n \n        <\/div>\n      <\/div>\n\n            \n<style>\n#banner-815041271 {\n  padding-top: 155px;\n  background-color: rgba(0, 0, 0, 0);\n}\n#banner-815041271 .banner-bg img {\n  object-position: 50% 50%;\n}\n<\/style>\n  <\/div>\n\n\n\t\t<\/div>\n\t\t\t\t\t<\/div>\n\n\t\n\n\t<div id=\"col-1432192322\" class=\"col medium-6 small-6 large-3\"  data-animate=\"fadeInUp\">\n\t\t\t\t<div class=\"col-inner\"  >\n\t\t\t\n\t\t\t\n\n  <div class=\"banner has-hover\" id=\"banner-804940528\">\n          <div class=\"banner-inner fill\">\n        <div class=\"banner-bg fill\" >\n            <img loading=\"lazy\" decoding=\"async\" width=\"572\" height=\"618\" src=\"https:\/\/words-of-faith.org\/wp-content\/uploads\/2020\/08\/Theme-4.png\" class=\"bg attachment-large size-large\" alt=\"\" \/>                                    \n                    <\/div>\n\t\t\n        <div class=\"banner-layers container\">\n            <a class=\"fill\" href=\"https:\/\/words-of-faith.org\/bible-studies\/theme-4\/\"><div class=\"fill banner-link\"><\/div><\/a>            \n   <div id=\"text-box-565770187\" class=\"text-box banner-layer x5 md-x5 lg-x5 y50 md-y50 lg-y50 res-text\">\n                                <div class=\"text-box-content text dark\">\n              \n              <div class=\"text-inner text-left\">\n                  \n<p class=\"uppercase\">Temat 4<\/p>\n<h2>Pokora to sedno sprawy<\/h2>\n              <\/div>\n           <\/div>\n                            \n<style>\n#text-box-565770187 {\n  width: 90%;\n}\n#text-box-565770187 .text-box-content {\n  font-size: 100%;\n}\n<\/style>\n    <\/div>\n \n        <\/div>\n      <\/div>\n\n            \n<style>\n#banner-804940528 {\n  padding-top: 155px;\n  background-color: rgba(0, 0, 0, 0);\n}\n#banner-804940528 .banner-bg img {\n  object-position: 50% 50%;\n}\n<\/style>\n  <\/div>\n\n\n\t\t<\/div>\n\t\t\t\t\t<\/div>\n\n\t\n<\/div>\n\t\t<\/div>\n\n\t\t\n<style>\n#section_2077407356 {\n  padding-top: 30px;\n  padding-bottom: 30px;\n}\n<\/style>\n\t<\/section>\n\t\n\n\t<section class=\"section short-films\" id=\"section_704097590\">\n\t\t<div class=\"section-bg fill\" >\n\t\t\t\t\t\t\t\t\t\n\t\t\t\n\n\t\t<\/div>\n\n\t\t\n\n\t\t<div class=\"section-content relative\">\n\t\t\t\n<div class=\"row videos\" style=\"max-width:\" id=\"row-46415855\">\n\n\t<div id=\"col-224888468\" class=\"col small-12 large-12\"  >\n\t\t\t\t<div class=\"col-inner\"  >\n\t\t\t\n\t\t\t\n<h2>Wideo<\/h2>\n<div class=\"slider-wrapper relative\" id=\"slider-334454319\" >\n    <div class=\"slider slider-nav-simple slider-nav-large slider-nav-light slider-style-normal\"\n        data-flickity-options='{\n            \"cellAlign\": \"left\",\n            \"imagesLoaded\": true,\n            \"lazyLoad\": 1,\n            \"freeScroll\": false,\n            \"wrapAround\": true,\n            \"autoPlay\": 5500,\n            \"pauseAutoPlayOnHover\" : true,\n            \"prevNextButtons\": true,\n            \"contain\" : true,\n            \"adaptiveHeight\" : true,\n            \"dragThreshold\" : 10,\n            \"percentPosition\": true,\n            \"pageDots\": false,\n            \"rightToLeft\": false,\n            \"draggable\": true,\n            \"selectedAttraction\": 0.1,\n            \"parallax\" : 0,\n            \"friction\": 0.6        }'\n        >\n        \n\n\t<section class=\"section\" id=\"section_2074236127\">\n\t\t<div class=\"section-bg fill\" >\n\t\t\t\t\t\t\t\t\t\n\t\t\t\n\n\t\t<\/div>\n\n\t\t\n\n\t\t<div class=\"section-content relative\">\n\t\t\t\n\t<div class=\"img has-hover x md-x lg-x y md-y lg-y\" id=\"image_210229818\">\n\t\t<a class=\"open-video\" href=\"https:\/\/www.youtube.com\/watch?v=6oWsuodSUOk\" >\t\t\t\t\t\t<div class=\"img-inner dark\" >\n\t\t\t<img loading=\"lazy\" decoding=\"async\" width=\"800\" height=\"448\" src=\"https:\/\/words-of-faith.org\/wp-content\/uploads\/2020\/10\/Short-films-Zion-I-treasure.png\" class=\"attachment-large size-large\" alt=\"\" \/>\t\t\t\t\t\t\t<div class=\"overlay\" style=\"background-color: rgba(0,0,0,.2)\"><\/div>\n\t\t\t\t\t\t\t\t\t\t<div class=\"absolute no-click x50 y50 md-x50 md-y50 lg-x50 lg-y50 text-shadow-2\">\n\t\t\t\t\t<div class=\"overlay-icon\">\n\t\t\t\t\t\t<i class=\"icon-play\" aria-hidden=\"true\"><\/i>\t\t\t\t\t<\/div>\n\t\t\t\t<\/div>\n\t\t\t\n\t\t\t\t\t<\/div>\n\t\t\t\t\t\t<\/a>\t\t\n<style>\n#image_210229818 {\n  width: 100%;\n}\n<\/style>\n\t<\/div>\n\t\n<p>Music Video: Zion I treasure<\/p>\n\t\t<\/div>\n\n\t\t\n<style>\n#section_2074236127 {\n  padding-top: 0px;\n  padding-bottom: 0px;\n}\n<\/style>\n\t<\/section>\n\t\n\n\t<section class=\"section\" id=\"section_1889563125\">\n\t\t<div class=\"section-bg fill\" >\n\t\t\t\t\t\t\t\t\t\n\t\t\t\n\n\t\t<\/div>\n\n\t\t\n\n\t\t<div class=\"section-content relative\">\n\t\t\t\n\t<div class=\"img has-hover x md-x lg-x y md-y lg-y\" id=\"image_695842773\">\n\t\t<a class=\"\" href=\"https:\/\/vimeo.com\/414029352\" >\t\t\t\t\t\t<div class=\"img-inner dark\" >\n\t\t\t<img loading=\"lazy\" decoding=\"async\" width=\"1020\" height=\"574\" src=\"https:\/\/words-of-faith.org\/wp-content\/uploads\/2020\/10\/theme-film-1400x788.jpg\" class=\"attachment-large size-large\" alt=\"\" \/>\t\t\t\t\t\t\n\t\t\t\t\t<\/div>\n\t\t\t\t\t\t<\/a>\t\t\n<style>\n#image_695842773 {\n  width: 100%;\n}\n<\/style>\n\t<\/div>\n\t\n<p>Theme film: Elias Aslaksen<\/p>\n\t\t<\/div>\n\n\t\t\n<style>\n#section_1889563125 {\n  padding-top: 0px;\n  padding-bottom: 0px;\n}\n<\/style>\n\t<\/section>\n\t\n\n\t<section class=\"section\" id=\"section_311461451\">\n\t\t<div class=\"section-bg fill\" >\n\t\t\t\t\t\t\t\t\t\n\t\t\t\n\n\t\t<\/div>\n\n\t\t\n\n\t\t<div class=\"section-content relative\">\n\t\t\t\n\t<div class=\"img has-hover x md-x lg-x y md-y lg-y\" id=\"image_2119074322\">\n\t\t<a class=\"\" href=\"https:\/\/vimeo.com\/413735348\" >\t\t\t\t\t\t<div class=\"img-inner dark\" >\n\t\t\t<img loading=\"lazy\" decoding=\"async\" width=\"800\" height=\"448\" src=\"https:\/\/words-of-faith.org\/wp-content\/uploads\/2020\/10\/Short-films-Episode-1.png\" class=\"attachment-large size-large\" alt=\"\" \/>\t\t\t\t\t\t\n\t\t\t\t\t<\/div>\n\t\t\t\t\t\t<\/a>\t\t\n<style>\n#image_2119074322 {\n  width: 100%;\n}\n<\/style>\n\t<\/div>\n\t\n<p>Temat 1: Wierz w Boga cud\u00f3w<\/p>\n\t\t<\/div>\n\n\t\t\n<style>\n#section_311461451 {\n  padding-top: 0px;\n  padding-bottom: 0px;\n}\n<\/style>\n\t<\/section>\n\t\n\n\t<section class=\"section\" id=\"section_1385517724\">\n\t\t<div class=\"section-bg fill\" >\n\t\t\t\t\t\t\t\t\t\n\t\t\t\n\n\t\t<\/div>\n\n\t\t\n\n\t\t<div class=\"section-content relative\">\n\t\t\t\n\t<div class=\"img has-hover x md-x lg-x y md-y lg-y\" id=\"image_758860942\">\n\t\t<a class=\"\" href=\"https:\/\/vimeo.com\/419561799\" >\t\t\t\t\t\t<div class=\"img-inner dark\" >\n\t\t\t<img loading=\"lazy\" decoding=\"async\" width=\"800\" height=\"448\" src=\"https:\/\/words-of-faith.org\/wp-content\/uploads\/2020\/10\/Short-films-Episode-2.png\" class=\"attachment-large size-large\" alt=\"\" \/>\t\t\t\t\t\t\n\t\t\t\t\t<\/div>\n\t\t\t\t\t\t<\/a>\t\t\n<style>\n#image_758860942 {\n  width: 100%;\n}\n<\/style>\n\t<\/div>\n\t\n<p>Temat 2: Z Chrystusem jestem ukrzy\u017cowany<\/p>\n\t\t<\/div>\n\n\t\t\n<style>\n#section_1385517724 {\n  padding-top: 0px;\n  padding-bottom: 0px;\n}\n<\/style>\n\t<\/section>\n\t\n\n\t<section class=\"section\" id=\"section_380150891\">\n\t\t<div class=\"section-bg fill\" >\n\t\t\t\t\t\t\t\t\t\n\t\t\t\n\n\t\t<\/div>\n\n\t\t\n\n\t\t<div class=\"section-content relative\">\n\t\t\t\n\t<div class=\"img has-hover x md-x lg-x y md-y lg-y\" id=\"image_2032710354\">\n\t\t<a class=\"\" href=\"https:\/\/vimeo.com\/420307474\" >\t\t\t\t\t\t<div class=\"img-inner dark\" >\n\t\t\t<img loading=\"lazy\" decoding=\"async\" width=\"800\" height=\"448\" src=\"https:\/\/words-of-faith.org\/wp-content\/uploads\/2020\/10\/Short-films-Episode-3.png\" class=\"attachment-large size-large\" alt=\"\" \/>\t\t\t\t\t\t\n\t\t\t\t\t<\/div>\n\t\t\t\t\t\t<\/a>\t\t\n<style>\n#image_2032710354 {\n  width: 100%;\n}\n<\/style>\n\t<\/div>\n\t\n<p>Temat 3: Ba\u0107 si\u0119 i mi\u0142owa\u0107 Boga<\/p>\n\t\t<\/div>\n\n\t\t\n<style>\n#section_380150891 {\n  padding-top: 0px;\n  padding-bottom: 0px;\n}\n<\/style>\n\t<\/section>\n\t\n\n\t<section class=\"section\" id=\"section_1595286445\">\n\t\t<div class=\"section-bg fill\" >\n\t\t\t\t\t\t\t\t\t\n\t\t\t\n\n\t\t<\/div>\n\n\t\t\n\n\t\t<div class=\"section-content relative\">\n\t\t\t\n\t<div class=\"img has-hover x md-x lg-x y md-y lg-y\" id=\"image_1922376919\">\n\t\t<a class=\"\" href=\"https:\/\/vimeo.com\/427682078\" >\t\t\t\t\t\t<div class=\"img-inner dark\" >\n\t\t\t<img loading=\"lazy\" decoding=\"async\" width=\"1020\" height=\"574\" src=\"https:\/\/words-of-faith.org\/wp-content\/uploads\/2020\/10\/Short-films-Episode-4-1400x788.jpg\" class=\"attachment-large size-large\" alt=\"\" \/>\t\t\t\t\t\t\n\t\t\t\t\t<\/div>\n\t\t\t\t\t\t<\/a>\t\t\n<style>\n#image_1922376919 {\n  width: 100%;\n}\n<\/style>\n\t<\/div>\n\t\n<p>Temat 4: Pokora to sedno sprawy<\/p>\n\t\t<\/div>\n\n\t\t\n<style>\n#section_1595286445 {\n  padding-top: 0px;\n  padding-bottom: 0px;\n}\n<\/style>\n\t<\/section>\n\t\n     <\/div>\n\n     <div class=\"loading-spin dark large centered\"><\/div>\n\n\t\n<style>\n#slider-334454319 {\n  margin-bottom: 15px;\n}\n#slider-334454319 .flickity-slider > * {\n  max-width: 70%!important;\n}\n<\/style>\n<\/div>\n\n\n\t\t<\/div>\n\t\t\t\t\t<\/div>\n\n\t\n<\/div>\n<div class=\"row align-center rounded wallpapers\"  id=\"row-918051407\">\n\n\t<div id=\"col-340843835\" class=\"col large-12\"  >\n\t\t\t\t<div class=\"col-inner\"  >\n\t\t\t\n\t\t\t\n<h2>Tapety<\/h2>\n<div class=\"slider-wrapper relative\" id=\"slider-703742734\" >\n    <div class=\"slider slider-nav-simple slider-nav-large slider-nav-light slider-style-normal\"\n        data-flickity-options='{\n            \"cellAlign\": \"left\",\n            \"imagesLoaded\": true,\n            \"lazyLoad\": 1,\n            \"freeScroll\": false,\n            \"wrapAround\": true,\n            \"autoPlay\": 4500,\n            \"pauseAutoPlayOnHover\" : true,\n            \"prevNextButtons\": true,\n            \"contain\" : true,\n            \"adaptiveHeight\" : true,\n            \"dragThreshold\" : 10,\n            \"percentPosition\": true,\n            \"pageDots\": false,\n            \"rightToLeft\": false,\n            \"draggable\": true,\n            \"selectedAttraction\": 0.1,\n            \"parallax\" : 0,\n            \"friction\": 0.6        }'\n        >\n        \n\t<div class=\"img has-hover x md-x lg-x y md-y lg-y\" id=\"image_967033977\">\n\t\t<a class=\"image-lightbox lightbox-gallery\" title=\"\" href=\"https:\/\/words-of-faith.org\/wp-content\/uploads\/2020\/10\/Tema-1-God-of-Miracles.jpg\">\t\t\t\t\t\t<div class=\"img-inner dark\" >\n\t\t\t<img loading=\"lazy\" decoding=\"async\" width=\"450\" height=\"800\" src=\"https:\/\/words-of-faith.org\/wp-content\/uploads\/2020\/10\/Tema-1-God-of-Miracles-450x800.jpg\" class=\"attachment-large size-large\" alt=\"\" \/>\t\t\t\t\t\t\n\t\t\t\t\t<\/div>\n\t\t\t\t\t\t<\/a>\t\t\n<style>\n#image_967033977 {\n  width: 100%;\n}\n<\/style>\n\t<\/div>\n\t\n\t<div class=\"img has-hover x md-x lg-x y md-y lg-y\" id=\"image_1412595935\">\n\t\t<a class=\"image-lightbox lightbox-gallery\" title=\"\" href=\"https:\/\/words-of-faith.org\/wp-content\/uploads\/2020\/10\/Tema-1-02_Gud-gjor-mirakler_PL.jpg\">\t\t\t\t\t\t<div class=\"img-inner dark\" >\n\t\t\t<img loading=\"lazy\" decoding=\"async\" width=\"450\" height=\"800\" src=\"https:\/\/words-of-faith.org\/wp-content\/uploads\/2020\/10\/Tema-1-02_Gud-gjor-mirakler_PL-450x800.jpg\" class=\"attachment-large size-large\" alt=\"\" \/>\t\t\t\t\t\t\n\t\t\t\t\t<\/div>\n\t\t\t\t\t\t<\/a>\t\t\n<style>\n#image_1412595935 {\n  width: 100%;\n}\n<\/style>\n\t<\/div>\n\t\n\t<div class=\"img has-hover x md-x lg-x y md-y lg-y\" id=\"image_1993488205\">\n\t\t<a class=\"image-lightbox lightbox-gallery\" title=\"\" href=\"https:\/\/words-of-faith.org\/wp-content\/uploads\/2020\/10\/Tema-3_Enfoldig-troskap_PL.jpg\">\t\t\t\t\t\t<div class=\"img-inner dark\" >\n\t\t\t<img loading=\"lazy\" decoding=\"async\" width=\"450\" height=\"800\" src=\"https:\/\/words-of-faith.org\/wp-content\/uploads\/2020\/10\/Tema-3_Enfoldig-troskap_PL-450x800.jpg\" class=\"attachment-large size-large\" alt=\"\" \/>\t\t\t\t\t\t\n\t\t\t\t\t<\/div>\n\t\t\t\t\t\t<\/a>\t\t\n<style>\n#image_1993488205 {\n  width: 100%;\n}\n<\/style>\n\t<\/div>\n\t\n\t<div class=\"img has-hover x md-x lg-x y md-y lg-y\" id=\"image_1656355457\">\n\t\t<a class=\"image-lightbox lightbox-gallery\" title=\"\" href=\"https:\/\/words-of-faith.org\/wp-content\/uploads\/2020\/10\/Tema-4-02_forsteklasses-ydmykhet_PL.jpg\">\t\t\t\t\t\t<div class=\"img-inner dark\" >\n\t\t\t<img loading=\"lazy\" decoding=\"async\" width=\"450\" height=\"800\" src=\"https:\/\/words-of-faith.org\/wp-content\/uploads\/2020\/10\/Tema-4-02_forsteklasses-ydmykhet_PL-450x800.jpg\" class=\"attachment-large size-large\" alt=\"\" \/>\t\t\t\t\t\t\n\t\t\t\t\t<\/div>\n\t\t\t\t\t\t<\/a>\t\t\n<style>\n#image_1656355457 {\n  width: 100%;\n}\n<\/style>\n\t<\/div>\n\t\n\t<div class=\"img has-hover x md-x lg-x y md-y lg-y\" id=\"image_1638823336\">\n\t\t<a class=\"image-lightbox lightbox-gallery\" title=\"\" href=\"https:\/\/words-of-faith.org\/wp-content\/uploads\/2020\/10\/Tema-4-03_rik-og-mangfoldig-nade_PL.jpg\">\t\t\t\t\t\t<div class=\"img-inner dark\" >\n\t\t\t<img loading=\"lazy\" decoding=\"async\" width=\"450\" height=\"800\" src=\"https:\/\/words-of-faith.org\/wp-content\/uploads\/2020\/10\/Tema-4-03_rik-og-mangfoldig-nade_PL-450x800.jpg\" class=\"attachment-large size-large\" alt=\"\" \/>\t\t\t\t\t\t\n\t\t\t\t\t<\/div>\n\t\t\t\t\t\t<\/a>\t\t\n<style>\n#image_1638823336 {\n  width: 100%;\n}\n<\/style>\n\t<\/div>\n\t\n\t<div class=\"img has-hover x md-x lg-x y md-y lg-y\" id=\"image_499167884\">\n\t\t<a class=\"image-lightbox lightbox-gallery\" title=\"\" href=\"https:\/\/words-of-faith.org\/wp-content\/uploads\/2020\/10\/Tema-3_Bed-om-kraft_PL.jpg\">\t\t\t\t\t\t<div class=\"img-inner dark\" >\n\t\t\t<img loading=\"lazy\" decoding=\"async\" width=\"450\" height=\"800\" src=\"https:\/\/words-of-faith.org\/wp-content\/uploads\/2020\/10\/Tema-3_Bed-om-kraft_PL-450x800.jpg\" class=\"attachment-large size-large\" alt=\"\" \/>\t\t\t\t\t\t\n\t\t\t\t\t<\/div>\n\t\t\t\t\t\t<\/a>\t\t\n<style>\n#image_499167884 {\n  width: 100%;\n}\n<\/style>\n\t<\/div>\n\t\n     <\/div>\n\n     <div class=\"loading-spin dark large centered\"><\/div>\n\n\t\n<style>\n#slider-703742734 {\n  margin-bottom: 15px;\n}\n#slider-703742734 .flickity-slider > * {\n  max-width: 48%!important;\n}\n<\/style>\n<\/div>\n\n\n\t\t<\/div>\n\t\t\t\t\t<\/div>\n\n\t\n<\/div>\n<div class=\"row align-center rounded posters\"  id=\"row-419875449\">\n\n\t<div id=\"col-671334279\" class=\"col large-12\"  >\n\t\t\t\t<div class=\"col-inner\"  >\n\t\t\t\n\t\t\t\n<h2>Plakaty<\/h2>\n<div class=\"slider-wrapper relative\" id=\"slider-754581533\" >\n    <div class=\"slider slider-nav-simple slider-nav-large slider-nav-light slider-style-normal\"\n        data-flickity-options='{\n            \"cellAlign\": \"left\",\n            \"imagesLoaded\": true,\n            \"lazyLoad\": 1,\n            \"freeScroll\": false,\n            \"wrapAround\": true,\n            \"autoPlay\": 5000,\n            \"pauseAutoPlayOnHover\" : true,\n            \"prevNextButtons\": true,\n            \"contain\" : true,\n            \"adaptiveHeight\" : true,\n            \"dragThreshold\" : 10,\n            \"percentPosition\": true,\n            \"pageDots\": false,\n            \"rightToLeft\": false,\n            \"draggable\": true,\n            \"selectedAttraction\": 0.1,\n            \"parallax\" : 0,\n            \"friction\": 0.6        }'\n        >\n        \n\t<div class=\"img has-hover x md-x lg-x y md-y lg-y\" id=\"image_719506965\">\n\t\t<a class=\"\" href=\"https:\/\/words-of-faith.org\/wp-content\/uploads\/2020\/10\/Aslaksen_Syv-viktige-formaninger-EN.pdf\" >\t\t\t\t\t\t<div class=\"img-inner dark\" >\n\t\t\t<img loading=\"lazy\" decoding=\"async\" width=\"566\" height=\"800\" src=\"https:\/\/words-of-faith.org\/wp-content\/uploads\/2020\/10\/Poster-Exhortations-566x800.png\" class=\"attachment-large size-large\" alt=\"\" \/>\t\t\t\t\t\t\n\t\t\t\t\t<\/div>\n\t\t\t\t\t\t<\/a>\t\t\n<style>\n#image_719506965 {\n  width: 100%;\n}\n<\/style>\n\t<\/div>\n\t\n\t<div class=\"img has-hover x md-x lg-x y md-y lg-y\" id=\"image_1835759872\">\n\t\t<a class=\"image-lightbox lightbox-gallery\" title=\"\" href=\"https:\/\/words-of-faith.org\/wp-content\/uploads\/2020\/10\/Poster-Faith.png\">\t\t\t\t\t\t<div class=\"img-inner dark\" >\n\t\t\t<img loading=\"lazy\" decoding=\"async\" width=\"800\" height=\"800\" src=\"https:\/\/words-of-faith.org\/wp-content\/uploads\/2020\/10\/Poster-Faith-800x800.png\" class=\"attachment-large size-large\" alt=\"\" \/>\t\t\t\t\t\t\n\t\t\t\t\t<\/div>\n\t\t\t\t\t\t<\/a>\t\t\n<style>\n#image_1835759872 {\n  width: 100%;\n}\n<\/style>\n\t<\/div>\n\t\n     <\/div>\n\n     <div class=\"loading-spin dark large centered\"><\/div>\n\n\t\n<style>\n#slider-754581533 {\n  margin-bottom: 15px;\n}\n#slider-754581533 .flickity-slider > * {\n  max-width: 60%!important;\n}\n<\/style>\n<\/div>\n\n\n\t\t<\/div>\n\t\t\t\t\t<\/div>\n\n\t\n\n<style>\n#row-419875449 > .col > .col-inner {\n  padding: 15px 0px 0px 0px;\n}\n<\/style>\n<\/div>\n\t\t<\/div>\n\n\t\t\n<style>\n#section_704097590 {\n  padding-top: 0px;\n  padding-bottom: 0px;\n  margin-bottom: 0px;\n}\n@media (min-width:550px) {\n  #section_704097590 {\n    padding-top: 10px;\n    padding-bottom: 10px;\n  }\n}\n<\/style>\n\t<\/section>\n\t\n","protected":false},"excerpt":{"rendered":"","protected":false},"author":5,"featured_media":0,"parent":0,"menu_order":0,"comment_status":"closed","ping_status":"closed","template":"page-blank.php","meta":{"footnotes":""},"class_list":["post-27008","page","type-page","status-publish","hentry"],"aioseo_notices":[],"_links":{"self":[{"href":"https:\/\/words-of-faith.org\/pl\/wp-json\/wp\/v2\/pages\/27008","targetHints":{"allow":["GET"]}}],"collection":[{"href":"https:\/\/words-of-faith.org\/pl\/wp-json\/wp\/v2\/pages"}],"about":[{"href":"https:\/\/words-of-faith.org\/pl\/wp-json\/wp\/v2\/types\/page"}],"author":[{"embeddable":true,"href":"https:\/\/words-of-faith.org\/pl\/wp-json\/wp\/v2\/users\/5"}],"replies":[{"embeddable":true,"href":"https:\/\/words-of-faith.org\/pl\/wp-json\/wp\/v2\/comments?post=27008"}],"version-history":[{"count":0,"href":"https:\/\/words-of-faith.org\/pl\/wp-json\/wp\/v2\/pages\/27008\/revisions"}],"wp:attachment":[{"href":"https:\/\/words-of-faith.org\/pl\/wp-json\/wp\/v2\/media?parent=27008"}],"curies":[{"name":"wp","href":"https:\/\/api.w.org\/{rel}","templated":true}]}}