{"id":10762,"date":"2020-05-14T20:00:25","date_gmt":"2020-05-14T18:00:25","guid":{"rendered":"https:\/\/aslaksen.bcc.no\/?page_id=10762"},"modified":"2020-08-21T12:04:58","modified_gmt":"2020-08-21T10:04:58","slug":"negar-se-a-si-mesmo","status":"publish","type":"page","link":"https:\/\/words-of-faith.org\/pt-pt\/bible-study\/tema-2\/negar-se-a-si-mesmo\/","title":{"rendered":"Negar-se a si mesmo"},"content":{"rendered":"\n\t<section class=\"section\" id=\"section_1350317140\">\n\t\t<div class=\"section-bg fill\" >\n\t\t\t\t\t\t\t\t\t\n\t\t\t\n\n\t\t<\/div>\n\n\t\t\n\n\t\t<div class=\"section-content relative\">\n\t\t\t\n<div class=\"row align-center\"  id=\"row-757110297\">\n\n\t<div id=\"col-1285566205\" class=\"col small-12 large-12\"  >\n\t\t\t\t<div class=\"col-inner\"  >\n\t\t\t\n\t\t\t\n<p class=\"breadcrumbs\"><a href=\"..\/\">Theme 2<\/a> \/ Messages<\/p>\n<h1>Negar-se a si mesmo<\/h1>\n<p class=\"article-date\">Taleutdrag fra januar 1973<\/p>\n<p class=\"article-author\">av Elias Aslaksen<\/p>\n\t\t<\/div>\n\t\t\t\t\t<\/div>\n\n\t\n\n<style>\n#row-757110297 > .col > .col-inner {\n  padding: 30px 0px 0px 0px;\n}\n<\/style>\n<\/div>\n<div class=\"row align-center audio\"  id=\"row-1579755242\">\n\n\t<div id=\"col-1925839463\" class=\"col small-12 large-12\"  >\n\t\t\t\t<div class=\"col-inner\"  >\n\t\t\t\n\t\t\t\n<!--[if lt IE 9]><script>document.createElement('audio');<\/script><![endif]-->\n<audio class=\"wp-audio-shortcode\" id=\"audio-10762-1\" preload=\"none\" style=\"width: 100%;\" controls=\"controls\"><source type=\"audio\/mpeg\" src=\"\/audio\/Tema%202\/por\/7_Negar%20se%20a%20si%20mesmo_POR.mp3?_=1\" \/><a href=\"\/audio\/Tema%202\/por\/7_Negar%20se%20a%20si%20mesmo_POR.mp3\">\/audio\/Tema%202\/por\/7_Negar%20se%20a%20si%20mesmo_POR.mp3<\/a><\/audio>\n<p class=\"click-to-listen\">Click to listen to the speech.<\/p>\n\t\t<\/div>\n\t\t\t\t\t<\/div>\n\n\t\n<\/div>\n<div class=\"row align-center article article-excerpt\"  id=\"row-383894109\">\n\n\t<div id=\"col-864689540\" class=\"col small-12 large-12\"  >\n\t\t\t\t<div class=\"col-inner text-left\"  >\n\t\t\t\n\t\t\t\n<p>Para iniciar, e geralmente para a maioria das pessoas, elas t\u00eam isso como a diversidade de muitas dificuldades \u2013 e \u00e9 assim e assim, e ele fez isso, aquele fez aquilo, ele fez isso e aquilo, \u00e9 que h\u00e1 tantas dificuldades. N\u00e3o \u00e9 verdade, absolutamente. Est\u00e1 completamente errado.<\/p>\n<p>E diz aqui nesta palavra.<br \/>Mas \u00e9 isso \u2013 a pessoa \u00e9 t\u00e3o superficial que por isso n\u00e3o consegue ver.<br \/>N\u00e3o est\u00e1 escrito que se algu\u00e9m quer vir at\u00e9 mim, ele tem que lidar com todas as dificuldades e todas as condi\u00e7\u00f5es \u2013 ele deve negar a si mesmo, isso \u00e9 glorioso.<\/p>\n<p>Existe apenas uma dificuldade sob o sol, h\u00e1 apenas um obst\u00e1culo sob o sol, h\u00e1 apenas um problema e \u00e9 o mais complexo, somos n\u00f3s mesmos. N\u00e3o poderia ser mais curto, f\u00e1cil e simples do que isso.<\/p>\n<p>E disso prov\u00e9m essa frase: que aquele que venceu a si mesmo, ele venceu todas as coisas. Ent\u00e3o, todo trabalho consiste nisso.<br \/>Os piores lamentam as dificuldades de todos os tipos e falam sobre suas doen\u00e7as tarde e cedo, e depois sobre outras pessoas.<\/p>\n<p>\u00c9 t\u00e3o dif\u00edcil, e \u00e9 t\u00e3o dif\u00edcil, ele fez isso assim e o outro fez assim e se isso n\u00e3o fosse assim comigo ent\u00e3o teria ido melhor comigo. Isso tudo \u00e9 mentira! Quando eu nego a mim mesmo, esse \u00e9 o caminho da vida, estou no caminho estreito, eu passei pela porta estreita, e l\u00e1 tenho o espa\u00e7o necess\u00e1rio, em um caminho estreito.<br \/>Esse caminho \u00e9 t\u00e3o vantajoso, \u00e9 t\u00e3o agrad\u00e1vel.<\/p>\n<p>L\u00e1 eu me livrei de tudo o que desejo e possuo, que devo cuidar e defender e assim por diante. N\u00e3o h\u00e1 problemas, n\u00e3o h\u00e1 complexos, n\u00e3o h\u00e1 dificuldades e nada complicado de qualquer tipo. E ent\u00e3o imagine tudo o que voc\u00ea pode se livrar; tudo o que n\u00e3o \u00e9 negado \u00e9 que impulsiona a loucura.<\/p>\n<p>Por exemplo, todo o dinheiro que eu n\u00e3o preciso, que \u00e9 apenas problemas e dificuldades, toda vez que se deve dar a coleta, qualquer que seja a coisa, h\u00e1 muitas dificuldades. E pense sobre cuidar sua pr\u00f3pria honra, sim, quase todo mundo, praticamente todos os crentes e a maioria dos amigos, eles est\u00e3o interessados \u200b\u200bno que as pessoas pensam e acham sobre eles e, portanto, n\u00e3o podem dar seu testemunho muitas vezes. Eles se perguntam o que pensam sobre eles. Por isso n\u00e3o podem se converter a Deus, eles se perguntam o que os parentes e colegas v\u00e3o pensar sobre eles. Cada um de n\u00f3s como seres humanos somos atenciosos, e essa \u00e9 toda a dificuldade. Na profundidade, e na amplitude, l\u00e1 nada \u00e9 esquecido. Essa \u00e9 a \u00fanica dificuldade debaixo do Sol. Eu mesmo, isso \u00e9 a minha vontade, \u00e9 meu desejo, meu gosto, tudo o que penso e quero dizer, sou eu mesmo. Eu nego a mim mesmo e de todo cora\u00e7\u00e3o sigo a palavra de Deus, ent\u00e3o estou passando pela porta e o caminho estreito, e \u00e9 t\u00e3o agrad\u00e1vel. L\u00e1 prospera o homem.<\/p>\n\t\t<\/div>\n\t\t\t\t\t<\/div>\n\n\t\n\n\t<div id=\"col-1665166879\" class=\"col copyright small-12 large-12\"  >\n\t\t\t\t<div class=\"col-inner text-left\"  >\n\t\t\t\n\t\t\t\n<div>\u00a9 Copyright Stiftelsen Skjulte Skatters Forlag<\/div>\n\t\t<\/div>\n\t\t\t\t\t<\/div>\n\n\t\n\n\t<div id=\"col-1513897061\" class=\"col small-12 large-12\"  >\n\t\t\t\t<div class=\"col-inner text-left\"  >\n\t\t\t\n\t\t\t\n<div><a href=\"#\" class=\"read-more\">consulte Mais informa\u00e7\u00e3o<\/a><\/div>\n\t\t<\/div>\n\t\t\t\t\t<\/div>\n\n\t\n\n\t<div id=\"col-2078309761\" class=\"col small-12 large-12\"  >\n\t\t\t\t<div class=\"col-inner text-left\"  >\n\t\t\t\n\t\t\t\n<p class=\"next-previous-message\"><a class=\"previous\" href=\"\/pt-pt\/bible-studies\/theme-2\/the-two-great-goals-in-a-christians-life\/\"><i class=\"icon-angle-left\"><\/i> Previous<\/a><a class=\"next\" href=\"\/pt-pt\/bible-studies\/theme-2\/i-have-been-crucified-with-christ\/\">Next <i class=\"icon-angle-right\"><\/i><\/a><\/p>\n\t\t<\/div>\n\t\t\t\t\t<\/div>\n\n\t\n<\/div>\n\t\t<\/div>\n\n\t\t\n<style>\n#section_1350317140 {\n  padding-top: 0px;\n  padding-bottom: 0px;\n  margin-bottom: 0px;\n}\n@media (min-width:550px) {\n  #section_1350317140 {\n    padding-top: 0px;\n    padding-bottom: 0px;\n  }\n}\n<\/style>\n\t<\/section>\n\t\n\n\t<section class=\"section food-for-thought\" id=\"section_1071996304\">\n\t\t<div class=\"section-bg fill\" >\n\t\t\t\t\t\t\t\t\t\n\t\t\t\n\n\t\t<\/div>\n\n\t\t\n\n\t\t<div class=\"section-content relative\">\n\t\t\t\n<div class=\"row align-center\"  id=\"row-1409527366\">\n\n\t<div id=\"col-1566902636\" class=\"col title small-12 large-12\"  >\n\t\t\t\t<div class=\"col-inner text-left dark\"  >\n\t\t\t\n\t\t\t\n<h2>Devotional<\/h2>\n\t\t<\/div>\n\t\t\t\t\t<\/div>\n\n\t\n\n\t<div id=\"col-2111824141\" class=\"col small-12 large-12\"  >\n\t\t\t\t<div class=\"col-inner dark\"  >\n\t\t\t\n\t\t\t\n<p>Na fala &#8220;Negar-se a si mesmo&#8221; Aslaksen diz que as circunstancias exteriores n\u00e3o s\u00e3o dificuldades, mas as dificuldades est\u00e3o em mim. Todos podemos encontrar coisas na vida que s\u00e3o muito pesadas. Porque Aslaksen diz que mesmo assim \u00e9 t\u00e3o agrad\u00e1vel no caminho estreito?<\/p>\n<p class='info'>You have to <a href='\/login\/'>log in<\/a> if you want to save your answer.<\/p>\n\t\t<\/div>\n\t\t\t\t\t<\/div>\n\n\t\n<\/div>\n\t\t<\/div>\n\n\t\t\n<style>\n#section_1071996304 {\n  padding-top: 30px;\n  padding-bottom: 30px;\n  background-color: rgb(73, 92, 94);\n}\n<\/style>\n\t<\/section>\n\t\n","protected":false},"excerpt":{"rendered":"","protected":false},"author":5,"featured_media":0,"parent":10119,"menu_order":0,"comment_status":"closed","ping_status":"closed","template":"page-blank.php","meta":{"footnotes":""},"class_list":["post-10762","page","type-page","status-publish","hentry"],"aioseo_notices":[],"_links":{"self":[{"href":"https:\/\/words-of-faith.org\/pt-pt\/wp-json\/wp\/v2\/pages\/10762","targetHints":{"allow":["GET"]}}],"collection":[{"href":"https:\/\/words-of-faith.org\/pt-pt\/wp-json\/wp\/v2\/pages"}],"about":[{"href":"https:\/\/words-of-faith.org\/pt-pt\/wp-json\/wp\/v2\/types\/page"}],"author":[{"embeddable":true,"href":"https:\/\/words-of-faith.org\/pt-pt\/wp-json\/wp\/v2\/users\/5"}],"replies":[{"embeddable":true,"href":"https:\/\/words-of-faith.org\/pt-pt\/wp-json\/wp\/v2\/comments?post=10762"}],"version-history":[{"count":0,"href":"https:\/\/words-of-faith.org\/pt-pt\/wp-json\/wp\/v2\/pages\/10762\/revisions"}],"up":[{"embeddable":true,"href":"https:\/\/words-of-faith.org\/pt-pt\/wp-json\/wp\/v2\/pages\/10119"}],"wp:attachment":[{"href":"https:\/\/words-of-faith.org\/pt-pt\/wp-json\/wp\/v2\/media?parent=10762"}],"curies":[{"name":"wp","href":"https:\/\/api.w.org\/{rel}","templated":true}]}}