{"id":11006,"date":"2020-05-14T20:00:23","date_gmt":"2020-05-14T18:00:23","guid":{"rendered":"https:\/\/aslaksen.bcc.no\/?page_id=11006"},"modified":"2020-08-21T12:09:06","modified_gmt":"2020-08-21T10:09:06","slug":"deixar-tudo","status":"publish","type":"page","link":"https:\/\/words-of-faith.org\/pt-pt\/bible-study\/tema-2\/deixar-tudo\/","title":{"rendered":"Deixar tudo"},"content":{"rendered":"\n\t<section class=\"section\" id=\"section_657330323\">\n\t\t<div class=\"section-bg fill\" >\n\t\t\t\t\t\t\t\t\t\n\t\t\t\n\n\t\t<\/div>\n\n\t\t\n\n\t\t<div class=\"section-content relative\">\n\t\t\t\n<div class=\"row align-center\"  id=\"row-1294746120\">\n\n\t<div id=\"col-99963677\" class=\"col small-12 large-12\"  >\n\t\t\t\t<div class=\"col-inner\"  >\n\t\t\t\n\t\t\t\n<p class=\"breadcrumbs\"><a href=\"..\/\">Theme 2<\/a> \/ Messages<\/p>\n<h1>Deixar tudo<\/h1>\n<p class=\"article-date\">Taleutdrag fra januar 1969<\/p>\n<p class=\"article-author\">av Elias Aslaksen<\/p>\n\t\t<\/div>\n\t\t\t\t\t<\/div>\n\n\t\n\n<style>\n#row-1294746120 > .col > .col-inner {\n  padding: 30px 0px 0px 0px;\n}\n<\/style>\n<\/div>\n<div class=\"row align-center audio\"  id=\"row-849230840\">\n\n\t<div id=\"col-1887295841\" class=\"col small-12 large-12\"  >\n\t\t\t\t<div class=\"col-inner\"  >\n\t\t\t\n\t\t\t\n<!--[if lt IE 9]><script>document.createElement('audio');<\/script><![endif]-->\n<audio class=\"wp-audio-shortcode\" id=\"audio-11006-1\" preload=\"none\" style=\"width: 100%;\" controls=\"controls\"><source type=\"audio\/mpeg\" src=\"\/audio\/Tema%202\/por\/10_Deixar%20tudo_POR.mp3?_=1\" \/><a href=\"\/audio\/Tema%202\/por\/10_Deixar%20tudo_POR.mp3\">\/audio\/Tema%202\/por\/10_Deixar%20tudo_POR.mp3<\/a><\/audio>\n<p class=\"click-to-listen\">Click to listen to the speech.<\/p>\n\t\t<\/div>\n\t\t\t\t\t<\/div>\n\n\t\n<\/div>\n<div class=\"row align-center article article-excerpt\"  id=\"row-1290800177\">\n\n\t<div id=\"col-271487569\" class=\"col small-12 large-12\"  >\n\t\t\t\t<div class=\"col-inner text-left\"  >\n\t\t\t\n\t\t\t\n<p>E aquele que n\u00e3o carrega sua cruz e me segue \u2013 isto \u00e9, carregar a cruz na qual eu mesmo serei pregado, ou seja, ajudar, simplesmente, com sua pr\u00f3pria crucifica\u00e7\u00e3o. Agora serei crucificado com Cristo, serei morto. E ent\u00e3o vou me entregar. Eu preciso muito querer, eu mesmo. Aquele que n\u00e3o carrega sua cruz e me segue, n\u00e3o pode ser meu disc\u00edpulo. Agora ele disse isso duas vezes. E ent\u00e3o vem o vers\u00edculo 33: Assim, nenhum de voc\u00eas pode ser meu disc\u00edpulo. \u00c9, portanto, seu convite para ser admitido em sua escola, depois de nos convertermos. Terceira vez \u2013 e assim est\u00e1 dito. Aqui est\u00e1 escrito totalmente diferente, completamente diferente, e o restante completa: Assim, nenhum de voc\u00eas \u2013 eram aqueles que vieram at\u00e9 ele e o seguiam \u2013 pode ser seu disc\u00edpulo, aluno ou ser admitido em sua escola \u2013 sem deixar tudo o que possui. TUDO. Tudo o que possui.<\/p>\n<p>&nbsp;<\/p>\n<p>Elias Aslaksen<\/p>\n<p>&nbsp;<\/p>\n\t\t<\/div>\n\t\t\t\t\t<\/div>\n\n\t\n\n\t<div id=\"col-1493850558\" class=\"col copyright small-12 large-12\"  >\n\t\t\t\t<div class=\"col-inner text-left\"  >\n\t\t\t\n\t\t\t\n<div>\u00a9 Copyright Stiftelsen Skjulte Skatters Forlag<\/div>\n\t\t<\/div>\n\t\t\t\t\t<\/div>\n\n\t\n\n\t<div id=\"col-48434157\" class=\"col small-12 large-12\"  >\n\t\t\t\t<div class=\"col-inner text-left\"  >\n\t\t\t\n\t\t\t\n<div><a href=\"#\" class=\"read-more\">consulte Mais informa\u00e7\u00e3o<\/a><\/div>\n\t\t<\/div>\n\t\t\t\t\t<\/div>\n\n\t\n\n\t<div id=\"col-532280013\" class=\"col small-12 large-12\"  >\n\t\t\t\t<div class=\"col-inner text-left\"  >\n\t\t\t\n\t\t\t\n<p class=\"next-previous-message\"><a class=\"previous\" href=\"\/pt-pt\/bible-studies\/theme-2\/it-is-no-longer-i-who-live\/\"><i class=\"icon-angle-left\"><\/i> Previous<\/a><a class=\"next\" href=\"\/pt-pt\/bible-studies\/theme-2\/taking-up-your-cross\/\">Next <i class=\"icon-angle-right\"><\/i><\/a><\/p>\n\t\t<\/div>\n\t\t\t\t\t<\/div>\n\n\t\n<\/div>\n\t\t<\/div>\n\n\t\t\n<style>\n#section_657330323 {\n  padding-top: 0px;\n  padding-bottom: 0px;\n  margin-bottom: 0px;\n}\n@media (min-width:550px) {\n  #section_657330323 {\n    padding-top: 0px;\n    padding-bottom: 0px;\n  }\n}\n<\/style>\n\t<\/section>\n\t\n\n\t<section class=\"section food-for-thought\" id=\"section_553921770\">\n\t\t<div class=\"section-bg fill\" >\n\t\t\t\t\t\t\t\t\t\n\t\t\t\n\n\t\t<\/div>\n\n\t\t\n\n\t\t<div class=\"section-content relative\">\n\t\t\t\n<div class=\"row align-center\"  id=\"row-264321284\">\n\n\t<div id=\"col-1450753375\" class=\"col title small-12 large-12\"  >\n\t\t\t\t<div class=\"col-inner text-left dark\"  >\n\t\t\t\n\t\t\t\n<h2>Devotional<\/h2>\n\t\t<\/div>\n\t\t\t\t\t<\/div>\n\n\t\n\n\t<div id=\"col-455653100\" class=\"col small-12 large-12\"  >\n\t\t\t\t<div class=\"col-inner dark\"  >\n\t\t\t\n\t\t\t\n<p>&#8220;Deixar tudo&#8221;: Qual \u00e9 a condi\u00e7\u00e3o para ser um aprendiz de Jesus, e o que quer dizer isso?<\/p>\n<p class='info'>You have to <a href='\/login\/'>log in<\/a> if you want to save your answer.<\/p>\n\t\t<\/div>\n\t\t\t\t\t<\/div>\n\n\t\n<\/div>\n\t\t<\/div>\n\n\t\t\n<style>\n#section_553921770 {\n  padding-top: 30px;\n  padding-bottom: 30px;\n  background-color: rgb(73, 92, 94);\n}\n<\/style>\n\t<\/section>\n\t\n","protected":false},"excerpt":{"rendered":"","protected":false},"author":5,"featured_media":0,"parent":10119,"menu_order":0,"comment_status":"closed","ping_status":"closed","template":"page-blank.php","meta":{"footnotes":""},"class_list":["post-11006","page","type-page","status-publish","hentry"],"aioseo_notices":[],"_links":{"self":[{"href":"https:\/\/words-of-faith.org\/pt-pt\/wp-json\/wp\/v2\/pages\/11006","targetHints":{"allow":["GET"]}}],"collection":[{"href":"https:\/\/words-of-faith.org\/pt-pt\/wp-json\/wp\/v2\/pages"}],"about":[{"href":"https:\/\/words-of-faith.org\/pt-pt\/wp-json\/wp\/v2\/types\/page"}],"author":[{"embeddable":true,"href":"https:\/\/words-of-faith.org\/pt-pt\/wp-json\/wp\/v2\/users\/5"}],"replies":[{"embeddable":true,"href":"https:\/\/words-of-faith.org\/pt-pt\/wp-json\/wp\/v2\/comments?post=11006"}],"version-history":[{"count":0,"href":"https:\/\/words-of-faith.org\/pt-pt\/wp-json\/wp\/v2\/pages\/11006\/revisions"}],"up":[{"embeddable":true,"href":"https:\/\/words-of-faith.org\/pt-pt\/wp-json\/wp\/v2\/pages\/10119"}],"wp:attachment":[{"href":"https:\/\/words-of-faith.org\/pt-pt\/wp-json\/wp\/v2\/media?parent=11006"}],"curies":[{"name":"wp","href":"https:\/\/api.w.org\/{rel}","templated":true}]}}