{"id":11024,"date":"2020-05-14T20:00:55","date_gmt":"2020-05-14T18:00:55","guid":{"rendered":"https:\/\/aslaksen.bcc.no\/?page_id=11024"},"modified":"2020-08-21T12:16:49","modified_gmt":"2020-08-21T10:16:49","slug":"tomar-a-sua-cruz","status":"publish","type":"page","link":"https:\/\/words-of-faith.org\/pt-pt\/bible-study\/tema-2\/tomar-a-sua-cruz\/","title":{"rendered":"Tomar a sua cruz"},"content":{"rendered":"\n\t<section class=\"section\" id=\"section_1560494705\">\n\t\t<div class=\"section-bg fill\" >\n\t\t\t\t\t\t\t\t\t\n\t\t\t\n\n\t\t<\/div>\n\n\t\t\n\n\t\t<div class=\"section-content relative\">\n\t\t\t\n<div class=\"row align-center\"  id=\"row-1255173993\">\n\n\t<div id=\"col-501217664\" class=\"col small-12 large-12\"  >\n\t\t\t\t<div class=\"col-inner\"  >\n\t\t\t\n\t\t\t\n<p class=\"breadcrumbs\"><a href=\"..\/\">Theme 2<\/a> \/ Messages<\/p>\n<h1>Tomar a sua cruz<\/h1>\n<p class=\"article-date\">Skjulte Skatter, publisert februar 1970<\/p>\n<p class=\"article-author\">av Elias Aslaksen<\/p>\n\t\t<\/div>\n\t\t\t\t\t<\/div>\n\n\t\n\n<style>\n#row-1255173993 > .col > .col-inner {\n  padding: 30px 0px 0px 0px;\n}\n<\/style>\n<\/div>\n<div class=\"row align-center audio\"  id=\"row-1890836654\">\n\n\t<div id=\"col-2138419156\" class=\"col small-12 large-12\"  >\n\t\t\t\t<div class=\"col-inner\"  >\n\t\t\t\n\t\t\t\n<!--[if lt IE 9]><script>document.createElement('audio');<\/script><![endif]-->\n<audio class=\"wp-audio-shortcode\" id=\"audio-11024-1\" preload=\"none\" style=\"width: 100%;\" controls=\"controls\"><source type=\"audio\/mpeg\" src=\"\/audio\/Tema%202\/por\/11_Tomar%20a%20sua%20cruz_POR.mp3?_=1\" \/><a href=\"\/audio\/Tema%202\/por\/11_Tomar%20a%20sua%20cruz_POR.mp3\">\/audio\/Tema%202\/por\/11_Tomar%20a%20sua%20cruz_POR.mp3<\/a><\/audio>\n<p class=\"click-to-listen\">Click to listen to the speech.<\/p>\n\t\t<\/div>\n\t\t\t\t\t<\/div>\n\n\t\n<\/div>\n<div class=\"row align-center article article-excerpt\"  id=\"row-1627124209\">\n\n\t<div id=\"col-822570308\" class=\"col small-12 large-12\"  >\n\t\t\t\t<div class=\"col-inner text-left\"  >\n\t\t\t\n\t\t\t\n<div id=\"chapter-element-2\" data-v-7f3df67e=\"\">\n<p>Carregar sua pr\u00f3pria cruz, isto \u00e9. Ajudar com sua pr\u00f3pria crucifica\u00e7\u00e3o. Minha, cruz \u00e9 todos que cruzam minha vontade, minha vontade humana, a vontade da carne.<\/p>\n<p>Se eu n\u00e3o tomar minha a cruz n\u00e3o sou digno de Cristo! E assim \u00e9 com muitos fi\u00e9is. Sim, assim eles andam, diz Paulo, como inimigos da cruz de Cristo, isto \u00e9, da cruz a qual deveriam levar e a qual sua vontade foi pregada.<\/p>\n<p>Em Gl. 5:24 encontramos essa seriedade da morte: \u201cE os que s\u00e3o de Cristo crucificaram a carne com suas paix\u00f5es e concupisc\u00eancia. \u2019\u2019Quem n\u00e3o fez isto e continuou de mesma maneira n\u00e3o \u00e9 digno! Eles n\u00e3o ser\u00e3o seus disc\u00edpulos!<\/p>\n<p>O mais maravilhoso de tudo foi que Jesus se ofereceu para ser crucificado e ainda ajudou! E a segunda coisa maravilhosa \u00e9 quando um homem se crucifica com ele, atrav\u00e9s da f\u00e9 e da obedi\u00eancia da f\u00e9, e na caminhada di\u00e1ria como um verdadeiro amigo da cruz na qual a vontade pr\u00f3pria \u00e9 pregada.<\/p>\n<p>Isso foi para o glorioso apostolo Paulo a \u00fanica coisa que ele queria louvar, e o melhor que ele conhecia! E a sua vida e ensinamentos mostram isso claramente!<\/p>\n<p>Portanto, n\u00e3o era apenas o fato por ele estar entusiasmado por essa teoria perfeita. N\u00e3o, ele viveu ao m\u00e1ximo e advertiu para segui-lo! Vamos fazer isso plenamente meus amados amigos!<\/p>\n<p>Ou\u00e7a o que ele diz: \u201cEu sou crucificado com Cristo logo n\u00e3o vivo, mas eu.\u2019\u2019Gl. 2:20. E: \u201cEst\u00e1 longe de mim vangloriar-se sem a cruz de nosso Senhor Jesus Cristo, pois por isso o mundo foi crucificado para mim e eu para o mundo. Gl. 6: 14.<\/p>\n<p>Ent\u00e3o foi para ele o maior de todos, o, mas maravilhoso de todos, o mais poderoso de todos e o segredo da maior felicidade que uma pessoa pode ter no estrangeiro!<\/p>\n<p>\u201cN\u00e3o seja feita a minha vontade, mas a tua!\u201d \u00c9, e ser\u00e1 a principal coisa de nossas vidas, sim, exatamente assim! Realmente n\u00e3o \u00e9 nenhum outro assunto! Lc. 11: 2 \u201cSeja feita a tua vontade assim na terra como no c\u00e9u!\u201d Onde age exatamente r\u00e1pido!<\/p>\n<p>E dizer para si mesmo que devemos chegar a isso: correr rapidamente e crucificar nossa pr\u00f3pria vontade, caso contr\u00e1rio a vontade de Deus n\u00e3o poder\u00e1 ser feito na terra como no c\u00e9u! \u2013<\/p>\n<p>Mas quem tem um objetivo t\u00e3o alto, em uma tal f\u00e9???<\/p>\n<p>E se ainda n\u00e3o tivermos isso, vamos acordar com seriedade agora, para que possamos alcan\u00e7ar esse objetivo, em uma f\u00e9 viva na ajuda extremamente poderosa de Deus para alcan\u00e7a-lo! Isso acontece!<\/p>\n<p>Acima de tudo o sono espiritual do irm\u00e3o,<\/p>\n<p>Elias Aslaksen<\/p>\n<\/div>\n\t\t<\/div>\n\t\t\t\t\t<\/div>\n\n\t\n\n\t<div id=\"col-1024534675\" class=\"col copyright small-12 large-12\"  >\n\t\t\t\t<div class=\"col-inner text-left\"  >\n\t\t\t\n\t\t\t\n<div>\u00a9 Copyright Stiftelsen Skjulte Skatters Forlag<\/div>\n\t\t<\/div>\n\t\t\t\t\t<\/div>\n\n\t\n\n\t<div id=\"col-1217946919\" class=\"col small-12 large-12\"  >\n\t\t\t\t<div class=\"col-inner text-left\"  >\n\t\t\t\n\t\t\t\n<div><a href=\"#\" class=\"read-more\">consulte Mais informa\u00e7\u00e3o<\/a><\/div>\n\t\t<\/div>\n\t\t\t\t\t<\/div>\n\n\t\n\n\t<div id=\"col-2005199169\" class=\"col small-12 large-12\"  >\n\t\t\t\t<div class=\"col-inner text-left\"  >\n\t\t\t\n\t\t\t\n<p class=\"next-previous-message\"><a class=\"previous\" href=\"\/pt-pt\/bible-studies\/theme-2\/give-up-everything\/\"><i class=\"icon-angle-left\"><\/i> Previous<\/a><a class=\"next\" href=\"\/pt-pt\/bible-studies\/theme-2\/the-two-great-goals-in-a-christians-life\/\">Next <i class=\"icon-angle-right\"><\/i><\/a><\/p>\n\t\t<\/div>\n\t\t\t\t\t<\/div>\n\n\t\n<\/div>\n\t\t<\/div>\n\n\t\t\n<style>\n#section_1560494705 {\n  padding-top: 0px;\n  padding-bottom: 0px;\n  margin-bottom: 0px;\n}\n@media (min-width:550px) {\n  #section_1560494705 {\n    padding-top: 0px;\n    padding-bottom: 0px;\n  }\n}\n<\/style>\n\t<\/section>\n\t\n\n\t<section class=\"section food-for-thought\" id=\"section_365525144\">\n\t\t<div class=\"section-bg fill\" >\n\t\t\t\t\t\t\t\t\t\n\t\t\t\n\n\t\t<\/div>\n\n\t\t\n\n\t\t<div class=\"section-content relative\">\n\t\t\t\n<div class=\"row align-center\"  id=\"row-1009011633\">\n\n\t<div id=\"col-1702503241\" class=\"col title small-12 large-12\"  >\n\t\t\t\t<div class=\"col-inner text-left dark\"  >\n\t\t\t\n\t\t\t\n<h2>Devotional<\/h2>\n\t\t<\/div>\n\t\t\t\t\t<\/div>\n\n\t\n\n\t<div id=\"col-1180057478\" class=\"col small-12 large-12\"  >\n\t\t\t\t<div class=\"col-inner dark\"  >\n\t\t\t\n\t\t\t\n<p>Se voc\u00ea pudesse fazer uma pergunta a Aslaksen depois de ter lido o artigo &#8220;Tomar sua cruz&#8221;, Qual seria?<\/p>\n<p class='info'>You have to <a href='\/login\/'>log in<\/a> if you want to save your answer.<\/p>\n\t\t<\/div>\n\t\t\t\t\t<\/div>\n\n\t\n<\/div>\n\t\t<\/div>\n\n\t\t\n<style>\n#section_365525144 {\n  padding-top: 30px;\n  padding-bottom: 30px;\n  background-color: rgb(73, 92, 94);\n}\n<\/style>\n\t<\/section>\n\t\n","protected":false},"excerpt":{"rendered":"","protected":false},"author":5,"featured_media":0,"parent":10119,"menu_order":0,"comment_status":"closed","ping_status":"closed","template":"page-blank.php","meta":{"footnotes":""},"class_list":["post-11024","page","type-page","status-publish","hentry"],"aioseo_notices":[],"_links":{"self":[{"href":"https:\/\/words-of-faith.org\/pt-pt\/wp-json\/wp\/v2\/pages\/11024","targetHints":{"allow":["GET"]}}],"collection":[{"href":"https:\/\/words-of-faith.org\/pt-pt\/wp-json\/wp\/v2\/pages"}],"about":[{"href":"https:\/\/words-of-faith.org\/pt-pt\/wp-json\/wp\/v2\/types\/page"}],"author":[{"embeddable":true,"href":"https:\/\/words-of-faith.org\/pt-pt\/wp-json\/wp\/v2\/users\/5"}],"replies":[{"embeddable":true,"href":"https:\/\/words-of-faith.org\/pt-pt\/wp-json\/wp\/v2\/comments?post=11024"}],"version-history":[{"count":0,"href":"https:\/\/words-of-faith.org\/pt-pt\/wp-json\/wp\/v2\/pages\/11024\/revisions"}],"up":[{"embeddable":true,"href":"https:\/\/words-of-faith.org\/pt-pt\/wp-json\/wp\/v2\/pages\/10119"}],"wp:attachment":[{"href":"https:\/\/words-of-faith.org\/pt-pt\/wp-json\/wp\/v2\/media?parent=11024"}],"curies":[{"name":"wp","href":"https:\/\/api.w.org\/{rel}","templated":true}]}}