{"id":11043,"date":"2020-05-14T20:00:14","date_gmt":"2020-05-14T18:00:14","guid":{"rendered":"https:\/\/aslaksen.bcc.no\/?page_id=11043"},"modified":"2020-08-21T12:20:24","modified_gmt":"2020-08-21T10:20:24","slug":"as-duas-grandes-metas-na-vida-do-cristao","status":"publish","type":"page","link":"https:\/\/words-of-faith.org\/pt-pt\/bible-study\/tema-2\/as-duas-grandes-metas-na-vida-do-cristao\/","title":{"rendered":"As duas grandes metas na vida do crist\u00e3o"},"content":{"rendered":"\n\t<section class=\"section\" id=\"section_1495400572\">\n\t\t<div class=\"section-bg fill\" >\n\t\t\t\t\t\t\t\t\t\n\t\t\t\n\n\t\t<\/div>\n\n\t\t\n\n\t\t<div class=\"section-content relative\">\n\t\t\t\n<div class=\"row align-center\"  id=\"row-1460418715\">\n\n\t<div id=\"col-543414509\" class=\"col small-12 large-12\"  >\n\t\t\t\t<div class=\"col-inner\"  >\n\t\t\t\n\t\t\t\n<p class=\"breadcrumbs\"><a href=\"..\/\">Theme 2<\/a> \/ Messages<\/p>\n<h1>As duas grandes metas na vida do crist\u00e3o<\/h1>\n<p class=\"article-date\">Skjulte Skatter, publisert november 1957<\/p>\n<p class=\"article-author\">av Elias Aslaksen<\/p>\n\t\t<\/div>\n\t\t\t\t\t<\/div>\n\n\t\n\n<style>\n#row-1460418715 > .col > .col-inner {\n  padding: 30px 0px 0px 0px;\n}\n<\/style>\n<\/div>\n<div class=\"row align-center audio\"  id=\"row-1981239261\">\n\n\t<div id=\"col-1830206977\" class=\"col small-12 large-12\"  >\n\t\t\t\t<div class=\"col-inner\"  >\n\t\t\t\n\t\t\t\n<!--[if lt IE 9]><script>document.createElement('audio');<\/script><![endif]-->\n<audio class=\"wp-audio-shortcode\" id=\"audio-11043-1\" preload=\"none\" style=\"width: 100%;\" controls=\"controls\"><source type=\"audio\/mpeg\" src=\"\/audio\/Tema%202\/por\/12_As%20duas%20grandes%20metas%20na%20vida%20do%20crist%C3%A3o_POR.mp3?_=1\" \/><a href=\"\/audio\/Tema%202\/por\/12_As%20duas%20grandes%20metas%20na%20vida%20do%20crist%C3%A3o_POR.mp3\">\/audio\/Tema%202\/por\/12_As%20duas%20grandes%20metas%20na%20vida%20do%20crist%C3%A3o_POR.mp3<\/a><\/audio>\n<p class=\"click-to-listen\">Click to listen to the speech.<\/p>\n\t\t<\/div>\n\t\t\t\t\t<\/div>\n\n\t\n<\/div>\n<div class=\"row align-center article article-excerpt\"  id=\"row-994985761\">\n\n\t<div id=\"col-1261733387\" class=\"col small-12 large-12\"  >\n\t\t\t\t<div class=\"col-inner text-left\"  >\n\t\t\t\n\t\t\t\n<div id=\"chapter-element-2\" data-v-7f3df67e=\"\">\n<p>&nbsp;<\/p>\n<p><strong>I. Sempre vencer sobre todo pecado consciente<\/strong><\/p>\n<p>Que Cristo morreu por nossos pecados, isso nos d\u00e1 a remiss\u00e3o de pecados quando cremos nisso, e quando perdoamos, n\u00f3s mesmos, de cora\u00e7\u00e3o, a todos os nossos devedores.<\/p>\n<p>&nbsp;A vit\u00f3ria sobre todo pecado consciente recebemos tamb\u00e9m pela f\u00e9, ou seja, crendo que nosso velho homem foi crucificado com Cristo. Rom. 6, 6 ou como expresso em Gal. 2, 20:<\/p>\n<p>\u201cJ\u00e1 estou crucificado com Cristo \u2026\u201d<\/p>\n<p>Na f\u00e9 e por meio dela, morremos para o pecar, de todo pecado consciente, de modo que \u2013 em vez de pecar \u2013 permanecemos como vitoriosos em todas as tenta\u00e7\u00f5es.<\/p>\n<p>Como \u00e9 maravilhoso poder sempre viver com uma boa consci\u00eancia para com Deus e as pessoas! \u2013 \u2013 \u2013<\/p>\n<p>Paulo escreve: \u201cGra\u00e7as, por\u00e9m a Deus, que, em Cristo, sempre nos faz triunfar \u2026\u201d 2 Cor. 2, 14.<\/p>\n<p>Infelizmente, por\u00e9m, a maioria das pessoas certamente n\u00e3o alcan\u00e7a esse objetivo glorioso em suas vidas. E isso tem suas duas boas raz\u00f5es definidas:<\/p>\n<p>&nbsp;<\/p>\n<ol>\n<li>Simplesmente n\u00e3o querem desistir de si mesmas e morrer com Cristo, e assim perdem a oportunidade de alcan\u00e7ar essa gloriosa vida de vit\u00f3ria.<\/li>\n<li><span style=\"color: #555555;\">certamente n\u00e3o se acredita que est\u00e1 crucificado com ele, nem pode vir a acreditar nisso quando o tempo todo de nenhuma maneira quer desistir de si mesmo. Deus n\u00e3o nos d\u00e1 f\u00e9 em algo em que n\u00f3s mesmos n\u00e3o queremos estar envolvidos.<\/span><\/li>\n<\/ol>\n<p>Se um realmente em verdade deseja seguir os passos de Jesus, ent\u00e3o esse receber\u00e1 tamb\u00e9m f\u00e9 para segui-lo. Gl\u00f3ria a Deus!<\/p>\n<p><strong>II.&nbsp;Aumentando a luz da vida, descobrindo e removendo o pecado inconsciente: crescimento no bem.<\/strong><\/p>\n<p>Por sua vez, isso \u00e9 o mesmo que aumentar a transforma\u00e7\u00e3o em nosso interior e o mesmo que aumentar a participa\u00e7\u00e3o na natureza divina.<\/p>\n<p>Aqui, para n\u00f3s, n\u00e3o h\u00e1 objetivo definido, mas possibilidades praticamente ilimitadas. O objetivo ent\u00e3o \u00e9: M\u00e1ximo de crescimento e transforma\u00e7\u00e3o poss\u00edvel!<\/p>\n<p>&nbsp;<\/p>\n<p>Pela mesma raz\u00e3o, \u00e9 ent\u00e3o que todos os frutos do Esp\u00edrito e todas as virtudes de Cristo s\u00e3o, no maior alcance e profundidade poss\u00edvel, que tenham um interesse vivo em todos os momentos. \u201cTamb\u00e9m n\u00f3s cremos; por isso, tamb\u00e9m falamos\u2019\u2019, diz Paulo. Falamos sobre o que cremos. Quando ent\u00e3o de todo o modo n\u00e3o se fala sobre isso, tem-se um motivo espec\u00edfico: voc\u00ea n\u00e3o acredita nisso.<\/p>\n<p>&nbsp;<\/p>\n<p>Tanto sobre o I quanto sobre o II podemos dizer: aqui desejos e sonhos n\u00e3o ajudam, nem mais ou menos tentativas de matem\u00e1tica. N\u00e3o \u2013 \u00e9 absolutamente in\u00fatil! A \u00fanica coisa que funciona, que deve trabalhar, \u00e9 uma f\u00e9 viva na obra de Deus e de Cristo, e na Palavra que fala de maneira muito clara, decisiva e eficaz, sim, que dificilmente fala de qualquer outra coisa. \u2013 Leia, pense e acredite!<\/p>\n<p>Elias Aslaksen.<\/p>\n<\/div>\n\t\t<\/div>\n\t\t\t\t\t<\/div>\n\n\t\n\n\t<div id=\"col-1085100435\" class=\"col copyright small-12 large-12\"  >\n\t\t\t\t<div class=\"col-inner text-left\"  >\n\t\t\t\n\t\t\t\n<div>\u00a9 Copyright Stiftelsen Skjulte Skatters Forlag<\/div>\n\t\t<\/div>\n\t\t\t\t\t<\/div>\n\n\t\n\n\t<div id=\"col-573761894\" class=\"col small-12 large-12\"  >\n\t\t\t\t<div class=\"col-inner text-left\"  >\n\t\t\t\n\t\t\t\n<div><a href=\"#\" class=\"read-more\">consulte Mais informa\u00e7\u00e3o<\/a><\/div>\n\t\t<\/div>\n\t\t\t\t\t<\/div>\n\n\t\n\n\t<div id=\"col-1738192116\" class=\"col small-12 large-12\"  >\n\t\t\t\t<div class=\"col-inner text-left\"  >\n\t\t\t\n\t\t\t\n<p class=\"next-previous-message\"><a class=\"previous\" href=\"\/pt-pt\/bible-studies\/theme-2\/taking-up-your-cross\/\"><i class=\"icon-angle-left\"><\/i> Previous<\/a><a class=\"next\" href=\"\/pt-pt\/bible-studies\/theme-2\/deny-oneself\/\">Next <i class=\"icon-angle-right\"><\/i><\/a><\/p>\n\t\t<\/div>\n\t\t\t\t\t<\/div>\n\n\t\n<\/div>\n\t\t<\/div>\n\n\t\t\n<style>\n#section_1495400572 {\n  padding-top: 0px;\n  padding-bottom: 0px;\n  margin-bottom: 0px;\n}\n@media (min-width:550px) {\n  #section_1495400572 {\n    padding-top: 0px;\n    padding-bottom: 0px;\n  }\n}\n<\/style>\n\t<\/section>\n\t\n\n\t<section class=\"section food-for-thought\" id=\"section_1978140412\">\n\t\t<div class=\"section-bg fill\" >\n\t\t\t\t\t\t\t\t\t\n\t\t\t\n\n\t\t<\/div>\n\n\t\t\n\n\t\t<div class=\"section-content relative\">\n\t\t\t\n<div class=\"row align-center\"  id=\"row-203412703\">\n\n\t<div id=\"col-1606083443\" class=\"col title small-12 large-12\"  >\n\t\t\t\t<div class=\"col-inner text-left dark\"  >\n\t\t\t\n\t\t\t\n<h2>Devotional<\/h2>\n\t\t<\/div>\n\t\t\t\t\t<\/div>\n\n\t\n\n\t<div id=\"col-1240239888\" class=\"col small-12 large-12\"  >\n\t\t\t\t<div class=\"col-inner dark\"  >\n\t\t\t\n\t\t\t\n<p>Anote todas as exorta\u00e7\u00f5es que Aslaksen escreve no artigo &#8220;As duas maiores metas na vida crist\u00e3&#8221;. Alguma delas fala especialmente a voc\u00ea?<\/p>\n<p class='info'>You have to <a href='\/login\/'>log in<\/a> if you want to save your answer.<\/p>\n\t\t<\/div>\n\t\t\t\t\t<\/div>\n\n\t\n<\/div>\n\t\t<\/div>\n\n\t\t\n<style>\n#section_1978140412 {\n  padding-top: 30px;\n  padding-bottom: 30px;\n  background-color: rgb(73, 92, 94);\n}\n<\/style>\n\t<\/section>\n\t\n","protected":false},"excerpt":{"rendered":"","protected":false},"author":5,"featured_media":0,"parent":10119,"menu_order":0,"comment_status":"closed","ping_status":"closed","template":"page-blank.php","meta":{"footnotes":""},"class_list":["post-11043","page","type-page","status-publish","hentry"],"aioseo_notices":[],"_links":{"self":[{"href":"https:\/\/words-of-faith.org\/pt-pt\/wp-json\/wp\/v2\/pages\/11043","targetHints":{"allow":["GET"]}}],"collection":[{"href":"https:\/\/words-of-faith.org\/pt-pt\/wp-json\/wp\/v2\/pages"}],"about":[{"href":"https:\/\/words-of-faith.org\/pt-pt\/wp-json\/wp\/v2\/types\/page"}],"author":[{"embeddable":true,"href":"https:\/\/words-of-faith.org\/pt-pt\/wp-json\/wp\/v2\/users\/5"}],"replies":[{"embeddable":true,"href":"https:\/\/words-of-faith.org\/pt-pt\/wp-json\/wp\/v2\/comments?post=11043"}],"version-history":[{"count":0,"href":"https:\/\/words-of-faith.org\/pt-pt\/wp-json\/wp\/v2\/pages\/11043\/revisions"}],"up":[{"embeddable":true,"href":"https:\/\/words-of-faith.org\/pt-pt\/wp-json\/wp\/v2\/pages\/10119"}],"wp:attachment":[{"href":"https:\/\/words-of-faith.org\/pt-pt\/wp-json\/wp\/v2\/media?parent=11043"}],"curies":[{"name":"wp","href":"https:\/\/api.w.org\/{rel}","templated":true}]}}