{"id":13347,"date":"2020-05-29T20:00:12","date_gmt":"2020-05-29T18:00:12","guid":{"rendered":"https:\/\/aslaksen.bcc.no\/?page_id=13347"},"modified":"2020-08-21T13:37:11","modified_gmt":"2020-08-21T11:37:11","slug":"acautelai-vos-dos-idolos","status":"publish","type":"page","link":"https:\/\/words-of-faith.org\/pt-pt\/bible-study\/tema-3\/acautelai-vos-dos-idolos\/","title":{"rendered":"Acautelai-vos dos \u00eddolos"},"content":{"rendered":"\n\t<section class=\"section\" id=\"section_1220925914\">\n\t\t<div class=\"section-bg fill\" >\n\t\t\t\t\t\t\t\t\t\n\t\t\t\n\n\t\t<\/div>\n\n\t\t\n\n\t\t<div class=\"section-content relative\">\n\t\t\t\n<div class=\"row align-center\"  id=\"row-1749991520\">\n\n\t<div id=\"col-1748344835\" class=\"col small-12 large-12\"  >\n\t\t\t\t<div class=\"col-inner\"  >\n\t\t\t\n\t\t\t\n<p class=\"breadcrumbs\"><a href=\"..\/\">Theme 3<\/a> \/ Messages<\/p>\n<h1>Acautelai-vos dos \u00eddolos<\/h1>\n<p class=\"article-date\">Tesouros Escondidos, publicado Fevereiro de 1991<\/p>\n<p class=\"article-author\">de Elias Aslaksen<\/p>\n\t\t<\/div>\n\t\t\t\t\t<\/div>\n\n\t\n\n<style>\n#row-1749991520 > .col > .col-inner {\n  padding: 30px 0px 0px 0px;\n}\n<\/style>\n<\/div>\n<div class=\"row align-center audio\"  id=\"row-379838668\">\n\n\t<div id=\"col-1108820234\" class=\"col small-12 large-12\"  >\n\t\t\t\t<div class=\"col-inner\"  >\n\t\t\t\n\t\t\t\n<!--[if lt IE 9]><script>document.createElement('audio');<\/script><![endif]-->\n<audio class=\"wp-audio-shortcode\" id=\"audio-13347-1\" preload=\"none\" style=\"width: 100%;\" controls=\"controls\"><source type=\"audio\/mpeg\" src=\"\/audio\/Tema%203\/POR\/15%20-%20Acautelai-vos%20dos%20%C3%ADdolos%20-%20POR.mp3?_=1\" \/><a href=\"\/audio\/Tema%203\/POR\/15%20-%20Acautelai-vos%20dos%20%C3%ADdolos%20-%20POR.mp3\">\/audio\/Tema%203\/POR\/15%20-%20Acautelai-vos%20dos%20%C3%ADdolos%20-%20POR.mp3<\/a><\/audio>\n<p class=\"click-to-listen\">Click to listen to the speech.<\/p>\n\t\t<\/div>\n\t\t\t\t\t<\/div>\n\n\t\n<\/div>\n<div class=\"row align-center article article-excerpt\"  id=\"row-1183460147\">\n\n\t<div id=\"col-1025189446\" class=\"col small-12 large-12\"  >\n\t\t\t\t<div class=\"col-inner text-left\"  >\n\t\t\t\n\t\t\t\n<p>No cap.2,15 temos uma express\u00e3o do que os \u00eddolos normalmente s\u00e3o: as coisas que est\u00e3o neste mundo! Isso est\u00e1 de acordo com a explica\u00e7\u00e3o do ap\u00f3stolo Paulo: avareza que \u00e9 a idolatria.<\/p>\n<p>&nbsp;<\/p>\n<p>Aquilo que estamos obcecados em ter, receber ou adquirir, isso, portanto, tamb\u00e9m s\u00e3o \u00eddolos. Temos tamb\u00e9m uma explica\u00e7\u00e3o mortalmente s\u00e9ria para essa idolatria em Fil. 3,18-19: \u201cO destino deles \u00e9 a perdi\u00e7\u00e3o, o deus deles \u00e9 o ventre, \u2026 s\u00f3 pensam nas coisas terrenas. \u201d<\/p>\n<p>&nbsp;<\/p>\n<p>Pode-se nesse grau amar e admirar boa comida que o ventre, ou seja, boa comida e muita comida, se tornam o deus de algu\u00e9m. Paulo muitas vezes lhes havia dito isto, e chorado de tristeza sobre isto, v. 18. E isso est\u00e1 de acordo com o que ele escreveu em Rom. 1,25: eles adoram a criatura ao inv\u00e9s do Criador! A maior parte do dinheiro vai para a idolatria! \u00c9 por isso que n\u00e3o \u00e9 poss\u00edvel amar o dinheiro enquanto se ama a Deus!<\/p>\n<p>&nbsp;<\/p>\n<p>O grande profeta Isa\u00edas tamb\u00e9m falou seriamente sobre isso! Isaias 2,21-22 e 3,16-24. No cap. 2,18 est\u00e1 assim: \u201cOs todos os \u00eddolos totalmente desaparecer\u00e3o. \u201d Ou seja, no dia em que a ira e o julgamento de Deus sobre tudo isso for revelado! (V.12) Mas agora o fato \u00e9 que Jesus veio com salva\u00e7\u00e3o completa de toda essa mis\u00e9ria comum!!<\/p>\n<p>&nbsp;<\/p>\n<p>Portanto, agora todos temos a oportunidade completa de destruir todo o tipo de idolatria em nossas vidas! Louvado seja o Senhor!<\/p>\n\t\t<\/div>\n\t\t\t\t\t<\/div>\n\n\t\n\n\t<div id=\"col-1382938371\" class=\"col copyright small-12 large-12\"  >\n\t\t\t\t<div class=\"col-inner text-left\"  >\n\t\t\t\n\t\t\t\n<div>\u00a9 Copyright Stiftelsen Skjulte Skatters Forlag<\/div>\n\t\t<\/div>\n\t\t\t\t\t<\/div>\n\n\t\n\n\t<div id=\"col-703613923\" class=\"col small-12 large-12\"  >\n\t\t\t\t<div class=\"col-inner text-left\"  >\n\t\t\t\n\t\t\t\n<div><a href=\"#\" class=\"read-more\">Leia mais<\/a><\/div>\n\t\t<\/div>\n\t\t\t\t\t<\/div>\n\n\t\n\n\t<div id=\"col-1460275133\" class=\"col small-12 large-12\"  >\n\t\t\t\t<div class=\"col-inner text-left\"  >\n\t\t\t\n\t\t\t\n<p class=\"next-previous-message\"><a class=\"previous\" href=\"\/pt-pt\/bible-studies\/theme-3\/the-fear-of-god\/\"><i class=\"icon-angle-left\"><\/i> Previous<\/a><a class=\"next\" href=\"\/pt-pt\/bible-studies\/theme-3\/do-gods-will\/\">Next <i class=\"icon-angle-right\"><\/i><\/a><\/p>\n\t\t<\/div>\n\t\t\t\t\t<\/div>\n\n\t\n<\/div>\n\t\t<\/div>\n\n\t\t\n<style>\n#section_1220925914 {\n  padding-top: 0px;\n  padding-bottom: 0px;\n  margin-bottom: 0px;\n}\n@media (min-width:550px) {\n  #section_1220925914 {\n    padding-top: 0px;\n    padding-bottom: 0px;\n  }\n}\n<\/style>\n\t<\/section>\n\t\n\n\t<section class=\"section food-for-thought\" id=\"section_375903755\">\n\t\t<div class=\"section-bg fill\" >\n\t\t\t\t\t\t\t\t\t\n\t\t\t\n\n\t\t<\/div>\n\n\t\t\n\n\t\t<div class=\"section-content relative\">\n\t\t\t\n<div class=\"row align-center\"  id=\"row-1237583276\">\n\n\t<div id=\"col-246052075\" class=\"col title small-12 large-12\"  >\n\t\t\t\t<div class=\"col-inner text-left dark\"  >\n\t\t\t\n\t\t\t\n<h2>Devotional<\/h2>\n\t\t<\/div>\n\t\t\t\t\t<\/div>\n\n\t\n\n\t<div id=\"col-1042480758\" class=\"col small-12 large-12\"  >\n\t\t\t\t<div class=\"col-inner dark\"  >\n\t\t\t\n\t\t\t\n<p>No fragmento &#8220;Acautelai-vos dos \u00eddolos&#8221; Aslaksen menciona distintos exemplos de \u00eddolos. Quando algo se torna um \u00eddolo para ti?<\/p>\n<p class='info'>You have to <a href='\/login\/'>log in<\/a> if you want to save your answer.<\/p>\n\t\t<\/div>\n\t\t\t\t\t<\/div>\n\n\t\n<\/div>\n\t\t<\/div>\n\n\t\t\n<style>\n#section_375903755 {\n  padding-top: 30px;\n  padding-bottom: 30px;\n  background-color: rgb(73, 92, 94);\n}\n<\/style>\n\t<\/section>\n\t\n","protected":false},"excerpt":{"rendered":"","protected":false},"author":5,"featured_media":0,"parent":12617,"menu_order":3,"comment_status":"closed","ping_status":"closed","template":"page-blank.php","meta":{"footnotes":""},"class_list":["post-13347","page","type-page","status-publish","hentry"],"aioseo_notices":[],"_links":{"self":[{"href":"https:\/\/words-of-faith.org\/pt-pt\/wp-json\/wp\/v2\/pages\/13347","targetHints":{"allow":["GET"]}}],"collection":[{"href":"https:\/\/words-of-faith.org\/pt-pt\/wp-json\/wp\/v2\/pages"}],"about":[{"href":"https:\/\/words-of-faith.org\/pt-pt\/wp-json\/wp\/v2\/types\/page"}],"author":[{"embeddable":true,"href":"https:\/\/words-of-faith.org\/pt-pt\/wp-json\/wp\/v2\/users\/5"}],"replies":[{"embeddable":true,"href":"https:\/\/words-of-faith.org\/pt-pt\/wp-json\/wp\/v2\/comments?post=13347"}],"version-history":[{"count":0,"href":"https:\/\/words-of-faith.org\/pt-pt\/wp-json\/wp\/v2\/pages\/13347\/revisions"}],"up":[{"embeddable":true,"href":"https:\/\/words-of-faith.org\/pt-pt\/wp-json\/wp\/v2\/pages\/12617"}],"wp:attachment":[{"href":"https:\/\/words-of-faith.org\/pt-pt\/wp-json\/wp\/v2\/media?parent=13347"}],"curies":[{"name":"wp","href":"https:\/\/api.w.org\/{rel}","templated":true}]}}