{"id":13366,"date":"2020-05-29T20:00:56","date_gmt":"2020-05-29T18:00:56","guid":{"rendered":"https:\/\/aslaksen.bcc.no\/?page_id=13366"},"modified":"2020-08-21T13:43:15","modified_gmt":"2020-08-21T11:43:15","slug":"fazer-a-vontade-de-deus-assim-como-acontece-no-ceu","status":"publish","type":"page","link":"https:\/\/words-of-faith.org\/pt-pt\/bible-study\/tema-3\/fazer-a-vontade-de-deus-assim-como-acontece-no-ceu\/","title":{"rendered":"Fazer a vontade de Deus assim como acontece no c\u00e9u"},"content":{"rendered":"\n\t<section class=\"section\" id=\"section_1842276261\">\n\t\t<div class=\"section-bg fill\" >\n\t\t\t\t\t\t\t\t\t\n\t\t\t\n\n\t\t<\/div>\n\n\t\t\n\n\t\t<div class=\"section-content relative\">\n\t\t\t\n<div class=\"row align-center\"  id=\"row-271723344\">\n\n\t<div id=\"col-479856639\" class=\"col small-12 large-12\"  >\n\t\t\t\t<div class=\"col-inner\"  >\n\t\t\t\n\t\t\t\n<p class=\"breadcrumbs\"><a href=\"..\/\">Theme 3<\/a> \/ Messages<\/p>\n<h1>Fazer a vontade de Deus assim como acontece no c\u00e9u<\/h1>\n<p class=\"article-date\">Fragmento da fala de Janeiro 1965<\/p>\n<p class=\"article-author\">de Elias Aslaksen<\/p>\n\t\t<\/div>\n\t\t\t\t\t<\/div>\n\n\t\n\n<style>\n#row-271723344 > .col > .col-inner {\n  padding: 30px 0px 0px 0px;\n}\n<\/style>\n<\/div>\n<div class=\"row align-center audio\"  id=\"row-1188629137\">\n\n\t<div id=\"col-61673829\" class=\"col small-12 large-12\"  >\n\t\t\t\t<div class=\"col-inner\"  >\n\t\t\t\n\t\t\t\n<!--[if lt IE 9]><script>document.createElement('audio');<\/script><![endif]-->\n<audio class=\"wp-audio-shortcode\" id=\"audio-13366-1\" preload=\"none\" style=\"width: 100%;\" controls=\"controls\"><source type=\"audio\/mpeg\" src=\"\/audio\/Tema%203\/POR\/16%20T%20-%20Fazer%20a%20vontade%20de%20Deus%20assim%20como%20ela%20%C3%A9%20feita%20no%20c%C3%A9u%20-%20POR.mp3?_=1\" \/><a href=\"\/audio\/Tema%203\/POR\/16%20T%20-%20Fazer%20a%20vontade%20de%20Deus%20assim%20como%20ela%20%C3%A9%20feita%20no%20c%C3%A9u%20-%20POR.mp3\">\/audio\/Tema%203\/POR\/16%20T%20-%20Fazer%20a%20vontade%20de%20Deus%20assim%20como%20ela%20%C3%A9%20feita%20no%20c%C3%A9u%20-%20POR.mp3<\/a><\/audio>\n<p class=\"click-to-listen\">Click to listen to the speech.<\/p>\n\t\t<\/div>\n\t\t\t\t\t<\/div>\n\n\t\n<\/div>\n<div class=\"row align-center article article-excerpt\"  id=\"row-389691894\">\n\n\t<div id=\"col-578961919\" class=\"col small-12 large-12\"  >\n\t\t\t\t<div class=\"col-inner text-left\"  >\n\t\t\t\n\t\t\t\n<p>N\u00f3s pobres miser\u00e1veis aqui nesse mundo mau com uma carne na qual n\u00e3o habita bem algum, com uma forte vontade pr\u00f3pria, fortes paix\u00f5es e opini\u00f5es. Ser salvo em um grau assim que a vontade de Deus pode ser feita na nossa vida, que n\u00f3s pessoalmente \u2013 cada um de n\u00f3s \u2013 Faz a vontade de Deus assim como ela \u00e9 feita no c\u00e9u. E os que est\u00e3o no c\u00e9u n\u00e3o tem uma vontade pr\u00f3pria para negar, mas isso n\u00f3s temos! Ainda fazer a vontade de Deus como ela acontece no c\u00e9u. Sim, quem acredita que j\u00e1 fez isso? E se pergunt\u00e1ssemos a cada um e se eles acham que est\u00e3o fazendo a vontade de Deus? Ent\u00e3o acho que a maioria iria refletir um pouco, eu acho. E se voc\u00ea pertence aos poucos, e diria \u201csim\u201d sem pensar, ent\u00e3o ainda assim seria necess\u00e1ria uma pergunta adicional, assim que voc\u00ea ficasse de acordo com essa palavra que diz: voc\u00ea acha que fez assim como ela acontece no c\u00e9u? Toda a vontade de Deus \u00e9 feita por ti assim na terra como ela \u00e9 feita no c\u00e9u? Ent\u00e3o podemos perguntar, como ela acontece no c\u00e9u? Sim, isso \u00e9 o mais f\u00e1cil de responder de tudo. Ou melhor dizendo, \u00e9 a \u00fanica coisa que \u00e9 f\u00e1cil de responder. N\u00e3o precisa de muito para entender isso. Mas n\u00e3o \u00e9 certo que n\u00f3s refletimos um pouco mais sobre isso, e por isso isto tamb\u00e9m n\u00e3o obra algo mais. Por isso eu estou feliz por poder falar sobre isto agora, para que isso possa ter um efeito maior. Obrar mais. No c\u00e9u obviamente a vontade de Deus \u00e9 feita de uma vez. Ela n\u00e3o \u00e9 primeiro falada e depois feita. Ela \u00e9 feita de uma vez!<\/p>\n\t\t<\/div>\n\t\t\t\t\t<\/div>\n\n\t\n\n\t<div id=\"col-1362324957\" class=\"col copyright small-12 large-12\"  >\n\t\t\t\t<div class=\"col-inner text-left\"  >\n\t\t\t\n\t\t\t\n<div>\u00a9 Copyright Stiftelsen Skjulte Skatters Forlag<\/div>\n\t\t<\/div>\n\t\t\t\t\t<\/div>\n\n\t\n\n\t<div id=\"col-927955494\" class=\"col small-12 large-12\"  >\n\t\t\t\t<div class=\"col-inner text-left\"  >\n\t\t\t\n\t\t\t\n<div><a href=\"#\" class=\"read-more\">Leia mais<\/a><\/div>\n\t\t<\/div>\n\t\t\t\t\t<\/div>\n\n\t\n\n\t<div id=\"col-1649609433\" class=\"col small-12 large-12\"  >\n\t\t\t\t<div class=\"col-inner text-left\"  >\n\t\t\t\n\t\t\t\n<p class=\"next-previous-message\"><a class=\"previous\" href=\"\/pt-pt\/bible-studies\/theme-3\/keep-yourselves-from-idols\/\"><i class=\"icon-angle-left\"><\/i> Previous<\/a><a class=\"next\" href=\"\/pt-pt\/bible-studies\/theme-3\/commit-your-souls-to-the-faithful-creator\/\">Next <i class=\"icon-angle-right\"><\/i><\/a><\/p>\n\t\t<\/div>\n\t\t\t\t\t<\/div>\n\n\t\n<\/div>\n\t\t<\/div>\n\n\t\t\n<style>\n#section_1842276261 {\n  padding-top: 0px;\n  padding-bottom: 0px;\n  margin-bottom: 0px;\n}\n@media (min-width:550px) {\n  #section_1842276261 {\n    padding-top: 0px;\n    padding-bottom: 0px;\n  }\n}\n<\/style>\n\t<\/section>\n\t\n\n\t<section class=\"section food-for-thought\" id=\"section_1835978710\">\n\t\t<div class=\"section-bg fill\" >\n\t\t\t\t\t\t\t\t\t\n\t\t\t\n\n\t\t<\/div>\n\n\t\t\n\n\t\t<div class=\"section-content relative\">\n\t\t\t\n<div class=\"row align-center\"  id=\"row-618986707\">\n\n\t<div id=\"col-772957394\" class=\"col title small-12 large-12\"  >\n\t\t\t\t<div class=\"col-inner text-left dark\"  >\n\t\t\t\n\t\t\t\n<h2>Devotional<\/h2>\n\t\t<\/div>\n\t\t\t\t\t<\/div>\n\n\t\n\n\t<div id=\"col-1534535310\" class=\"col small-12 large-12\"  >\n\t\t\t\t<div class=\"col-inner dark\"  >\n\t\t\t\n\t\t\t\n<p>>Ou\u00e7a a fala &#8220;Fazer a vontade de Deus&#8221;: Anote algo concreto que foi a vontade de Deus hoje. Pense sobre como esta pode ser feita aqui na terra como acontece no c\u00e9u.<\/p>\n<p class='info'>You have to <a href='\/login\/'>log in<\/a> if you want to save your answer.<\/p>\n\t\t<\/div>\n\t\t\t\t\t<\/div>\n\n\t\n<\/div>\n\t\t<\/div>\n\n\t\t\n<style>\n#section_1835978710 {\n  padding-top: 30px;\n  padding-bottom: 30px;\n  background-color: rgb(73, 92, 94);\n}\n<\/style>\n\t<\/section>\n\t\n","protected":false},"excerpt":{"rendered":"","protected":false},"author":5,"featured_media":0,"parent":12617,"menu_order":4,"comment_status":"closed","ping_status":"closed","template":"page-blank.php","meta":{"footnotes":""},"class_list":["post-13366","page","type-page","status-publish","hentry"],"aioseo_notices":[],"_links":{"self":[{"href":"https:\/\/words-of-faith.org\/pt-pt\/wp-json\/wp\/v2\/pages\/13366","targetHints":{"allow":["GET"]}}],"collection":[{"href":"https:\/\/words-of-faith.org\/pt-pt\/wp-json\/wp\/v2\/pages"}],"about":[{"href":"https:\/\/words-of-faith.org\/pt-pt\/wp-json\/wp\/v2\/types\/page"}],"author":[{"embeddable":true,"href":"https:\/\/words-of-faith.org\/pt-pt\/wp-json\/wp\/v2\/users\/5"}],"replies":[{"embeddable":true,"href":"https:\/\/words-of-faith.org\/pt-pt\/wp-json\/wp\/v2\/comments?post=13366"}],"version-history":[{"count":0,"href":"https:\/\/words-of-faith.org\/pt-pt\/wp-json\/wp\/v2\/pages\/13366\/revisions"}],"up":[{"embeddable":true,"href":"https:\/\/words-of-faith.org\/pt-pt\/wp-json\/wp\/v2\/pages\/12617"}],"wp:attachment":[{"href":"https:\/\/words-of-faith.org\/pt-pt\/wp-json\/wp\/v2\/media?parent=13366"}],"curies":[{"name":"wp","href":"https:\/\/api.w.org\/{rel}","templated":true}]}}