{"id":13402,"date":"2020-05-29T20:00:10","date_gmt":"2020-05-29T18:00:10","guid":{"rendered":"https:\/\/aslaksen.bcc.no\/?page_id=13402"},"modified":"2020-08-21T13:50:17","modified_gmt":"2020-08-21T11:50:17","slug":"voce-e-amado-e-deve-retribuir-o-amor","status":"publish","type":"page","link":"https:\/\/words-of-faith.org\/pt-pt\/bible-study\/tema-3\/voce-e-amado-e-deve-retribuir-o-amor\/","title":{"rendered":"Voc\u00ea \u00e9 amado e deve retribuir o amor"},"content":{"rendered":"\n\t<section class=\"section\" id=\"section_1796997582\">\n\t\t<div class=\"section-bg fill\" >\n\t\t\t\t\t\t\t\t\t\n\t\t\t\n\n\t\t<\/div>\n\n\t\t\n\n\t\t<div class=\"section-content relative\">\n\t\t\t\n<div class=\"row align-center\"  id=\"row-1367606219\">\n\n\t<div id=\"col-114771946\" class=\"col small-12 large-12\"  >\n\t\t\t\t<div class=\"col-inner\"  >\n\t\t\t\n\t\t\t\n<p class=\"breadcrumbs\"><a href=\"..\/\">Theme 3<\/a> \/ Messages<\/p>\n<h1>Voc\u00ea \u00e9 amado e deve retribuir o amor<\/h1>\n<p class=\"article-date\">Tesouros Escondidos, publicado Abril de 1938<\/p>\n<p class=\"article-author\">de Elias Aslaksen<\/p>\n\t\t<\/div>\n\t\t\t\t\t<\/div>\n\n\t\n\n<style>\n#row-1367606219 > .col > .col-inner {\n  padding: 30px 0px 0px 0px;\n}\n<\/style>\n<\/div>\n<div class=\"row align-center audio\"  id=\"row-874501893\">\n\n\t<div id=\"col-845629482\" class=\"col small-12 large-12\"  >\n\t\t\t\t<div class=\"col-inner\"  >\n\t\t\t\n\t\t\t\n<!--[if lt IE 9]><script>document.createElement('audio');<\/script><![endif]-->\n<audio class=\"wp-audio-shortcode\" id=\"audio-13402-1\" preload=\"none\" style=\"width: 100%;\" controls=\"controls\"><source type=\"audio\/mpeg\" src=\"\/audio\/Tema%203\/POR\/18%20T%20-%20Voc%C3%AA%20%C3%A9%20amado%20e%20deve%20retribuir%20-%20POR.mp3?_=1\" \/><a href=\"\/audio\/Tema%203\/POR\/18%20T%20-%20Voc%C3%AA%20%C3%A9%20amado%20e%20deve%20retribuir%20-%20POR.mp3\">\/audio\/Tema%203\/POR\/18%20T%20-%20Voc%C3%AA%20%C3%A9%20amado%20e%20deve%20retribuir%20-%20POR.mp3<\/a><\/audio>\n<p class=\"click-to-listen\">Click to listen to the speech.<\/p>\n\t\t<\/div>\n\t\t\t\t\t<\/div>\n\n\t\n<\/div>\n<div class=\"row align-center article article-excerpt\"  id=\"row-1627410136\">\n\n\t<div id=\"col-1021090126\" class=\"col small-12 large-12\"  >\n\t\t\t\t<div class=\"col-inner text-left\"  >\n\t\t\t\n\t\t\t\n<p>Cristianismo, arrependimento, salva\u00e7\u00e3o, o evangelho \u2013 o que \u00e9 isso tudo ? O que Deus quer conosco? Sobre o que se trata? ? ?<\/p>\n<p>Se trata de 2 coisas:<\/p>\n<p>A primeira \u00e9\u2026.<\/p>\n<p>\u201cNisso Deus nos amou,\u201d&nbsp;<\/p>\n<p>\u201cEnt\u00e3o Deus amou o mundo de tal maneira que Ele deu. . . \u201c<\/p>\n<p>Jo. 3, 16.<\/p>\n<p>Segundo:&nbsp; Que n\u00f3s retribu\u00edmos o amor :<\/p>\n<p>\u201cN\u00f3s o amamos porque ele nos amou primeiro.\u201d<\/p>\n<ol>\n<li>Jo.&nbsp; 4, 19.<\/li>\n<\/ol>\n<p>Ser\u00e1 que n\u00e3o se trata de outro assunto tamb\u00e9m ? N\u00e3o, n\u00e3o! Sobre mais nada! Todo o resto \u00e9 uma consequ\u00eancia inevit\u00e1vel disso! Quem nos ama com grande e puro amor? Jesus Cristo. Ele provou isso fortemente. Quem retribui o amor? Certamente todo aquele que se conscientizou desse exaltado amor de Cristo.<\/p>\n<p>Pois Deus te ama, com amor perfeito, h\u00e1 apenas uma coisa que ele quer com voc\u00ea, e isso \u00e9 fazer o bem a voc\u00ea. Esse \u00e9 o \u00fanico pensamento e plano que ele tem com voc\u00ea. Nada pior que isso!<\/p>\n<p>Quando um homem naturalmente ama uma mulher e, portanto, far\u00e1 bem a ela, dar\u00e1 presentes, etc., e ela gosta da pessoa e do ser dele, ent\u00e3o ela o ama em retribui\u00e7\u00e3o e&nbsp;fica incrivelmente feliz enquanto vive nesse mundo, por todo&nbsp; tempo que esse amor persistir.&nbsp; E, no entanto, essa felicidade \u00e9 uma bagatela, se&nbsp; compararmos este amor em rela\u00e7\u00e3o&nbsp; ao amor que surge, por ser e permanecer amado por Deus atrav\u00e9s de seu amoroso e perfeito Filho Jesus Cristo, e por am\u00e1-lo em retribui\u00e7\u00e3o! Por qu\u00ea?<\/p>\n<p>Porque o amor dele \u00e9 muito maior! Porque ele \u00e9 muito mais rico e poderoso! E acima de tudo, porque seu ser, sua personalidade, sua mentalidade s\u00e3o infinitamente melhores, mais nobres e mais gloriosas em todos os aspectos!<\/p>\n<p>Imagine ser amado por ele! ! ! ? ? ?<\/p>\n<p>Que boa sorte! Que grandeza! Qual oportunidade ! N\u00e3o \u00e9 de se admirar que o evangelho \u00e9 chamado de A BOA NOVA !<\/p>\n<p>Quem \u00e9 voc\u00ea, querida alma, para dizer \u201cn\u00e3o, a isso? \u00c9 algo&nbsp; que voc\u00ea deveria rejeitar? Que voc\u00ea preferiria rejeitar a Ele ? Ele deu a vida por voc\u00ea, sofreu por voc\u00ea, expiou todos os seus pecados, abriu um caminho para sair de todos os pecados e maldi\u00e7\u00f5es, para que voc\u00ea possa ter a oportunidade de caminhar andar nele! \u201cPorque tamb\u00e9m Cristo sofreu pelos pecados, um justo pelos injustos, para nos levar a Deus\u201d. 1. Pe.3, 18.<\/p>\n<p>Confesse seu pecado e ele te perdoa tudo! 1. Joh. 1, 9.<\/p>\n<p>Ore por poder e Ele te fortalecer\u00e1! Ele te d\u00e1 f\u00e9, amor, esp\u00edrito e poder, para fazer o que \u00e9 certo e bom aos seus olhos, e voc\u00ea se torna&nbsp; perfeitamente feliz, sempre feliz! Voc\u00ea obt\u00e9m tudo o que precisa para poder resolver seus neg\u00f3cios, confessar e fazer o bem novamente a quem&nbsp; fez mal. \u2013<\/p>\n<p>Voc\u00ea obt\u00e9m tudo o que precisa daquele que \u00e9 rico em poder e bondade, e que o ama, para poder fazer o que n\u00e3o pode, ou seja, fazer o bem e deixar de fazer o mal.<\/p>\n<p>Tenha amor por ele! Ele te ama! Diga \u201csim\u201d a ele! Ame a Ele novamente! Ent\u00e3o voc\u00ea experimentar\u00e1 que o amor indescritivelmente grande dele lhe trar\u00e1 felicidade e gl\u00f3ria inimagin\u00e1veis \u200b\u200be inconfund\u00edveis em seu cora\u00e7\u00e3o.<\/p>\n<p>Nada \u00e9 melhor do que amar e ser amado novamente! Especialmente quando \u00e9 uma pessoa assim que nos ama, e que amamos tamb\u00e9m! N\u00e3o diga \u201cn\u00e3o\u201d a ele! Jesus est\u00e1 chamando voc\u00ea agora. <\/p>\n\t\t<\/div>\n\t\t\t\t\t<\/div>\n\n\t\n\n\t<div id=\"col-633485016\" class=\"col copyright small-12 large-12\"  >\n\t\t\t\t<div class=\"col-inner text-left\"  >\n\t\t\t\n\t\t\t\n<div>\u00a9 Copyright Stiftelsen Skjulte Skatters Forlag<\/div>\n\t\t<\/div>\n\t\t\t\t\t<\/div>\n\n\t\n\n\t<div id=\"col-379280341\" class=\"col small-12 large-12\"  >\n\t\t\t\t<div class=\"col-inner text-left\"  >\n\t\t\t\n\t\t\t\n<div><a href=\"#\" class=\"read-more\">Leia mais<\/a><\/div>\n\t\t<\/div>\n\t\t\t\t\t<\/div>\n\n\t\n\n\t<div id=\"col-1302199612\" class=\"col small-12 large-12\"  >\n\t\t\t\t<div class=\"col-inner text-left\"  >\n\t\t\t\n\t\t\t\n<p class=\"next-previous-message\"><a class=\"previous\" href=\"\/pt-pt\/bible-studies\/theme-3\/commit-your-souls-to-the-faithful-creator\/\"><i class=\"icon-angle-left\"><\/i> Previous<\/a><a class=\"next\" href=\"\/pt-pt\/bible-studies\/theme-3\/judge-not\/\">Next <i class=\"icon-angle-right\"><\/i><\/a><\/p>\n\t\t<\/div>\n\t\t\t\t\t<\/div>\n\n\t\n<\/div>\n\t\t<\/div>\n\n\t\t\n<style>\n#section_1796997582 {\n  padding-top: 0px;\n  padding-bottom: 0px;\n  margin-bottom: 0px;\n}\n@media (min-width:550px) {\n  #section_1796997582 {\n    padding-top: 0px;\n    padding-bottom: 0px;\n  }\n}\n<\/style>\n\t<\/section>\n\t\n\n\t<section class=\"section food-for-thought\" id=\"section_152450747\">\n\t\t<div class=\"section-bg fill\" >\n\t\t\t\t\t\t\t\t\t\n\t\t\t\n\n\t\t<\/div>\n\n\t\t\n\n\t\t<div class=\"section-content relative\">\n\t\t\t\n<div class=\"row align-center\"  id=\"row-986113762\">\n\n\t<div id=\"col-1994294350\" class=\"col title small-12 large-12\"  >\n\t\t\t\t<div class=\"col-inner text-left dark\"  >\n\t\t\t\n\t\t\t\n<h2>Devotional<\/h2>\n\t\t<\/div>\n\t\t\t\t\t<\/div>\n\n\t\n\n\t<div id=\"col-970535665\" class=\"col small-12 large-12\"  >\n\t\t\t\t<div class=\"col-inner dark\"  >\n\t\t\t\n\t\t\t\n<p>Leia\/ou\u00e7a o fragmento: &#8220;Voc\u00ea \u00e9 amado e deve retribuir o amor&#8221;. O que significa para ti amar a Jesus novamente? Anote alguns pontos concretos.<\/p>\n<p class='info'>You have to <a href='\/login\/'>log in<\/a> if you want to save your answer.<\/p>\n\t\t<\/div>\n\t\t\t\t\t<\/div>\n\n\t\n<\/div>\n\t\t<\/div>\n\n\t\t\n<style>\n#section_152450747 {\n  padding-top: 30px;\n  padding-bottom: 30px;\n  background-color: rgb(73, 92, 94);\n}\n<\/style>\n\t<\/section>\n\t\n","protected":false},"excerpt":{"rendered":"","protected":false},"author":5,"featured_media":0,"parent":12617,"menu_order":6,"comment_status":"closed","ping_status":"closed","template":"page-blank.php","meta":{"footnotes":""},"class_list":["post-13402","page","type-page","status-publish","hentry"],"aioseo_notices":[],"_links":{"self":[{"href":"https:\/\/words-of-faith.org\/pt-pt\/wp-json\/wp\/v2\/pages\/13402","targetHints":{"allow":["GET"]}}],"collection":[{"href":"https:\/\/words-of-faith.org\/pt-pt\/wp-json\/wp\/v2\/pages"}],"about":[{"href":"https:\/\/words-of-faith.org\/pt-pt\/wp-json\/wp\/v2\/types\/page"}],"author":[{"embeddable":true,"href":"https:\/\/words-of-faith.org\/pt-pt\/wp-json\/wp\/v2\/users\/5"}],"replies":[{"embeddable":true,"href":"https:\/\/words-of-faith.org\/pt-pt\/wp-json\/wp\/v2\/comments?post=13402"}],"version-history":[{"count":0,"href":"https:\/\/words-of-faith.org\/pt-pt\/wp-json\/wp\/v2\/pages\/13402\/revisions"}],"up":[{"embeddable":true,"href":"https:\/\/words-of-faith.org\/pt-pt\/wp-json\/wp\/v2\/pages\/12617"}],"wp:attachment":[{"href":"https:\/\/words-of-faith.org\/pt-pt\/wp-json\/wp\/v2\/media?parent=13402"}],"curies":[{"name":"wp","href":"https:\/\/api.w.org\/{rel}","templated":true}]}}