{"id":15433,"date":"2020-06-10T19:27:17","date_gmt":"2020-06-10T17:27:17","guid":{"rendered":"https:\/\/aslaksen.bcc.no\/?page_id=15433"},"modified":"2020-08-21T13:54:28","modified_gmt":"2020-08-21T11:54:28","slug":"a-humildade-e-tudo","status":"publish","type":"page","link":"https:\/\/words-of-faith.org\/pt-pt\/bible-study\/tema-4\/a-humildade-e-tudo\/","title":{"rendered":"A humildade \u00e9 tudo"},"content":{"rendered":"\n\t<section class=\"section\" id=\"section_103078623\">\n\t\t<div class=\"section-bg fill\" >\n\t\t\t\t\t\t\t\t\t\n\t\t\t\n\n\t\t<\/div>\n\n\t\t\n\n\t\t<div class=\"section-content relative\">\n\t\t\t\n<div class=\"row align-center\"  id=\"row-555200070\">\n\n\t<div id=\"col-1001709068\" class=\"col small-12 large-12\"  >\n\t\t\t\t<div class=\"col-inner\"  >\n\t\t\t\n\t\t\t\n<p class=\"breadcrumbs\"><a href=\"..\/\">Theme 4<\/a> \/ Messages<\/p>\n<h1>A humildade \u00e9 tudo<\/h1>\n<p class=\"article-date\">Fragmento da fala de Janeiro de 1976<\/p>\n<p class=\"article-author\">de Elias Aslaksen<\/p>\n\t\t<\/div>\n\t\t\t\t\t<\/div>\n\n\t\n\n<style>\n#row-555200070 > .col > .col-inner {\n  padding: 30px 0px 0px 0px;\n}\n<\/style>\n<\/div>\n<div class=\"row align-center audio\"  id=\"row-95398801\">\n\n\t<div id=\"col-1871692282\" class=\"col small-12 large-12\"  >\n\t\t\t\t<div class=\"col-inner\"  >\n\t\t\t\n\t\t\t\n<!--[if lt IE 9]><script>document.createElement('audio');<\/script><![endif]-->\n<audio class=\"wp-audio-shortcode\" id=\"audio-15433-1\" preload=\"none\" style=\"width: 100%;\" controls=\"controls\"><source type=\"audio\/mpeg\" src=\"\/audio\/Tema%204\/POR\/19%20T%20-%20Humildade%20%C3%A9%20tudo_POR.mp3?_=1\" \/><a href=\"\/audio\/Tema%204\/POR\/19%20T%20-%20Humildade%20%C3%A9%20tudo_POR.mp3\">\/audio\/Tema%204\/POR\/19%20T%20-%20Humildade%20%C3%A9%20tudo_POR.mp3<\/a><\/audio>\n<p class=\"click-to-listen\">Click to listen to the speech.<\/p>\n\t\t<\/div>\n\t\t\t\t\t<\/div>\n\n\t\n<\/div>\n<div class=\"row align-center article article-excerpt\"  id=\"row-486193334\">\n\n\t<div id=\"col-734507399\" class=\"col small-12 large-12\"  >\n\t\t\t\t<div class=\"col-inner text-left\"  >\n\t\t\t\n\t\t\t\n<p>Deus d\u00e1 gra\u00e7a aos humildes. Ent\u00e3o \u00e9 completamente indiferente, pode escrever isso, \u00e9 completamente indiferente o que todos os outros fazem. Porque isso \u00e9 t\u00e3o claro quanto o sol, que a salva\u00e7\u00e3o \u00e9 um neg\u00f3cio pessoal entre Deus e cada um. Nenhuma pessoa pode entrar no meio. \u00c9 uma rela\u00e7\u00e3o direta entre Deus e cada pessoa em particular. Nenhuma outra pessoa pode entrar no meio dessa rela\u00e7\u00e3o. Eu acredito que voc\u00eas entendem isso. Eu espero que voc\u00eas entendem o que eu digo. Deus d\u00e1 gra\u00e7a ao humilde. Quem pode impedir isso ent\u00e3o? Quem pode ser um empecilho? \u00c9 atrav\u00e9s da Sua gra\u00e7a que d\u00e1 certo, a gra\u00e7a ent\u00e3o significa ajuda. N\u00f3s temos duas express\u00f5es para gra\u00e7a; uma \u00e9 \u201cser agraciado\u201d e outra \u00e9 gra\u00e7a. Ser agraciado \u2013 isso \u00e9 reden\u00e7\u00e3o e perd\u00e3o dos pecados. Isto \u00e9 ser agraciado. E gra\u00e7a \u2013 isso \u00e9 ajuda. Ajuda poderosa! Isso \u00e9 receber verdadeira luz e verdadeira vida, receber vit\u00f3ria, ir de luz em luz e de vit\u00f3ria em vit\u00f3ria e de gl\u00f3ria em gl\u00f3ria. Isto fazemos atrav\u00e9s da Lei da humildade. Ent\u00e3o h\u00e1 um outro pensamento tolo: atrav\u00e9s de uma forma de mod\u00e9stia, pode-se pensar sobre si mesmo que \u2013 eu sou um miser\u00e1vel extremamente grande, eu n\u00e3o vou dar em nada. Isso \u00e9 100% mentira. H\u00e1 igualmente esperan\u00e7a para os maiores, para o maior pecador da terra. N\u00e3o se trata do que n\u00f3s fomos. A pergunta \u00e9 qu\u00e3o humilde n\u00f3s somos e permanecemos, e o que n\u00f3s nos tornamos atrav\u00e9s disso. Pois \u00e9 atrav\u00e9s disso que n\u00f3s nos tornamos algo em verdade. E isso acontece no milimetricamente. Deus \u00e9 extremamente justo. Nenhuma acep\u00e7\u00e3o de pessoas. E \u00e9 a mesma coisa se \u00e9 um ne\u00f3fito ou um anci\u00e3o ou quem quer que seja. Isso \u00e9 completamente indiferente. Todos s\u00e3o iguais para a lei. N\u00e3o existe exce\u00e7\u00e3o para acep\u00e7\u00e3o de pessoas. Por isso tamb\u00e9m pode acontecer que vai relativamente bem com algu\u00e9m, mas ent\u00e3o isso sobe pela cabe\u00e7a, e ent\u00e3o pode estragar a pessoa, estragar completamente. E vai parar fora. N\u00f3s temos que escolher in\u00fameras vezes cada dia, centenas, milhares de vezes. Tudo \u00e9 consequ\u00eancia de humildade ou do contr\u00e1rio.&nbsp; &nbsp;&nbsp;&nbsp;&nbsp;&nbsp;&nbsp;&nbsp;&nbsp;&nbsp;<\/p>\n\t\t<\/div>\n\t\t\t\t\t<\/div>\n\n\t\n\n\t<div id=\"col-1504395291\" class=\"col copyright small-12 large-12\"  >\n\t\t\t\t<div class=\"col-inner text-left\"  >\n\t\t\t\n\t\t\t\n<div>\u00a9 Copyright Stiftelsen Skjulte Skatters Forlag<\/div>\n\t\t<\/div>\n\t\t\t\t\t<\/div>\n\n\t\n\n\t<div id=\"col-1783156922\" class=\"col small-12 large-12\"  >\n\t\t\t\t<div class=\"col-inner text-left\"  >\n\t\t\t\n\t\t\t\n<div><a href=\"#\" class=\"read-more\">Leia mais<\/a><\/div>\n\t\t<\/div>\n\t\t\t\t\t<\/div>\n\n\t\n\n\t<div id=\"col-1297209252\" class=\"col small-12 large-12\"  >\n\t\t\t\t<div class=\"col-inner text-left\"  >\n\t\t\t\n\t\t\t\n<p class=\"next-previous-message\"><a class=\"previous\" href=\"\/pt-pt\/bible-studies\/theme-4\/the-abundant-and-sure-grace-of-david\/\"><i class=\"icon-angle-left\"><\/i> Previous<\/a><a class=\"next\" href=\"\/pt-pt\/bible-studies\/theme-4\/the-fundamental-law-of-a-godly-life\/\">Next <i class=\"icon-angle-right\"><\/i><\/a><\/p>\n\t\t<\/div>\n\t\t\t\t\t<\/div>\n\n\t\n<\/div>\n\t\t<\/div>\n\n\t\t\n<style>\n#section_103078623 {\n  padding-top: 0px;\n  padding-bottom: 0px;\n  margin-bottom: 0px;\n}\n@media (min-width:550px) {\n  #section_103078623 {\n    padding-top: 0px;\n    padding-bottom: 0px;\n  }\n}\n<\/style>\n\t<\/section>\n\t\n\n\t<section class=\"section food-for-thought\" id=\"section_1451058797\">\n\t\t<div class=\"section-bg fill\" >\n\t\t\t\t\t\t\t\t\t\n\t\t\t\n\n\t\t<\/div>\n\n\t\t\n\n\t\t<div class=\"section-content relative\">\n\t\t\t\n<div class=\"row align-center\"  id=\"row-1005322260\">\n\n\t<div id=\"col-1810533138\" class=\"col title small-12 large-12\"  >\n\t\t\t\t<div class=\"col-inner text-left dark\"  >\n\t\t\t\n\t\t\t\n<h2>Devotional<\/h2>\n\t\t<\/div>\n\t\t\t\t\t<\/div>\n\n\t\n\n\t<div id=\"col-1418303626\" class=\"col small-12 large-12\"  >\n\t\t\t\t<div class=\"col-inner dark\"  >\n\t\t\t\n\t\t\t\n<p>Na fala &#8220;A humildade \u00e9 tudo&#8221;, Aslaksen disse que um pesamento como &#8220;Sou um coitado; de mim n\u00e3o sair\u00e1 nada bom&#8221;, \u00e9 mentira. Porque isto, segundo Aslaksen?<\/p>\n<p class='info'>You have to <a href='\/login\/'>log in<\/a> if you want to save your answer.<\/p>\n\t\t<\/div>\n\t\t\t\t\t<\/div>\n\n\t\n<\/div>\n\t\t<\/div>\n\n\t\t\n<style>\n#section_1451058797 {\n  padding-top: 30px;\n  padding-bottom: 30px;\n  background-color: rgb(73, 92, 94);\n}\n<\/style>\n\t<\/section>\n\t\n","protected":false},"excerpt":{"rendered":"","protected":false},"author":5,"featured_media":0,"parent":15413,"menu_order":1,"comment_status":"closed","ping_status":"closed","template":"page-blank.php","meta":{"footnotes":""},"class_list":["post-15433","page","type-page","status-publish","hentry"],"aioseo_notices":[],"_links":{"self":[{"href":"https:\/\/words-of-faith.org\/pt-pt\/wp-json\/wp\/v2\/pages\/15433","targetHints":{"allow":["GET"]}}],"collection":[{"href":"https:\/\/words-of-faith.org\/pt-pt\/wp-json\/wp\/v2\/pages"}],"about":[{"href":"https:\/\/words-of-faith.org\/pt-pt\/wp-json\/wp\/v2\/types\/page"}],"author":[{"embeddable":true,"href":"https:\/\/words-of-faith.org\/pt-pt\/wp-json\/wp\/v2\/users\/5"}],"replies":[{"embeddable":true,"href":"https:\/\/words-of-faith.org\/pt-pt\/wp-json\/wp\/v2\/comments?post=15433"}],"version-history":[{"count":0,"href":"https:\/\/words-of-faith.org\/pt-pt\/wp-json\/wp\/v2\/pages\/15433\/revisions"}],"up":[{"embeddable":true,"href":"https:\/\/words-of-faith.org\/pt-pt\/wp-json\/wp\/v2\/pages\/15413"}],"wp:attachment":[{"href":"https:\/\/words-of-faith.org\/pt-pt\/wp-json\/wp\/v2\/media?parent=15433"}],"curies":[{"name":"wp","href":"https:\/\/api.w.org\/{rel}","templated":true}]}}