{"id":15523,"date":"2020-06-10T19:43:04","date_gmt":"2020-06-10T17:43:04","guid":{"rendered":"https:\/\/aslaksen.bcc.no\/?page_id=15523"},"modified":"2020-08-21T14:11:16","modified_gmt":"2020-08-21T12:11:16","slug":"a-rica-e-sabia-graca-de-davi","status":"publish","type":"page","link":"https:\/\/words-of-faith.org\/pt-pt\/bible-study\/tema-4\/a-rica-e-sabia-graca-de-davi\/","title":{"rendered":"&#8220;A rica e s\u00e1bia gra\u00e7a de Davi&#8221;"},"content":{"rendered":"\n\t<section class=\"section\" id=\"section_381485627\">\n\t\t<div class=\"section-bg fill\" >\n\t\t\t\t\t\t\t\t\t\n\t\t\t\n\n\t\t<\/div>\n\n\t\t\n\n\t\t<div class=\"section-content relative\">\n\t\t\t\n<div class=\"row align-center\"  id=\"row-819835081\">\n\n\t<div id=\"col-1667532602\" class=\"col small-12 large-12\"  >\n\t\t\t\t<div class=\"col-inner\"  >\n\t\t\t\n\t\t\t\n<p class=\"breadcrumbs\"><a href=\"..\/\">Theme 4<\/a> \/ Messages<\/p>\n<h1>\u201cA rica e s\u00e1bia gra\u00e7a de Davi\u201d<\/h1>\n<p class=\"article-date\">Tesouros Escondidos, publicado Abril de 1985<\/p>\n<p class=\"article-author\">de Elias Aslaksen<\/p>\n\t\t<\/div>\n\t\t\t\t\t<\/div>\n\n\t\n\n<style>\n#row-819835081 > .col > .col-inner {\n  padding: 30px 0px 0px 0px;\n}\n<\/style>\n<\/div>\n<div class=\"row align-center audio\"  id=\"row-1610335218\">\n\n\t<div id=\"col-1592111111\" class=\"col small-12 large-12\"  >\n\t\t\t\t<div class=\"col-inner\"  >\n\t\t\t\n\t\t\t\n<!--[if lt IE 9]><script>document.createElement('audio');<\/script><![endif]-->\n<audio class=\"wp-audio-shortcode\" id=\"audio-15523-1\" preload=\"none\" style=\"width: 100%;\" controls=\"controls\"><source type=\"audio\/mpeg\" src=\"\/audio\/Tema%204\/POR\/24_A%20rica%20e%20s%C3%A1bia%20gra%C3%A7a%20de%20Davi_POR.mp3?_=1\" \/><a href=\"\/audio\/Tema%204\/POR\/24_A%20rica%20e%20s%C3%A1bia%20gra%C3%A7a%20de%20Davi_POR.mp3\">\/audio\/Tema%204\/POR\/24_A%20rica%20e%20s%C3%A1bia%20gra%C3%A7a%20de%20Davi_POR.mp3<\/a><\/audio>\n<p class=\"click-to-listen\">Click to listen to the speech.<\/p>\n\t\t<\/div>\n\t\t\t\t\t<\/div>\n\n\t\n<\/div>\n<div class=\"row align-center article article-excerpt\"  id=\"row-361159903\">\n\n\t<div id=\"col-1191061659\" class=\"col small-12 large-12\"  >\n\t\t\t\t<div class=\"col-inner text-left\"  >\n\t\t\t\n\t\t\t\n<p>Portanto h\u00e1 duas coisas importantes sobre essa gra\u00e7a, que incrivelmente se chama a gra\u00e7a de Davi, a grande gra\u00e7a que Davi recebeu, aquela que foi capaz de fazer dele um homem segundo o cora\u00e7\u00e3o de Deus. \u00c9 claro que \u00e9 necess\u00e1rio acontecer algo colossal para alcan\u00e7ar isso!<\/p>\n<p>E toda a gra\u00e7a ativa que temos a oportunidade de receber agora no tempo da nova alian\u00e7a, afinal, \u00e9 maior e mais eficaz do que a que se poderia obter no antigo pacto!<\/p>\n<p>Mas \u2013 absolutamente necess\u00e1rio\u2013 absolutamente sem exce\u00e7\u00f5es \u2013 de acordo com Pedro e Tiago \u2013 s\u00f3 podemos receber essa gra\u00e7a se formos verdadeiramente humildes, e somente na medida que formos humildes.<\/p>\n<p>Isso \u00e9 certo e verdadeiro em todos os sentidos! Sim, \u00e9 o mais seguro e protegido de todos! E \u00e9 t\u00e3o certo que Deus tem o orgulhoso como advers\u00e1rio, quanto que o humilde recebe gra\u00e7a. Essa \u00e9 a lei natural de vida, tanto espiritual quanto humana. \u00c9 a verdadeira raz\u00e3o para toda exalta\u00e7\u00e3o e toda humilha\u00e7\u00e3o, de acordo com as pr\u00f3prias palavras de Jesus. \u201cAquele que a si mesmo se exaltar, ser\u00e1 humilhado, e aquele que a si mesmo se humilhar ser\u00e1 exaltado\u201d. \u201cSim, mesmo que voc\u00ea n\u00e3o deseje isso. Pois essa \u00e9 a firme decis\u00e3o de Deus de acordo com seu pr\u00f3prio ser divino.<\/p>\n<p>Portanto recebemos a gra\u00e7a t\u00e3o rica e diversa quando somos humildes! E com a mesma propor\u00e7\u00e3o que n\u00f3s somos humildes certa e verdadeiramente, em espirito e verdade; que temos humildade e n\u00e3o um substituto para humildade. \u2013<\/p>\n<p>Existem v\u00e1rias caracter\u00edsticas de humildade, o humilde n\u00e3o se op\u00f5e, ou se explica, ou protesta, ou resiste, ou d\u00favida, ou hesita em obedecer a palavra de Deus e seus superiores neste mundo, tanto no local de trabalho quanto na vida familiar. Ent\u00e3o voc\u00ea tamb\u00e9m voluntariamente se deixa ser advertido e repreendido. \u2013 O humilde \u00e9 capaz de ficar quieto, sem abrir a boca para comentar sobre isso e aquilo, dar sugest\u00f5es, e para falar sobre algo que realmente n\u00e3o sabe, pois deseja descer. Sim, o humilde aproveita a oportunidade para manter-se l\u00e1, porque l\u00e1 h\u00e1 paz sem fim. \u2013<\/p>\n<p>Acima de tudo humildemente evita julgar e criticar seu pr\u00f3ximo, porque todo aquele que faz isso se exaltou e se sentou em uma cadeira judicial. Onde est\u00e3o os ju\u00edzes.  \u2013 Se voc\u00ea faz isso ent\u00e3o voc\u00ea est\u00e1 t\u00e3o longe da humildade assim como o Oriente est\u00e1 do Ocidente, e t\u00e3o distante est\u00e1 a verdadeira gra\u00e7a de Deus de qualquer pessoa assim!<\/p>\n<p>Enquanto voc\u00ea \u00e9 humilde, voc\u00ea tem uma vida assegurada! Deus \u00e9 gracioso, piedoso, misericordioso, com todas as pessoas, exceto os orgulhosos, arrogantes, egoc\u00eantricos, e exaltados, pois estes Deus tem por advers\u00e1rio! Miser\u00e1veis pessoas!<\/p>\n\t\t<\/div>\n\t\t\t\t\t<\/div>\n\n\t\n\n\t<div id=\"col-2076001790\" class=\"col copyright small-12 large-12\"  >\n\t\t\t\t<div class=\"col-inner text-left\"  >\n\t\t\t\n\t\t\t\n<div>\u00a9 Copyright Stiftelsen Skjulte Skatters Forlag<\/div>\n\t\t<\/div>\n\t\t\t\t\t<\/div>\n\n\t\n\n\t<div id=\"col-539935880\" class=\"col small-12 large-12\"  >\n\t\t\t\t<div class=\"col-inner text-left\"  >\n\t\t\t\n\t\t\t\n<div><a href=\"#\" class=\"read-more\">Leia mais<\/a><\/div>\n\t\t<\/div>\n\t\t\t\t\t<\/div>\n\n\t\n\n\t<div id=\"col-802959329\" class=\"col small-12 large-12\"  >\n\t\t\t\t<div class=\"col-inner text-left\"  >\n\t\t\t\n\t\t\t\n<p class=\"next-previous-message\"><a class=\"previous\" href=\"\/pt-pt\/bible-studies\/theme-4\/gods-method-of-working\/\"><i class=\"icon-angle-left\"><\/i> Previous<\/a><a class=\"next\" href=\"\/pt-pt\/bible-studies\/theme-4\/humility-is-everything\/\">Next <i class=\"icon-angle-right\"><\/i><\/a><\/p>\n\t\t<\/div>\n\t\t\t\t\t<\/div>\n\n\t\n<\/div>\n\t\t<\/div>\n\n\t\t\n<style>\n#section_381485627 {\n  padding-top: 0px;\n  padding-bottom: 0px;\n  margin-bottom: 0px;\n}\n@media (min-width:550px) {\n  #section_381485627 {\n    padding-top: 0px;\n    padding-bottom: 0px;\n  }\n}\n<\/style>\n\t<\/section>\n\t\n\n\t<section class=\"section food-for-thought\" id=\"section_1895154971\">\n\t\t<div class=\"section-bg fill\" >\n\t\t\t\t\t\t\t\t\t\n\t\t\t\n\n\t\t<\/div>\n\n\t\t\n\n\t\t<div class=\"section-content relative\">\n\t\t\t\n<div class=\"row align-center\"  id=\"row-599443058\">\n\n\t<div id=\"col-704005242\" class=\"col title small-12 large-12\"  >\n\t\t\t\t<div class=\"col-inner text-left dark\"  >\n\t\t\t\n\t\t\t\n<h2>Devotional<\/h2>\n\t\t<\/div>\n\t\t\t\t\t<\/div>\n\n\t\n\n\t<div id=\"col-946148116\" class=\"col small-12 large-12\"  >\n\t\t\t\t<div class=\"col-inner dark\"  >\n\t\t\t\n\t\t\t\n<p>No fragmento &#8220;A rica e s\u00e1bia gra\u00e7a de Davi&#8221;, esta bem claro  que Deus resiste aos soberbos mas d\u00e1 gra\u00e7a aos humildes. Porque voc\u00ea acha que isto \u00e9 assim? Voc\u00ea pode pensar em um exemplo do dia a dia onde Deus d\u00e1 gra\u00e7a aos humildes?<\/p>\n<p class='info'>You have to <a href='\/login\/'>log in<\/a> if you want to save your answer.<\/p>\n\t\t<\/div>\n\t\t\t\t\t<\/div>\n\n\t\n<\/div>\n\t\t<\/div>\n\n\t\t\n<style>\n#section_1895154971 {\n  padding-top: 30px;\n  padding-bottom: 30px;\n  background-color: rgb(73, 92, 94);\n}\n<\/style>\n\t<\/section>\n\t\n","protected":false},"excerpt":{"rendered":"","protected":false},"author":5,"featured_media":0,"parent":15413,"menu_order":6,"comment_status":"closed","ping_status":"closed","template":"page-blank.php","meta":{"footnotes":""},"class_list":["post-15523","page","type-page","status-publish","hentry"],"aioseo_notices":[],"_links":{"self":[{"href":"https:\/\/words-of-faith.org\/pt-pt\/wp-json\/wp\/v2\/pages\/15523","targetHints":{"allow":["GET"]}}],"collection":[{"href":"https:\/\/words-of-faith.org\/pt-pt\/wp-json\/wp\/v2\/pages"}],"about":[{"href":"https:\/\/words-of-faith.org\/pt-pt\/wp-json\/wp\/v2\/types\/page"}],"author":[{"embeddable":true,"href":"https:\/\/words-of-faith.org\/pt-pt\/wp-json\/wp\/v2\/users\/5"}],"replies":[{"embeddable":true,"href":"https:\/\/words-of-faith.org\/pt-pt\/wp-json\/wp\/v2\/comments?post=15523"}],"version-history":[{"count":0,"href":"https:\/\/words-of-faith.org\/pt-pt\/wp-json\/wp\/v2\/pages\/15523\/revisions"}],"up":[{"embeddable":true,"href":"https:\/\/words-of-faith.org\/pt-pt\/wp-json\/wp\/v2\/pages\/15413"}],"wp:attachment":[{"href":"https:\/\/words-of-faith.org\/pt-pt\/wp-json\/wp\/v2\/media?parent=15523"}],"curies":[{"name":"wp","href":"https:\/\/api.w.org\/{rel}","templated":true}]}}