{"id":18351,"date":"2020-07-21T10:16:11","date_gmt":"2020-07-21T08:16:11","guid":{"rendered":"https:\/\/aslaksen.bcc.no\/?page_id=18351"},"modified":"2020-08-21T11:35:39","modified_gmt":"2020-08-21T09:35:39","slug":"creia-no-deus-dos-milagres","status":"publish","type":"page","link":"https:\/\/words-of-faith.org\/pt-pt\/bible-study\/tema-1\/creia-no-deus-dos-milagres\/","title":{"rendered":"Creia no Deus dos milagres"},"content":{"rendered":"\n\t<section class=\"section\" id=\"section_629664492\">\n\t\t<div class=\"section-bg fill\" >\n\t\t\t\t\t\t\t\t\t\n\t\t\t\n\n\t\t<\/div>\n\n\t\t\n\n\t\t<div class=\"section-content relative\">\n\t\t\t\n<div class=\"row align-center\"  id=\"row-1538584729\">\n\n\t<div id=\"col-1866330143\" class=\"col small-12 large-12\"  >\n\t\t\t\t<div class=\"col-inner\"  >\n\t\t\t\n\t\t\t\n<p class=\"breadcrumbs\"><a href=\"..\/\">Theme 1<\/a> \/ Messages<\/p>\n<h1>\u201c\u2026 eu j\u00e1 n\u00e3o vivo mais.\u201d<\/h1>\n<p class=\"article-date\">Skjulte Skatter, publisert februar 1963<\/p>\n<p class=\"article-author\">av Elias Aslaksen<\/p>\n\t\t<\/div>\n\t\t\t\t\t<\/div>\n\n\t\n\n<style>\n#row-1538584729 > .col > .col-inner {\n  padding: 30px 0px 0px 0px;\n}\n<\/style>\n<\/div>\n<div class=\"row align-center audio\"  id=\"row-174596681\">\n\n\t<div id=\"col-1361883398\" class=\"col small-12 large-12\"  >\n\t\t\t\t<div class=\"col-inner\"  >\n\t\t\t\n\t\t\t\n<!--[if lt IE 9]><script>document.createElement('audio');<\/script><![endif]-->\n<audio class=\"wp-audio-shortcode\" id=\"audio-18351-1\" preload=\"none\" style=\"width: 100%;\" controls=\"controls\"><source type=\"audio\/mpeg\" src=\"\/audio\/Tema%202\/por\/9_Jeg%20lever%20ikke%20lenger%20selv_POR_OPPDATERT.mp3?_=1\" \/><a href=\"\/audio\/Tema%202\/por\/9_Jeg%20lever%20ikke%20lenger%20selv_POR_OPPDATERT.mp3\">\/audio\/Tema%202\/por\/9_Jeg%20lever%20ikke%20lenger%20selv_POR_OPPDATERT.mp3<\/a><\/audio>\n<p class=\"click-to-listen\">Click to listen to the speech.<\/p>\n\t\t<\/div>\n\t\t\t\t\t<\/div>\n\n\t\n<\/div>\n<div class=\"row align-center article article-excerpt\"  id=\"row-1439847395\">\n\n\t<div id=\"col-1445350487\" class=\"col small-12 large-12\"  >\n\t\t\t\t<div class=\"col-inner text-left\"  >\n\t\t\t\n\t\t\t\n<p><strong>\u201c\u2026 eu j\u00e1 n\u00e3o vivo mais.\u201d&nbsp;Gal. 2, 20.<\/strong><\/p>\n<p>Que grandioso milagre deve ter acontecido, em um indiv\u00edduo, quando este em verdade pode escrever isso, enquanto ainda vive aqui neste mundo!<\/p>\n<p>Como ent\u00e3o ainda posso pecar quando n\u00e3o vivo mais a mim mesmo? Como posso ficar com raiva, ofendido, amargo, insatisfeito, ingrato, ter algo contra algu\u00e9m, roubar, mentir, preocupar-se, ser vaidoso e buscar honra, ficar exausto, discutir, difamar, desanimar, desprezar, buscar ser honrado ou ser orgulhoso ou vangloriar-me a mim mesmo?<\/p>\n<p>Sim, responda-me a isso!? Como algu\u00e9m que nem vive mais, faz o mal? Um humano peca enquanto vive!!! Como posso reivindicar algo para mim mesmo quando n\u00e3o estou mais vivendo?<\/p>\n<p>Se n\u00e3o quero desistir de tudo e morrer com Cristo, tenho que continuar pecando.<\/p>\n<p>\u201cEle n\u00e3o pode pecar porque nasceu de Deus\u201d \u00e9 o mesmo que: ele n\u00e3o pode pecar, porque est\u00e1 morto com Cristo = porque ele n\u00e3o vive mais. 1. Jo\u00e3o 3, 9.<\/p>\n<p>Como posso n\u00e3o amar quando Cristo vive em mim? Gal. 2, 20. Como posso fazer injusti\u00e7a quando Cristo vive em mim?<\/p>\n<p>Cristo e pecado consciente n\u00e3o podem estar em mim ao mesmo tempo! Se Cristo est\u00e1 em mim, o pecado est\u00e1 al\u00e9m do meu cora\u00e7\u00e3o. Se o pecado est\u00e1 no meu cora\u00e7\u00e3o, ent\u00e3o Cristo est\u00e1 do lado de fora.<\/p>\n<p>\u00c9 exatamente por isso que ele fica do lado de fora da porta do cora\u00e7\u00e3o de pessoas convertidas batendo, como est\u00e1 escrito em Ap. 3, 20.<\/p>\n<p>Infelizmente, a maioria das pessoas continuam vivendo por conta pr\u00f3pria, porque \u00e9 verdade, que a maioria das pessoas faz isso, peca uma vez, e outra vez, mesmo os pecados mais graves, por exemplo: mentir ou ter algo contra algu\u00e9m!<\/p>\n<p>Como posso me defender e me justificar quando estou morto?<\/p>\n<p>Como voc\u00ea pode ser ego\u00edsta quando n\u00e3o est\u00e1 mais vivendo a si mesmo? Como algu\u00e9m pode se interessar intensamente por utens\u00edlios dom\u00e9sticos, roupas e cores bonitas quando est\u00e1 morto? E que interessa a um falecido, que opini\u00e3o as pessoas t\u00eam sobre ele, ou pensam dele??? Sim, me responda!<\/p>\n<p>E que dor isso pode me trazer quando algu\u00e9m me prejudica na terra quando eu mesmo, morri disso? E que grande alegria pode trazer um falecido por ex. em muitos bens materiais? Sim, me diga!<\/p>\n<p>Ningu\u00e9m pode dizer com raz\u00e3o que ele n\u00e3o tem mais vontade pr\u00f3pria, mas pode ser que pela grande gra\u00e7a de Deus, ele pode ser algu\u00e9m que parece como se n\u00e3o tivesse. \u2013 Como posso amar as coisas que existem no mundo quando eu morri para essas coisas?<\/p>\n<p>Em um hino cantamos: \u201cN\u00e3o quero mais\u201d = n\u00e3o vivo mais eu mesmo. Isso \u00e9 verdade para voc\u00ea?<\/p>\n<p>Voc\u00ea quer isso de verdade?!!!<\/p>\n<p>O falecido \u2013 aquele que n\u00e3o est\u00e1 mais vivendo a si mesmo \u2013 n\u00e3o tem mais nada a perder, porque de fato deixou TUDO. (Faleceu, est\u00e1 na morte).<\/p>\n<p>Mas aqueles que vivem t\u00eam muito a perder. Eles podem ter muitos contratempos, sofrer muitas perdas e ser atormentados por seus semelhantes. Mas estes n\u00e3o prejudicam sua vida, como se costuma falar. No entanto, ele tem a oportunidade de perd\u00ea-la voluntariamente.<\/p>\n<p>E ent\u00e3o a grande maravilha ou milagre aconteceria, onde ele se livra de todas as suas tristezas e problemas desnecess\u00e1rios!!! \u2013 Maravilhoso! Depois tudo s\u00f3 se torna ganho\u2026 igual e diferente!<\/p>\n<p>\u201c\u2026 que devemos morrer \u2026\u201d 1. Pe. 2, 24. \u201c\u2026 n\u00f3s que estamos mortos.\u201d Rom. 6, 2. Se estamos mortos com Cristo, por que nos comportar \u201ccomo se estiv\u00e9ssemos vivendo no mundo\u201d? Col. 2, 20.<\/p>\n<p>Voc\u00ea nunca ouviu isso?<\/p>\n<p>Agora temos que perguntar: O que \u00e9 necess\u00e1rio para que esse estado indescritivelmente maravilhoso seja alcan\u00e7ado? Duas coisas: I na verdade, algu\u00e9m tem que quer morrer de si mesmo e de todos. II Deve ter f\u00e9 viva, adquirida pessoalmente, de que morreu com Cristo, quando Ele morreu na cruz do Calv\u00e1rio. I Aquele que quer isso, tem a permiss\u00e3o de crer. II Porque aquilo no que cremos, isso se torna realidade.<\/p>\n<p>Seu Elias Aslaksen.<\/p>\n\t\t<\/div>\n\t\t\t\t\t<\/div>\n\n\t\n\n\t<div id=\"col-883800467\" class=\"col copyright small-12 large-12\"  >\n\t\t\t\t<div class=\"col-inner text-left\"  >\n\t\t\t\n\t\t\t\n<div>\u00a9 Copyright Stiftelsen Skjulte Skatters Forlag<\/div>\n\t\t<\/div>\n\t\t\t\t\t<\/div>\n\n\t\n\n\t<div id=\"col-2115453134\" class=\"col small-12 large-12\"  >\n\t\t\t\t<div class=\"col-inner text-left\"  >\n\t\t\t\n\t\t\t\n<div><a href=\"#\" class=\"read-more\">consulte Mais informa\u00e7\u00e3o<\/a><\/div>\n\t\t<\/div>\n\t\t\t\t\t<\/div>\n\n\t\n\n\t<div id=\"col-103465711\" class=\"col small-12 large-12\"  >\n\t\t\t\t<div class=\"col-inner text-left\"  >\n\t\t\t\n\t\t\t\n<p class=\"next-previous-message\"><a class=\"previous\" href=\"\/pt-pt\/bible-studies\/theme-1\/god-is-truthful\/\"><i class=\"icon-angle-left\"><\/i> Previous<\/a><a class=\"next\" href=\"\/pt-pt\/bible-studies\/theme-1\/his-name-is-wonder\/\">Next <i class=\"icon-angle-right\"><\/i><\/a><\/p>\n\t\t<\/div>\n\t\t\t\t\t<\/div>\n\n\t\n<\/div>\n\t\t<\/div>\n\n\t\t\n<style>\n#section_629664492 {\n  padding-top: 0px;\n  padding-bottom: 0px;\n  margin-bottom: 0px;\n}\n@media (min-width:550px) {\n  #section_629664492 {\n    padding-top: 0px;\n    padding-bottom: 0px;\n  }\n}\n<\/style>\n\t<\/section>\n\t\n\n\t<section class=\"section food-for-thought\" id=\"section_699703111\">\n\t\t<div class=\"section-bg fill\" >\n\t\t\t\t\t\t\t\t\t\n\t\t\t\n\n\t\t<\/div>\n\n\t\t\n\n\t\t<div class=\"section-content relative\">\n\t\t\t\n<div class=\"row align-center\"  id=\"row-1132558439\">\n\n\t<div id=\"col-143329173\" class=\"col title small-12 large-12\"  >\n\t\t\t\t<div class=\"col-inner text-left dark\"  >\n\t\t\t\n\t\t\t\n<h2>Devotional<\/h2>\n\t\t<\/div>\n\t\t\t\t\t<\/div>\n\n\t\n\n\t<div id=\"col-68886796\" class=\"col small-12 large-12\"  >\n\t\t\t\t<div class=\"col-inner dark\"  >\n\t\t\t\n\t\t\t\n<p>o que VOC\u00ca considera o mais importante que Aslaksen queria destacar na fala sobre \u00abCreia no Deus de milagres\u00bb?<\/p>\n<ul class=\"question-answers\">\n<li>Eu necessito um milagre na minha vida &#8211; Independente de como tem sido antes<\/li>\n<li>H\u00e1 esperan\u00e7a para todos que creem no Deus de milagres<\/li>\n<li>Nada \u00e9 imposs\u00edvel quando tratamos com Deus<\/li>\n<\/ul>\n<p class='info'>You have to <a href='\/login\/'>log in<\/a> if you want to save your answer.<\/p>\n\t\t<\/div>\n\t\t\t\t\t<\/div>\n\n\t\n<\/div>\n\t\t<\/div>\n\n\t\t\n<style>\n#section_699703111 {\n  padding-top: 30px;\n  padding-bottom: 30px;\n  background-color: rgb(73, 92, 94);\n}\n<\/style>\n\t<\/section>\n\t\n","protected":false},"excerpt":{"rendered":"","protected":false},"author":5,"featured_media":0,"parent":8267,"menu_order":0,"comment_status":"closed","ping_status":"closed","template":"page-blank.php","meta":{"footnotes":""},"class_list":["post-18351","page","type-page","status-publish","hentry"],"aioseo_notices":[],"_links":{"self":[{"href":"https:\/\/words-of-faith.org\/pt-pt\/wp-json\/wp\/v2\/pages\/18351","targetHints":{"allow":["GET"]}}],"collection":[{"href":"https:\/\/words-of-faith.org\/pt-pt\/wp-json\/wp\/v2\/pages"}],"about":[{"href":"https:\/\/words-of-faith.org\/pt-pt\/wp-json\/wp\/v2\/types\/page"}],"author":[{"embeddable":true,"href":"https:\/\/words-of-faith.org\/pt-pt\/wp-json\/wp\/v2\/users\/5"}],"replies":[{"embeddable":true,"href":"https:\/\/words-of-faith.org\/pt-pt\/wp-json\/wp\/v2\/comments?post=18351"}],"version-history":[{"count":0,"href":"https:\/\/words-of-faith.org\/pt-pt\/wp-json\/wp\/v2\/pages\/18351\/revisions"}],"up":[{"embeddable":true,"href":"https:\/\/words-of-faith.org\/pt-pt\/wp-json\/wp\/v2\/pages\/8267"}],"wp:attachment":[{"href":"https:\/\/words-of-faith.org\/pt-pt\/wp-json\/wp\/v2\/media?parent=18351"}],"curies":[{"name":"wp","href":"https:\/\/api.w.org\/{rel}","templated":true}]}}