{"id":18383,"date":"2020-07-21T10:24:03","date_gmt":"2020-07-21T08:24:03","guid":{"rendered":"https:\/\/aslaksen.bcc.no\/?page_id=18383"},"modified":"2020-08-21T11:41:11","modified_gmt":"2020-08-21T09:41:11","slug":"seu-nome-e-milagre","status":"publish","type":"page","link":"https:\/\/words-of-faith.org\/pt-pt\/bible-study\/tema-1\/seu-nome-e-milagre\/","title":{"rendered":"Seu nome \u00e9 milagre"},"content":{"rendered":"\n\t<section class=\"section\" id=\"section_1019843893\">\n\t\t<div class=\"section-bg fill\" >\n\t\t\t\t\t\t\t\t\t\n\t\t\t\n\n\t\t<\/div>\n\n\t\t\n\n\t\t<div class=\"section-content relative\">\n\t\t\t\n<div class=\"row align-center\"  id=\"row-1887749981\">\n\n\t<div id=\"col-1414221711\" class=\"col small-12 large-12\"  >\n\t\t\t\t<div class=\"col-inner\"  >\n\t\t\t\n\t\t\t\n<p class=\"breadcrumbs\"><a href=\"..\/\">Theme 1<\/a> \/ Messages<\/p>\n<h1>A humildade \u00e9 tudo<\/h1>\n<p class=\"article-date\">Fragmento da fala de Janeiro de 1976<\/p>\n<p class=\"article-author\">de Elias Aslaksen<\/p>\n\t\t<\/div>\n\t\t\t\t\t<\/div>\n\n\t\n\n<style>\n#row-1887749981 > .col > .col-inner {\n  padding: 30px 0px 0px 0px;\n}\n<\/style>\n<\/div>\n<div class=\"row align-center audio\"  id=\"row-1174593795\">\n\n\t<div id=\"col-1560410426\" class=\"col small-12 large-12\"  >\n\t\t\t\t<div class=\"col-inner\"  >\n\t\t\t\n\t\t\t\n<!--[if lt IE 9]><script>document.createElement('audio');<\/script><![endif]-->\n<audio class=\"wp-audio-shortcode\" id=\"audio-18383-1\" preload=\"none\" style=\"width: 100%;\" controls=\"controls\"><source type=\"audio\/mpeg\" src=\"\/audio\/Tema%204\/POR\/19%20T%20-%20Humildade%20%C3%A9%20tudo_POR.mp3?_=1\" \/><a href=\"\/audio\/Tema%204\/POR\/19%20T%20-%20Humildade%20%C3%A9%20tudo_POR.mp3\">\/audio\/Tema%204\/POR\/19%20T%20-%20Humildade%20%C3%A9%20tudo_POR.mp3<\/a><\/audio>\n<p class=\"click-to-listen\">Click to listen to the speech.<\/p>\n\t\t<\/div>\n\t\t\t\t\t<\/div>\n\n\t\n<\/div>\n<div class=\"row align-center article article-excerpt\"  id=\"row-209768339\">\n\n\t<div id=\"col-472273319\" class=\"col small-12 large-12\"  >\n\t\t\t\t<div class=\"col-inner text-left\"  >\n\t\t\t\n\t\t\t\n<p>Deus d\u00e1 gra\u00e7a aos humildes. Ent\u00e3o \u00e9 completamente indiferente, pode escrever isso, \u00e9 completamente indiferente o que todos os outros fazem. Porque isso \u00e9 t\u00e3o claro quanto o sol, que a salva\u00e7\u00e3o \u00e9 um neg\u00f3cio pessoal entre Deus e cada um. Nenhuma pessoa pode entrar no meio. \u00c9 uma rela\u00e7\u00e3o direta entre Deus e cada pessoa em particular. Nenhuma outra pessoa pode entrar no meio dessa rela\u00e7\u00e3o. Eu acredito que voc\u00eas entendem isso. Eu espero que voc\u00eas entendem o que eu digo. Deus d\u00e1 gra\u00e7a ao humilde. Quem pode impedir isso ent\u00e3o? Quem pode ser um empecilho? \u00c9 atrav\u00e9s da Sua gra\u00e7a que d\u00e1 certo, a gra\u00e7a ent\u00e3o significa ajuda. N\u00f3s temos duas express\u00f5es para gra\u00e7a; uma \u00e9 \u201cser agraciado\u201d e outra \u00e9 gra\u00e7a. Ser agraciado \u2013 isso \u00e9 reden\u00e7\u00e3o e perd\u00e3o dos pecados. Isto \u00e9 ser agraciado. E gra\u00e7a \u2013 isso \u00e9 ajuda. Ajuda poderosa! Isso \u00e9 receber verdadeira luz e verdadeira vida, receber vit\u00f3ria, ir de luz em luz e de vit\u00f3ria em vit\u00f3ria e de gl\u00f3ria em gl\u00f3ria. Isto fazemos atrav\u00e9s da Lei da humildade. Ent\u00e3o h\u00e1 um outro pensamento tolo: atrav\u00e9s de uma forma de mod\u00e9stia, pode-se pensar sobre si mesmo que \u2013 eu sou um miser\u00e1vel extremamente grande, eu n\u00e3o vou dar em nada. Isso \u00e9 100% mentira. H\u00e1 igualmente esperan\u00e7a para os maiores, para o maior pecador da terra. N\u00e3o se trata do que n\u00f3s fomos. A pergunta \u00e9 qu\u00e3o humilde n\u00f3s somos e permanecemos, e o que n\u00f3s nos tornamos atrav\u00e9s disso. Pois \u00e9 atrav\u00e9s disso que n\u00f3s nos tornamos algo em verdade. E isso acontece no milimetricamente. Deus \u00e9 extremamente justo. Nenhuma acep\u00e7\u00e3o de pessoas. E \u00e9 a mesma coisa se \u00e9 um ne\u00f3fito ou um anci\u00e3o ou quem quer que seja. Isso \u00e9 completamente indiferente. Todos s\u00e3o iguais para a lei. N\u00e3o existe exce\u00e7\u00e3o para acep\u00e7\u00e3o de pessoas. Por isso tamb\u00e9m pode acontecer que vai relativamente bem com algu\u00e9m, mas ent\u00e3o isso sobe pela cabe\u00e7a, e ent\u00e3o pode estragar a pessoa, estragar completamente. E vai parar fora. N\u00f3s temos que escolher in\u00fameras vezes cada dia, centenas, milhares de vezes. Tudo \u00e9 consequ\u00eancia de humildade ou do contr\u00e1rio.&nbsp; &nbsp;&nbsp;&nbsp;&nbsp;&nbsp;&nbsp;&nbsp;&nbsp;&nbsp;<\/p>\n\t\t<\/div>\n\t\t\t\t\t<\/div>\n\n\t\n\n\t<div id=\"col-551455085\" class=\"col copyright small-12 large-12\"  >\n\t\t\t\t<div class=\"col-inner text-left\"  >\n\t\t\t\n\t\t\t\n<div>\u00a9 Copyright Stiftelsen Skjulte Skatters Forlag<\/div>\n\t\t<\/div>\n\t\t\t\t\t<\/div>\n\n\t\n\n\t<div id=\"col-1026967496\" class=\"col small-12 large-12\"  >\n\t\t\t\t<div class=\"col-inner text-left\"  >\n\t\t\t\n\t\t\t\n<div><a href=\"#\" class=\"read-more\">Leia mais<\/a><\/div>\n\t\t<\/div>\n\t\t\t\t\t<\/div>\n\n\t\n\n\t<div id=\"col-1136023572\" class=\"col small-12 large-12\"  >\n\t\t\t\t<div class=\"col-inner text-left\"  >\n\t\t\t\n\t\t\t\n<p class=\"next-previous-message\"><a class=\"previous\" href=\"\/pt-pt\/bible-studies\/theme-1\/believe-in-the-god-of-miracles\/\"><i class=\"icon-angle-left\"><\/i> Previous<\/a><a class=\"next\" href=\"\/pt-pt\/bible-studies\/theme-1\/as-you-have-believed-so-let-it-be-done-for-you\/\">Next <i class=\"icon-angle-right\"><\/i><\/a><\/p>\n\t\t<\/div>\n\t\t\t\t\t<\/div>\n\n\t\n<\/div>\n\t\t<\/div>\n\n\t\t\n<style>\n#section_1019843893 {\n  padding-top: 0px;\n  padding-bottom: 0px;\n  margin-bottom: 0px;\n}\n@media (min-width:550px) {\n  #section_1019843893 {\n    padding-top: 0px;\n    padding-bottom: 0px;\n  }\n}\n<\/style>\n\t<\/section>\n\t\n\n\t<section class=\"section food-for-thought\" id=\"section_1438489815\">\n\t\t<div class=\"section-bg fill\" >\n\t\t\t\t\t\t\t\t\t\n\t\t\t\n\n\t\t<\/div>\n\n\t\t\n\n\t\t<div class=\"section-content relative\">\n\t\t\t\n<div class=\"row align-center\"  id=\"row-2053321543\">\n\n\t<div id=\"col-1811833367\" class=\"col title small-12 large-12\"  >\n\t\t\t\t<div class=\"col-inner text-left dark\"  >\n\t\t\t\n\t\t\t\n<h2>Devotional<\/h2>\n\t\t<\/div>\n\t\t\t\t\t<\/div>\n\n\t\n\n\t<div id=\"col-989229066\" class=\"col small-12 large-12\"  >\n\t\t\t\t<div class=\"col-inner dark\"  >\n\t\t\t\n\t\t\t\n<p>Ou\u00e7a ou leia o fragmento \u00abSeu nome \u00e9 milagre\u00bb e anote como a a tua vida parecer\u00e1 em um curto tempo, se isto que Aslaksen escreve aqui funciona na tua vida.<\/p>\n<p class='info'>You have to <a href='\/login\/'>log in<\/a> if you want to save your answer.<\/p>\n\t\t<\/div>\n\t\t\t\t\t<\/div>\n\n\t\n<\/div>\n\t\t<\/div>\n\n\t\t\n<style>\n#section_1438489815 {\n  padding-top: 30px;\n  padding-bottom: 30px;\n  background-color: rgb(73, 92, 94);\n}\n<\/style>\n\t<\/section>\n\t\n","protected":false},"excerpt":{"rendered":"","protected":false},"author":5,"featured_media":0,"parent":8267,"menu_order":1,"comment_status":"closed","ping_status":"closed","template":"page-blank.php","meta":{"footnotes":""},"class_list":["post-18383","page","type-page","status-publish","hentry"],"aioseo_notices":[],"_links":{"self":[{"href":"https:\/\/words-of-faith.org\/pt-pt\/wp-json\/wp\/v2\/pages\/18383","targetHints":{"allow":["GET"]}}],"collection":[{"href":"https:\/\/words-of-faith.org\/pt-pt\/wp-json\/wp\/v2\/pages"}],"about":[{"href":"https:\/\/words-of-faith.org\/pt-pt\/wp-json\/wp\/v2\/types\/page"}],"author":[{"embeddable":true,"href":"https:\/\/words-of-faith.org\/pt-pt\/wp-json\/wp\/v2\/users\/5"}],"replies":[{"embeddable":true,"href":"https:\/\/words-of-faith.org\/pt-pt\/wp-json\/wp\/v2\/comments?post=18383"}],"version-history":[{"count":0,"href":"https:\/\/words-of-faith.org\/pt-pt\/wp-json\/wp\/v2\/pages\/18383\/revisions"}],"up":[{"embeddable":true,"href":"https:\/\/words-of-faith.org\/pt-pt\/wp-json\/wp\/v2\/pages\/8267"}],"wp:attachment":[{"href":"https:\/\/words-of-faith.org\/pt-pt\/wp-json\/wp\/v2\/media?parent=18383"}],"curies":[{"name":"wp","href":"https:\/\/api.w.org\/{rel}","templated":true}]}}