{"id":18416,"date":"2020-07-21T10:28:57","date_gmt":"2020-07-21T08:28:57","guid":{"rendered":"https:\/\/aslaksen.bcc.no\/?page_id=18416"},"modified":"2020-08-21T11:44:40","modified_gmt":"2020-08-21T09:44:40","slug":"a-ti-ocorra-segundo-a-tua-fe","status":"publish","type":"page","link":"https:\/\/words-of-faith.org\/pt-pt\/bible-study\/tema-1\/a-ti-ocorra-segundo-a-tua-fe\/","title":{"rendered":"A ti ocorra segundo a tua f\u00e9"},"content":{"rendered":"\n\t<section class=\"section\" id=\"section_423433833\">\n\t\t<div class=\"section-bg fill\" >\n\t\t\t\t\t\t\t\t\t\n\t\t\t\n\n\t\t<\/div>\n\n\t\t\n\n\t\t<div class=\"section-content relative\">\n\t\t\t\n<div class=\"row align-center\"  id=\"row-1233403596\">\n\n\t<div id=\"col-1675888325\" class=\"col small-12 large-12\"  >\n\t\t\t\t<div class=\"col-inner\"  >\n\t\t\t\n\t\t\t\n<p class=\"breadcrumbs\"><a href=\"..\/\">Theme 1<\/a> \/ Messages<\/p>\n<h1>O fundamento da vida em Deus<\/h1>\n<p class=\"article-date\">Tesouros Escondidos, publicado Fevereiro de 1932<\/p>\n<p class=\"article-author\">de Elias Aslaksen<\/p>\n\t\t<\/div>\n\t\t\t\t\t<\/div>\n\n\t\n\n<style>\n#row-1233403596 > .col > .col-inner {\n  padding: 30px 0px 0px 0px;\n}\n<\/style>\n<\/div>\n<div class=\"row align-center audio\"  id=\"row-500344852\">\n\n\t<div id=\"col-57368374\" class=\"col small-12 large-12\"  >\n\t\t\t\t<div class=\"col-inner\"  >\n\t\t\t\n\t\t\t\n<!--[if lt IE 9]><script>document.createElement('audio');<\/script><![endif]-->\n<audio class=\"wp-audio-shortcode\" id=\"audio-18416-1\" preload=\"none\" style=\"width: 100%;\" controls=\"controls\"><source type=\"audio\/mpeg\" src=\"\/audio\/Tema%204\/POR\/20_O%20fundamento%20da%20vida%20em%20Deus_POR.mp3?_=1\" \/><a href=\"\/audio\/Tema%204\/POR\/20_O%20fundamento%20da%20vida%20em%20Deus_POR.mp3\">\/audio\/Tema%204\/POR\/20_O%20fundamento%20da%20vida%20em%20Deus_POR.mp3<\/a><\/audio>\n<p class=\"click-to-listen\">Click to listen to the speech.<\/p>\n\t\t<\/div>\n\t\t\t\t\t<\/div>\n\n\t\n<\/div>\n<div class=\"row align-center article article-excerpt\"  id=\"row-389117460\">\n\n\t<div id=\"col-1866745971\" class=\"col small-12 large-12\"  >\n\t\t\t\t<div class=\"col-inner text-left\"  >\n\t\t\t\n\t\t\t\n<p>\u201cMas Deus \u00e9 o Juiz: a um abate, e a outro exalta\u201d Salmos 75,7. \u201cAssim, pois, isto n\u00e3o depende do que quer, nem do que corre, mas de Deus, que se compadece\u201d\u2026\u201dLogo, pois, compadece-se de quem quer, e endurece a quem quer.\u201d Romanos 9,16-18.<\/p>\n<p>&nbsp;<\/p>\n<p>\u201cE o que a si mesmo se exaltar ser\u00e1 humilhado; e o que a si mesmo se humilhar ser\u00e1 exaltado\u201d. Mateus 23:12.<\/p>\n<p>&nbsp;<\/p>\n<p>\u201cSemelhantemente v\u00f3s jovens, sede sujeitos aos anci\u00e3os; e sede todos sujeitos uns aos outros, e revesti-vos de humildade, porque Deus resiste aos soberbos, mas d\u00e1 gra\u00e7a aos humildes.\u201d 1 Pedro 5:5.<\/p>\n<p>&nbsp;<\/p>\n<p>&nbsp;\u201cHumilhai-vos perante o Senhor, e ele vos exaltar\u00e1.\u201d Tiago 4:10.<\/p>\n<p>&nbsp;<\/p>\n<p>&nbsp;\u201cAntes de ser afligido andava errado; mas agora tenho guardado a tua palavra\u201d \u2026 \u201cFoi-me bom ter sido afligido, para que aprendesse os teus estatutos\u201d\u2026 \u201cBem sei eu, \u00f3 SENHOR, que os teus ju\u00edzos s\u00e3o justos, e que segundo a tua fidelidade me afligiste.\u201d Salmo 119: 67, 71, 75.<\/p>\n<p>&nbsp;<\/p>\n<p>Deus n\u00e3o humilha ou exalta, nem endurece nem aben\u00e7oa, nem deixa falhar nem ter sucesso \u2013 por acaso. Ele sempre age, em todos os casos e com todas as pessoas de acordo com certas leis.<\/p>\n<p>&nbsp;<\/p>\n<p>A lei principal \u00e9 a lei da humildade.&nbsp;O que exatamente \u00e9 humildade? N\u00e3o \u00e9 um tom que soa bem, ou frases que soam bem. E sim,&nbsp; \u00e9 um auto-reconhecimento&nbsp; e auto-posicionamento adequado. Por exemplo: quando um&nbsp; o jovem se submete ao anci\u00e3o, ele \u00e9 humilde. Ele reconhece sua juventude e se diferencia dos mais velhos.<\/p>\n<p>&nbsp;<\/p>\n<p>Nas escrituras acima, existem dois tipos principais de humildade. A primeira onde eu me humilho a mim mesmo e a segunda, onde eu sou humilhado. A humildade coincide com o amor \u00e0 verdade.&nbsp; &nbsp;<\/p>\n<p>A verdade \u00e9 que um geralmente \u2013 em todas as \u00e0reas, \u00e9 muito soberbo. Por amor \u00e0 verdade (2 Tes. 2, 10), se admite isso, humilha-se e humilha-se de acordo com a luz da verdade que reluz das escrituras, em testemunho ou por outra forma.&nbsp;<\/p>\n<p>A humildade primeiramente consiste em julgar-se voluntariamente (1 Cor. 11, 31-32) e humilhar-se \u2013 por vontade pr\u00f3pria. A humildade, em segundo lugar, consiste em reconhecer quando somos humilhados por Deus, quando somos julgados pessoalmente, por outras pessoas ou por atos de algum tipo. Assim, neste caso, foi preciso uma ajuda extra, para se poder ser humilde. Sem isso, algu\u00e9m n\u00e3o seria capaz de reconhecer sua maldade.&nbsp;<\/p>\n<p>Quando a luz do Evang\u00e9lio&nbsp; brilha na congrega\u00e7\u00e3o, sem ser dirigida a uma pessoa em particular, um n\u00e3o aceita que ela est\u00e1 sendo dirigida pra si mesmo. Ent\u00e3o \u00e9 preciso que algum tipo de ajuda tenha que ser dada para que voc\u00ea possa descobri-lo.<\/p>\n<p>Na melhor das hip\u00f3teses, voc\u00ea se senta mais para tr\u00e1s porque l\u00e1 voc\u00ea se sente confort\u00e1vel. No segundo caso, a pessoa se assenta bem adiante, e quando o anfitri\u00e3o lhe explica que seu lugar \u00e9 mais para tr\u00e1s, ele se envergonha e se senta imediatamente para tr\u00e1s.<\/p>\n<p>Se ele hesitar, podemos dizer que haver\u00e1 uma humilha\u00e7\u00e3o de terceira classe. E se ele n\u00e3o reconhece e se deixa humilhar de forma alguma, isso \u00e9 arrog\u00e2ncia e orgulho \u2013 e ele n\u00e3o recebe gra\u00e7a, nem ajuda, nem salva\u00e7\u00e3o. \u2013<\/p>\n<p>Isso tudo se trata de realidades, fatos. Al\u00e9m disso, temos um outro tipo de humildade, a saber, falsa humildade, humildade hip\u00f3crita. Isso consiste em palavras, tom e express\u00f5es faciais que podem ter a apar\u00eancia da humildade, mas que \u2013 quando se trata de virtude, de realidade \u2013 \u00e9 manifesto que aquilo era apenas fingimento.<\/p>\n<p>Humilhar-se \u00e9 ocupar o lugar certo.<\/p>\n<p>Ser humilhado \u00e9 com o pr\u00f3prio consentimento ser colocado no lugar certo, pelos outros. Orgulhar-se \u00e9 se defender e querer manter o lugar que voc\u00ea n\u00e3o ocupa corretamente. \u2013<\/p>\n<p>Elias Aslaksen<\/p>\n\t\t<\/div>\n\t\t\t\t\t<\/div>\n\n\t\n\n\t<div id=\"col-636484075\" class=\"col copyright small-12 large-12\"  >\n\t\t\t\t<div class=\"col-inner text-left\"  >\n\t\t\t\n\t\t\t\n<div>\u00a9 Copyright Stiftelsen Skjulte Skatters Forlag<\/div>\n\t\t<\/div>\n\t\t\t\t\t<\/div>\n\n\t\n\n\t<div id=\"col-1709448422\" class=\"col small-12 large-12\"  >\n\t\t\t\t<div class=\"col-inner text-left\"  >\n\t\t\t\n\t\t\t\n<div><a href=\"#\" class=\"read-more\">Leia mais<\/a><\/div>\n\t\t<\/div>\n\t\t\t\t\t<\/div>\n\n\t\n\n\t<div id=\"col-1425791671\" class=\"col small-12 large-12\"  >\n\t\t\t\t<div class=\"col-inner text-left\"  >\n\t\t\t\n\t\t\t\n<p class=\"next-previous-message\"><a class=\"previous\" href=\"\/pt-pt\/bible-studies\/theme-1\/his-name-is-wonder\/\"><i class=\"icon-angle-left\"><\/i> Previous<\/a><a class=\"next\" href=\"\/pt-pt\/bible-studies\/theme-1\/rejoice-in-hope\/\">Next <i class=\"icon-angle-right\"><\/i><\/a><\/p>\n\t\t<\/div>\n\t\t\t\t\t<\/div>\n\n\t\n<\/div>\n\t\t<\/div>\n\n\t\t\n<style>\n#section_423433833 {\n  padding-top: 0px;\n  padding-bottom: 0px;\n  margin-bottom: 0px;\n}\n@media (min-width:550px) {\n  #section_423433833 {\n    padding-top: 0px;\n    padding-bottom: 0px;\n  }\n}\n<\/style>\n\t<\/section>\n\t\n\n\t<section class=\"section food-for-thought\" id=\"section_1299603643\">\n\t\t<div class=\"section-bg fill\" >\n\t\t\t\t\t\t\t\t\t\n\t\t\t\n\n\t\t<\/div>\n\n\t\t\n\n\t\t<div class=\"section-content relative\">\n\t\t\t\n<div class=\"row align-center\"  id=\"row-758920901\">\n\n\t<div id=\"col-2032321341\" class=\"col title small-12 large-12\"  >\n\t\t\t\t<div class=\"col-inner text-left dark\"  >\n\t\t\t\n\t\t\t\n<h2>Devotional<\/h2>\n\t\t<\/div>\n\t\t\t\t\t<\/div>\n\n\t\n\n\t<div id=\"col-409816241\" class=\"col small-12 large-12\"  >\n\t\t\t\t<div class=\"col-inner dark\"  >\n\t\t\t\n\t\t\t\n<p>Abra um dos ves\u00edculos no fragmento \u00abA ti te ocorra conforme tua f\u00e9\u00bb. Porque voc\u00ea cr\u00ea que Aslaksen mencionou exatamete esse vers\u00edculo?<\/p>\n<p class='info'>You have to <a href='\/login\/'>log in<\/a> if you want to save your answer.<\/p>\n\t\t<\/div>\n\t\t\t\t\t<\/div>\n\n\t\n<\/div>\n\t\t<\/div>\n\n\t\t\n<style>\n#section_1299603643 {\n  padding-top: 30px;\n  padding-bottom: 30px;\n  background-color: rgb(73, 92, 94);\n}\n<\/style>\n\t<\/section>\n\t\n","protected":false},"excerpt":{"rendered":"","protected":false},"author":5,"featured_media":0,"parent":8267,"menu_order":2,"comment_status":"closed","ping_status":"closed","template":"page-blank.php","meta":{"footnotes":""},"class_list":["post-18416","page","type-page","status-publish","hentry"],"aioseo_notices":[],"_links":{"self":[{"href":"https:\/\/words-of-faith.org\/pt-pt\/wp-json\/wp\/v2\/pages\/18416","targetHints":{"allow":["GET"]}}],"collection":[{"href":"https:\/\/words-of-faith.org\/pt-pt\/wp-json\/wp\/v2\/pages"}],"about":[{"href":"https:\/\/words-of-faith.org\/pt-pt\/wp-json\/wp\/v2\/types\/page"}],"author":[{"embeddable":true,"href":"https:\/\/words-of-faith.org\/pt-pt\/wp-json\/wp\/v2\/users\/5"}],"replies":[{"embeddable":true,"href":"https:\/\/words-of-faith.org\/pt-pt\/wp-json\/wp\/v2\/comments?post=18416"}],"version-history":[{"count":0,"href":"https:\/\/words-of-faith.org\/pt-pt\/wp-json\/wp\/v2\/pages\/18416\/revisions"}],"up":[{"embeddable":true,"href":"https:\/\/words-of-faith.org\/pt-pt\/wp-json\/wp\/v2\/pages\/8267"}],"wp:attachment":[{"href":"https:\/\/words-of-faith.org\/pt-pt\/wp-json\/wp\/v2\/media?parent=18416"}],"curies":[{"name":"wp","href":"https:\/\/api.w.org\/{rel}","templated":true}]}}