{"id":18448,"date":"2020-07-21T10:34:18","date_gmt":"2020-07-21T08:34:18","guid":{"rendered":"https:\/\/aslaksen.bcc.no\/?page_id=18448"},"modified":"2020-08-21T11:48:24","modified_gmt":"2020-08-21T09:48:24","slug":"alegrai-vos-na-esperanca","status":"publish","type":"page","link":"https:\/\/words-of-faith.org\/pt-pt\/bible-study\/tema-1\/alegrai-vos-na-esperanca\/","title":{"rendered":"Alegrai vos na esperan\u00e7a"},"content":{"rendered":"\n\t<section class=\"section\" id=\"section_1859412093\">\n\t\t<div class=\"section-bg fill\" >\n\t\t\t\t\t\t\t\t\t\n\t\t\t\n\n\t\t<\/div>\n\n\t\t\n\n\t\t<div class=\"section-content relative\">\n\t\t\t\n<div class=\"row align-center\"  id=\"row-1237073326\">\n\n\t<div id=\"col-1311943077\" class=\"col small-12 large-12\"  >\n\t\t\t\t<div class=\"col-inner\"  >\n\t\t\t\n\t\t\t\n<p class=\"breadcrumbs\"><a href=\"..\/\">Theme 1<\/a> \/ Messages<\/p>\n<h1>De \u201cs\u00f3 mentira\u201d a \u201cs\u00f3 verdade\u201d !!!<\/h1>\n<p class=\"article-date\">Tesouros Escondidos, publicado Junho 1985<\/p>\n<p class=\"article-author\">de Elias Aslaksen<\/p>\n\t\t<\/div>\n\t\t\t\t\t<\/div>\n\n\t\n\n<style>\n#row-1237073326 > .col > .col-inner {\n  padding: 30px 0px 0px 0px;\n}\n<\/style>\n<\/div>\n<div class=\"row align-center audio\"  id=\"row-830280476\">\n\n\t<div id=\"col-1553981776\" class=\"col small-12 large-12\"  >\n\t\t\t\t<div class=\"col-inner\"  >\n\t\t\t\n\t\t\t\n<!--[if lt IE 9]><script>document.createElement('audio');<\/script><![endif]-->\n<audio class=\"wp-audio-shortcode\" id=\"audio-18448-1\" preload=\"none\" style=\"width: 100%;\" controls=\"controls\"><source type=\"audio\/mpeg\" src=\"\/audio\/Tema%204\/POR\/21_De%20s%C3%B3%20mentira%20a%20s%C3%B3%20verdade_POR.mp3?_=1\" \/><a href=\"\/audio\/Tema%204\/POR\/21_De%20s%C3%B3%20mentira%20a%20s%C3%B3%20verdade_POR.mp3\">\/audio\/Tema%204\/POR\/21_De%20s%C3%B3%20mentira%20a%20s%C3%B3%20verdade_POR.mp3<\/a><\/audio>\n<p class=\"click-to-listen\">Click to listen to the speech.<\/p>\n\t\t<\/div>\n\t\t\t\t\t<\/div>\n\n\t\n<\/div>\n<div class=\"row align-center article article-excerpt\"  id=\"row-77084804\">\n\n\t<div id=\"col-962788169\" class=\"col small-12 large-12\"  >\n\t\t\t\t<div class=\"col-inner text-left\"  >\n\t\t\t\n\t\t\t\n<p>Que salva\u00e7\u00e3o! Que transforma\u00e7\u00e3o! Que desenvolvimento! Que chamado! Que absoluto e indescrit\u00edvel amor de Deus por n\u00f3s, que ele quer realmente fazer uma obra incrivelmente grande e gloriosa e divina, em todos aqueles que de cora\u00e7\u00e3o creem em todas as palavras da vida a respeito disto no Novo Testamento!!!<\/p>\n<p>\u201cSomente mentira s\u00e3o os filhos dos homens \u201d assim \u00e9 o nosso eu corrompido pelo pecado. \u201c Deixemos isto firme que, seja sempre Deus verdadeiro, e todo homem mentiroso \u201d. Jesus disse: \u201c Eu sou a verdade \u201d. &nbsp;Rom 3,4 e Jo\u00e3o 14,6. Nosso chamado celestial \u00e9 tornar-se verdade \u2013 somente verdade na pr\u00e1tica, de todas as formas poss\u00edveis! E aqui se encaixa uma palavra que est\u00e1 em Isa\u00edas 53 no mais alto grau \u201cQuem deu cr\u00e9dito a nossa prega\u00e7\u00e3o? \u201d<\/p>\n<p>Mas louvado seja Deus! Por cada um que realmente adquire f\u00e9 viva nas palavras de Jesus e dos ap\u00f3stolos! Porque atrav\u00e9s da f\u00e9 isto d\u00e1 certo. Isto \u00e9 o mesmo que ser salvo da hipocrisia de todas as formas poss\u00edveis. Por que hipocrisia \u00e9 mentira! Veja em Lucas 12,1. Hipocrisia \u00e9 de todo modo fingir que um est\u00e1 melhor do que realmente est\u00e1.&nbsp; Isto \u00e9, todavia, um retrato, uma performance = pe\u00e7a teatral! Ent\u00e3o a pessoa obt\u00e9m honra por algo que ela n\u00e3o \u00e9 na verdade, em vez de em nome de toda verdade protestar!<\/p>\n<p>Isso tamb\u00e9m coincide com falsidade, insinceridade e desonestidade. Sobre Jesus est\u00e1 escrito algo extremamente grande, ele era sem falsidade. Porque ele era a verdade.<\/p>\n<p>A pessoa pode, portanto, mentir de v\u00e1rias formas, n\u00e3o apenas diretamente, brutalmente e mentirosamente. O comum \u00e9, infelizmente, esconder sua maldade e a sua falta de felicidade. E estar com medo terr\u00edvel de que algu\u00e9m acabe descobrindo isto! A pessoa \u00e9 ent\u00e3o ocupada em defender-se e desculpar-se, segundo todas as formas de arte, ao inv\u00e9s de dar o verdadeiro ju\u00edzo da luz em seus termos.<\/p>\n<p>O que ent\u00e3o o ser humano tem tanto medo? Sim. Ser pequeno aos olhos dos homens, mas apenas aos olhos de pessoas tolas! Por que humilhar e ir pra baixo, esta \u00e9 a mais recompensadora virtude que podemos encontrar! Ent\u00e3o a pessoa cresce aos olhos de Deus!<\/p>\n<p>Ter um temor por humilhar-se \u00e9, portanto, espiritualmente falando insano.<\/p>\n<p>\u00c9 tamb\u00e9m por este motivo que muitas pessoas deixam de pedir por perd\u00e3o para as pessoas por isso ou por aquilo, apesar do fato de se ter um bom motivo para isso e que isso criaria felicidade interior! Em verdade! Sim, o alvo \u00e9: apenas a verdade.<\/p>\n\t\t<\/div>\n\t\t\t\t\t<\/div>\n\n\t\n\n\t<div id=\"col-358544699\" class=\"col copyright small-12 large-12\"  >\n\t\t\t\t<div class=\"col-inner text-left\"  >\n\t\t\t\n\t\t\t\n<div>\u00a9 Copyright Stiftelsen Skjulte Skatters Forlag<\/div>\n\t\t<\/div>\n\t\t\t\t\t<\/div>\n\n\t\n\n\t<div id=\"col-2074033106\" class=\"col small-12 large-12\"  >\n\t\t\t\t<div class=\"col-inner text-left\"  >\n\t\t\t\n\t\t\t\n<div><a href=\"#\" class=\"read-more\">Leia mais<\/a><\/div>\n\t\t<\/div>\n\t\t\t\t\t<\/div>\n\n\t\n\n\t<div id=\"col-683212135\" class=\"col small-12 large-12\"  >\n\t\t\t\t<div class=\"col-inner text-left\"  >\n\t\t\t\n\t\t\t\n<p class=\"next-previous-message\"><a class=\"previous\" href=\"\/pt-pt\/bible-studies\/theme-1\/as-you-have-believed-so-let-it-be-done-for-you\/\"><i class=\"icon-angle-left\"><\/i> Previous<\/a><a class=\"next\" href=\"\/pt-pt\/bible-studies\/theme-1\/believe-like-abraham-did\/\">Next <i class=\"icon-angle-right\"><\/i><\/a><\/p>\n\t\t<\/div>\n\t\t\t\t\t<\/div>\n\n\t\n<\/div>\n\t\t<\/div>\n\n\t\t\n<style>\n#section_1859412093 {\n  padding-top: 0px;\n  padding-bottom: 0px;\n  margin-bottom: 0px;\n}\n@media (min-width:550px) {\n  #section_1859412093 {\n    padding-top: 0px;\n    padding-bottom: 0px;\n  }\n}\n<\/style>\n\t<\/section>\n\t\n\n\t<section class=\"section food-for-thought\" id=\"section_1905674541\">\n\t\t<div class=\"section-bg fill\" >\n\t\t\t\t\t\t\t\t\t\n\t\t\t\n\n\t\t<\/div>\n\n\t\t\n\n\t\t<div class=\"section-content relative\">\n\t\t\t\n<div class=\"row align-center\"  id=\"row-223986648\">\n\n\t<div id=\"col-2109763107\" class=\"col title small-12 large-12\"  >\n\t\t\t\t<div class=\"col-inner text-left dark\"  >\n\t\t\t\n\t\t\t\n<h2>Devotional<\/h2>\n\t\t<\/div>\n\t\t\t\t\t<\/div>\n\n\t\n\n\t<div id=\"col-947953979\" class=\"col small-12 large-12\"  >\n\t\t\t\t<div class=\"col-inner dark\"  >\n\t\t\t\n\t\t\t\n<p>Na fala \u00abAlegrai-vos na esperan\u00e7a\u00bb Aslaksen diz que a esperan\u00e7a cumpre tudo. O que VOC\u00ca cr\u00ea que ele se refere com isto?<\/p>\n<p class='info'>You have to <a href='\/login\/'>log in<\/a> if you want to save your answer.<\/p>\n\t\t<\/div>\n\t\t\t\t\t<\/div>\n\n\t\n<\/div>\n\t\t<\/div>\n\n\t\t\n<style>\n#section_1905674541 {\n  padding-top: 30px;\n  padding-bottom: 30px;\n  background-color: rgb(73, 92, 94);\n}\n<\/style>\n\t<\/section>\n\t\n","protected":false},"excerpt":{"rendered":"","protected":false},"author":5,"featured_media":0,"parent":8267,"menu_order":3,"comment_status":"closed","ping_status":"closed","template":"page-blank.php","meta":{"footnotes":""},"class_list":["post-18448","page","type-page","status-publish","hentry"],"aioseo_notices":[],"_links":{"self":[{"href":"https:\/\/words-of-faith.org\/pt-pt\/wp-json\/wp\/v2\/pages\/18448","targetHints":{"allow":["GET"]}}],"collection":[{"href":"https:\/\/words-of-faith.org\/pt-pt\/wp-json\/wp\/v2\/pages"}],"about":[{"href":"https:\/\/words-of-faith.org\/pt-pt\/wp-json\/wp\/v2\/types\/page"}],"author":[{"embeddable":true,"href":"https:\/\/words-of-faith.org\/pt-pt\/wp-json\/wp\/v2\/users\/5"}],"replies":[{"embeddable":true,"href":"https:\/\/words-of-faith.org\/pt-pt\/wp-json\/wp\/v2\/comments?post=18448"}],"version-history":[{"count":0,"href":"https:\/\/words-of-faith.org\/pt-pt\/wp-json\/wp\/v2\/pages\/18448\/revisions"}],"up":[{"embeddable":true,"href":"https:\/\/words-of-faith.org\/pt-pt\/wp-json\/wp\/v2\/pages\/8267"}],"wp:attachment":[{"href":"https:\/\/words-of-faith.org\/pt-pt\/wp-json\/wp\/v2\/media?parent=18448"}],"curies":[{"name":"wp","href":"https:\/\/api.w.org\/{rel}","templated":true}]}}