{"id":18480,"date":"2020-07-21T10:43:49","date_gmt":"2020-07-21T08:43:49","guid":{"rendered":"https:\/\/aslaksen.bcc.no\/?page_id=18480"},"modified":"2020-08-21T11:52:33","modified_gmt":"2020-08-21T09:52:33","slug":"crer-como-abraao","status":"publish","type":"page","link":"https:\/\/words-of-faith.org\/pt-pt\/bible-study\/tema-1\/crer-como-abraao\/","title":{"rendered":"Crer, como Abra\u00e3o"},"content":{"rendered":"\n\t<section class=\"section\" id=\"section_1052749717\">\n\t\t<div class=\"section-bg fill\" >\n\t\t\t\t\t\t\t\t\t\n\t\t\t\n\n\t\t<\/div>\n\n\t\t\n\n\t\t<div class=\"section-content relative\">\n\t\t\t\n<div class=\"row align-center\"  id=\"row-1187403667\">\n\n\t<div id=\"col-1001564072\" class=\"col small-12 large-12\"  >\n\t\t\t\t<div class=\"col-inner\"  >\n\t\t\t\n\t\t\t\n<p class=\"breadcrumbs\"><a href=\"..\/\">Theme 1<\/a> \/ Messages<\/p>\n<h1>Humildes de cora\u00e7\u00e3o<\/h1>\n<p class=\"article-date\">Tesouros Escondidos, publicado Julho de 1963<\/p>\n<p class=\"article-author\">de Elias Aslaksen<\/p>\n\t\t<\/div>\n\t\t\t\t\t<\/div>\n\n\t\n\n<style>\n#row-1187403667 > .col > .col-inner {\n  padding: 30px 0px 0px 0px;\n}\n<\/style>\n<\/div>\n<div class=\"row align-center audio\"  id=\"row-149551239\">\n\n\t<div id=\"col-705566824\" class=\"col small-12 large-12\"  >\n\t\t\t\t<div class=\"col-inner\"  >\n\t\t\t\n\t\t\t\n<!--[if lt IE 9]><script>document.createElement('audio');<\/script><![endif]-->\n<audio class=\"wp-audio-shortcode\" id=\"audio-18480-1\" preload=\"none\" style=\"width: 100%;\" controls=\"controls\"><source type=\"audio\/mpeg\" src=\"\/audio\/Tema%204\/POR\/22%20T%20-%20Humilde%20de%20cora%C3%A7%C3%A3o_POR.mp3?_=1\" \/><a href=\"\/audio\/Tema%204\/POR\/22%20T%20-%20Humilde%20de%20cora%C3%A7%C3%A3o_POR.mp3\">\/audio\/Tema%204\/POR\/22%20T%20-%20Humilde%20de%20cora%C3%A7%C3%A3o_POR.mp3<\/a><\/audio>\n<p class=\"click-to-listen\">Click to listen to the speech.<\/p>\n\t\t<\/div>\n\t\t\t\t\t<\/div>\n\n\t\n<\/div>\n<div class=\"row align-center article article-excerpt\"  id=\"row-1983459893\">\n\n\t<div id=\"col-1427786142\" class=\"col small-12 large-12\"  >\n\t\t\t\t<div class=\"col-inner text-left\"  >\n\t\t\t\n\t\t\t\n<p><span lang=\"PT-BR\">\u00c9 dito, por exemplo, que n\u00e3o depende de quem quer ou de quem corre, mas de Deus que d\u00e1 miseric\u00f3rdia! Existe alguma lei para quem ele d\u00e1 miseric\u00f3rdia, a quem ele concede gra\u00e7a? Sim, \u00e9 isso mesmo. T\u00e3o superficialmente, pensa-se: Sim, ent\u00e3o n\u00e3o adianta, ent\u00e3o n\u00e3o adianta ser zeloso? N\u00e3o, est\u00e1 certo. Mas isso n\u00e3o significa que \u00e9 por acaso, que \u00e9 uma loteria de que Deus \u00e9 caprichoso. N\u00f3s sabemos a quem Ele concede! Sim, sabemos a quem ele d\u00e1 mais gra\u00e7a, a quem ele d\u00e1 mais gra\u00e7a e a quem ele absolutamente n\u00e3o d\u00e1 gra\u00e7a. Muitos correm, muitos querem, muitos s\u00e3o ambiciosos \u2013 voc\u00ea conhece esse tom? Sim, o que \u00e9 isso? \u00c9 isso que eu quero, quero subir, quero seguir em frente. &nbsp;Quero ser um servo do Senhor, quero ser bom, quero falar brilhantemente. <br \/>Sopra aos ares tudo o que voc\u00ea quer. Voc\u00ea quer descer? Algu\u00e9m pode estar no meio da igreja viva de Deus sem nunca ser feliz. Qual \u00e9 a raz\u00e3o? N\u00e3o diga que h\u00e1 muitas raz\u00f5es. Falta humildade. <br \/>Se \u00e9 grande demais e forte em si mesmo, esse \u00e9 o \u00fanico motivo! Certamente \u00e9 isso, nunca h\u00e1 exemplos demais disso. Ent\u00e3o h\u00e1 pouco cuidado com um, n\u00e3o se tem vit\u00f3ria sobre o pecado, sim, \u00e9 realmente miser\u00e1vel. E no meio disso, voc\u00ea tem um grande interesse em poder se levantar e falar maravilhosamente. Algu\u00e9m se reconhece aqui? Algu\u00e9m se identifica com isso? N\u00e3o \u00e9 perigoso ser humilde, n\u00e3o \u00e9 perigoso reconhecer. N\u00e3o percebem isso agora? \u00c9 o contr\u00e1rio que \u00e9 perigoso. Algu\u00e9m se reconhece nisto? Isto faz algum sentido? \u00c9 espiritualmente enorme isso. \u00c9 isso que \u00e9. Em outras palavras: \u00e9 hipocrisia, isso, \u00e9 teatro. Isso \u00e9 querer blefar, \u00e9 um desejo de impressionar as pessoas por uma honra que eu nunca vou merecer. N\u00e3o \u00e9? Sim, pare com isso. Termine para sempre. Procure estar interessado em vencer o pecado. <br \/>E qual \u00e9 o caminho para isso? Qual o caminho para isso? \u00c9 ser humilde. \u00c9 se humilhar a si mesmo. Ent\u00e3o Deus me d\u00e1 gra\u00e7a, mesmo que eu nunca pe\u00e7a por isso.<\/span><\/p>\n\t\t<\/div>\n\t\t\t\t\t<\/div>\n\n\t\n\n\t<div id=\"col-1424621795\" class=\"col copyright small-12 large-12\"  >\n\t\t\t\t<div class=\"col-inner text-left\"  >\n\t\t\t\n\t\t\t\n<div>\u00a9 Copyright Stiftelsen Skjulte Skatters Forlag<\/div>\n\t\t<\/div>\n\t\t\t\t\t<\/div>\n\n\t\n\n\t<div id=\"col-532414304\" class=\"col small-12 large-12\"  >\n\t\t\t\t<div class=\"col-inner text-left\"  >\n\t\t\t\n\t\t\t\n<div><a href=\"#\" class=\"read-more\">Leia mais<\/a><\/div>\n\t\t<\/div>\n\t\t\t\t\t<\/div>\n\n\t\n\n\t<div id=\"col-639621711\" class=\"col small-12 large-12\"  >\n\t\t\t\t<div class=\"col-inner text-left\"  >\n\t\t\t\n\t\t\t\n<p class=\"next-previous-message\"><a class=\"previous\" href=\"\/pt-pt\/bible-studies\/theme-1\/rejoice-in-hope\/\"><i class=\"icon-angle-left\"><\/i> Previous<\/a><a class=\"next\" href=\"\/pt-pt\/bible-studies\/theme-1\/god-is-truthful\/\">Next <i class=\"icon-angle-right\"><\/i><\/a><\/p>\n\t\t<\/div>\n\t\t\t\t\t<\/div>\n\n\t\n<\/div>\n\t\t<\/div>\n\n\t\t\n<style>\n#section_1052749717 {\n  padding-top: 0px;\n  padding-bottom: 0px;\n  margin-bottom: 0px;\n}\n@media (min-width:550px) {\n  #section_1052749717 {\n    padding-top: 0px;\n    padding-bottom: 0px;\n  }\n}\n<\/style>\n\t<\/section>\n\t\n\n\t<section class=\"section food-for-thought\" id=\"section_553484529\">\n\t\t<div class=\"section-bg fill\" >\n\t\t\t\t\t\t\t\t\t\n\t\t\t\n\n\t\t<\/div>\n\n\t\t\n\n\t\t<div class=\"section-content relative\">\n\t\t\t\n<div class=\"row align-center\"  id=\"row-1835027183\">\n\n\t<div id=\"col-1439273945\" class=\"col title small-12 large-12\"  >\n\t\t\t\t<div class=\"col-inner text-left dark\"  >\n\t\t\t\n\t\t\t\n<h2>Devotional<\/h2>\n\t\t<\/div>\n\t\t\t\t\t<\/div>\n\n\t\n\n\t<div id=\"col-1176169069\" class=\"col small-12 large-12\"  >\n\t\t\t\t<div class=\"col-inner dark\"  >\n\t\t\t\n\t\t\t\n<p>O que quer dizer isto que Aslaksen escreve no fragmento \u00abCrer, assim como Abra\u00e3o\u00bb?<\/p>\n<ul class=\"question-answers\">\n<li>Reconhecer que Deus \u00e9 todo poderoso<\/li>\n<li>Que somos obedientes a cada palavra de Deus<\/li>\n<li>Que cumpramos as condi\u00e7\u00f5es com exatid\u00e3o<\/li>\n<\/ul>\n<p class='info'>You have to <a href='\/login\/'>log in<\/a> if you want to save your answer.<\/p>\n\t\t<\/div>\n\t\t\t\t\t<\/div>\n\n\t\n<\/div>\n\t\t<\/div>\n\n\t\t\n<style>\n#section_553484529 {\n  padding-top: 30px;\n  padding-bottom: 30px;\n  background-color: rgb(73, 92, 94);\n}\n<\/style>\n\t<\/section>\n\t\n","protected":false},"excerpt":{"rendered":"","protected":false},"author":5,"featured_media":0,"parent":8267,"menu_order":4,"comment_status":"closed","ping_status":"closed","template":"page-blank.php","meta":{"footnotes":""},"class_list":["post-18480","page","type-page","status-publish","hentry"],"aioseo_notices":[],"_links":{"self":[{"href":"https:\/\/words-of-faith.org\/pt-pt\/wp-json\/wp\/v2\/pages\/18480","targetHints":{"allow":["GET"]}}],"collection":[{"href":"https:\/\/words-of-faith.org\/pt-pt\/wp-json\/wp\/v2\/pages"}],"about":[{"href":"https:\/\/words-of-faith.org\/pt-pt\/wp-json\/wp\/v2\/types\/page"}],"author":[{"embeddable":true,"href":"https:\/\/words-of-faith.org\/pt-pt\/wp-json\/wp\/v2\/users\/5"}],"replies":[{"embeddable":true,"href":"https:\/\/words-of-faith.org\/pt-pt\/wp-json\/wp\/v2\/comments?post=18480"}],"version-history":[{"count":0,"href":"https:\/\/words-of-faith.org\/pt-pt\/wp-json\/wp\/v2\/pages\/18480\/revisions"}],"up":[{"embeddable":true,"href":"https:\/\/words-of-faith.org\/pt-pt\/wp-json\/wp\/v2\/pages\/8267"}],"wp:attachment":[{"href":"https:\/\/words-of-faith.org\/pt-pt\/wp-json\/wp\/v2\/media?parent=18480"}],"curies":[{"name":"wp","href":"https:\/\/api.w.org\/{rel}","templated":true}]}}