{"id":18512,"date":"2020-07-21T10:48:00","date_gmt":"2020-07-21T08:48:00","guid":{"rendered":"https:\/\/aslaksen.bcc.no\/?page_id=18512"},"modified":"2020-08-21T11:56:25","modified_gmt":"2020-08-21T09:56:25","slug":"deus-e-verdadeiro","status":"publish","type":"page","link":"https:\/\/words-of-faith.org\/pt-pt\/bible-study\/tema-1\/deus-e-verdadeiro\/","title":{"rendered":"Deus \u00e9 verdadeiro"},"content":{"rendered":"\n\t<section class=\"section\" id=\"section_8445253\">\n\t\t<div class=\"section-bg fill\" >\n\t\t\t\t\t\t\t\t\t\n\t\t\t\n\n\t\t<\/div>\n\n\t\t\n\n\t\t<div class=\"section-content relative\">\n\t\t\t\n<div class=\"row align-center\"  id=\"row-975273362\">\n\n\t<div id=\"col-261157775\" class=\"col small-12 large-12\"  >\n\t\t\t\t<div class=\"col-inner\"  >\n\t\t\t\n\t\t\t\n<p class=\"breadcrumbs\"><a href=\"..\/\">Theme 1<\/a> \/ Messages<\/p>\n<h1>O m\u00e9todo de trabalho de Deus<\/h1>\n<p class=\"article-date\">Fragmento da fala de Abril de 1958<\/p>\n<p class=\"article-author\">de Elias Aslaksen<\/p>\n\t\t<\/div>\n\t\t\t\t\t<\/div>\n\n\t\n\n<style>\n#row-975273362 > .col > .col-inner {\n  padding: 30px 0px 0px 0px;\n}\n<\/style>\n<\/div>\n<div class=\"row align-center audio\"  id=\"row-1750742699\">\n\n\t<div id=\"col-1511337302\" class=\"col small-12 large-12\"  >\n\t\t\t\t<div class=\"col-inner\"  >\n\t\t\t\n\t\t\t\n<!--[if lt IE 9]><script>document.createElement('audio');<\/script><![endif]-->\n<audio class=\"wp-audio-shortcode\" id=\"audio-18512-1\" preload=\"none\" style=\"width: 100%;\" controls=\"controls\"><source type=\"audio\/mpeg\" src=\"\/audio\/Tema%204\/POR\/23_O%20m%C3%A9todo%20de%20trabalho%20de%20Deus_POR.mp3?_=1\" \/><a href=\"\/audio\/Tema%204\/POR\/23_O%20m%C3%A9todo%20de%20trabalho%20de%20Deus_POR.mp3\">\/audio\/Tema%204\/POR\/23_O%20m%C3%A9todo%20de%20trabalho%20de%20Deus_POR.mp3<\/a><\/audio>\n<p class=\"click-to-listen\">Click to listen to the speech.<\/p>\n\t\t<\/div>\n\t\t\t\t\t<\/div>\n\n\t\n<\/div>\n<div class=\"row align-center article article-excerpt\"  id=\"row-761822535\">\n\n\t<div id=\"col-1835387165\" class=\"col small-12 large-12\"  >\n\t\t\t\t<div class=\"col-inner text-left\"  >\n\t\t\t\n\t\t\t\n<p>\u00c9 essencialmente sempre o mesmo. Isso tamb\u00e9m \u00e9 bastante razo\u00e1vel, uma vez que todas as pessoas t\u00eam as mesmas inclina\u00e7\u00f5es, ou seja, serem superficiais e ter grandes pensamentos sobre si mesmas, de modo que tomem a honra sobre o que Deus, em sua grande gra\u00e7a, operou nelas e atrav\u00e9s delas.<\/p>\n<p>\u00c9 exatamente por isso que seu plano fixo e m\u00e9todo de trabalho \u00e9 evitar isso. Portanto, o trabalho dele \u00e9 quebrantar-nos segundo a carne e nos fazer afundar adequadamente em nossos pr\u00f3prios olhos. Por exemplo. Deixar que isto ou aquilo n\u00e3o d\u00ea certo para n\u00f3s, retirando a Si e Sua gra\u00e7a em certos casos, e assim deixar-nos provar o fruto de nossos caminhos, fruto de nossa pr\u00f3pria for\u00e7a de vontade e raz\u00e3o.<\/p>\n<p>Dessa forma, somos humilhados e recebemos lastro no navio de nossas vidas, para que possamos suportar uma viagem em todos os tipos de mudan\u00e7as de clima, sem dar voltas \u2013 ent\u00e3o podemos chegar em boa guarda ao porto eterno.<\/p>\n<p>Afinal, sua boa vontade amorosa \u00e9 nos exaltar com Ele, e por essa mesma raz\u00e3o ele deve nos quebrantar fortemente, para que possamos suportar a exalta\u00e7\u00e3o sem nos honrarmos a n\u00f3s mesmos por isso.<\/p>\n<p>Ele faz isso com m\u00e3o firme e cora\u00e7\u00e3o firme, sem ser influenciado de maneira alguma pela nossa falta de compreens\u00e3o de Sua forma de agir.<\/p>\n<p>Honrado, honrado, honrado \u2013 seja Seu nome!<\/p>\n<p>Elias Aslaksen<\/p>\n\t\t<\/div>\n\t\t\t\t\t<\/div>\n\n\t\n\n\t<div id=\"col-826215116\" class=\"col copyright small-12 large-12\"  >\n\t\t\t\t<div class=\"col-inner text-left\"  >\n\t\t\t\n\t\t\t\n<div>\u00a9 Copyright Stiftelsen Skjulte Skatters Forlag<\/div>\n\t\t<\/div>\n\t\t\t\t\t<\/div>\n\n\t\n\n\t<div id=\"col-605773575\" class=\"col small-12 large-12\"  >\n\t\t\t\t<div class=\"col-inner text-left\"  >\n\t\t\t\n\t\t\t\n<div><a href=\"#\" class=\"read-more\">Leia mais<\/a><\/div>\n\t\t<\/div>\n\t\t\t\t\t<\/div>\n\n\t\n\n\t<div id=\"col-726780084\" class=\"col small-12 large-12\"  >\n\t\t\t\t<div class=\"col-inner text-left\"  >\n\t\t\t\n\t\t\t\n<p class=\"next-previous-message\"><a class=\"previous\" href=\"\/pt-pt\/bible-studies\/theme-1\/believe-like-abraham-did\/\"><i class=\"icon-angle-left\"><\/i> Previous<\/a><a class=\"next\" href=\"\/pt-pt\/bible-studies\/theme-1\/believe-in-the-god-of-miracles\/\">Next <i class=\"icon-angle-right\"><\/i><\/a><\/p>\n\t\t<\/div>\n\t\t\t\t\t<\/div>\n\n\t\n<\/div>\n\t\t<\/div>\n\n\t\t\n<style>\n#section_8445253 {\n  padding-top: 0px;\n  padding-bottom: 0px;\n  margin-bottom: 0px;\n}\n@media (min-width:550px) {\n  #section_8445253 {\n    padding-top: 0px;\n    padding-bottom: 0px;\n  }\n}\n<\/style>\n\t<\/section>\n\t\n\n\t<section class=\"section food-for-thought\" id=\"section_1823067337\">\n\t\t<div class=\"section-bg fill\" >\n\t\t\t\t\t\t\t\t\t\n\t\t\t\n\n\t\t<\/div>\n\n\t\t\n\n\t\t<div class=\"section-content relative\">\n\t\t\t\n<div class=\"row align-center\"  id=\"row-1528471473\">\n\n\t<div id=\"col-270483919\" class=\"col title small-12 large-12\"  >\n\t\t\t\t<div class=\"col-inner text-left dark\"  >\n\t\t\t\n\t\t\t\n<h2>Devotional<\/h2>\n\t\t<\/div>\n\t\t\t\t\t<\/div>\n\n\t\n\n\t<div id=\"col-1548540223\" class=\"col small-12 large-12\"  >\n\t\t\t\t<div class=\"col-inner dark\"  >\n\t\t\t\n\t\t\t\n<p>Leia ou ou\u00e7a o fragmento \u00abDeus \u00e9 verdadeiro\u00bb: Encontre uma promessa na biblia que voc\u00ea ainda n\u00e3o tinha pensado antes e anote o vers\u00edculo no campo abaixo. Se voc\u00ea quiser, pode tamb\u00e9m anotar o que acontece contigo pessoalmente, se voc\u00ea crer exatamente naquilo que est\u00e1 escrito. Leia o contexto &#8211; Voc\u00ea pode encontrar alguma condi\u00e7\u00e3o vinculada \u00e0 promessa?<\/p>\n<p class='info'>You have to <a href='\/login\/'>log in<\/a> if you want to save your answer.<\/p>\n\t\t<\/div>\n\t\t\t\t\t<\/div>\n\n\t\n<\/div>\n\t\t<\/div>\n\n\t\t\n<style>\n#section_1823067337 {\n  padding-top: 30px;\n  padding-bottom: 30px;\n  background-color: rgb(73, 92, 94);\n}\n<\/style>\n\t<\/section>\n\t\n","protected":false},"excerpt":{"rendered":"","protected":false},"author":5,"featured_media":0,"parent":8267,"menu_order":5,"comment_status":"closed","ping_status":"closed","template":"page-blank.php","meta":{"footnotes":""},"class_list":["post-18512","page","type-page","status-publish","hentry"],"aioseo_notices":[],"_links":{"self":[{"href":"https:\/\/words-of-faith.org\/pt-pt\/wp-json\/wp\/v2\/pages\/18512","targetHints":{"allow":["GET"]}}],"collection":[{"href":"https:\/\/words-of-faith.org\/pt-pt\/wp-json\/wp\/v2\/pages"}],"about":[{"href":"https:\/\/words-of-faith.org\/pt-pt\/wp-json\/wp\/v2\/types\/page"}],"author":[{"embeddable":true,"href":"https:\/\/words-of-faith.org\/pt-pt\/wp-json\/wp\/v2\/users\/5"}],"replies":[{"embeddable":true,"href":"https:\/\/words-of-faith.org\/pt-pt\/wp-json\/wp\/v2\/comments?post=18512"}],"version-history":[{"count":0,"href":"https:\/\/words-of-faith.org\/pt-pt\/wp-json\/wp\/v2\/pages\/18512\/revisions"}],"up":[{"embeddable":true,"href":"https:\/\/words-of-faith.org\/pt-pt\/wp-json\/wp\/v2\/pages\/8267"}],"wp:attachment":[{"href":"https:\/\/words-of-faith.org\/pt-pt\/wp-json\/wp\/v2\/media?parent=18512"}],"curies":[{"name":"wp","href":"https:\/\/api.w.org\/{rel}","templated":true}]}}