{"id":24505,"date":"2020-07-31T09:19:25","date_gmt":"2020-07-31T07:19:25","guid":{"rendered":"https:\/\/words-of-faith.org\/sobre-nos\/"},"modified":"2020-10-05T09:22:01","modified_gmt":"2020-10-05T07:22:01","slug":"sobre-nos","status":"publish","type":"page","link":"https:\/\/words-of-faith.org\/pt-pt\/sobre-nos\/","title":{"rendered":"Sobre n\u00f3s"},"content":{"rendered":"\n\t<section class=\"section\" id=\"section_1575136528\">\n\t\t<div class=\"section-bg fill\" >\n\t\t\t\t\t\t\t\t\t\n\t\t\t\n\n\t\t<\/div>\n\n\t\t\n\n\t\t<div class=\"section-content relative\">\n\t\t\t\n<div class=\"row align-center\"  id=\"row-854503525\">\n\n\t<div id=\"col-630744965\" class=\"col small-12 large-12\"  >\n\t\t\t\t<div class=\"col-inner\"  >\n\t\t\t\n\t\t\t\n<h1>Sobre n\u00f3s<\/h1>\n\n\t\t<div class=\"tabbed-content\">\n\t\t\t\n\t\t\t<ul class=\"nav nav-simple nav-normal nav-size-normal nav-left\" role=\"tablist\"><li id=\"tab-palavras-de-f\u00e9\" class=\"tab active has-icon\" role=\"presentation\"><a href=\"#tab_palavras-de-f\u00e9\" role=\"tab\" aria-selected=\"true\" aria-controls=\"tab_palavras-de-f\u00e9\"><span>Palavras de f\u00e9<\/span><\/a><\/li>\n<li id=\"tab-sobre-elias-aslaksen\" class=\"tab has-icon\" role=\"presentation\"><a href=\"#tab_sobre-elias-aslaksen\" tabindex=\"-1\" role=\"tab\" aria-selected=\"false\" aria-controls=\"tab_sobre-elias-aslaksen\"><span>Sobre Elias Aslaksen<\/span><\/a><\/li>\n<li id=\"tab-sobre-o-cristianismoativo\" class=\"tab has-icon\" role=\"presentation\"><a href=\"#tab_sobre-o-cristianismoativo\" tabindex=\"-1\" role=\"tab\" aria-selected=\"false\" aria-controls=\"tab_sobre-o-cristianismoativo\"><span>Sobre o CristianismoAtivo<\/span><\/a><\/li><\/ul><div class=\"tab-panels\"><div id=\"tab_palavras-de-f\u00e9\" class=\"panel active entry-content\" role=\"tabpanel\" aria-labelledby=\"tab-palavras-de-f\u00e9\">\n<h2>Words of Faith<\/h2>\n<p style=\"text-align: center;\"><img loading=\"lazy\" decoding=\"async\" class=\"aligncenter wp-image-24521\" src=\"https:\/\/words-of-faith.org\/wp-content\/uploads\/2020\/04\/EA-Logo-Final-7-275x400.png\" alt=\"\" width=\"150\" height=\"219\" \/><\/p>\n<p>\u201cFaith in the Word of Life is the greatest power that exists in the universe.\u201d This quote from Elias Aslaksen sums up his life and teaching. <\/p>\n<p>\u201cWords of faith\u201d is a Bible study resource centered on the written and spoken messages of Elias Aslaksen. His preaching adhered 100% to the Word of God and obedience to the faith. He believed in a life of victory over sin and full transformation into the image of Christ, just as the Bible speaks about in many places, and His faith was in an Almighty God who has all power in heaven and on earth to make this life fully possible for each one who believes. <\/p>\n<p>It\u2019s written about Paul that he was a teacher of the Gentiles in faith and truth, and this is the pattern that Elias Aslaksen\u2019s teaching followed. First to believe that the Word is true and good in every way. Then, with a personal, living faith, to live according to it. <\/p>\n<p>Through the spirit of faith shared in the messages and Bible studies on this website, faith for living such an overcoming life can be born and strengthened in every heart that is willing to fight the good fight of faith and lay hold on eternal life!<\/p>\n<\/div>\n<div id=\"tab_sobre-elias-aslaksen\" class=\"panel entry-content\" role=\"tabpanel\" aria-labelledby=\"tab-sobre-elias-aslaksen\">\n<h2>Sobre Elias Aslaksen (1888-1976)<\/h2>\n<p><img loading=\"lazy\" decoding=\"async\" class=\"alignnone size-medium wp-image-23818\" src=\"https:\/\/words-of-faith.org\/wp-content\/uploads\/2020\/09\/about-elias-aslaksen-632x400.png\" alt=\"\" width=\"632\" height=\"400\"><\/p>\n<p>Em Filipenses 3:7-8 Paulo escreveu: &#8220;Mas o que para mim era ganho, reputei-o perda por Cristo. Sim, e tamb\u00e9m considero todas as coisas como perda pela excel\u00eancia do conhecimento de Cristo Jesus meu Senhor, pelo qual tamb\u00e9m sofri a perda de todas as coisas e as considero como esterco, para que eu possa ganhar a Cristo.&#8221;<\/p>\n<figure id=\"attachment_23786\" aria-describedby=\"caption-attachment-23786\" style=\"width: 154px\" class=\"wp-caption alignright\"><img loading=\"lazy\" decoding=\"async\" class=\"wp-image-23786\" src=\"https:\/\/words-of-faith.org\/wp-content\/uploads\/2020\/09\/elias-aslaksen-early-twenties-258x400.png\" alt=\"\" width=\"154\" height=\"239\"><figcaption id=\"caption-attachment-23786\" class=\"wp-caption-text\">Elias Aslaksen in his early twenties, as first lieutenant. He was a very intelligent young man, but he gave up his career in the navy because he was gripped of Jesus Christ.<\/figcaption><\/figure>\n<p>Essas palavras ecoaram na vida de Elias Aslaksen. Um jovem excepcionalmente talentoso com uma excelente educa\u00e7\u00e3o \u00e9 uma carreira promissora como o melhor cadete naval que a Marinha Norueguesa j\u00e1 teve, l\u00ea deixou tudo para perseguir &#8220;o pr\u00eamio da soberana voca\u00e7\u00e3o deDeus em Cristo Jesus.&#8221; (Filipenses 3,14.) Ele entregou toda a sua vida para o progresso do evangelho, tanto traves da obedi\u00eancia da f\u00e9 na sua vida pessoal quanto no prega\u00e7\u00e3o incans\u00e1vel da palavra de f\u00e9 em v\u00e1rios lugares ao redor do globo por muitos anos.  <\/p>\n<p>Tanto seu grande legado de mensagens escritas quanto sua prega\u00e7\u00e3o eram baseados em 100% de fidelidade \u00e0 Palavra de Deus. Possivelmente isso \u00e9 o que faz as suas mensagens serem t\u00e3o afiadas e poderosas at\u00e9 agora, mais de 40 anos ap\u00f3s a sua morte. Ele n\u00e3o fazia rodeios para fazer um ponto, mas falava a Palavra de Deus clara e diretamente, assim como a experimentava em sua pr\u00f3pria vida.  <\/p>\n<figure id=\"attachment_23802\" aria-describedby=\"caption-attachment-23802\" style=\"width: 632px\" class=\"wp-caption alignnone\"><img loading=\"lazy\" decoding=\"async\" class=\"wp-image-23802 size-medium\" src=\"https:\/\/words-of-faith.org\/wp-content\/uploads\/2020\/09\/elias-aslaksen-preaching-632x400.png\" alt=\"\" width=\"632\" height=\"400\"><figcaption id=\"caption-attachment-23802\" class=\"wp-caption-text\">Elias Aslaksen preaching at an open-air meeting<\/figcaption><\/figure>\n<p>Ele pregou um evangelho de uma vida de supera\u00e7\u00e3o de vit\u00f3ria sobre o pecado. A f\u00e9 nasceu em muitos cora\u00e7\u00f5es como um resultado do minist\u00e9rio e ensino, mas especialmente por causa da sua vida. Ele tinha uma f\u00e9 viva tal em Deus que quando ele falava nesse esp\u00edrito de f\u00e9 era quase imposs\u00edvel n\u00e3o ser fortificado. Ele tinha um dom especial de falar de uma forma assim que os seus ouvintes eram colados aos seus assentos e, quando ele falava, seus ouvintes criam que uma vida de vit\u00f3ria sobre o pecado era poss\u00edvel para eles.   <\/p>\n<figure id=\"attachment_23754\" aria-describedby=\"caption-attachment-23754\" style=\"width: 632px\" class=\"wp-caption alignnone\"><img loading=\"lazy\" decoding=\"async\" class=\"size-medium wp-image-23754\" src=\"https:\/\/words-of-faith.org\/wp-content\/uploads\/2020\/09\/elias-aslaksen-brilliant-speaker-632x400.png\" alt=\"\" width=\"632\" height=\"400\"><figcaption id=\"caption-attachment-23754\" class=\"wp-caption-text\">Aslaksen was a brilliant speaker, and was able to articulate things in such a way that people were glued to their seats.<\/figcaption><\/figure>\n<p>Ele era uma pessoa quente e de bom agrado, cheio de amor e bondade. As pessoas eram atra\u00eddas por ele assim como as abelhas ao mel, por causa da atmosfera de vida que havia com ele, mas ele sempre direcionava ao Cabe\u00e7a. Ele amava estar sentado e falando a Palavra de Deus aos jovens, e quando voc\u00ea o deixava falar e,e poderia falar por uma hora ou duas. Ele era fiel \u00e0 verdade, mas sempre em amor. Assim que ele podia exortar e encorajar e se ore tinha algo de Deus para dar e aben\u00e7oar.    <\/p>\n<figure id=\"attachment_23770\" aria-describedby=\"caption-attachment-23770\" style=\"width: 632px\" class=\"wp-caption alignnone\"><img loading=\"lazy\" decoding=\"async\" class=\"size-medium wp-image-23770\" src=\"https:\/\/words-of-faith.org\/wp-content\/uploads\/2020\/09\/elias-aslaksen-good-atmosphere-632x400.png\" alt=\"\" width=\"632\" height=\"400\"><figcaption id=\"caption-attachment-23770\" class=\"wp-caption-text\">Where Aslaksen was, there was always a good atmosphere.<\/figcaption><\/figure>\n<p>Seu ensino continua vivo nas mensagens que ele deixou para tr\u00e1s, e muitos foram fortificados na sua f\u00e9 atrav\u00e9s de suas palavras. Nossa esperan\u00e7a \u00e9 que tamb\u00e9m voc\u00ea ser\u00e1 fortificado \u00e9 encorajado para combater o bom combate da f\u00e9 atrav\u00e9s dos conte\u00fados deste site. <\/p>\n<figure id=\"attachment_23738\" aria-describedby=\"caption-attachment-23738\" style=\"width: 632px\" class=\"wp-caption alignnone\"><img loading=\"lazy\" decoding=\"async\" class=\"size-medium wp-image-23738\" src=\"https:\/\/words-of-faith.org\/wp-content\/uploads\/2020\/09\/elias-aslaksen-active-writer-632x400.png\" alt=\"\" width=\"632\" height=\"400\"><figcaption id=\"caption-attachment-23738\" class=\"wp-caption-text\">Aslaksen was a very active writer, who in the course of his life wrote hundreds of letters, articles, pamphlets, books and songs.<\/figcaption><\/figure>\n<figure id=\"attachment_23722\" aria-describedby=\"caption-attachment-23722\" style=\"width: 318px\" class=\"wp-caption alignnone\"><img loading=\"lazy\" decoding=\"async\" class=\"size-medium wp-image-23722\" src=\"https:\/\/words-of-faith.org\/wp-content\/uploads\/2020\/09\/elias-aslaksen-70-years-318x400.png\" alt=\"\" width=\"318\" height=\"400\"><figcaption id=\"caption-attachment-23722\" class=\"wp-caption-text\">Elias Aslaksen, about 70 years old.<\/figcaption><\/figure>\n<\/div>\n<div id=\"tab_sobre-o-cristianismoativo\" class=\"panel entry-content\" role=\"tabpanel\" aria-labelledby=\"tab-sobre-o-cristianismoativo\">\n<h2>Sobre o CristianismoAtivo<\/h2>\n<p><em>Para informa\u00e7\u00f5es mais detalhadas sobre o CristianismoAtivo visite o site oficial <a href=\"https:\/\/activechristianity.org\" target=\"_blank\" rel=\"noopener noreferrer\">cristianismoativo.com<\/a>.<\/em><\/p>\n<p>CristianismoAtivo.org por Brunstad Christian Church explora como a Palavra de Deus nos desafia e nos capacita para viver 100% de acordo com a Sua vontade, pra que n\u00e3o precisemos mais cair em pecado, mas possamos chegar a uma vida de vit\u00f3ria.<\/p>\n<\/div><\/div><\/div>\n\t\t<\/div>\n\t\t\t\t\n<style>\n#col-630744965 > .col-inner {\n  margin: 0px 0px 20px 0px;\n}\n<\/style>\n\t<\/div>\n\n\t\n\n<style>\n#row-854503525 > .col > .col-inner {\n  padding: 30px 0px 0px 0px;\n}\n<\/style>\n<\/div>\n\t\t<\/div>\n\n\t\t\n<style>\n#section_1575136528 {\n  padding-top: 0px;\n  padding-bottom: 0px;\n}\n@media (min-width:550px) {\n  #section_1575136528 {\n    padding-top: 30px;\n    padding-bottom: 30px;\n  }\n}\n<\/style>\n\t<\/section>\n\t\n","protected":false},"excerpt":{"rendered":"","protected":false},"author":5,"featured_media":0,"parent":0,"menu_order":0,"comment_status":"closed","ping_status":"closed","template":"page-blank.php","meta":{"footnotes":""},"class_list":["post-24505","page","type-page","status-publish","hentry"],"aioseo_notices":[],"_links":{"self":[{"href":"https:\/\/words-of-faith.org\/pt-pt\/wp-json\/wp\/v2\/pages\/24505","targetHints":{"allow":["GET"]}}],"collection":[{"href":"https:\/\/words-of-faith.org\/pt-pt\/wp-json\/wp\/v2\/pages"}],"about":[{"href":"https:\/\/words-of-faith.org\/pt-pt\/wp-json\/wp\/v2\/types\/page"}],"author":[{"embeddable":true,"href":"https:\/\/words-of-faith.org\/pt-pt\/wp-json\/wp\/v2\/users\/5"}],"replies":[{"embeddable":true,"href":"https:\/\/words-of-faith.org\/pt-pt\/wp-json\/wp\/v2\/comments?post=24505"}],"version-history":[{"count":0,"href":"https:\/\/words-of-faith.org\/pt-pt\/wp-json\/wp\/v2\/pages\/24505\/revisions"}],"wp:attachment":[{"href":"https:\/\/words-of-faith.org\/pt-pt\/wp-json\/wp\/v2\/media?parent=24505"}],"curies":[{"name":"wp","href":"https:\/\/api.w.org\/{rel}","templated":true}]}}