{"id":10120,"date":"2020-05-14T20:00:27","date_gmt":"2020-05-14T18:00:27","guid":{"rendered":"https:\/\/aslaksen.bcc.no\/?page_id=10120"},"modified":"2020-11-02T07:29:35","modified_gmt":"2020-11-02T06:29:35","slug":"tema-2","status":"publish","type":"page","link":"https:\/\/words-of-faith.org\/ro\/studiu-biblic\/tema-2\/","title":{"rendered":"Tema 2"},"content":{"rendered":"\n\t<section class=\"section theme-single-page\" id=\"section_1618816044\">\n\t\t<div class=\"section-bg fill\" >\n\t\t\t\t\t\t\t\t\t\n\t\t\t\n\n\t\t<\/div>\n\n\t\t\n\n\t\t<div class=\"section-content relative\">\n\t\t\t\n\t<div id=\"gap-393071380\" class=\"gap-element clearfix\" style=\"display:block; height:auto;\">\n\t\t\n<style>\n#gap-393071380 {\n  padding-top: 30px;\n}\n<\/style>\n\t<\/div>\n\t\n<div class=\"row align-center\"  id=\"row-999296336\">\n\n\t<div id=\"col-1521401528\" class=\"col small-12 large-12\"  >\n\t\t\t\t<div class=\"col-inner\"  >\n\t\t\t\n\t\t\t\n<p class=\"breadcrumbs\"><a href=\"..\/\">Studii biblice<\/a> \/ Tema 2<\/p>\n<h1>Eu sunt r\u0103stignit cu Hristos<\/h1>\n<p>Biruin\u021b\u0103 asupra tuturor p\u0103catelor con\u0219tiente primim prin credin\u021b\u0103, \u0219i anume prin credin\u021b\u0103 c\u0103 omul nostru cel vechi a fost r\u0103stignit \u00eempreun\u0103 cu Hristos.<\/p>\n\t<div class=\"img has-hover x md-x lg-x y md-y lg-y\" id=\"image_1259587442\">\n\t\t<a class=\"\" href=\"https:\/\/vimeo.com\/419561799\" >\t\t\t\t\t\t<div class=\"img-inner dark\" >\n\t\t\t<img loading=\"lazy\" decoding=\"async\" width=\"1020\" height=\"574\" src=\"https:\/\/words-of-faith.org\/wp-content\/uploads\/2020\/05\/frame_156-1400x788.jpg\" class=\"attachment-large size-large\" alt=\"\" \/>\t\t\t\t\t\t\n\t\t\t\t\t<\/div>\n\t\t\t\t\t\t<\/a>\t\t\n<style>\n#image_1259587442 {\n  width: 100%;\n}\n<\/style>\n\t<\/div>\n\t\n<p class=\"overview-text\">Rezumat: Tema 2<\/p>\n\t\t<\/div>\n\t\t\t\t\t<\/div>\n\n\t\n<\/div>\n<div class=\"row align-center themes\"  id=\"row-2041844576\">\n\n\t<div id=\"col-1595424057\" class=\"col large-12\"  >\n\t\t\t\t<div class=\"col-inner\"  >\n\t\t\t\n\t\t\t\n<p class=\"listen-read\">Ascult\u0103 \/ Cite\u0219te<\/p>\n<h2>Mesaje scurte \u0219i puternice<\/h2>\n\t\t<\/div>\n\t\t\t\t\t<\/div>\n\n\t\n\n\t<div id=\"col-458582229\" class=\"col medium-6 small-6 large-6\"  >\n\t\t\t\t<div class=\"col-inner\"  >\n\t\t\t\n\t\t\t\n\n  <div class=\"banner has-hover\" id=\"banner-1918879806\">\n          <div class=\"banner-inner fill\">\n        <div class=\"banner-bg fill\" >\n            <img loading=\"lazy\" decoding=\"async\" width=\"577\" height=\"800\" src=\"https:\/\/words-of-faith.org\/wp-content\/uploads\/2020\/08\/Theme-2-Deny-yourself-@4x-577x800.png\" class=\"bg attachment-large size-large\" alt=\"\" \/>                                    \n                    <\/div>\n\t\t\n        <div class=\"banner-layers container\">\n            <a class=\"fill\" href=\"https:\/\/words-of-faith.org\/bible-studies\/theme-2\/deny-oneself\/\"><div class=\"fill banner-link\"><\/div><\/a>            \n   <div id=\"text-box-1580394751\" class=\"text-box banner-layer x0 md-x0 lg-x0 y100 md-y100 lg-y100 res-text\">\n                                <div class=\"text-box-content text \">\n              \n              <div class=\"text-inner text-center\">\n                  \n<h3>A se lep\u0103da de sine \u00eensu\u0219i<\/h3>\n              <\/div>\n           <\/div>\n                            \n<style>\n#text-box-1580394751 .text-box-content {\n  background-color: rgba(40, 40, 40, 0.7);\n  font-size: 100%;\n}\n#text-box-1580394751 {\n  width: 100%;\n}\n<\/style>\n    <\/div>\n \n        <\/div>\n      <\/div>\n\n            \n<style>\n#banner-1918879806 {\n  padding-top: 220px;\n  background-color: rgba(0, 0, 0, 0);\n}\n<\/style>\n  <\/div>\n\n\n\t\t<\/div>\n\t\t\t\t\t<\/div>\n\n\t\n\n\t<div id=\"col-1885029756\" class=\"col medium-6 small-6 large-6\"  >\n\t\t\t\t<div class=\"col-inner\"  >\n\t\t\t\n\t\t\t\n\n  <div class=\"banner has-hover\" id=\"banner-1066813748\">\n          <div class=\"banner-inner fill\">\n        <div class=\"banner-bg fill\" >\n            <img loading=\"lazy\" decoding=\"async\" width=\"577\" height=\"800\" src=\"https:\/\/words-of-faith.org\/wp-content\/uploads\/2020\/08\/Theme-2-I-have-been-crucified-with-Christ-@4x-577x800.png\" class=\"bg attachment-large size-large\" alt=\"\" \/>                                    \n                    <\/div>\n\t\t\n        <div class=\"banner-layers container\">\n            <a class=\"fill\" href=\"https:\/\/words-of-faith.org\/bible-studies\/theme-2\/i-have-been-crucified-with-christ\/\"><div class=\"fill banner-link\"><\/div><\/a>            \n   <div id=\"text-box-1173091676\" class=\"text-box banner-layer x0 md-x0 lg-x0 y100 md-y100 lg-y100 res-text\">\n                                <div class=\"text-box-content text \">\n              \n              <div class=\"text-inner text-center\">\n                  \n<h3>Eu sunt r\u0103stignit cu Hristos<\/h3>\n              <\/div>\n           <\/div>\n                            \n<style>\n#text-box-1173091676 .text-box-content {\n  background-color: rgba(40, 40, 40, 0.7);\n  font-size: 100%;\n}\n#text-box-1173091676 {\n  width: 100%;\n}\n<\/style>\n    <\/div>\n \n        <\/div>\n      <\/div>\n\n            \n<style>\n#banner-1066813748 {\n  padding-top: 220px;\n  background-color: rgba(0, 0, 0, 0);\n}\n#banner-1066813748 .banner-bg img {\n  object-position: 50% 80%;\n}\n<\/style>\n  <\/div>\n\n\n\t\t<\/div>\n\t\t\t\t\t<\/div>\n\n\t\n\n\t<div id=\"col-754744987\" class=\"col medium-6 small-6 large-6\"  >\n\t\t\t\t<div class=\"col-inner\"  >\n\t\t\t\n\t\t\t\n\n  <div class=\"banner has-hover\" id=\"banner-1240310047\">\n          <div class=\"banner-inner fill\">\n        <div class=\"banner-bg fill\" >\n            <img loading=\"lazy\" decoding=\"async\" width=\"577\" height=\"800\" src=\"https:\/\/words-of-faith.org\/wp-content\/uploads\/2020\/08\/Theme-2-It-is-no-longer-I-who-live-...-@4x-577x800.png\" class=\"bg attachment-large size-large\" alt=\"\" \/>                                    \n                    <\/div>\n\t\t\n        <div class=\"banner-layers container\">\n            <a class=\"fill\" href=\"https:\/\/words-of-faith.org\/bible-studies\/theme-2\/it-is-no-longer-i-who-live\/\"><div class=\"fill banner-link\"><\/div><\/a>            \n   <div id=\"text-box-327449013\" class=\"text-box banner-layer x0 md-x0 lg-x0 y100 md-y100 lg-y100 res-text\">\n                                <div class=\"text-box-content text \">\n              \n              <div class=\"text-inner text-center\">\n                  \n<h3>\u201e\u2026 nu mai tr\u0103iesc eu \u2026\u201d<\/h3>\n              <\/div>\n           <\/div>\n                            \n<style>\n#text-box-327449013 .text-box-content {\n  background-color: rgba(40, 40, 40, 0.7);\n  font-size: 100%;\n}\n#text-box-327449013 {\n  width: 100%;\n}\n<\/style>\n    <\/div>\n \n        <\/div>\n      <\/div>\n\n            \n<style>\n#banner-1240310047 {\n  padding-top: 220px;\n  background-color: rgba(0, 0, 0, 0);\n}\n<\/style>\n  <\/div>\n\n\n\t\t<\/div>\n\t\t\t\t\t<\/div>\n\n\t\n\n\t<div id=\"col-162213492\" class=\"col medium-6 small-6 large-6\"  >\n\t\t\t\t<div class=\"col-inner\"  >\n\t\t\t\n\t\t\t\n\n  <div class=\"banner has-hover\" id=\"banner-1965403828\">\n          <div class=\"banner-inner fill\">\n        <div class=\"banner-bg fill\" >\n            <img loading=\"lazy\" decoding=\"async\" width=\"577\" height=\"800\" src=\"https:\/\/words-of-faith.org\/wp-content\/uploads\/2020\/08\/Theme-2-Give-up-everything-@4x-577x800.png\" class=\"bg attachment-large size-large\" alt=\"\" \/>                                    \n                    <\/div>\n\t\t\n        <div class=\"banner-layers container\">\n            <a class=\"fill\" href=\"https:\/\/words-of-faith.org\/bible-studies\/theme-2\/give-up-everything\/\"><div class=\"fill banner-link\"><\/div><\/a>            \n   <div id=\"text-box-35553774\" class=\"text-box banner-layer x0 md-x0 lg-x0 y100 md-y100 lg-y100 res-text\">\n                                <div class=\"text-box-content text \">\n              \n              <div class=\"text-inner text-center\">\n                  \n<h3>A lep\u0103da totul<\/h3>\n              <\/div>\n           <\/div>\n                            \n<style>\n#text-box-35553774 .text-box-content {\n  background-color: rgba(40, 40, 40, 0.7);\n  font-size: 100%;\n}\n#text-box-35553774 {\n  width: 100%;\n}\n<\/style>\n    <\/div>\n \n        <\/div>\n      <\/div>\n\n            \n<style>\n#banner-1965403828 {\n  padding-top: 220px;\n  background-color: rgba(0, 0, 0, 0);\n}\n#banner-1965403828 .banner-bg img {\n  object-position: 40% 59%;\n}\n<\/style>\n  <\/div>\n\n\n\t\t<\/div>\n\t\t\t\t\t<\/div>\n\n\t\n\n\t<div id=\"col-696970415\" class=\"col medium-6 small-6 large-6\"  >\n\t\t\t\t<div class=\"col-inner\"  >\n\t\t\t\n\t\t\t\n\n  <div class=\"banner has-hover\" id=\"banner-2097293486\">\n          <div class=\"banner-inner fill\">\n        <div class=\"banner-bg fill\" >\n            <img loading=\"lazy\" decoding=\"async\" width=\"577\" height=\"800\" src=\"https:\/\/words-of-faith.org\/wp-content\/uploads\/2020\/08\/Theme-2-Taking-up-your-cross-@4x-577x800.png\" class=\"bg attachment-large size-large\" alt=\"\" \/>                                    \n                    <\/div>\n\t\t\n        <div class=\"banner-layers container\">\n            <a class=\"fill\" href=\"https:\/\/words-of-faith.org\/bible-studies\/theme-2\/taking-up-your-cross\/\"><div class=\"fill banner-link\"><\/div><\/a>            \n   <div id=\"text-box-1128977918\" class=\"text-box banner-layer x0 md-x0 lg-x0 y100 md-y100 lg-y100 res-text\">\n                                <div class=\"text-box-content text \">\n              \n              <div class=\"text-inner text-center\">\n                  \n<h3>A-\u0219i lua crucea<\/h3>\n              <\/div>\n           <\/div>\n                            \n<style>\n#text-box-1128977918 .text-box-content {\n  background-color: rgba(40, 40, 40, 0.7);\n  font-size: 100%;\n}\n#text-box-1128977918 {\n  width: 100%;\n}\n<\/style>\n    <\/div>\n \n        <\/div>\n      <\/div>\n\n            \n<style>\n#banner-2097293486 {\n  padding-top: 220px;\n  background-color: rgba(0, 0, 0, 0);\n}\n<\/style>\n  <\/div>\n\n\n\t\t<\/div>\n\t\t\t\t\t<\/div>\n\n\t\n\n\t<div id=\"col-1706837898\" class=\"col medium-6 small-6 large-6\"  >\n\t\t\t\t<div class=\"col-inner\"  >\n\t\t\t\n\t\t\t\n\n  <div class=\"banner has-hover\" id=\"banner-646573094\">\n          <div class=\"banner-inner fill\">\n        <div class=\"banner-bg fill\" >\n            <img loading=\"lazy\" decoding=\"async\" width=\"577\" height=\"800\" src=\"https:\/\/words-of-faith.org\/wp-content\/uploads\/2020\/08\/Theme-2-The-two-great-goals-in-a-Christians-life-@4x-577x800.png\" class=\"bg attachment-large size-large\" alt=\"\" \/>                                    \n                    <\/div>\n\t\t\n        <div class=\"banner-layers container\">\n            <a class=\"fill\" href=\"https:\/\/words-of-faith.org\/bible-studies\/theme-2\/the-two-great-goals-in-a-christians-life\/\"><div class=\"fill banner-link\"><\/div><\/a>            \n   <div id=\"text-box-1339770672\" class=\"text-box banner-layer x0 md-x0 lg-x0 y100 md-y100 lg-y100 res-text\">\n                                <div class=\"text-box-content text \">\n              \n              <div class=\"text-inner text-center\">\n                  \n<h3>Cele dou\u0103 \u021binte mari din via\u021ba unui cre\u0219tin<\/h3>\n              <\/div>\n           <\/div>\n                            \n<style>\n#text-box-1339770672 .text-box-content {\n  background-color: rgba(40, 40, 40, 0.7);\n  font-size: 100%;\n}\n#text-box-1339770672 {\n  width: 100%;\n}\n<\/style>\n    <\/div>\n \n        <\/div>\n      <\/div>\n\n            \n<style>\n#banner-646573094 {\n  padding-top: 220px;\n  background-color: rgba(0, 0, 0, 0);\n}\n#banner-646573094 .banner-bg img {\n  object-position: 53% 63%;\n}\n<\/style>\n  <\/div>\n\n\n\t\t<\/div>\n\t\t\t\t\t<\/div>\n\n\t\n<\/div>\n\t\t<\/div>\n\n\t\t\n<style>\n#section_1618816044 {\n  padding-top: 0px;\n  padding-bottom: 0px;\n  margin-bottom: 0px;\n}\n@media (min-width:550px) {\n  #section_1618816044 {\n    padding-top: 0px;\n    padding-bottom: 0px;\n  }\n}\n<\/style>\n\t<\/section>\n\t\n\n\t<section class=\"section\" id=\"section_983657174\">\n\t\t<div class=\"section-bg fill\" >\n\t\t\t\t\t\t\t\t\t\n\t\t\t\n\n\t\t<\/div>\n\n\t\t\n\n\t\t<div class=\"section-content relative\">\n\t\t\t\n\t<div id=\"gap-1964096356\" class=\"gap-element clearfix\" style=\"display:block; height:auto;\">\n\t\t\n<style>\n#gap-1964096356 {\n  padding-top: 30px;\n}\n<\/style>\n\t<\/div>\n\t\n<div class=\"row align-center rounded\"  id=\"row-1942953036\">\n\n\t<div id=\"col-629838125\" class=\"col large-12\"  >\n\t\t\t\t<div class=\"col-inner\"  >\n\t\t\t\n\t\t\t\n<h2>Imagini de fundal<\/h2>\n\t\t<\/div>\n\t\t\t\t\t<\/div>\n\n\t\n\n\t<div id=\"col-1435510478\" class=\"col medium-3 small-6 large-3\"  >\n\t\t\t\t<div class=\"col-inner\"  >\n\t\t\t\n\t\t\t\n\t<div class=\"img has-hover x md-x lg-x y md-y lg-y\" id=\"image_19615910\">\n\t\t<a class=\"image-lightbox lightbox-gallery\" title=\"\" href=\"https:\/\/words-of-faith.org\/wp-content\/uploads\/2020\/10\/Tema-2-01_dark_RO.jpg\">\t\t\t\t\t\t<div class=\"img-inner dark\" >\n\t\t\t<img loading=\"lazy\" decoding=\"async\" width=\"450\" height=\"800\" src=\"https:\/\/words-of-faith.org\/wp-content\/uploads\/2020\/10\/Tema-2-01_dark_RO-450x800.jpg\" class=\"attachment-large size-large\" alt=\"\" \/>\t\t\t\t\t\t\n\t\t\t\t\t<\/div>\n\t\t\t\t\t\t<\/a>\t\t\n<style>\n#image_19615910 {\n  width: 100%;\n}\n<\/style>\n\t<\/div>\n\t\n\t\t<\/div>\n\t\t\t\t\t<\/div>\n\n\t\n\n\t<div id=\"col-980875370\" class=\"col medium-3 small-6 large-3\"  >\n\t\t\t\t<div class=\"col-inner\"  >\n\t\t\t\n\t\t\t\n\t<div class=\"img has-hover x md-x lg-x y md-y lg-y\" id=\"image_1397933373\">\n\t\t<a class=\"image-lightbox lightbox-gallery\" title=\"\" href=\"https:\/\/words-of-faith.org\/wp-content\/uploads\/2020\/10\/Tema-2-Quote_1_ROM.jpg\">\t\t\t\t\t\t<div class=\"img-inner dark\" >\n\t\t\t<img loading=\"lazy\" decoding=\"async\" width=\"450\" height=\"800\" src=\"https:\/\/words-of-faith.org\/wp-content\/uploads\/2020\/10\/Tema-2-Quote_1_ROM-450x800.jpg\" class=\"attachment-large size-large\" alt=\"\" \/>\t\t\t\t\t\t\n\t\t\t\t\t<\/div>\n\t\t\t\t\t\t<\/a>\t\t\n<style>\n#image_1397933373 {\n  width: 100%;\n}\n<\/style>\n\t<\/div>\n\t\n\t\t<\/div>\n\t\t\t\t\t<\/div>\n\n\t\n\n\t<div id=\"col-373208330\" class=\"col medium-3 small-6 large-3\"  >\n\t\t\t\t<div class=\"col-inner\"  >\n\t\t\t\n\t\t\t\n\t<div class=\"img has-hover x md-x lg-x y md-y lg-y\" id=\"image_205863782\">\n\t\t<a class=\"image-lightbox lightbox-gallery\" title=\"\" href=\"https:\/\/words-of-faith.org\/wp-content\/uploads\/2020\/10\/Tema-2-03_Skje-ikke-min-vilje_EN.jpg\">\t\t\t\t\t\t<div class=\"img-inner dark\" >\n\t\t\t<img loading=\"lazy\" decoding=\"async\" width=\"450\" height=\"800\" src=\"https:\/\/words-of-faith.org\/wp-content\/uploads\/2020\/10\/Tema-2-03_Skje-ikke-min-vilje_EN-450x800.jpg\" class=\"attachment-large size-large\" alt=\"\" \/>\t\t\t\t\t\t\n\t\t\t\t\t<\/div>\n\t\t\t\t\t\t<\/a>\t\t\n<style>\n#image_205863782 {\n  width: 100%;\n}\n<\/style>\n\t<\/div>\n\t\n\t\t<\/div>\n\t\t\t\t\t<\/div>\n\n\t\n\n\t<div id=\"col-738590409\" class=\"col medium-3 small-6 large-3\"  >\n\t\t\t\t<div class=\"col-inner\"  >\n\t\t\t\n\t\t\t\n\t\t<\/div>\n\t\t\t\t\t<\/div>\n\n\t\n<\/div>\n<p style=\"text-align: center\"><a href=\"..\/\"><u>\u00cenapoi la toate temele<\/u><\/a><\/p>\n\t\t<\/div>\n\n\t\t\n<style>\n#section_983657174 {\n  padding-top: 30px;\n  padding-bottom: 30px;\n}\n<\/style>\n\t<\/section>\n\t\n","protected":false},"excerpt":{"rendered":"","protected":false},"author":5,"featured_media":0,"parent":19959,"menu_order":0,"comment_status":"closed","ping_status":"closed","template":"page-blank.php","meta":{"footnotes":""},"class_list":["post-10120","page","type-page","status-publish","hentry"],"aioseo_notices":[],"_links":{"self":[{"href":"https:\/\/words-of-faith.org\/ro\/wp-json\/wp\/v2\/pages\/10120","targetHints":{"allow":["GET"]}}],"collection":[{"href":"https:\/\/words-of-faith.org\/ro\/wp-json\/wp\/v2\/pages"}],"about":[{"href":"https:\/\/words-of-faith.org\/ro\/wp-json\/wp\/v2\/types\/page"}],"author":[{"embeddable":true,"href":"https:\/\/words-of-faith.org\/ro\/wp-json\/wp\/v2\/users\/5"}],"replies":[{"embeddable":true,"href":"https:\/\/words-of-faith.org\/ro\/wp-json\/wp\/v2\/comments?post=10120"}],"version-history":[{"count":0,"href":"https:\/\/words-of-faith.org\/ro\/wp-json\/wp\/v2\/pages\/10120\/revisions"}],"up":[{"embeddable":true,"href":"https:\/\/words-of-faith.org\/ro\/wp-json\/wp\/v2\/pages\/19959"}],"wp:attachment":[{"href":"https:\/\/words-of-faith.org\/ro\/wp-json\/wp\/v2\/media?parent=10120"}],"curies":[{"name":"wp","href":"https:\/\/api.w.org\/{rel}","templated":true}]}}