{"id":11007,"date":"2020-05-14T20:00:23","date_gmt":"2020-05-14T18:00:23","guid":{"rendered":"https:\/\/aslaksen.bcc.no\/?page_id=11007"},"modified":"2020-08-21T12:09:16","modified_gmt":"2020-08-21T10:09:16","slug":"a-lepada-totul","status":"publish","type":"page","link":"https:\/\/words-of-faith.org\/ro\/studiu-biblic\/tema-2\/a-lepada-totul\/","title":{"rendered":"A lep\u0103da totul"},"content":{"rendered":"\n\t<section class=\"section\" id=\"section_583286433\">\n\t\t<div class=\"section-bg fill\" >\n\t\t\t\t\t\t\t\t\t\n\t\t\t\n\n\t\t<\/div>\n\n\t\t\n\n\t\t<div class=\"section-content relative\">\n\t\t\t\n<div class=\"row align-center\"  id=\"row-1282296599\">\n\n\t<div id=\"col-550085358\" class=\"col small-12 large-12\"  >\n\t\t\t\t<div class=\"col-inner\"  >\n\t\t\t\n\t\t\t\n<p class=\"breadcrumbs\"><a href=\"..\/\">Theme 2<\/a> \/ Messages<\/p>\n<h1>A lep\u0103da totul<\/h1>\n<p class=\"article-date\">Extras dintr-o vorbire din ianuarie 1969<\/p>\n<p class=\"article-author\">de Elias Aslaksen<\/p>\n\t\t<\/div>\n\t\t\t\t\t<\/div>\n\n\t\n\n<style>\n#row-1282296599 > .col > .col-inner {\n  padding: 30px 0px 0px 0px;\n}\n<\/style>\n<\/div>\n<div class=\"row align-center audio\"  id=\"row-628080032\">\n\n\t<div id=\"col-2014144763\" class=\"col small-12 large-12\"  >\n\t\t\t\t<div class=\"col-inner\"  >\n\t\t\t\n\t\t\t\n<!--[if lt IE 9]><script>document.createElement('audio');<\/script><![endif]-->\n<audio class=\"wp-audio-shortcode\" id=\"audio-11007-1\" preload=\"none\" style=\"width: 100%;\" controls=\"controls\"><source type=\"audio\/mpeg\" src=\"\/audio\/Tema%202\/rom\/10_T_1969_01_E_Aslaksen_Luk_14,26_27_Rom_6,6_7_Oppgi_alt_ROM.mp3?_=1\" \/><a href=\"\/audio\/Tema%202\/rom\/10_T_1969_01_E_Aslaksen_Luk_14,26_27_Rom_6,6_7_Oppgi_alt_ROM.mp3\">\/audio\/Tema%202\/rom\/10_T_1969_01_E_Aslaksen_Luk_14,26_27_Rom_6,6_7_Oppgi_alt_ROM.mp3<\/a><\/audio>\n<p class=\"click-to-listen\">Click to listen to the speech.<\/p>\n\t\t<\/div>\n\t\t\t\t\t<\/div>\n\n\t\n<\/div>\n<div class=\"row align-center article article-excerpt\"  id=\"row-1972689270\">\n\n\t<div id=\"col-1491346316\" class=\"col small-12 large-12\"  >\n\t\t\t\t<div class=\"col-inner text-left\"  >\n\t\t\t\n\t\t\t\n<p>\u201e\u0218i cel ce nu-\u0219i poart\u0103 crucea, \u0219i M\u0103 urmez\u0103\u201d \u2013 deci s\u0103 port crucea pe care eu \u00eensumi voi fi r\u0103stignit. Mai simplu spus: s\u0103 ajut la r\u0103stignirea proprie. Acum voi fi r\u0103stignit cu Hristos, eu voi muri. \u0218i la asta eu \u00eensumi voi ajuta \u2013&nbsp; voi vrea asta cumplit de tare!<\/p>\n<p>A nu purta crucea \u0219i a M\u0103 urma \u2013 nu poate fi ucenicul Meu. Aici a spus de dou\u0103 ori. \u0218i urmeaz\u0103 versetul 33: \u201eTot a\u0219a, oricine dintre voi \u2026 nu poate fi ucenicul Meu.\u201d Aceasta este \u0219i invita\u021bia Lui \u2013 s\u0103 fim prelua\u021bi \u00een \u0219coala Lui \u2013 dup\u0103 ce ne-am poc\u0103it. &nbsp;A treia oar\u0103 \u2013 \u0219i cu asta este spus totul. C\u0103ci aici scrie complet diferit \u2013 pe deplin diferit, \u0219i include \u0219i restul: \u201etot a\u0219a, oricare dintre voi nu poate\u201d \u2013 deci cei ce erau cu El \u0219i-L urmau \u2013 \u201eS\u0103 fie ucenicul Meu\u201d sau elev \u2013 sau s\u0103 fie \u00eenscris \u00een \u0219coala Lui \u2013 \u201ef\u0103r\u0103 ca el s\u0103 lepede \u2013 tot ce el are!\u201d &nbsp;T \u2013 O \u2013 T;&nbsp;&nbsp; Tot ceea ce de\u021bine.<\/p>\n\t\t<\/div>\n\t\t\t\t\t<\/div>\n\n\t\n\n\t<div id=\"col-264544295\" class=\"col copyright small-12 large-12\"  >\n\t\t\t\t<div class=\"col-inner text-left\"  >\n\t\t\t\n\t\t\t\n<div>\u00a9 Copyright Stiftelsen Skjulte Skatters Forlag<\/div>\n\t\t<\/div>\n\t\t\t\t\t<\/div>\n\n\t\n\n\t<div id=\"col-2066202871\" class=\"col small-12 large-12\"  >\n\t\t\t\t<div class=\"col-inner text-left\"  >\n\t\t\t\n\t\t\t\n<div><a href=\"#\" class=\"read-more\">Cite\u0219te mai departe<\/a><\/div>\n\t\t<\/div>\n\t\t\t\t\t<\/div>\n\n\t\n\n\t<div id=\"col-139177705\" class=\"col small-12 large-12\"  >\n\t\t\t\t<div class=\"col-inner text-left\"  >\n\t\t\t\n\t\t\t\n<p class=\"next-previous-message\"><a class=\"previous\" href=\"\/ro\/bible-studies\/theme-2\/it-is-no-longer-i-who-live\/\"><i class=\"icon-angle-left\"><\/i> Previous<\/a><a class=\"next\" href=\"\/ro\/bible-studies\/theme-2\/taking-up-your-cross\/\">Next <i class=\"icon-angle-right\"><\/i><\/a><\/p>\n\t\t<\/div>\n\t\t\t\t\t<\/div>\n\n\t\n<\/div>\n\t\t<\/div>\n\n\t\t\n<style>\n#section_583286433 {\n  padding-top: 0px;\n  padding-bottom: 0px;\n  margin-bottom: 0px;\n}\n@media (min-width:550px) {\n  #section_583286433 {\n    padding-top: 0px;\n    padding-bottom: 0px;\n  }\n}\n<\/style>\n\t<\/section>\n\t\n\n\t<section class=\"section food-for-thought\" id=\"section_1627262367\">\n\t\t<div class=\"section-bg fill\" >\n\t\t\t\t\t\t\t\t\t\n\t\t\t\n\n\t\t<\/div>\n\n\t\t\n\n\t\t<div class=\"section-content relative\">\n\t\t\t\n<div class=\"row align-center\"  id=\"row-1941986176\">\n\n\t<div id=\"col-1713826132\" class=\"col title small-12 large-12\"  >\n\t\t\t\t<div class=\"col-inner text-left dark\"  >\n\t\t\t\n\t\t\t\n<h2>Devotional<\/h2>\n\t\t<\/div>\n\t\t\t\t\t<\/div>\n\n\t\n\n\t<div id=\"col-81618223\" class=\"col small-12 large-12\"  >\n\t\t\t\t<div class=\"col-inner dark\"  >\n\t\t\t\n\t\t\t\n<p>&#8220;A lep\u0103da totul&#8221;: Care este necesitatea pentru a fi un ucenic al lui Isus &#8211; \u0219i ce \u00eenseamn\u0103 asta?<\/p>\n<p class='info'>You have to <a href='\/login\/'>log in<\/a> if you want to save your answer.<\/p>\n\t\t<\/div>\n\t\t\t\t\t<\/div>\n\n\t\n<\/div>\n\t\t<\/div>\n\n\t\t\n<style>\n#section_1627262367 {\n  padding-top: 30px;\n  padding-bottom: 30px;\n  background-color: rgb(73, 92, 94);\n}\n<\/style>\n\t<\/section>\n\t\n","protected":false},"excerpt":{"rendered":"","protected":false},"author":5,"featured_media":0,"parent":10120,"menu_order":0,"comment_status":"closed","ping_status":"closed","template":"page-blank.php","meta":{"footnotes":""},"class_list":["post-11007","page","type-page","status-publish","hentry"],"aioseo_notices":[],"_links":{"self":[{"href":"https:\/\/words-of-faith.org\/ro\/wp-json\/wp\/v2\/pages\/11007","targetHints":{"allow":["GET"]}}],"collection":[{"href":"https:\/\/words-of-faith.org\/ro\/wp-json\/wp\/v2\/pages"}],"about":[{"href":"https:\/\/words-of-faith.org\/ro\/wp-json\/wp\/v2\/types\/page"}],"author":[{"embeddable":true,"href":"https:\/\/words-of-faith.org\/ro\/wp-json\/wp\/v2\/users\/5"}],"replies":[{"embeddable":true,"href":"https:\/\/words-of-faith.org\/ro\/wp-json\/wp\/v2\/comments?post=11007"}],"version-history":[{"count":0,"href":"https:\/\/words-of-faith.org\/ro\/wp-json\/wp\/v2\/pages\/11007\/revisions"}],"up":[{"embeddable":true,"href":"https:\/\/words-of-faith.org\/ro\/wp-json\/wp\/v2\/pages\/10120"}],"wp:attachment":[{"href":"https:\/\/words-of-faith.org\/ro\/wp-json\/wp\/v2\/media?parent=11007"}],"curies":[{"name":"wp","href":"https:\/\/api.w.org\/{rel}","templated":true}]}}