{"id":12652,"date":"2020-05-29T20:00:02","date_gmt":"2020-05-29T18:00:02","guid":{"rendered":"https:\/\/aslaksen.bcc.no\/?page_id=12652"},"modified":"2020-08-21T12:26:03","modified_gmt":"2020-08-21T10:26:03","slug":"nu-judecati","status":"publish","type":"page","link":"https:\/\/words-of-faith.org\/ro\/studiu-biblic\/tema-3\/nu-judecati\/","title":{"rendered":"NU judeca\u021bi!"},"content":{"rendered":"\n\t<section class=\"section\" id=\"section_2084824817\">\n\t\t<div class=\"section-bg fill\" >\n\t\t\t\t\t\t\t\t\t\n\t\t\t\n\n\t\t<\/div>\n\n\t\t\n\n\t\t<div class=\"section-content relative\">\n\t\t\t\n<div class=\"row align-center\"  id=\"row-1098685047\">\n\n\t<div id=\"col-1693739584\" class=\"col small-12 large-12\"  >\n\t\t\t\t<div class=\"col-inner\"  >\n\t\t\t\n\t\t\t\n<p class=\"breadcrumbs\"><a href=\"..\/\">Theme 3<\/a> \/ Messages<\/p>\n<h1>NU judeca\u021bi!<\/h1>\n<p class=\"article-date\">Extras dintr-o vorbire din ianuarie 1972<\/p>\n<p class=\"article-author\">de Elias Aslaksen<\/p>\n\t\t<\/div>\n\t\t\t\t\t<\/div>\n\n\t\n\n<style>\n#row-1098685047 > .col > .col-inner {\n  padding: 30px 0px 0px 0px;\n}\n<\/style>\n<\/div>\n<div class=\"row align-center audio\"  id=\"row-1363073310\">\n\n\t<div id=\"col-135037973\" class=\"col small-12 large-12\"  >\n\t\t\t\t<div class=\"col-inner\"  >\n\t\t\t\n\t\t\t\n<!--[if lt IE 9]><script>document.createElement('audio');<\/script><![endif]-->\n<audio class=\"wp-audio-shortcode\" id=\"audio-12652-1\" preload=\"none\" style=\"width: 100%;\" controls=\"controls\"><source type=\"audio\/mpeg\" src=\"\/audio\/Tema%203\/ROM\/13_D%C3%B8m%20ikke_RO.mp3?_=1\" \/><a href=\"\/audio\/Tema%203\/ROM\/13_D%C3%B8m%20ikke_RO.mp3\">\/audio\/Tema%203\/ROM\/13_D%C3%B8m%20ikke_RO.mp3<\/a><\/audio>\n<p class=\"click-to-listen\">Click to listen to the speech.<\/p>\n\t\t<\/div>\n\t\t\t\t\t<\/div>\n\n\t\n<\/div>\n<div class=\"row align-center article article-excerpt\"  id=\"row-718695594\">\n\n\t<div id=\"col-1061525184\" class=\"col small-12 large-12\"  >\n\t\t\t\t<div class=\"col-inner text-left\"  >\n\t\t\t\n\t\t\t\n<p>Scrie: \u00cenaintea pieirii (sau c\u0103derii pe rom\u00e2n\u0103), omul se \u00eenal\u021b\u0103 pe sine \u00eensu\u0219i. Tu te pui judec\u0103tor peste toate \u0219i to\u021bi, peste orice \u0219i oricine. Este ceva ce se nume\u0219te evlavie (team\u0103 de Dumnezeu). S\u0103 te temi de Dumnezeu, s\u0103 te temi de a-L nemul\u021bumi pe Dumnezeu. S\u0103 te temi s\u0103 nu-i fi pe plac Lui. Da, pentru ce s\u0103 te temi mai mult dec\u00e2t acest lucru? Cel mai r\u0103u dintre toate, este s\u0103 nu fi avut evlavie vreodat\u0103.<\/p>\n<p>Este prea pu\u021bin\u0103 team\u0103 de Dumnezeu, dragi prieteni! Dar relativ, este destul de bine \u00eentre noi, iar acest lucru vine de acolo c\u0103 este a\u0219a de mult\u0103 team\u0103 de Dumnezeu at\u00e2t c\u00e2t este. \u00cens\u0103 sunt o gr\u0103mad\u0103 de fra\u021bi \u0219i surori dragi c\u0103rora \u00eentr-un grad mare le lipse\u0219te teama de Dumnezeu. Cuv\u00e2ntul spune care este inten\u021bia. Aceasta este: s\u0103 \u00ee\u021bi fie fric\u0103, s\u0103 te temi de a-l avea pe Dumnezeu \u00eempotriv\u0103, \u0219i s\u0103 te temi de a nu \u00eei fi pe plac Lui. S\u0103 nu ascul\u021bi de Cuv\u00e2ntul Lui, s\u0103 nu iube\u0219ti Cuv\u00e2ntul Lui, s\u0103 nu \u00eel nemul\u021bume\u0219ti \u00een nici un fel. \u0218i \u00een cel mai r\u0103u fel, singurul fel groaznic este s\u0103 ai g\u00e2nduri mari despre tine \u00eensu\u021bi. Se nume\u0219te m\u00e2ndrie, se nume\u0219te a fi \u00eencrezut, se nume\u0219te a fi umflat, \u0219i se mai nume\u0219te \u00een\u021belepciune proprie. Este ceva ce tu \u00ee\u021bi \u00eenchipui, dar nu este adev\u0103rat. Adev\u0103rul este total opusul .<\/p>\n<p>Pavel scrie c\u0103 \u00abprin harul lui Dumnezeu sunt ceea ce sunt\u00bb. Da, este exact acela\u0219i lucru cu \u00abdin lipsa harului lui Dumnezeu eu nu sunt mai mult dec\u00e2t ceea ce sunt, din p\u0103cate\u00bb. Din nefericire nu a devenit ceva mai mult dec\u00e2t ceea ce defapt este. Din lips\u0103 de har de la Dumnezeu. Pentru c\u0103 Dumnezeu d\u0103 har celor smeri\u021bi, deci din lips\u0103 de smerenie. Acest lucru ni-l putem lua fiecare pentru noi. Nici vorb\u0103 c\u0103 este a\u0219a de bine cu unii dintre noi c\u0103 nu ar putea deveni \u0219i mai bine. Deci, \u00een orice caz, este o mic\u0103 lips\u0103 de smerenie \u00een cel mai fericit caz, \u00eens\u0103 \u00een cele mai multe cazuri este o lips\u0103 mare de evlavie. Cel mai obi\u0219nuit este s\u0103 critici \u0219i s\u0103 judeci. \u0218i mul\u021bi fra\u021bi \u0219i surori se ocup\u0103 cu asta.<\/p>\n<p>O parte dintre ei o au astfel \u2013 sunt a\u0219a de smeri\u021bi c\u0103 nu se las\u0103 p\u00e2n\u0103 nu \u00eei judec\u0103 pe b\u0103tr\u00e2ni, dar putem spune c\u0103 a\u0219a fac \u0219i cu to\u021bi ceilal\u021bi. Ei sunt de p\u0103rere c\u0103 ei pot judeca. Dar ce st\u0103 scris? Nu scrie: nu judeca prea mult \u0219i nici: nu fi prea grabnic la a judeca. Ci scrie: nu judeca. N-U. Nu.<\/p>\n\t\t<\/div>\n\t\t\t\t\t<\/div>\n\n\t\n\n\t<div id=\"col-336105577\" class=\"col copyright small-12 large-12\"  >\n\t\t\t\t<div class=\"col-inner text-left\"  >\n\t\t\t\n\t\t\t\n<div>\u00a9 Copyright Stiftelsen Skjulte Skatters Forlag<\/div>\n\t\t<\/div>\n\t\t\t\t\t<\/div>\n\n\t\n\n\t<div id=\"col-2074264517\" class=\"col small-12 large-12\"  >\n\t\t\t\t<div class=\"col-inner text-left\"  >\n\t\t\t\n\t\t\t\n<div><a href=\"#\" class=\"read-more\">Cite\u0219te mai departe<\/a><\/div>\n\t\t<\/div>\n\t\t\t\t\t<\/div>\n\n\t\n\n\t<div id=\"col-779503886\" class=\"col small-12 large-12\"  >\n\t\t\t\t<div class=\"col-inner text-left\"  >\n\t\t\t\n\t\t\t\n<p class=\"next-previous-message\"><a class=\"previous\" href=\"\/ro\/bible-studies\/theme-3\/you-are-loved-and-should-love-in-return\/\"><i class=\"icon-angle-left\"><\/i> Previous<\/a><a class=\"next\" href=\"\/ro\/bible-studies\/theme-3\/the-fear-of-god\/\">Next <i class=\"icon-angle-right\"><\/i><\/a><\/p>\n\t\t<\/div>\n\t\t\t\t\t<\/div>\n\n\t\n<\/div>\n\t\t<\/div>\n\n\t\t\n<style>\n#section_2084824817 {\n  padding-top: 0px;\n  padding-bottom: 0px;\n  margin-bottom: 0px;\n}\n@media (min-width:550px) {\n  #section_2084824817 {\n    padding-top: 0px;\n    padding-bottom: 0px;\n  }\n}\n<\/style>\n\t<\/section>\n\t\n\n\t<section class=\"section food-for-thought\" id=\"section_1546985415\">\n\t\t<div class=\"section-bg fill\" >\n\t\t\t\t\t\t\t\t\t\n\t\t\t\n\n\t\t<\/div>\n\n\t\t\n\n\t\t<div class=\"section-content relative\">\n\t\t\t\n<div class=\"row align-center\"  id=\"row-562729227\">\n\n\t<div id=\"col-420663196\" class=\"col title small-12 large-12\"  >\n\t\t\t\t<div class=\"col-inner text-left dark\"  >\n\t\t\t\n\t\t\t\n<h2>Devotional<\/h2>\n\t\t<\/div>\n\t\t\t\t\t<\/div>\n\n\t\n\n\t<div id=\"col-1997385165\" class=\"col small-12 large-12\"  >\n\t\t\t\t<div class=\"col-inner dark\"  >\n\t\t\t\n\t\t\t\n<p>\u00cen vorbirea \u201eNU judeca\u021bi!\u201d, Aslaksen spune c\u0103 m\u00e2ndria este cel mai groaznic lucru c\u00e2nd ne g\u00e2ndim c\u0103 prin ea ajungem \u00eentr-o pozi\u021bie contrar\u0103 atitudinii din Dumnezeu. Care dintre aceste g\u00e2nduri ai spune c\u0103 reprezint\u0103 m\u00e2ndria? Dezbate\u021bi \u00eempreun\u0103 cu echipa, dac\u0103 este posibil.<\/p>\n<ul class=\"question-answers\">\n<li>\u201eM\u0103 pricep la &#8230;\u201d<\/li>\n<li>\u201eAm c\u0103zut at\u00e2t de des \u00eenc\u00e2t mi-am pierdut toate \u0219ansele.\u201d<\/li>\n<li>\u201eDin fericire nu am probleme cu lucrurile cu care el\/ea are &#8230;\u201d<\/li>\n<li>\u201eCeea ce el\/ea a spus nu a fost corect.\u201d<\/li>\n<\/ul>\n<p class='info'>You have to <a href='\/login\/'>log in<\/a> if you want to save your answer.<\/p>\n\t\t<\/div>\n\t\t\t\t\t<\/div>\n\n\t\n<\/div>\n\t\t<\/div>\n\n\t\t\n<style>\n#section_1546985415 {\n  padding-top: 30px;\n  padding-bottom: 30px;\n  background-color: rgb(73, 92, 94);\n}\n<\/style>\n\t<\/section>\n\t\n","protected":false},"excerpt":{"rendered":"","protected":false},"author":5,"featured_media":0,"parent":12618,"menu_order":0,"comment_status":"closed","ping_status":"closed","template":"page-blank.php","meta":{"footnotes":""},"class_list":["post-12652","page","type-page","status-publish","hentry"],"aioseo_notices":[],"_links":{"self":[{"href":"https:\/\/words-of-faith.org\/ro\/wp-json\/wp\/v2\/pages\/12652","targetHints":{"allow":["GET"]}}],"collection":[{"href":"https:\/\/words-of-faith.org\/ro\/wp-json\/wp\/v2\/pages"}],"about":[{"href":"https:\/\/words-of-faith.org\/ro\/wp-json\/wp\/v2\/types\/page"}],"author":[{"embeddable":true,"href":"https:\/\/words-of-faith.org\/ro\/wp-json\/wp\/v2\/users\/5"}],"replies":[{"embeddable":true,"href":"https:\/\/words-of-faith.org\/ro\/wp-json\/wp\/v2\/comments?post=12652"}],"version-history":[{"count":0,"href":"https:\/\/words-of-faith.org\/ro\/wp-json\/wp\/v2\/pages\/12652\/revisions"}],"up":[{"embeddable":true,"href":"https:\/\/words-of-faith.org\/ro\/wp-json\/wp\/v2\/pages\/12618"}],"wp:attachment":[{"href":"https:\/\/words-of-faith.org\/ro\/wp-json\/wp\/v2\/media?parent=12652"}],"curies":[{"name":"wp","href":"https:\/\/api.w.org\/{rel}","templated":true}]}}