{"id":13330,"date":"2020-05-29T20:00:19","date_gmt":"2020-05-29T18:00:19","guid":{"rendered":"https:\/\/aslaksen.bcc.no\/?page_id=13330"},"modified":"2020-08-21T12:30:05","modified_gmt":"2020-08-21T10:30:05","slug":"teama-de-dumnezeu","status":"publish","type":"page","link":"https:\/\/words-of-faith.org\/ro\/studiu-biblic\/tema-3\/teama-de-dumnezeu\/","title":{"rendered":"Team\u0103 de Dumnezeu"},"content":{"rendered":"\n\t<section class=\"section\" id=\"section_1339416955\">\n\t\t<div class=\"section-bg fill\" >\n\t\t\t\t\t\t\t\t\t\n\t\t\t\n\n\t\t<\/div>\n\n\t\t\n\n\t\t<div class=\"section-content relative\">\n\t\t\t\n<div class=\"row align-center\"  id=\"row-417646234\">\n\n\t<div id=\"col-1387903965\" class=\"col small-12 large-12\"  >\n\t\t\t\t<div class=\"col-inner\"  >\n\t\t\t\n\t\t\t\n<p class=\"breadcrumbs\"><a href=\"..\/\">Theme 3<\/a> \/ Messages<\/p>\n<h1>Team\u0103 de Dumnezeu<\/h1>\n<p class=\"article-date\">Comori Ascunse, publicat \u00een aprilie 1991<\/p>\n<p class=\"article-author\">de Elias Aslaksen<\/p>\n\t\t<\/div>\n\t\t\t\t\t<\/div>\n\n\t\n\n<style>\n#row-417646234 > .col > .col-inner {\n  padding: 30px 0px 0px 0px;\n}\n<\/style>\n<\/div>\n<div class=\"row align-center audio\"  id=\"row-194517038\">\n\n\t<div id=\"col-88293795\" class=\"col small-12 large-12\"  >\n\t\t\t\t<div class=\"col-inner\"  >\n\t\t\t\n\t\t\t\n<!--[if lt IE 9]><script>document.createElement('audio');<\/script><![endif]-->\n<audio class=\"wp-audio-shortcode\" id=\"audio-13330-1\" preload=\"none\" style=\"width: 100%;\" controls=\"controls\"><source type=\"audio\/mpeg\" src=\"\/audio\/Tema%203\/ROM\/14_Gudsfrykt_ROM.mp3?_=1\" \/><a href=\"\/audio\/Tema%203\/ROM\/14_Gudsfrykt_ROM.mp3\">\/audio\/Tema%203\/ROM\/14_Gudsfrykt_ROM.mp3<\/a><\/audio>\n<p class=\"click-to-listen\">Click to listen to the speech.<\/p>\n\t\t<\/div>\n\t\t\t\t\t<\/div>\n\n\t\n<\/div>\n<div class=\"row align-center article article-excerpt\"  id=\"row-1598866811\">\n\n\t<div id=\"col-1345625982\" class=\"col small-12 large-12\"  >\n\t\t\t\t<div class=\"col-inner text-left\"  >\n\t\t\t\n\t\t\t\n<p>Teama de Dumnezeu \/ Evlavia \u00een \u00een\u021belesul cel mai profund \u2013 dup\u0103 m\u0103sura Cuv\u00e2ntului lui Dumnezeu \u2013 aproape c\u0103 nu se g\u0103se\u0219te aici \u00een lume!!! Din nefericire, din nefericire, din nefericire! De ce m\u0103 numi\u021bi voi Doamne, Doamne, \u0219i nu faceti ceea ce spun??? a spus Isus. Dac\u0103 El este Domnul nostru, atunci noi suntem slujitorii S\u0103i, \u00eendatora\u021bi s\u0103-L ascult\u0103m \u00een tot \u0219i toate! Aproape nimeni nu face a\u0219a. Luca 6:46.<\/p>\n<p>\u201eDar cine ia seama la t\u0103ria m\u00eeniei Tale, \u0219i la urgia Ta, a\u0219a cum se cuvine s\u0103 se team\u0103 de Tine?\u201d Psalmul 90:11. Adev\u0103rata \u0219i deplina team\u0103 de Dumnezeu lucreaz\u0103 astfel \u00eenc\u00e2t s\u0103 \u00een\u021belegem \u0219i s\u0103 \u0219tim c\u00e2t de puternic m\u00e2nios \u0219i indignat este Dumnezeu asupra tuturor p\u0103catelor de toate tipurile, sub toate formele \u0219i \u00eenf\u0103\u021bi\u0219\u0103rile \u00een toate gradurile!<\/p>\n<p>Cu c\u00e2t ne temem mai mult s\u0103-l nemul\u021bumim pe Dumnezeu, s\u0103 \u00eenc\u0103lc\u0103m legile \u0219i poruncile Lui, cu at\u00e2t ne vom \u00eendep\u0103rta mai repede \u0219i mai departe de orice p\u0103cat \u0219i f\u0103r\u0103delege. Cu c\u00e2t este mai precis \u0219i cu c\u00e2t bucuria \u0219i seriozitatea mai mare, cu at\u00e2t mai binevoitor p\u0103zim din toat\u0103 inima toate cuvintele Lui! Cine se teme cu seriozitate de moarte s\u0103 rateze toat\u0103 m\u00e2ntuirea din cauza vorb\u0103riei goale??? Iacov 1:26. Sau s\u0103 neglijeze s\u0103 fac\u0103 ceva din tot binele pe care are ocazia s\u0103 \u00eel fac\u0103??? Iacov 4:17.<\/p>\n<p>Chiar te temi de asta, drag prieten?<\/p>\n\t\t<\/div>\n\t\t\t\t\t<\/div>\n\n\t\n\n\t<div id=\"col-525804968\" class=\"col copyright small-12 large-12\"  >\n\t\t\t\t<div class=\"col-inner text-left\"  >\n\t\t\t\n\t\t\t\n<div>\u00a9 Copyright Stiftelsen Skjulte Skatters Forlag<\/div>\n\t\t<\/div>\n\t\t\t\t\t<\/div>\n\n\t\n\n\t<div id=\"col-1582183086\" class=\"col small-12 large-12\"  >\n\t\t\t\t<div class=\"col-inner text-left\"  >\n\t\t\t\n\t\t\t\n<div><a href=\"#\" class=\"read-more\">Cite\u0219te mai departe<\/a><\/div>\n\t\t<\/div>\n\t\t\t\t\t<\/div>\n\n\t\n\n\t<div id=\"col-1339541083\" class=\"col small-12 large-12\"  >\n\t\t\t\t<div class=\"col-inner text-left\"  >\n\t\t\t\n\t\t\t\n<p class=\"next-previous-message\"><a class=\"previous\" href=\"\/ro\/bible-studies\/theme-3\/judge-not\/\"><i class=\"icon-angle-left\"><\/i> Previous<\/a><a class=\"next\" href=\"\/ro\/bible-studies\/theme-3\/keep-yourselves-from-idols\/\">Next <i class=\"icon-angle-right\"><\/i><\/a><\/p>\n\t\t<\/div>\n\t\t\t\t\t<\/div>\n\n\t\n<\/div>\n\t\t<\/div>\n\n\t\t\n<style>\n#section_1339416955 {\n  padding-top: 0px;\n  padding-bottom: 0px;\n  margin-bottom: 0px;\n}\n@media (min-width:550px) {\n  #section_1339416955 {\n    padding-top: 0px;\n    padding-bottom: 0px;\n  }\n}\n<\/style>\n\t<\/section>\n\t\n\n\t<section class=\"section food-for-thought\" id=\"section_1219980703\">\n\t\t<div class=\"section-bg fill\" >\n\t\t\t\t\t\t\t\t\t\n\t\t\t\n\n\t\t<\/div>\n\n\t\t\n\n\t\t<div class=\"section-content relative\">\n\t\t\t\n<div class=\"row align-center\"  id=\"row-1218259546\">\n\n\t<div id=\"col-313904545\" class=\"col title small-12 large-12\"  >\n\t\t\t\t<div class=\"col-inner text-left dark\"  >\n\t\t\t\n\t\t\t\n<h2>Devotional<\/h2>\n\t\t<\/div>\n\t\t\t\t\t<\/div>\n\n\t\n\n\t<div id=\"col-1213177886\" class=\"col small-12 large-12\"  >\n\t\t\t\t<div class=\"col-inner dark\"  >\n\t\t\t\n\t\t\t\n<p>\u00cen scrierea \u201eTeam\u0103 de Dumnezeu\u201d, Aslaksen scrie despre c\u00e2t de m\u00e2nios este Dumnezeu fa\u021b\u0103 de p\u0103cat. Noteaz\u0103 un verset care descrie asta. Acum g\u0103se\u0219te un verset care arat\u0103 c\u00e2t de mult El te iube\u0219te.<\/p>\n<p class='info'>You have to <a href='\/login\/'>log in<\/a> if you want to save your answer.<\/p>\n\t\t<\/div>\n\t\t\t\t\t<\/div>\n\n\t\n<\/div>\n\t\t<\/div>\n\n\t\t\n<style>\n#section_1219980703 {\n  padding-top: 30px;\n  padding-bottom: 30px;\n  background-color: rgb(73, 92, 94);\n}\n<\/style>\n\t<\/section>\n\t\n","protected":false},"excerpt":{"rendered":"","protected":false},"author":5,"featured_media":0,"parent":12618,"menu_order":2,"comment_status":"closed","ping_status":"closed","template":"page-blank.php","meta":{"footnotes":""},"class_list":["post-13330","page","type-page","status-publish","hentry"],"aioseo_notices":[],"_links":{"self":[{"href":"https:\/\/words-of-faith.org\/ro\/wp-json\/wp\/v2\/pages\/13330","targetHints":{"allow":["GET"]}}],"collection":[{"href":"https:\/\/words-of-faith.org\/ro\/wp-json\/wp\/v2\/pages"}],"about":[{"href":"https:\/\/words-of-faith.org\/ro\/wp-json\/wp\/v2\/types\/page"}],"author":[{"embeddable":true,"href":"https:\/\/words-of-faith.org\/ro\/wp-json\/wp\/v2\/users\/5"}],"replies":[{"embeddable":true,"href":"https:\/\/words-of-faith.org\/ro\/wp-json\/wp\/v2\/comments?post=13330"}],"version-history":[{"count":0,"href":"https:\/\/words-of-faith.org\/ro\/wp-json\/wp\/v2\/pages\/13330\/revisions"}],"up":[{"embeddable":true,"href":"https:\/\/words-of-faith.org\/ro\/wp-json\/wp\/v2\/pages\/12618"}],"wp:attachment":[{"href":"https:\/\/words-of-faith.org\/ro\/wp-json\/wp\/v2\/media?parent=13330"}],"curies":[{"name":"wp","href":"https:\/\/api.w.org\/{rel}","templated":true}]}}