{"id":13348,"date":"2020-05-29T20:00:12","date_gmt":"2020-05-29T18:00:12","guid":{"rendered":"https:\/\/aslaksen.bcc.no\/?page_id=13348"},"modified":"2020-08-21T13:37:26","modified_gmt":"2020-08-21T11:37:26","slug":"paziti-va-de-idoli","status":"publish","type":"page","link":"https:\/\/words-of-faith.org\/ro\/studiu-biblic\/tema-3\/paziti-va-de-idoli\/","title":{"rendered":"P\u0103zi\u021bi-v\u0103 de idoli"},"content":{"rendered":"\n\t<section class=\"section\" id=\"section_392519430\">\n\t\t<div class=\"section-bg fill\" >\n\t\t\t\t\t\t\t\t\t\n\t\t\t\n\n\t\t<\/div>\n\n\t\t\n\n\t\t<div class=\"section-content relative\">\n\t\t\t\n<div class=\"row align-center\"  id=\"row-289950180\">\n\n\t<div id=\"col-393857488\" class=\"col small-12 large-12\"  >\n\t\t\t\t<div class=\"col-inner\"  >\n\t\t\t\n\t\t\t\n<p class=\"breadcrumbs\"><a href=\"..\/\">Theme 3<\/a> \/ Messages<\/p>\n<h1>P\u0103zi\u021bi-v\u0103 de idoli<\/h1>\n<p class=\"article-date\">Comori Ascunse, publicat \u00een februarie 1991<\/p>\n<p class=\"article-author\">de Elias Aslaksen<\/p>\n\t\t<\/div>\n\t\t\t\t\t<\/div>\n\n\t\n\n<style>\n#row-289950180 > .col > .col-inner {\n  padding: 30px 0px 0px 0px;\n}\n<\/style>\n<\/div>\n<div class=\"row align-center audio\"  id=\"row-304344409\">\n\n\t<div id=\"col-1403296824\" class=\"col small-12 large-12\"  >\n\t\t\t\t<div class=\"col-inner\"  >\n\t\t\t\n\t\t\t\n<!--[if lt IE 9]><script>document.createElement('audio');<\/script><![endif]-->\n<audio class=\"wp-audio-shortcode\" id=\"audio-13348-1\" preload=\"none\" style=\"width: 100%;\" controls=\"controls\"><source type=\"audio\/mpeg\" src=\"\/audio\/Tema%203\/ROM\/15_Vokt%20eder%20for%20avgudene_ROM.mp3?_=1\" \/><a href=\"\/audio\/Tema%203\/ROM\/15_Vokt%20eder%20for%20avgudene_ROM.mp3\">\/audio\/Tema%203\/ROM\/15_Vokt%20eder%20for%20avgudene_ROM.mp3<\/a><\/audio>\n<p class=\"click-to-listen\">Click to listen to the speech.<\/p>\n\t\t<\/div>\n\t\t\t\t\t<\/div>\n\n\t\n<\/div>\n<div class=\"row align-center article article-excerpt\"  id=\"row-1140759885\">\n\n\t<div id=\"col-917922867\" class=\"col small-12 large-12\"  >\n\t\t\t\t<div class=\"col-inner text-left\"  >\n\t\t\t\n\t\t\t\n<p>1 Ioan 5:21<\/p>\n<p>\u00cen capitolul 2, versetul 15 putem g\u0103si o descriere adecvat\u0103 despre ce sunt idolii, \u00een general vorbind: lucrurile din aceast\u0103 lume! Aceasta este \u00een concordan\u021b\u0103 cu explica\u021bia apostolului Pavel: \u201cL\u0103comia, care este idolatrie\u201d!<\/p>\n<p>Lucrurile pe care cineva este obsedat s\u0103 le posede, primeasc\u0103, cumpere, sunt deci idoli. De asemenea, avem o explica\u021bie cu o seriozitate de moarte despre aceast\u0103 idolatrie \u00een Filipeni 3:18-19: \u201eSf\u00e2r\u015fitul lor va fi pierzarea. Dumnezeul lor este p\u00e2ntecele \u2026 cei care aspir\u0103 la lucrurile de pe p\u0103m\u00e2nt\u201d.<\/p>\n<p>Omul poate \u00eentr-un anume grad s\u0103 iubeasc\u0103 \u0219i s\u0103 admire o m\u00e2ncare bun\u0103, ca p\u00e2ntecele, vrea sa spun\u0103: m\u00e2ncarea bun\u0103 \u0219i mult\u0103 devine idolul s\u0103u.<\/p>\n<p>Pavel le spunea adesea asta \u0219i pl\u00e2ngea de durere asupra acestui lucru. v.18. Aceasta este \u00een concordan\u021b\u0103 cu ceea ce el scrie \u00een Romani 1:25: \u201c[Ei] s-au \u00eenchinat f\u0103pturii \u00een locul F\u0103c\u0103torului \u2026\u201d Majoritatea banilor se duc pe idolatrii, iar pentru exact acest motiv este imposibil s\u0103 iube\u0219ti banii \u0219i pe Dumnezeu \u00een acela\u0219i timp!!!<\/p>\n<p>Marele proroc Isaia a vorbit de asemenea cu seriozitate despre aceast\u0103 problem\u0103 \u00een Isaia 2:21-22 \u0219i 3:16-24. \u00cen capitolul 2:18 scrie: \u201cTo\u0163i idolii vor pieri.\u201d (Cu idolii s-a terminat). Dumnezeu va face acest lucru \u00een ziua c\u00e2nd m\u00e2nia \u0219i judecata Lui peste toate acestea vor fi descoperite. v.12. \u00cens\u0103 acum este asa: Isus a venit cu o m\u00e2ntuire des\u0103v\u00e2r\u0219it\u0103 din toat\u0103 aceast\u0103 mizerie obi\u0219nuit\u0103!!!<\/p>\n<p>Acum avem cu to\u021bii posibilitatea deplin\u0103 ca s\u0103 se termine (s\u0103 piar\u0103) toat\u0103 idolatria din via\u021ba noastr\u0103! Pream\u0103rit fie Domnul!<\/p>\n\t\t<\/div>\n\t\t\t\t\t<\/div>\n\n\t\n\n\t<div id=\"col-2125644929\" class=\"col copyright small-12 large-12\"  >\n\t\t\t\t<div class=\"col-inner text-left\"  >\n\t\t\t\n\t\t\t\n<div>\u00a9 Copyright Stiftelsen Skjulte Skatters Forlag<\/div>\n\t\t<\/div>\n\t\t\t\t\t<\/div>\n\n\t\n\n\t<div id=\"col-778121518\" class=\"col small-12 large-12\"  >\n\t\t\t\t<div class=\"col-inner text-left\"  >\n\t\t\t\n\t\t\t\n<div><a href=\"#\" class=\"read-more\">Cite\u0219te mai departe<\/a><\/div>\n\t\t<\/div>\n\t\t\t\t\t<\/div>\n\n\t\n\n\t<div id=\"col-268956264\" class=\"col small-12 large-12\"  >\n\t\t\t\t<div class=\"col-inner text-left\"  >\n\t\t\t\n\t\t\t\n<p class=\"next-previous-message\"><a class=\"previous\" href=\"\/ro\/bible-studies\/theme-3\/the-fear-of-god\/\"><i class=\"icon-angle-left\"><\/i> Previous<\/a><a class=\"next\" href=\"\/ro\/bible-studies\/theme-3\/do-gods-will\/\">Next <i class=\"icon-angle-right\"><\/i><\/a><\/p>\n\t\t<\/div>\n\t\t\t\t\t<\/div>\n\n\t\n<\/div>\n\t\t<\/div>\n\n\t\t\n<style>\n#section_392519430 {\n  padding-top: 0px;\n  padding-bottom: 0px;\n  margin-bottom: 0px;\n}\n@media (min-width:550px) {\n  #section_392519430 {\n    padding-top: 0px;\n    padding-bottom: 0px;\n  }\n}\n<\/style>\n\t<\/section>\n\t\n\n\t<section class=\"section food-for-thought\" id=\"section_909228738\">\n\t\t<div class=\"section-bg fill\" >\n\t\t\t\t\t\t\t\t\t\n\t\t\t\n\n\t\t<\/div>\n\n\t\t\n\n\t\t<div class=\"section-content relative\">\n\t\t\t\n<div class=\"row align-center\"  id=\"row-2025166335\">\n\n\t<div id=\"col-1158710102\" class=\"col title small-12 large-12\"  >\n\t\t\t\t<div class=\"col-inner text-left dark\"  >\n\t\t\t\n\t\t\t\n<h2>Devotional<\/h2>\n\t\t<\/div>\n\t\t\t\t\t<\/div>\n\n\t\n\n\t<div id=\"col-711696579\" class=\"col small-12 large-12\"  >\n\t\t\t\t<div class=\"col-inner dark\"  >\n\t\t\t\n\t\t\t\n<p>\u00cen scrierea \u201eP\u0103zi\u021bi-v\u0103 de idoli\u201d, Aslaksen nume\u0219te diferite exemple de idoli. C\u00e2nd devine ceva un idol pentru tine?<\/p>\n<p class='info'>You have to <a href='\/login\/'>log in<\/a> if you want to save your answer.<\/p>\n\t\t<\/div>\n\t\t\t\t\t<\/div>\n\n\t\n<\/div>\n\t\t<\/div>\n\n\t\t\n<style>\n#section_909228738 {\n  padding-top: 30px;\n  padding-bottom: 30px;\n  background-color: rgb(73, 92, 94);\n}\n<\/style>\n\t<\/section>\n\t\n","protected":false},"excerpt":{"rendered":"","protected":false},"author":5,"featured_media":0,"parent":12618,"menu_order":3,"comment_status":"closed","ping_status":"closed","template":"page-blank.php","meta":{"footnotes":""},"class_list":["post-13348","page","type-page","status-publish","hentry"],"aioseo_notices":[],"_links":{"self":[{"href":"https:\/\/words-of-faith.org\/ro\/wp-json\/wp\/v2\/pages\/13348","targetHints":{"allow":["GET"]}}],"collection":[{"href":"https:\/\/words-of-faith.org\/ro\/wp-json\/wp\/v2\/pages"}],"about":[{"href":"https:\/\/words-of-faith.org\/ro\/wp-json\/wp\/v2\/types\/page"}],"author":[{"embeddable":true,"href":"https:\/\/words-of-faith.org\/ro\/wp-json\/wp\/v2\/users\/5"}],"replies":[{"embeddable":true,"href":"https:\/\/words-of-faith.org\/ro\/wp-json\/wp\/v2\/comments?post=13348"}],"version-history":[{"count":0,"href":"https:\/\/words-of-faith.org\/ro\/wp-json\/wp\/v2\/pages\/13348\/revisions"}],"up":[{"embeddable":true,"href":"https:\/\/words-of-faith.org\/ro\/wp-json\/wp\/v2\/pages\/12618"}],"wp:attachment":[{"href":"https:\/\/words-of-faith.org\/ro\/wp-json\/wp\/v2\/media?parent=13348"}],"curies":[{"name":"wp","href":"https:\/\/api.w.org\/{rel}","templated":true}]}}