{"id":13367,"date":"2020-05-29T20:00:56","date_gmt":"2020-05-29T18:00:56","guid":{"rendered":"https:\/\/aslaksen.bcc.no\/?page_id=13367"},"modified":"2020-08-21T13:43:28","modified_gmt":"2020-08-21T11:43:28","slug":"a-face-voia-lui-dumnezeu-asa-cum-se-face-in-cer","status":"publish","type":"page","link":"https:\/\/words-of-faith.org\/ro\/studiu-biblic\/tema-3\/a-face-voia-lui-dumnezeu-asa-cum-se-face-in-cer\/","title":{"rendered":"A face voia lui Dumnezeu a\u0219a cum se face \u00een cer"},"content":{"rendered":"\n\t<section class=\"section\" id=\"section_956067472\">\n\t\t<div class=\"section-bg fill\" >\n\t\t\t\t\t\t\t\t\t\n\t\t\t\n\n\t\t<\/div>\n\n\t\t\n\n\t\t<div class=\"section-content relative\">\n\t\t\t\n<div class=\"row align-center\"  id=\"row-1515167387\">\n\n\t<div id=\"col-1003290062\" class=\"col small-12 large-12\"  >\n\t\t\t\t<div class=\"col-inner\"  >\n\t\t\t\n\t\t\t\n<p class=\"breadcrumbs\"><a href=\"..\/\">Theme 3<\/a> \/ Messages<\/p>\n<h1>A face voia lui Dumnezeu a\u0219a cum se face \u00een cer<\/h1>\n<p class=\"article-date\">Extras dintr-o vorbire din ianuarie 1965<\/p>\n<p class=\"article-author\">de Elias Aslaksen<\/p>\n\t\t<\/div>\n\t\t\t\t\t<\/div>\n\n\t\n\n<style>\n#row-1515167387 > .col > .col-inner {\n  padding: 30px 0px 0px 0px;\n}\n<\/style>\n<\/div>\n<div class=\"row align-center audio\"  id=\"row-1081283974\">\n\n\t<div id=\"col-2071025671\" class=\"col small-12 large-12\"  >\n\t\t\t\t<div class=\"col-inner\"  >\n\t\t\t\n\t\t\t\n<!--[if lt IE 9]><script>document.createElement('audio');<\/script><![endif]-->\n<audio class=\"wp-audio-shortcode\" id=\"audio-13367-1\" preload=\"none\" style=\"width: 100%;\" controls=\"controls\"><source type=\"audio\/mpeg\" src=\"\/audio\/Tema%203\/ROM\/16_Gj%C3%B8re%20Guds%20vilje%20slik%20den%20skjer%20i%20himlen_ROM.mp3?_=1\" \/><a href=\"\/audio\/Tema%203\/ROM\/16_Gj%C3%B8re%20Guds%20vilje%20slik%20den%20skjer%20i%20himlen_ROM.mp3\">\/audio\/Tema%203\/ROM\/16_Gj%C3%B8re%20Guds%20vilje%20slik%20den%20skjer%20i%20himlen_ROM.mp3<\/a><\/audio>\n<p class=\"click-to-listen\">Click to listen to the speech.<\/p>\n\t\t<\/div>\n\t\t\t\t\t<\/div>\n\n\t\n<\/div>\n<div class=\"row align-center article article-excerpt\"  id=\"row-1913536012\">\n\n\t<div id=\"col-936799956\" class=\"col small-12 large-12\"  >\n\t\t\t\t<div class=\"col-inner text-left\"  >\n\t\t\t\n\t\t\t\n<p>Noi oameni s\u0103raci aici \u00een aceast\u0103 lume rea, cu o fire \u00een care nu locuie\u0219te nimic bun, cu o voie proprie puternic\u0103, pofte puternice \u0219i opinii puternice. \u0218i s\u0103 fii m\u00e2ntuit \u00een a\u0219a grad, \u00eenc\u00e2t voia lui Dumnezeu s\u0103 se poat\u0103 \u00eendeplini \u00een vie\u021bile noastre, ca noi personal \u2013 fiecare dintre noi \u2013 s\u0103 facem voia lui Dumnezeu a\u0219a cum este f\u0103cut\u0103 \u00een ceruri. Iar cei din cer nu au o astfel de voie proprie de lep\u0103dat, dar noi avem asta! TOTU\u0218I s\u0103 faci voia lui Dumnezeu a\u0219a cum se \u00eent\u00e2mpl\u0103 \u00een cer. Da, cine consider\u0103 c\u0103 a f\u0103cut-o astfel?<\/p>\n<p>Ce s-ar \u00eent\u00e2mpla dac\u0103 i-am \u00eentreba pe fiecare dintre ei dac\u0103 consider\u0103 c\u0103 au f\u0103cut voia lui Dumnezeu? Cred c\u0103 majoritatea oamenilor ar evita s\u0103 r\u0103spund\u0103 la asta. \u0218i dac\u0103 ar fi s\u0103 apar\u021bii unuia dintre acei pu\u021bini, atunci ai spune da f\u0103r\u0103 s\u0103 evi\u021bi, dar totu\u0219i \u00eentrebarea suplimentar\u0103 ar fi \u00eenc\u0103 necesar\u0103, astfel \u00eenc\u00e2t s\u0103 fii \u00een conformitate cu acest cuv\u00e2nt aici: consideri tu c\u0103 faci a\u0219a cum este f\u0103cut\u0103 \u00een cer? Toat\u0103 voia lui Dumnezeu este f\u0103cut\u0103 de tine pe p\u0103m\u00e2nt a\u0219a cum se face \u00een ceruri.<\/p>\n<p>Atunci ne putem \u00eentreba: cum se face \u00een ceruri? Da, este cel mai u\u0219or de r\u0103spuns dintre toate. Sau mai bine zis, este singurul lucru la care este u\u0219or s\u0103 r\u0103spunzi. Nu este nevoie de mult pentru a \u00een\u021belege. Dar nu este sigur c\u0103 i-am acordat destul\u0103 importan\u021b\u0103, \u0219i de aceea nici nu a avut un efect mai mare. De aceea m\u0103 bucur s\u0103 prezint asta acum \u0219i aici, pentru ca asta s\u0103 aib\u0103 un efect mai mare. Efect mare. \u00cen cer desigur voia lui Dumnezeu se face imediat. Nici nu se spune \u0219i este deja f\u0103cut\u0103. Se face imediat!<\/p>\n\t\t<\/div>\n\t\t\t\t\t<\/div>\n\n\t\n\n\t<div id=\"col-485948914\" class=\"col copyright small-12 large-12\"  >\n\t\t\t\t<div class=\"col-inner text-left\"  >\n\t\t\t\n\t\t\t\n<div>\u00a9 Copyright Stiftelsen Skjulte Skatters Forlag<\/div>\n\t\t<\/div>\n\t\t\t\t\t<\/div>\n\n\t\n\n\t<div id=\"col-1874139013\" class=\"col small-12 large-12\"  >\n\t\t\t\t<div class=\"col-inner text-left\"  >\n\t\t\t\n\t\t\t\n<div><a href=\"#\" class=\"read-more\">Cite\u0219te mai departe<\/a><\/div>\n\t\t<\/div>\n\t\t\t\t\t<\/div>\n\n\t\n\n\t<div id=\"col-2024790300\" class=\"col small-12 large-12\"  >\n\t\t\t\t<div class=\"col-inner text-left\"  >\n\t\t\t\n\t\t\t\n<p class=\"next-previous-message\"><a class=\"previous\" href=\"\/ro\/bible-studies\/theme-3\/keep-yourselves-from-idols\/\"><i class=\"icon-angle-left\"><\/i> Previous<\/a><a class=\"next\" href=\"\/ro\/bible-studies\/theme-3\/commit-your-souls-to-the-faithful-creator\/\">Next <i class=\"icon-angle-right\"><\/i><\/a><\/p>\n\t\t<\/div>\n\t\t\t\t\t<\/div>\n\n\t\n<\/div>\n\t\t<\/div>\n\n\t\t\n<style>\n#section_956067472 {\n  padding-top: 0px;\n  padding-bottom: 0px;\n  margin-bottom: 0px;\n}\n@media (min-width:550px) {\n  #section_956067472 {\n    padding-top: 0px;\n    padding-bottom: 0px;\n  }\n}\n<\/style>\n\t<\/section>\n\t\n\n\t<section class=\"section food-for-thought\" id=\"section_1722889586\">\n\t\t<div class=\"section-bg fill\" >\n\t\t\t\t\t\t\t\t\t\n\t\t\t\n\n\t\t<\/div>\n\n\t\t\n\n\t\t<div class=\"section-content relative\">\n\t\t\t\n<div class=\"row align-center\"  id=\"row-945516161\">\n\n\t<div id=\"col-458844897\" class=\"col title small-12 large-12\"  >\n\t\t\t\t<div class=\"col-inner text-left dark\"  >\n\t\t\t\n\t\t\t\n<h2>Devotional<\/h2>\n\t\t<\/div>\n\t\t\t\t\t<\/div>\n\n\t\n\n\t<div id=\"col-1083044677\" class=\"col small-12 large-12\"  >\n\t\t\t\t<div class=\"col-inner dark\"  >\n\t\t\t\n\t\t\t\n<p>Ascult\u0103 vorbirea \u201eA face voia lui Dumnezeu\u201d: Noteaz\u0103 un lucru concret care a fost voia lui Dumnezeu pentru tine ast\u0103zi. G\u00e2nde\u0219te-te cum aceasta se poate \u00eemplini aici, pe p\u0103m\u00e2nt, la fel cum se \u00eempline\u0219te \u00een ceruri.<\/p>\n<p class='info'>You have to <a href='\/login\/'>log in<\/a> if you want to save your answer.<\/p>\n\t\t<\/div>\n\t\t\t\t\t<\/div>\n\n\t\n<\/div>\n\t\t<\/div>\n\n\t\t\n<style>\n#section_1722889586 {\n  padding-top: 30px;\n  padding-bottom: 30px;\n  background-color: rgb(73, 92, 94);\n}\n<\/style>\n\t<\/section>\n\t\n","protected":false},"excerpt":{"rendered":"","protected":false},"author":5,"featured_media":0,"parent":12618,"menu_order":4,"comment_status":"closed","ping_status":"closed","template":"page-blank.php","meta":{"footnotes":""},"class_list":["post-13367","page","type-page","status-publish","hentry"],"aioseo_notices":[],"_links":{"self":[{"href":"https:\/\/words-of-faith.org\/ro\/wp-json\/wp\/v2\/pages\/13367","targetHints":{"allow":["GET"]}}],"collection":[{"href":"https:\/\/words-of-faith.org\/ro\/wp-json\/wp\/v2\/pages"}],"about":[{"href":"https:\/\/words-of-faith.org\/ro\/wp-json\/wp\/v2\/types\/page"}],"author":[{"embeddable":true,"href":"https:\/\/words-of-faith.org\/ro\/wp-json\/wp\/v2\/users\/5"}],"replies":[{"embeddable":true,"href":"https:\/\/words-of-faith.org\/ro\/wp-json\/wp\/v2\/comments?post=13367"}],"version-history":[{"count":0,"href":"https:\/\/words-of-faith.org\/ro\/wp-json\/wp\/v2\/pages\/13367\/revisions"}],"up":[{"embeddable":true,"href":"https:\/\/words-of-faith.org\/ro\/wp-json\/wp\/v2\/pages\/12618"}],"wp:attachment":[{"href":"https:\/\/words-of-faith.org\/ro\/wp-json\/wp\/v2\/media?parent=13367"}],"curies":[{"name":"wp","href":"https:\/\/api.w.org\/{rel}","templated":true}]}}