{"id":13385,"date":"2020-05-29T20:00:06","date_gmt":"2020-05-29T18:00:06","guid":{"rendered":"https:\/\/aslaksen.bcc.no\/?page_id=13385"},"modified":"2020-08-21T13:47:03","modified_gmt":"2020-08-21T11:47:03","slug":"sa-si-incredinteze-sufletele-credinciosului-ziditor","status":"publish","type":"page","link":"https:\/\/words-of-faith.org\/ro\/studiu-biblic\/tema-3\/sa-si-incredinteze-sufletele-credinciosului-ziditor\/","title":{"rendered":"S\u0103-\u0219i \u00eencredin\u021beze sufletele credinciosului Ziditor"},"content":{"rendered":"\n\t<section class=\"section\" id=\"section_1717875359\">\n\t\t<div class=\"section-bg fill\" >\n\t\t\t\t\t\t\t\t\t\n\t\t\t\n\n\t\t<\/div>\n\n\t\t\n\n\t\t<div class=\"section-content relative\">\n\t\t\t\n<div class=\"row align-center\"  id=\"row-333617451\">\n\n\t<div id=\"col-1695078119\" class=\"col small-12 large-12\"  >\n\t\t\t\t<div class=\"col-inner\"  >\n\t\t\t\n\t\t\t\n<p class=\"breadcrumbs\"><a href=\"..\/\">Theme 3<\/a> \/ Messages<\/p>\n<h1>S\u0103-\u0219i \u00eencredin\u021beze sufletele credinciosului Ziditor<\/h1>\n<p class=\"article-date\">Comori Ascunse, publicat \u00een martie 1989<\/p>\n<p class=\"article-author\">de Elias Aslaksen<\/p>\n\t\t<\/div>\n\t\t\t\t\t<\/div>\n\n\t\n\n<style>\n#row-333617451 > .col > .col-inner {\n  padding: 30px 0px 0px 0px;\n}\n<\/style>\n<\/div>\n<div class=\"row align-center audio\"  id=\"row-548001548\">\n\n\t<div id=\"col-1672331580\" class=\"col small-12 large-12\"  >\n\t\t\t\t<div class=\"col-inner\"  >\n\t\t\t\n\t\t\t\n<!--[if lt IE 9]><script>document.createElement('audio');<\/script><![endif]-->\n<audio class=\"wp-audio-shortcode\" id=\"audio-13385-1\" preload=\"none\" style=\"width: 100%;\" controls=\"controls\"><source type=\"audio\/mpeg\" src=\"\/audio\/Tema%203\/ROM\/17_%C3%85%20overgi%20sine%20sjeler%20til%20den%20trofaste%20skaper_ROM.mp3?_=1\" \/><a href=\"\/audio\/Tema%203\/ROM\/17_%C3%85%20overgi%20sine%20sjeler%20til%20den%20trofaste%20skaper_ROM.mp3\">\/audio\/Tema%203\/ROM\/17_%C3%85%20overgi%20sine%20sjeler%20til%20den%20trofaste%20skaper_ROM.mp3<\/a><\/audio>\n<p class=\"click-to-listen\">Click to listen to the speech.<\/p>\n\t\t<\/div>\n\t\t\t\t\t<\/div>\n\n\t\n<\/div>\n<div class=\"row align-center article article-excerpt\"  id=\"row-1272461137\">\n\n\t<div id=\"col-38496918\" class=\"col small-12 large-12\"  >\n\t\t\t\t<div class=\"col-inner text-left\"  >\n\t\t\t\n\t\t\t\n<p>1 Petru 4:19<\/p>\n<p>Ce o expresie p\u0103trunz\u0103toare \u0219i bogat\u0103 \u00een con\u021binut!!! Deci: s\u0103 nu ne p\u0103str\u0103m sufletul pentru noi \u00een\u0219ine, s\u0103 nu tr\u0103im noi \u00een\u0219ine, s\u0103 nu facem cum noi \u00een\u0219ine consider\u0103m, ci s\u0103 ne pred\u0103m sufletul Lui. S\u0103 ne d\u0103m Lui \u00een st\u0103p\u00e2nire cu piele \u0219i p\u0103r \u0219i cu tot ce este \u00een noi, cu \u00eencredere deplin\u0103 \u00een El, da, \u00een Creator, El care a creat totul \u0219i care acum vrea s\u0103 creeze ceva complet nou \u00een interiorul nostru! S\u0103 nu ne baz\u0103m pe ra\u021biune \u0219i sim\u021buri, ci s\u0103 ne baz\u0103m total pe El, \u00een Cuv\u00e2ntul Lui, dup\u0103 lumina des\u0103v\u00e2r\u0219it\u0103 a Noului Testament.<\/p>\n<p>Motto: \u00eencredere oarb\u0103 \u0219i credincio\u0219ie simpl\u0103 at\u00e2t \u00een cele mici, c\u00e2t \u0219i \u00een cele mari. Bine\u00een\u021beles c\u0103 noi nu putem spune Creatorului cum s\u0103 creeze! Aceasta este treaba Lui. Treaba noastr\u0103 este s\u0103 ne pred\u0103m \u00een voia Lui. Toat\u0103 cinstea \u0219i lauda s\u0103 fie a Lui.<\/p>\n<p>\u00cencearc\u0103-te pe tine \u00eensu\u021bi dac\u0103 \u00eentr-adev\u0103r e\u0219ti predat total \u0219i f\u0103r\u0103 s\u0103 mai ai o voin\u021b\u0103 proprie \u2013 Dac\u0103 nu este a\u0219a, pred\u0103-te Lui acum, pentru c\u0103 este mult mai bine mai t\u00e2rziu dec\u00e2t niciodat\u0103!<\/p>\n<p>C\u00e2nd sufletul este golit \u00een moartea lui Hristos, prime\u0219ti sim\u021b pentru cele duhovnice\u0219ti. \u2013 Cei ce sunt suflete\u0219ti, nu \u0219i-au predat sufletul Lui.<\/p>\n\t\t<\/div>\n\t\t\t\t\t<\/div>\n\n\t\n\n\t<div id=\"col-1665621211\" class=\"col copyright small-12 large-12\"  >\n\t\t\t\t<div class=\"col-inner text-left\"  >\n\t\t\t\n\t\t\t\n<div>\u00a9 Copyright Stiftelsen Skjulte Skatters Forlag<\/div>\n\t\t<\/div>\n\t\t\t\t\t<\/div>\n\n\t\n\n\t<div id=\"col-390884463\" class=\"col small-12 large-12\"  >\n\t\t\t\t<div class=\"col-inner text-left\"  >\n\t\t\t\n\t\t\t\n<div><a href=\"#\" class=\"read-more\">Cite\u0219te mai departe<\/a><\/div>\n\t\t<\/div>\n\t\t\t\t\t<\/div>\n\n\t\n\n\t<div id=\"col-1364307871\" class=\"col small-12 large-12\"  >\n\t\t\t\t<div class=\"col-inner text-left\"  >\n\t\t\t\n\t\t\t\n<p class=\"next-previous-message\"><a class=\"previous\" href=\"\/ro\/bible-studies\/theme-3\/do-gods-will\/\"><i class=\"icon-angle-left\"><\/i> Previous<\/a><a class=\"next\" href=\"\/ro\/bible-studies\/theme-3\/you-are-loved-and-should-love-in-return\/\">Next <i class=\"icon-angle-right\"><\/i><\/a><\/p>\n\t\t<\/div>\n\t\t\t\t\t<\/div>\n\n\t\n<\/div>\n\t\t<\/div>\n\n\t\t\n<style>\n#section_1717875359 {\n  padding-top: 0px;\n  padding-bottom: 0px;\n  margin-bottom: 0px;\n}\n@media (min-width:550px) {\n  #section_1717875359 {\n    padding-top: 0px;\n    padding-bottom: 0px;\n  }\n}\n<\/style>\n\t<\/section>\n\t\n\n\t<section class=\"section food-for-thought\" id=\"section_807690670\">\n\t\t<div class=\"section-bg fill\" >\n\t\t\t\t\t\t\t\t\t\n\t\t\t\n\n\t\t<\/div>\n\n\t\t\n\n\t\t<div class=\"section-content relative\">\n\t\t\t\n<div class=\"row align-center\"  id=\"row-122142580\">\n\n\t<div id=\"col-1944339223\" class=\"col title small-12 large-12\"  >\n\t\t\t\t<div class=\"col-inner text-left dark\"  >\n\t\t\t\n\t\t\t\n<h2>Devotional<\/h2>\n\t\t<\/div>\n\t\t\t\t\t<\/div>\n\n\t\n\n\t<div id=\"col-552493057\" class=\"col small-12 large-12\"  >\n\t\t\t\t<div class=\"col-inner dark\"  >\n\t\t\t\n\t\t\t\n<p>\u00cen scrierea \u201eS\u0103-\u0219i \u00eencredin\u021beze sufletele credinciosului Ziditor\u201d, Aslaksen scrie despre a fi predat cu \u00eentreaga voie proprie. Ce crezi tu c\u0103 vrea s\u0103 spun\u0103 cu asta?<\/p>\n<p class='info'>You have to <a href='\/login\/'>log in<\/a> if you want to save your answer.<\/p>\n\t\t<\/div>\n\t\t\t\t\t<\/div>\n\n\t\n<\/div>\n\t\t<\/div>\n\n\t\t\n<style>\n#section_807690670 {\n  padding-top: 30px;\n  padding-bottom: 30px;\n  background-color: rgb(73, 92, 94);\n}\n<\/style>\n\t<\/section>\n\t\n","protected":false},"excerpt":{"rendered":"","protected":false},"author":5,"featured_media":0,"parent":12618,"menu_order":5,"comment_status":"closed","ping_status":"closed","template":"page-blank.php","meta":{"footnotes":""},"class_list":["post-13385","page","type-page","status-publish","hentry"],"aioseo_notices":[],"_links":{"self":[{"href":"https:\/\/words-of-faith.org\/ro\/wp-json\/wp\/v2\/pages\/13385","targetHints":{"allow":["GET"]}}],"collection":[{"href":"https:\/\/words-of-faith.org\/ro\/wp-json\/wp\/v2\/pages"}],"about":[{"href":"https:\/\/words-of-faith.org\/ro\/wp-json\/wp\/v2\/types\/page"}],"author":[{"embeddable":true,"href":"https:\/\/words-of-faith.org\/ro\/wp-json\/wp\/v2\/users\/5"}],"replies":[{"embeddable":true,"href":"https:\/\/words-of-faith.org\/ro\/wp-json\/wp\/v2\/comments?post=13385"}],"version-history":[{"count":0,"href":"https:\/\/words-of-faith.org\/ro\/wp-json\/wp\/v2\/pages\/13385\/revisions"}],"up":[{"embeddable":true,"href":"https:\/\/words-of-faith.org\/ro\/wp-json\/wp\/v2\/pages\/12618"}],"wp:attachment":[{"href":"https:\/\/words-of-faith.org\/ro\/wp-json\/wp\/v2\/media?parent=13385"}],"curies":[{"name":"wp","href":"https:\/\/api.w.org\/{rel}","templated":true}]}}