{"id":13403,"date":"2020-05-29T20:00:10","date_gmt":"2020-05-29T18:00:10","guid":{"rendered":"https:\/\/aslaksen.bcc.no\/?page_id=13403"},"modified":"2020-08-21T13:50:28","modified_gmt":"2020-08-21T11:50:28","slug":"tu-esti-iubit-si-ar-trebui-sa-iubesti-si-tu","status":"publish","type":"page","link":"https:\/\/words-of-faith.org\/ro\/studiu-biblic\/tema-3\/tu-esti-iubit-si-ar-trebui-sa-iubesti-si-tu\/","title":{"rendered":"Tu e\u0219ti iubit \u0219i ar trebui s\u0103 iube\u0219ti \u0219i tu"},"content":{"rendered":"\n\t<section class=\"section\" id=\"section_1690066707\">\n\t\t<div class=\"section-bg fill\" >\n\t\t\t\t\t\t\t\t\t\n\t\t\t\n\n\t\t<\/div>\n\n\t\t\n\n\t\t<div class=\"section-content relative\">\n\t\t\t\n<div class=\"row align-center\"  id=\"row-1320712759\">\n\n\t<div id=\"col-562921992\" class=\"col small-12 large-12\"  >\n\t\t\t\t<div class=\"col-inner\"  >\n\t\t\t\n\t\t\t\n<p class=\"breadcrumbs\"><a href=\"..\/\">Theme 3<\/a> \/ Messages<\/p>\n<h1>Tu e\u0219ti iubit \u0219i ar trebui s\u0103 iube\u0219ti \u0219i tu<\/h1>\n<p class=\"article-date\">Comori Ascunse, publicat \u00een aprilie 1938<\/p>\n<p class=\"article-author\">de Elias Aslaksen<\/p>\n\t\t<\/div>\n\t\t\t\t\t<\/div>\n\n\t\n\n<style>\n#row-1320712759 > .col > .col-inner {\n  padding: 30px 0px 0px 0px;\n}\n<\/style>\n<\/div>\n<div class=\"row align-center audio\"  id=\"row-1379451367\">\n\n\t<div id=\"col-962902019\" class=\"col small-12 large-12\"  >\n\t\t\t\t<div class=\"col-inner\"  >\n\t\t\t\n\t\t\t\n<!--[if lt IE 9]><script>document.createElement('audio');<\/script><![endif]-->\n<audio class=\"wp-audio-shortcode\" id=\"audio-13403-1\" preload=\"none\" style=\"width: 100%;\" controls=\"controls\"><source type=\"audio\/mpeg\" src=\"\/audio\/Tema%203\/ROM\/18_Du%20er%20elsket%20og%20b%C3%B8r%20elske%20igjen_ROM.mp3?_=1\" \/><a href=\"\/audio\/Tema%203\/ROM\/18_Du%20er%20elsket%20og%20b%C3%B8r%20elske%20igjen_ROM.mp3\">\/audio\/Tema%203\/ROM\/18_Du%20er%20elsket%20og%20b%C3%B8r%20elske%20igjen_ROM.mp3<\/a><\/audio>\n<p class=\"click-to-listen\">Click to listen to the speech.<\/p>\n\t\t<\/div>\n\t\t\t\t\t<\/div>\n\n\t\n<\/div>\n<div class=\"row align-center article article-excerpt\"  id=\"row-1771134722\">\n\n\t<div id=\"col-1589591823\" class=\"col small-12 large-12\"  >\n\t\t\t\t<div class=\"col-inner text-left\"  >\n\t\t\t\n\t\t\t\n<p>Cre\u0219tinism, poc\u0103in\u021b\u0103, m\u00e2ntuire, evanghelie- \u00een ce const\u0103 asta? Ce vrea Dumnezeu de la noi? Despre ce este vorba???<\/p>\n<p>Este vorba de 2 lucruri:<\/p>\n<ol>\n<li>C\u0103 Dumnezeu ne iube\u0219te. \u201eFiindc\u0103 at\u00e2t de mult a iubit Dumnezeu lumea, c\u0103 a dat \u2026\u201d<\/li>\n<\/ol>\n<p>Ioan 3:16.<\/p>\n<ol start=\"2\">\n<li>C\u0103 noi \u00cel iubim \u00eenapoi: <strong>\u201eNoi \u00cel iubim pentru c\u0103 El ne-a iubit mai \u00eent\u00e2i.\u201d<\/strong><\/li>\n<\/ol>\n<p>1 Ioan 4:19<\/p>\n<p>Nu este vorba \u0219i de mult mai mult dec\u00e2t at\u00e2t? Nu, de nimic altceva! Orice alt lucru bun este un rezultat inevitabil al acestora! Cine ne iube\u0219te cu dragoste mare \u0219i curat\u0103? Isus Hristos. El a demonstrat cu putere acest lucru. Cine \u00cel iube\u0219te \u00eenapoi? Aceasta o fac bine\u00een\u021beles to\u021bi cei care devin con\u0219tien\u021bi de dragostea Lui sl\u0103vit\u0103.<\/p>\n<p>Pentru c\u0103 Dumnezeu te iube\u0219te cu dragoste des\u0103v\u00e2r\u0219it\u0103, El \u00ee\u021bi dore\u0219te un singur lucru, \u0219i anume s\u0103-\u021bi fac\u0103 bine. Este singurul g\u00e2nd \u0219i plan pe care \u00cel are cu tine. Nimic mai prejos dec\u00e2t aceasta!<\/p>\n<p>C\u00e2nd un b\u0103rbat iube\u0219te o femeie \u00een fel natural \u0219i, de aceea, \u00eei dore\u0219te binele, \u00eei va da cadouri \u0219.a.m.d, iar ea se g\u00e2nde\u0219te la el \u0219i la natura \u0219i personalitatea lui, atunci ea \u00eel iube\u0219te \u00eenapoi, \u0219i este in aceast\u0103 situa\u021bie foarte fericit\u0103 \u00een aceast\u0103 lume c\u00e2t timp aceast\u0103 rela\u021bie rezist\u0103. Totu\u0219i, aceast\u0103 fericire nu se poate compara cu cea care apare atunci c\u00e2nd tu e\u0219ti \u0219i devii iubit de Dumnezeu prin Fiul s\u0103u iubitor \u0219i des\u0103v\u00e2r\u0219it, Isus Hristos, a\u0219a \u00eenc\u00e2t tu \u00cel iube\u0219ti \u00eenapoi. De ce?<\/p>\n<p>Pentru c\u0103 dragostea Lui este cu extrem de mult mai mare! Pentru c\u0103 El este cu mult mai bogat \u0219i puternic! \u0218i \u00een special pentru c\u0103 fiin\u021ba Lui, personalitatea Lui, g\u00e2ndirea Lui este infinit mai bun\u0103, mai nobil\u0103 \u0219i mai sl\u0103vit\u0103 \u00een toate felurile posibile!<\/p>\n<p>G\u00e2nde\u0219te-te s\u0103 fii iubit de El!!!??? \u2014<\/p>\n<p>Ce fericire! Ce m\u0103re\u021bie! Ce ofert\u0103! Nu este de mirare c\u0103 evanghelia este numit\u0103 vestirea cea bun\u0103 \u0219i \u00eembucur\u0103toare!<\/p>\n<p>Cine e\u0219ti tu, drag suflet, ca s\u0103 spui \u201enu, mul\u021bumesc\u201d acesteia? Ca tu s\u0103 \u00cel respingi? Ca tu s\u0103 alegi mai degrab\u0103 s\u0103 fii f\u0103r\u0103 El? El \u0219i-a dat via\u021ba pentru tine, a suferit totul pentru tine, a isp\u0103\u0219it pentru tot p\u0103catul t\u0103u, a creat o cale afar\u0103 din tot p\u0103catul \u0219i blestemul, pentru ca tu s\u0103 prime\u0219ti posibilitatea s\u0103 mergi pe ea! \u201eHristos, de asemenea, a suferit odat\u0103 pentru p\u0103cate, El, Cel neprih\u0103nit, pentru cei nelegiui\u021bi, ca s\u0103 ne aduc\u0103 la Dumnezeu.\u201d 1 Petru 3:18<\/p>\n<p>M\u0103rturise\u0219te-\u021bi p\u0103catele \u0219i El \u00ee\u021bi va ierta totul! (1 Ioan 1:9)<\/p>\n<p>Roag\u0103-te pentru putere \u0219i El te va \u00eent\u0103ri! El \u00ee\u021bi va da credin\u021b\u0103, dragoste, duh \u0219i putere pentru a face ceea ce este drept \u0219i bun \u00een ochii Lui, \u0219i vei deveni complet fericit, fericit continuu! Vei primi tot ceea ce ai nevoie pentru a-\u021bi reu\u0219i s\u0103-\u021bi pui lucrurile \u00een ordine, pentru a recunoa\u0219te \u0219i a repara ceea ce ai f\u0103cut gre\u0219it.<\/p>\n<p>Vei primi tot ceea ce ai nevoie de la El, care este bogat \u00een putere \u0219i bun\u0103tate, \u0219i care te iube\u0219te, astfel \u00eenc\u00e2t s\u0103 ajungi s\u0103 po\u021bi face ceea ce nu po\u021bi acum, \u0219i anume, binele, \u0219i \u00een acela\u0219i timp, s\u0103 \u00eencetezi \u00een a face r\u0103ul.<\/p>\n<p>Prime\u0219te dragoste pentru El! El te iube\u0219te! Spune-I \u201eda\u201d Lui\u201d! Iube\u0219te-L reciproc! Apoi vei experimenta ce dragoste nem\u0103rginit de mare \u00ee\u021bi va aduce, bucurie \u0219i slav\u0103 de neimaginat \u0219i de nedescris \u00een inima ta.<\/p>\n<p>Nimic nu este mai frumos dec\u00e2t a iubi \u0219i a fi iubit \u00eenapoi! Mai ales c\u00e2nd este o astfel de persoan\u0103 care ne iube\u0219te \u0219i pe care o iubim \u00eenapoi. Nu-i spune \u201enu\u201d! Isus te cheam\u0103 pe tine acum. \u2014<\/p>\n\t\t<\/div>\n\t\t\t\t\t<\/div>\n\n\t\n\n\t<div id=\"col-1536775500\" class=\"col copyright small-12 large-12\"  >\n\t\t\t\t<div class=\"col-inner text-left\"  >\n\t\t\t\n\t\t\t\n<div>\u00a9 Copyright Stiftelsen Skjulte Skatters Forlag<\/div>\n\t\t<\/div>\n\t\t\t\t\t<\/div>\n\n\t\n\n\t<div id=\"col-500879783\" class=\"col small-12 large-12\"  >\n\t\t\t\t<div class=\"col-inner text-left\"  >\n\t\t\t\n\t\t\t\n<div><a href=\"#\" class=\"read-more\">Cite\u0219te mai departe<\/a><\/div>\n\t\t<\/div>\n\t\t\t\t\t<\/div>\n\n\t\n\n\t<div id=\"col-816193511\" class=\"col small-12 large-12\"  >\n\t\t\t\t<div class=\"col-inner text-left\"  >\n\t\t\t\n\t\t\t\n<p class=\"next-previous-message\"><a class=\"previous\" href=\"\/ro\/bible-studies\/theme-3\/commit-your-souls-to-the-faithful-creator\/\"><i class=\"icon-angle-left\"><\/i> Previous<\/a><a class=\"next\" href=\"\/ro\/bible-studies\/theme-3\/judge-not\/\">Next <i class=\"icon-angle-right\"><\/i><\/a><\/p>\n\t\t<\/div>\n\t\t\t\t\t<\/div>\n\n\t\n<\/div>\n\t\t<\/div>\n\n\t\t\n<style>\n#section_1690066707 {\n  padding-top: 0px;\n  padding-bottom: 0px;\n  margin-bottom: 0px;\n}\n@media (min-width:550px) {\n  #section_1690066707 {\n    padding-top: 0px;\n    padding-bottom: 0px;\n  }\n}\n<\/style>\n\t<\/section>\n\t\n\n\t<section class=\"section food-for-thought\" id=\"section_1693012936\">\n\t\t<div class=\"section-bg fill\" >\n\t\t\t\t\t\t\t\t\t\n\t\t\t\n\n\t\t<\/div>\n\n\t\t\n\n\t\t<div class=\"section-content relative\">\n\t\t\t\n<div class=\"row align-center\"  id=\"row-966805021\">\n\n\t<div id=\"col-1313467482\" class=\"col title small-12 large-12\"  >\n\t\t\t\t<div class=\"col-inner text-left dark\"  >\n\t\t\t\n\t\t\t\n<h2>Devotional<\/h2>\n\t\t<\/div>\n\t\t\t\t\t<\/div>\n\n\t\n\n\t<div id=\"col-422748651\" class=\"col small-12 large-12\"  >\n\t\t\t\t<div class=\"col-inner dark\"  >\n\t\t\t\n\t\t\t\n<p>Cite\u0219te\/ascult\u0103 vorbirea \u201eTu e\u0219ti iubit \u0219i ar trebui s\u0103 iube\u0219ti \u0219i tu\u201d. Ce \u00eenseamn\u0103 pentru tine s\u0103-l iube\u0219ti pe Isus la r\u00e2ndul t\u0103u? Noteaz\u0103 \u00een special c\u00e2teva puncte concrete.<\/p>\n<p class='info'>You have to <a href='\/login\/'>log in<\/a> if you want to save your answer.<\/p>\n\t\t<\/div>\n\t\t\t\t\t<\/div>\n\n\t\n<\/div>\n\t\t<\/div>\n\n\t\t\n<style>\n#section_1693012936 {\n  padding-top: 30px;\n  padding-bottom: 30px;\n  background-color: rgb(73, 92, 94);\n}\n<\/style>\n\t<\/section>\n\t\n","protected":false},"excerpt":{"rendered":"","protected":false},"author":5,"featured_media":0,"parent":12618,"menu_order":6,"comment_status":"closed","ping_status":"closed","template":"page-blank.php","meta":{"footnotes":""},"class_list":["post-13403","page","type-page","status-publish","hentry"],"aioseo_notices":[],"_links":{"self":[{"href":"https:\/\/words-of-faith.org\/ro\/wp-json\/wp\/v2\/pages\/13403","targetHints":{"allow":["GET"]}}],"collection":[{"href":"https:\/\/words-of-faith.org\/ro\/wp-json\/wp\/v2\/pages"}],"about":[{"href":"https:\/\/words-of-faith.org\/ro\/wp-json\/wp\/v2\/types\/page"}],"author":[{"embeddable":true,"href":"https:\/\/words-of-faith.org\/ro\/wp-json\/wp\/v2\/users\/5"}],"replies":[{"embeddable":true,"href":"https:\/\/words-of-faith.org\/ro\/wp-json\/wp\/v2\/comments?post=13403"}],"version-history":[{"count":0,"href":"https:\/\/words-of-faith.org\/ro\/wp-json\/wp\/v2\/pages\/13403\/revisions"}],"up":[{"embeddable":true,"href":"https:\/\/words-of-faith.org\/ro\/wp-json\/wp\/v2\/pages\/12618"}],"wp:attachment":[{"href":"https:\/\/words-of-faith.org\/ro\/wp-json\/wp\/v2\/media?parent=13403"}],"curies":[{"name":"wp","href":"https:\/\/api.w.org\/{rel}","templated":true}]}}