{"id":15414,"date":"2020-06-10T19:13:47","date_gmt":"2020-06-10T17:13:47","guid":{"rendered":"https:\/\/aslaksen.bcc.no\/?page_id=15414"},"modified":"2020-11-02T07:31:48","modified_gmt":"2020-11-02T06:31:48","slug":"tema-4","status":"publish","type":"page","link":"https:\/\/words-of-faith.org\/ro\/studiu-biblic\/tema-4\/","title":{"rendered":"Tema 4"},"content":{"rendered":"\n\t<section class=\"section theme-single-page\" id=\"section_312945868\">\n\t\t<div class=\"section-bg fill\" >\n\t\t\t\t\t\t\t\t\t\n\t\t\t\n\n\t\t<\/div>\n\n\t\t\n\n\t\t<div class=\"section-content relative\">\n\t\t\t\n\t<div id=\"gap-369441724\" class=\"gap-element clearfix\" style=\"display:block; height:auto;\">\n\t\t\n<style>\n#gap-369441724 {\n  padding-top: 30px;\n}\n<\/style>\n\t<\/div>\n\t\n<div class=\"row align-center\"  id=\"row-1082283229\">\n\n\t<div id=\"col-1517044432\" class=\"col small-12 large-12\"  >\n\t\t\t\t<div class=\"col-inner\"  >\n\t\t\t\n\t\t\t\n<p class=\"breadcrumbs\"><a href=\"..\/\">Studii biblice<\/a> \/ Tema 4<\/p>\n<h1>Smerenia este lucrul principal<\/h1>\n<p>Smerenie de prim\u0103 clas\u0103 const\u0103 \u00een aceea c\u0103 omul se judec\u0103 \u0219i se \u00eenjose\u0219te benevol pe sine \u00eensu\u0219i \u2013 din proprie ini\u021biativ\u0103.<\/p>\n\t<div class=\"img has-hover x md-x lg-x y md-y lg-y\" id=\"image_998376279\">\n\t\t<a class=\"\" href=\"https:\/\/vimeo.com\/427682078\" >\t\t\t\t\t\t<div class=\"img-inner dark\" >\n\t\t\t<img loading=\"lazy\" decoding=\"async\" width=\"1020\" height=\"574\" src=\"https:\/\/words-of-faith.org\/wp-content\/uploads\/2020\/05\/frame_156-1400x788.jpg\" class=\"attachment-large size-large\" alt=\"\" \/>\t\t\t\t\t\t\n\t\t\t\t\t<\/div>\n\t\t\t\t\t\t<\/a>\t\t\n<style>\n#image_998376279 {\n  width: 100%;\n}\n<\/style>\n\t<\/div>\n\t\n<p class=\"overview-text\">Rezumat: Tema 4<\/p>\n\t\t<\/div>\n\t\t\t\t\t<\/div>\n\n\t\n<\/div>\n<div class=\"row align-center themes\"  id=\"row-219166387\">\n\n\t<div id=\"col-1776834492\" class=\"col large-12\"  >\n\t\t\t\t<div class=\"col-inner\"  >\n\t\t\t\n\t\t\t\n<p class=\"listen-read\">Ascult\u0103 \/ Cite\u0219te<\/p>\n<h2>Mesaje scurte \u0219i puternice<\/h2>\n\t\t<\/div>\n\t\t\t\t\t<\/div>\n\n\t\n\n\t<div id=\"col-1896340332\" class=\"col medium-6 small-6 large-6\"  >\n\t\t\t\t<div class=\"col-inner\"  >\n\t\t\t\n\t\t\t\n\n  <div class=\"banner has-hover\" id=\"banner-682923102\">\n          <div class=\"banner-inner fill\">\n        <div class=\"banner-bg fill\" >\n            <img loading=\"lazy\" decoding=\"async\" width=\"577\" height=\"800\" src=\"https:\/\/words-of-faith.org\/wp-content\/uploads\/2020\/08\/Theme-4-Humility-is-everything-577x800.png\" class=\"bg attachment-large size-large\" alt=\"\" \/>                                    \n                    <\/div>\n\t\t\n        <div class=\"banner-layers container\">\n            <a class=\"fill\" href=\"https:\/\/words-of-faith.org\/bible-studies\/theme-4\/humility-is-everything\/\"><div class=\"fill banner-link\"><\/div><\/a>            \n   <div id=\"text-box-1532953391\" class=\"text-box banner-layer x0 md-x0 lg-x0 y100 md-y100 lg-y100 res-text\">\n                                <div class=\"text-box-content text \">\n              \n              <div class=\"text-inner text-center\">\n                  \n<h3>Smerenia este lucrul principal<\/h3>\n              <\/div>\n           <\/div>\n                            \n<style>\n#text-box-1532953391 .text-box-content {\n  background-color: rgba(40, 40, 40, 0.7);\n  font-size: 100%;\n}\n#text-box-1532953391 {\n  width: 100%;\n}\n<\/style>\n    <\/div>\n \n        <\/div>\n      <\/div>\n\n            \n<style>\n#banner-682923102 {\n  padding-top: 220px;\n  background-color: rgba(0, 0, 0, 0);\n}\n#banner-682923102 .banner-bg img {\n  object-position: 53% 69%;\n}\n<\/style>\n  <\/div>\n\n\n\t\t<\/div>\n\t\t\t\t\t<\/div>\n\n\t\n\n\t<div id=\"col-1770513425\" class=\"col medium-6 small-6 large-6\"  >\n\t\t\t\t<div class=\"col-inner\"  >\n\t\t\t\n\t\t\t\n\n  <div class=\"banner has-hover\" id=\"banner-2035666676\">\n          <div class=\"banner-inner fill\">\n        <div class=\"banner-bg fill\" >\n            <img loading=\"lazy\" decoding=\"async\" width=\"577\" height=\"800\" src=\"https:\/\/words-of-faith.org\/wp-content\/uploads\/2020\/08\/Theme-4-The-fundamental-law-of-a-Godly-life-577x800.png\" class=\"bg attachment-large size-large\" alt=\"\" \/>                                    \n                    <\/div>\n\t\t\n        <div class=\"banner-layers container\">\n            <a class=\"fill\" href=\"https:\/\/words-of-faith.org\/bible-studies\/theme-4\/the-fundamental-law-of-a-godly-life\/\"><div class=\"fill banner-link\"><\/div><\/a>            \n   <div id=\"text-box-583468131\" class=\"text-box banner-layer x0 md-x0 lg-x0 y100 md-y100 lg-y100 res-text\">\n                                <div class=\"text-box-content text \">\n              \n              <div class=\"text-inner text-center\">\n                  \n<h3>Temelia vie\u021bii dumnezeie\u0219ti<\/h3>\n              <\/div>\n           <\/div>\n                            \n<style>\n#text-box-583468131 .text-box-content {\n  background-color: rgba(40, 40, 40, 0.7);\n  font-size: 100%;\n}\n#text-box-583468131 {\n  width: 100%;\n}\n<\/style>\n    <\/div>\n \n        <\/div>\n      <\/div>\n\n            \n<style>\n#banner-2035666676 {\n  padding-top: 220px;\n  background-color: rgba(0, 0, 0, 0);\n}\n#banner-2035666676 .banner-bg img {\n  object-position: 45% 35%;\n}\n<\/style>\n  <\/div>\n\n\n\t\t<\/div>\n\t\t\t\t\t<\/div>\n\n\t\n\n\t<div id=\"col-774732097\" class=\"col medium-6 small-6 large-6\"  >\n\t\t\t\t<div class=\"col-inner\"  >\n\t\t\t\n\t\t\t\n\n  <div class=\"banner has-hover\" id=\"banner-1934927241\">\n          <div class=\"banner-inner fill\">\n        <div class=\"banner-bg fill\" >\n            <img loading=\"lazy\" decoding=\"async\" width=\"577\" height=\"800\" src=\"https:\/\/words-of-faith.org\/wp-content\/uploads\/2020\/08\/Theme-4-From-only-lying-to-only-truth-577x800.png\" class=\"bg attachment-large size-large\" alt=\"\" \/>                                    \n                    <\/div>\n\t\t\n        <div class=\"banner-layers container\">\n            <a class=\"fill\" href=\"https:\/\/words-of-faith.org\/bible-studies\/theme-4\/from-only-lying-to-only-truth\/\"><div class=\"fill banner-link\"><\/div><\/a>            \n   <div id=\"text-box-740755147\" class=\"text-box banner-layer x0 md-x0 lg-x0 y100 md-y100 lg-y100 res-text\">\n                                <div class=\"text-box-content text \">\n              \n              <div class=\"text-inner text-center\">\n                  \n<h3>De la numai minciun\u0103 &#8211; la numai adev\u0103r!!!<\/h3>\n              <\/div>\n           <\/div>\n                            \n<style>\n#text-box-740755147 .text-box-content {\n  background-color: rgba(40, 40, 40, 0.7);\n  font-size: 100%;\n}\n#text-box-740755147 {\n  width: 100%;\n}\n<\/style>\n    <\/div>\n \n        <\/div>\n      <\/div>\n\n            \n<style>\n#banner-1934927241 {\n  padding-top: 220px;\n  background-color: rgba(0, 0, 0, 0);\n}\n#banner-1934927241 .banner-bg img {\n  object-position: 49% 72%;\n}\n<\/style>\n  <\/div>\n\n\n\t\t<\/div>\n\t\t\t\t\t<\/div>\n\n\t\n\n\t<div id=\"col-1678704097\" class=\"col medium-6 small-6 large-6\"  >\n\t\t\t\t<div class=\"col-inner\"  >\n\t\t\t\n\t\t\t\n\n  <div class=\"banner has-hover\" id=\"banner-1755083597\">\n          <div class=\"banner-inner fill\">\n        <div class=\"banner-bg fill\" >\n            <img loading=\"lazy\" decoding=\"async\" width=\"577\" height=\"800\" src=\"https:\/\/words-of-faith.org\/wp-content\/uploads\/2020\/08\/Theme-4-Humble-of-heart-577x800.png\" class=\"bg attachment-large size-large\" alt=\"\" \/>                                    \n                    <\/div>\n\t\t\n        <div class=\"banner-layers container\">\n            <a class=\"fill\" href=\"https:\/\/words-of-faith.org\/bible-studies\/theme-4\/humble-of-heart\/\"><div class=\"fill banner-link\"><\/div><\/a>            \n   <div id=\"text-box-822564861\" class=\"text-box banner-layer x0 md-x0 lg-x0 y100 md-y100 lg-y100 res-text\">\n                                <div class=\"text-box-content text \">\n              \n              <div class=\"text-inner text-center\">\n                  \n<h3>Smeri\u021bi cu inima<\/h3>\n              <\/div>\n           <\/div>\n                            \n<style>\n#text-box-822564861 .text-box-content {\n  background-color: rgba(40, 40, 40, 0.7);\n  font-size: 100%;\n}\n#text-box-822564861 {\n  width: 100%;\n}\n<\/style>\n    <\/div>\n \n        <\/div>\n      <\/div>\n\n            \n<style>\n#banner-1755083597 {\n  padding-top: 220px;\n  background-color: rgba(0, 0, 0, 0);\n}\n#banner-1755083597 .banner-bg img {\n  object-position: 50% 19%;\n}\n<\/style>\n  <\/div>\n\n\n\t\t<\/div>\n\t\t\t\t\t<\/div>\n\n\t\n\n\t<div id=\"col-1076782011\" class=\"col medium-6 small-6 large-6\"  >\n\t\t\t\t<div class=\"col-inner\"  >\n\t\t\t\n\t\t\t\n\n  <div class=\"banner has-hover\" id=\"banner-623794280\">\n          <div class=\"banner-inner fill\">\n        <div class=\"banner-bg fill\" >\n            <img loading=\"lazy\" decoding=\"async\" width=\"577\" height=\"800\" src=\"https:\/\/words-of-faith.org\/wp-content\/uploads\/2020\/08\/Theme-4-Gods-method-of-working-577x800.png\" class=\"bg attachment-large size-large\" alt=\"\" \/>                                    \n                    <\/div>\n\t\t\n        <div class=\"banner-layers container\">\n            <a class=\"fill\" href=\"https:\/\/words-of-faith.org\/bible-studies\/theme-4\/gods-method-of-working\/\"><div class=\"fill banner-link\"><\/div><\/a>            \n   <div id=\"text-box-1690017651\" class=\"text-box banner-layer x0 md-x0 lg-x0 y100 md-y100 lg-y100 res-text\">\n                                <div class=\"text-box-content text \">\n              \n              <div class=\"text-inner text-center\">\n                  \n<h3>Modul \u00een care lucreaz\u0103 Dumnezeu<\/h3>\n              <\/div>\n           <\/div>\n                            \n<style>\n#text-box-1690017651 .text-box-content {\n  background-color: rgba(40, 40, 40, 0.7);\n  font-size: 100%;\n}\n#text-box-1690017651 {\n  width: 100%;\n}\n<\/style>\n    <\/div>\n \n        <\/div>\n      <\/div>\n\n            \n<style>\n#banner-623794280 {\n  padding-top: 220px;\n  background-color: rgba(0, 0, 0, 0);\n}\n#banner-623794280 .banner-bg img {\n  object-position: 60% 40%;\n}\n<\/style>\n  <\/div>\n\n\n\t\t<\/div>\n\t\t\t\t\t<\/div>\n\n\t\n\n\t<div id=\"col-82077159\" class=\"col medium-6 small-6 large-6\"  >\n\t\t\t\t<div class=\"col-inner\"  >\n\t\t\t\n\t\t\t\n\n  <div class=\"banner has-hover\" id=\"banner-1332654352\">\n          <div class=\"banner-inner fill\">\n        <div class=\"banner-bg fill\" >\n            <img loading=\"lazy\" decoding=\"async\" width=\"577\" height=\"800\" src=\"https:\/\/words-of-faith.org\/wp-content\/uploads\/2020\/08\/Theme-4-The-abundant-and-sure-grace-of-David-577x800.png\" class=\"bg attachment-large size-large\" alt=\"\" \/>                                    \n                    <\/div>\n\t\t\n        <div class=\"banner-layers container\">\n            <a class=\"fill\" href=\"https:\/\/words-of-faith.org\/bible-studies\/theme-4\/the-abundant-and-sure-grace-of-david\/\"><div class=\"fill banner-link\"><\/div><\/a>            \n   <div id=\"text-box-623070140\" class=\"text-box banner-layer x0 md-x0 lg-x0 y100 md-y100 lg-y100 res-text\">\n                                <div class=\"text-box-content text \">\n              \n              <div class=\"text-inner text-center\">\n                  \n<h3>\u00abHarul bogat \u0219i garantat al lui David\u00bb<\/h3>\n              <\/div>\n           <\/div>\n                            \n<style>\n#text-box-623070140 .text-box-content {\n  background-color: rgba(40, 40, 40, 0.7);\n  font-size: 100%;\n}\n#text-box-623070140 {\n  width: 100%;\n}\n<\/style>\n    <\/div>\n \n        <\/div>\n      <\/div>\n\n            \n<style>\n#banner-1332654352 {\n  padding-top: 220px;\n  background-color: rgba(0, 0, 0, 0);\n}\n#banner-1332654352 .banner-bg img {\n  object-position: 38% 29%;\n}\n<\/style>\n  <\/div>\n\n\n\t\t<\/div>\n\t\t\t\t\t<\/div>\n\n\t\n<\/div>\n\t\t<\/div>\n\n\t\t\n<style>\n#section_312945868 {\n  padding-top: 0px;\n  padding-bottom: 0px;\n  margin-bottom: 0px;\n}\n@media (min-width:550px) {\n  #section_312945868 {\n    padding-top: 0px;\n    padding-bottom: 0px;\n  }\n}\n<\/style>\n\t<\/section>\n\t\n\n\t<section class=\"section\" id=\"section_1237159091\">\n\t\t<div class=\"section-bg fill\" >\n\t\t\t\t\t\t\t\t\t\n\t\t\t\n\n\t\t<\/div>\n\n\t\t\n\n\t\t<div class=\"section-content relative\">\n\t\t\t\n\t<div id=\"gap-1706649390\" class=\"gap-element clearfix\" style=\"display:block; height:auto;\">\n\t\t\n<style>\n#gap-1706649390 {\n  padding-top: 30px;\n}\n<\/style>\n\t<\/div>\n\t\n<div class=\"row align-center rounded\"  id=\"row-431982575\">\n\n\t<div id=\"col-1920101323\" class=\"col large-12\"  >\n\t\t\t\t<div class=\"col-inner\"  >\n\t\t\t\n\t\t\t\n<h2>Imagini de fundal<\/h2>\n\t\t<\/div>\n\t\t\t\t\t<\/div>\n\n\t\n\n\t<div id=\"col-1311999750\" class=\"col medium-3 small-6 large-3\"  >\n\t\t\t\t<div class=\"col-inner\"  >\n\t\t\t\n\t\t\t\n\t<div class=\"img has-hover x md-x lg-x y md-y lg-y\" id=\"image_664825570\">\n\t\t<a class=\"image-lightbox lightbox-gallery\" title=\"\" href=\"https:\/\/words-of-faith.org\/wp-content\/uploads\/2020\/10\/Tema-4-01_dark_RO.jpg\">\t\t\t\t\t\t<div class=\"img-inner dark\" >\n\t\t\t<img loading=\"lazy\" decoding=\"async\" width=\"450\" height=\"800\" src=\"https:\/\/words-of-faith.org\/wp-content\/uploads\/2020\/10\/Tema-4-01_dark_RO-450x800.jpg\" class=\"attachment-large size-large\" alt=\"\" \/>\t\t\t\t\t\t\n\t\t\t\t\t<\/div>\n\t\t\t\t\t\t<\/a>\t\t\n<style>\n#image_664825570 {\n  width: 100%;\n}\n<\/style>\n\t<\/div>\n\t\n\t\t<\/div>\n\t\t\t\t\t<\/div>\n\n\t\n\n\t<div id=\"col-387174468\" class=\"col medium-3 small-6 large-3\"  >\n\t\t\t\t<div class=\"col-inner\"  >\n\t\t\t\n\t\t\t\n\t<div class=\"img has-hover x md-x lg-x y md-y lg-y\" id=\"image_97017829\">\n\t\t<a class=\"image-lightbox lightbox-gallery\" title=\"\" href=\"https:\/\/words-of-faith.org\/wp-content\/uploads\/2020\/10\/Tema-4-02_forsteklasses-ydmykhet_RO.jpg\">\t\t\t\t\t\t<div class=\"img-inner dark\" >\n\t\t\t<img loading=\"lazy\" decoding=\"async\" width=\"450\" height=\"800\" src=\"https:\/\/words-of-faith.org\/wp-content\/uploads\/2020\/10\/Tema-4-02_forsteklasses-ydmykhet_RO-450x800.jpg\" class=\"attachment-large size-large\" alt=\"\" \/>\t\t\t\t\t\t\n\t\t\t\t\t<\/div>\n\t\t\t\t\t\t<\/a>\t\t\n<style>\n#image_97017829 {\n  width: 100%;\n}\n<\/style>\n\t<\/div>\n\t\n\t\t<\/div>\n\t\t\t\t\t<\/div>\n\n\t\n\n\t<div id=\"col-1142499558\" class=\"col medium-3 small-6 large-3\"  >\n\t\t\t\t<div class=\"col-inner\"  >\n\t\t\t\n\t\t\t\n\t<div class=\"img has-hover x md-x lg-x y md-y lg-y\" id=\"image_117649790\">\n\t\t<a class=\"image-lightbox lightbox-gallery\" title=\"\" href=\"https:\/\/words-of-faith.org\/wp-content\/uploads\/2020\/10\/Tema-4-03_rik-og-mangfoldig-nade_ROM.jpg\">\t\t\t\t\t\t<div class=\"img-inner dark\" >\n\t\t\t<img loading=\"lazy\" decoding=\"async\" width=\"450\" height=\"800\" src=\"https:\/\/words-of-faith.org\/wp-content\/uploads\/2020\/10\/Tema-4-03_rik-og-mangfoldig-nade_ROM-450x800.jpg\" class=\"attachment-large size-large\" alt=\"\" \/>\t\t\t\t\t\t\n\t\t\t\t\t<\/div>\n\t\t\t\t\t\t<\/a>\t\t\n<style>\n#image_117649790 {\n  width: 100%;\n}\n<\/style>\n\t<\/div>\n\t\n\t\t<\/div>\n\t\t\t\t\t<\/div>\n\n\t\n\n\t<div id=\"col-1535652661\" class=\"col medium-3 small-6 large-3\"  >\n\t\t\t\t<div class=\"col-inner\"  >\n\t\t\t\n\t\t\t\n\t\t<\/div>\n\t\t\t\t\t<\/div>\n\n\t\n<\/div>\n<p style=\"text-align: center\"><a href=\"..\/\"><u>\u00cenapoi la toate temele<\/u><\/a><\/p>\n\t\t<\/div>\n\n\t\t\n<style>\n#section_1237159091 {\n  padding-top: 30px;\n  padding-bottom: 30px;\n}\n<\/style>\n\t<\/section>\n\t\n","protected":false},"excerpt":{"rendered":"","protected":false},"author":5,"featured_media":0,"parent":19959,"menu_order":0,"comment_status":"closed","ping_status":"closed","template":"page-blank.php","meta":{"footnotes":""},"class_list":["post-15414","page","type-page","status-publish","hentry"],"aioseo_notices":[],"_links":{"self":[{"href":"https:\/\/words-of-faith.org\/ro\/wp-json\/wp\/v2\/pages\/15414","targetHints":{"allow":["GET"]}}],"collection":[{"href":"https:\/\/words-of-faith.org\/ro\/wp-json\/wp\/v2\/pages"}],"about":[{"href":"https:\/\/words-of-faith.org\/ro\/wp-json\/wp\/v2\/types\/page"}],"author":[{"embeddable":true,"href":"https:\/\/words-of-faith.org\/ro\/wp-json\/wp\/v2\/users\/5"}],"replies":[{"embeddable":true,"href":"https:\/\/words-of-faith.org\/ro\/wp-json\/wp\/v2\/comments?post=15414"}],"version-history":[{"count":0,"href":"https:\/\/words-of-faith.org\/ro\/wp-json\/wp\/v2\/pages\/15414\/revisions"}],"up":[{"embeddable":true,"href":"https:\/\/words-of-faith.org\/ro\/wp-json\/wp\/v2\/pages\/19959"}],"wp:attachment":[{"href":"https:\/\/words-of-faith.org\/ro\/wp-json\/wp\/v2\/media?parent=15414"}],"curies":[{"name":"wp","href":"https:\/\/api.w.org\/{rel}","templated":true}]}}