{"id":15452,"date":"2020-06-10T19:30:35","date_gmt":"2020-06-10T17:30:35","guid":{"rendered":"https:\/\/aslaksen.bcc.no\/?page_id=15452"},"modified":"2020-08-21T13:58:00","modified_gmt":"2020-08-21T11:58:00","slug":"temelia-vietii-dumnezeiesti","status":"publish","type":"page","link":"https:\/\/words-of-faith.org\/ro\/studiu-biblic\/tema-4\/temelia-vietii-dumnezeiesti\/","title":{"rendered":"Temelia vie\u021bii dumnezeie\u0219ti"},"content":{"rendered":"\n\t<section class=\"section\" id=\"section_1508553499\">\n\t\t<div class=\"section-bg fill\" >\n\t\t\t\t\t\t\t\t\t\n\t\t\t\n\n\t\t<\/div>\n\n\t\t\n\n\t\t<div class=\"section-content relative\">\n\t\t\t\n<div class=\"row align-center\"  id=\"row-245910636\">\n\n\t<div id=\"col-1501940320\" class=\"col small-12 large-12\"  >\n\t\t\t\t<div class=\"col-inner\"  >\n\t\t\t\n\t\t\t\n<p class=\"breadcrumbs\"><a href=\"..\/\">Theme 4<\/a> \/ Messages<\/p>\n<h1>Temelia vie\u021bii dumnezeie\u0219ti<\/h1>\n<p class=\"article-date\">Comori Ascunse, publicat \u00een<br \/>\nfebruarie 1932<\/p>\n<p class=\"article-author\">de Elias Aslaksen<\/p>\n\t\t<\/div>\n\t\t\t\t\t<\/div>\n\n\t\n\n<style>\n#row-245910636 > .col > .col-inner {\n  padding: 30px 0px 0px 0px;\n}\n<\/style>\n<\/div>\n<div class=\"row align-center audio\"  id=\"row-1744485257\">\n\n\t<div id=\"col-472779096\" class=\"col small-12 large-12\"  >\n\t\t\t\t<div class=\"col-inner\"  >\n\t\t\t\n\t\t\t\n<!--[if lt IE 9]><script>document.createElement('audio');<\/script><![endif]-->\n<audio class=\"wp-audio-shortcode\" id=\"audio-15452-1\" preload=\"none\" style=\"width: 100%;\" controls=\"controls\"><source type=\"audio\/mpeg\" src=\"\/audio\/Tema%204\/ROM\/20%20S%20-%20Guds-livets%20grunnlov_ROM.mp3?_=1\" \/><a href=\"\/audio\/Tema%204\/ROM\/20%20S%20-%20Guds-livets%20grunnlov_ROM.mp3\">\/audio\/Tema%204\/ROM\/20%20S%20-%20Guds-livets%20grunnlov_ROM.mp3<\/a><\/audio>\n<p class=\"click-to-listen\">Click to listen to the speech.<\/p>\n\t\t<\/div>\n\t\t\t\t\t<\/div>\n\n\t\n<\/div>\n<div class=\"row align-center article article-excerpt\"  id=\"row-1782243015\">\n\n\t<div id=\"col-542680194\" class=\"col small-12 large-12\"  >\n\t\t\t\t<div class=\"col-inner text-left\"  >\n\t\t\t\n\t\t\t\n<p>\u201eDumnezeu este Cel ce judec\u0103: El coboar\u0103 pe unul, \u0219i \u00eenal\u021b\u0103 pe altul.\u201d Psalmii 75:7.<\/p>\n<p>\u201eA\u0219adar, nu at\u00e2rn\u0103 nici de cine vrea, nici de cine alearg\u0103, ci de Dumnezeu care are mil\u0103. Astfel, El are mil\u0103 de cine vrea \u0219i \u00eempietre\u0219te pe cine vrea\u201d, Rom. 9:16, 18. \u201eOricine se va \u00een\u0103l\u021ba, va fi smerit; \u0219i oricine se va smeri, va fi \u00een\u0103l\u021bat.\u201d Mat. 23:12. \u201eTot a\u0219a \u0219i voi, tinerilor, fi\u021bi supu\u0219i celor b\u0103tr\u00e2ni. \u0218i to\u021bi \u00een leg\u0103turile voastre, s\u0103 fi\u021bi \u00eempodobi\u021bi cu smerenie. C\u0103ci Dumnezeu st\u0103 \u00eempotriva celor m\u00e2ndri, dar celor smeri\u021bi le d\u0103 har.\u201d 1 Petru 5:5. \u201eSmeri\u021bi-v\u0103 \u00eenaintea Domnului, \u0219i El v\u0103 va \u00een\u0103l\u021ba.\u201d Iacov 4:10. \u201eP\u00e2n\u0103 ce am fost smerit, r\u0103t\u0103ceam; dar acum p\u0103zesc Cuv\u00e2ntul T\u0103u. Este spre binele meu c\u0103 m-ai smerit, ca s\u0103 \u00eenv\u0103\u021b or\u00e2nduirile Tale. \u0218tiu, Doamne, c\u0103 judec\u0103\u021bile Tale sunt drepte: din credincio\u0219ie m-ai smerit.\u201d Psalmi 119:67, 71, 75.<\/p>\n<p>Dumnezeu nu \u00eenjose\u0219te, nu \u00eenal\u021b\u0103, nu \u00eempietre\u0219te, nu binecuv\u00e2nteaz\u0103 \u0219i nici nu \u00eeng\u0103duie e\u0219ecul sau reu\u0219ita \u2013 <strong>la \u00eent\u00e2mplare.<\/strong> Aceasta o face El \u00eentotdeauna, \u00een toate cazurile \u0219i pentru toate persoanele <strong>dup\u0103 legi hot\u0103r\u00e2te.<\/strong><\/p>\n<p>Legea principal\u0103 este legea smereniei. Ce este de fapt smerenia? Nu este un ton pl\u00e2ng\u0103cios sau ni\u0219te fraze frumoase. Ea const\u0103 din recunoa\u0219terea de sine \u0219i \u00eensu\u0219irea locului propriu corespunz\u0103tor. De exemplu: c\u00e2nd cel t\u00e2n\u0103r se supune b\u0103tr\u00e2nului, atunci el este smerit. El recunoa\u0219te tinere\u021bea sa \u0219i se plaseaz\u0103 sub cel b\u0103tr\u00e2n.<\/p>\n<p>\u00cen locurile din scriptur\u0103 men\u021bionate mai sus, se vorbe\u0219te despre dou\u0103 grade principale de smerenie:<\/p>\n<ol>\n<li><strong>Smerenia din proprie ini\u021biativ\u0103<\/strong><\/li>\n<li><strong>A te l\u0103sa smerit<\/strong><\/li>\n<\/ol>\n<p>Smerenia coincide cu dragostea de adev\u0103r. Adev\u0103rul este c\u0103 \u00een mod regulat \u2013 \u00een toate domeniile \u2013 e\u0219ti prea sus. Prin dragoste fa\u021b\u0103 de adev\u0103r (2 Tes. 2:10) recuno\u0219ti aceasta, te smere\u0219ti \u0219i te \u00eenjose\u0219ti din proprie ini\u021biativ\u0103 \u2013 prin m\u0103rturisire sau alt\u0103 modalitate \u2013 conform luminii adev\u0103rului care str\u0103luce\u0219te din Scripturi.<\/p>\n<p>Smerenia de prim\u0103 calitate const\u0103 \u00een a te judeca singur, din propria voin\u021b\u0103 (1 Corinteni 11:31-32) \u0219i a te \u00eenjosi \u2013 din proprie ini\u021biativ\u0103. Smerenia de calitatea a doua are loc atunci c\u00e2nd te la\u0219i smerit de Dumnezeu, c\u00e2nd e\u0219ti personal judecat prin intermediul altor persoane sau prin \u00eemprejur\u0103ri de un anumit fel sau altul. A\u0219adar, \u00een acest caz este nevoie de un ajutor suplimentar pentru a putea fi smerit. F\u0103r\u0103 aceasta nu ar fi fost posibil\u0103 recunoa\u0219terea &nbsp;propriei prostii. C\u00e2nd lumina str\u0103luce\u0219te \u00een adunare, f\u0103r\u0103 a fi orientat\u0103 c\u0103tre o anumit\u0103 persoan\u0103, nu descoperi c\u0103 nimere\u0219te ceva la tine. Trebuie s\u0103-\u021bi fie adresat\u0103 personal de unul sau altul pentru a descoperi ceva la tine.<\/p>\n<p>\u00cen cazul cel mai fericit, omul se a\u0219eaz\u0103 singur pe locul din spate pentru c\u0103 \u00een\u021belege c\u0103 este locul care i se cuvine. \u00cen cazul cel\u0103lalt, se a\u0219eaz\u0103 mai \u00een fa\u021b\u0103; dar c\u00e2nd gazda \u00eei explic\u0103 respectivului, c\u0103 locul lui este mai \u00een spate, el se ru\u0219ineaz\u0103 \u0219i se a\u0219eaz\u0103 imediat \u00een spate.<\/p>\n<p>Dac\u0103 ezit\u0103 s\u0103 fac\u0103 asta, putem vorbi despre smerenia de calitatea a treia. \u0218i dac\u0103 nu accept\u0103 \u0219i nu se las\u0103 \u00eenjosit deloc, este arogan\u021b\u0103 \u0219i m\u00e2ndrie \u2013 \u0219i nu prime\u0219te deloc har, ajutor \u0219i m\u00e2ntuire.<\/p>\n<p>Totul se bazeaz\u0103 aici pe realit\u0103\u021bi, pe adev\u0103ruri incontestabile. Pe l\u00e2ng\u0103 acestea mai avem un fel de smerenie, adic\u0103 o smerenie fals\u0103 \u2013 o smerenie pref\u0103cut\u0103. Aceast\u0103 smerenie const\u0103 din cuvinte, tonul folosit \u0219i expresia fe\u021bei, care au doar o aparen\u021b\u0103 de smerenie, dar care \u2013 c\u00e2nd vine vorba de putere, de realitate \u2013 se dovede\u0219te a fi doar actorie.&nbsp;<\/p>\n<p>A te smeri \u00eenseamn\u0103 tocmai a-\u021bi prelua locul potrivit.<\/p>\n<p>A fi smerit \u00eenseamn\u0103 s\u0103 fii a\u0219ezat de c\u0103tre al\u021bii, cu acordul t\u0103u, la locul corect. A fi m\u00e2ndru \u00eenseamn\u0103 a te justifica \u0219i a vrea s\u0103 p\u0103strezi un loc care nu \u021bi se cuvine pe drept.<\/p>\n\t\t<\/div>\n\t\t\t\t\t<\/div>\n\n\t\n\n\t<div id=\"col-2079456950\" class=\"col copyright small-12 large-12\"  >\n\t\t\t\t<div class=\"col-inner text-left\"  >\n\t\t\t\n\t\t\t\n<div>\u00a9 Copyright Stiftelsen Skjulte Skatters Forlag<\/div>\n\t\t<\/div>\n\t\t\t\t\t<\/div>\n\n\t\n\n\t<div id=\"col-1377130798\" class=\"col small-12 large-12\"  >\n\t\t\t\t<div class=\"col-inner text-left\"  >\n\t\t\t\n\t\t\t\n<div><a href=\"#\" class=\"read-more\">Cite\u0219te mai departe<\/a><\/div>\n\t\t<\/div>\n\t\t\t\t\t<\/div>\n\n\t\n\n\t<div id=\"col-1384893878\" class=\"col small-12 large-12\"  >\n\t\t\t\t<div class=\"col-inner text-left\"  >\n\t\t\t\n\t\t\t\n<p class=\"next-previous-message\"><a class=\"previous\" href=\"\/ro\/bible-studies\/theme-4\/humility-is-everything\/\"><i class=\"icon-angle-left\"><\/i> Previous<\/a><a class=\"next\" href=\"\/ro\/bible-studies\/theme-4\/from-only-lying-to-only-truth\/\">Next <i class=\"icon-angle-right\"><\/i><\/a><\/p>\n\t\t<\/div>\n\t\t\t\t\t<\/div>\n\n\t\n<\/div>\n\t\t<\/div>\n\n\t\t\n<style>\n#section_1508553499 {\n  padding-top: 0px;\n  padding-bottom: 0px;\n  margin-bottom: 0px;\n}\n@media (min-width:550px) {\n  #section_1508553499 {\n    padding-top: 0px;\n    padding-bottom: 0px;\n  }\n}\n<\/style>\n\t<\/section>\n\t\n\n\t<section class=\"section food-for-thought\" id=\"section_1051087523\">\n\t\t<div class=\"section-bg fill\" >\n\t\t\t\t\t\t\t\t\t\n\t\t\t\n\n\t\t<\/div>\n\n\t\t\n\n\t\t<div class=\"section-content relative\">\n\t\t\t\n<div class=\"row align-center\"  id=\"row-870194985\">\n\n\t<div id=\"col-276295471\" class=\"col title small-12 large-12\"  >\n\t\t\t\t<div class=\"col-inner text-left dark\"  >\n\t\t\t\n\t\t\t\n<h2>Devotional<\/h2>\n\t\t<\/div>\n\t\t\t\t\t<\/div>\n\n\t\n\n\t<div id=\"col-907306906\" class=\"col small-12 large-12\"  >\n\t\t\t\t<div class=\"col-inner dark\"  >\n\t\t\t\n\t\t\t\n<p>Elias Aslaksen scrie \u00een articolul \u201eTemelia vie\u021bii dumnezeie\u0219ti\u201d c\u0103 nimic nu se \u00eent\u00e2mpl\u0103 la \u00eent\u00e2mplare, ci c\u0103 Dumnezeu ac\u021bioneaz\u0103 \u00eentotdeauna dup\u0103 legile Sale. Exist\u0103 posibilitatea s\u0103 faci o alegere care influen\u021beaz\u0103 planul lui Dumnezeu cu via\u021ba ta?<\/p>\n<p class='info'>You have to <a href='\/login\/'>log in<\/a> if you want to save your answer.<\/p>\n\t\t<\/div>\n\t\t\t\t\t<\/div>\n\n\t\n<\/div>\n\t\t<\/div>\n\n\t\t\n<style>\n#section_1051087523 {\n  padding-top: 30px;\n  padding-bottom: 30px;\n  background-color: rgb(73, 92, 94);\n}\n<\/style>\n\t<\/section>\n\t\n","protected":false},"excerpt":{"rendered":"","protected":false},"author":5,"featured_media":0,"parent":15414,"menu_order":2,"comment_status":"closed","ping_status":"closed","template":"page-blank.php","meta":{"footnotes":""},"class_list":["post-15452","page","type-page","status-publish","hentry"],"aioseo_notices":[],"_links":{"self":[{"href":"https:\/\/words-of-faith.org\/ro\/wp-json\/wp\/v2\/pages\/15452","targetHints":{"allow":["GET"]}}],"collection":[{"href":"https:\/\/words-of-faith.org\/ro\/wp-json\/wp\/v2\/pages"}],"about":[{"href":"https:\/\/words-of-faith.org\/ro\/wp-json\/wp\/v2\/types\/page"}],"author":[{"embeddable":true,"href":"https:\/\/words-of-faith.org\/ro\/wp-json\/wp\/v2\/users\/5"}],"replies":[{"embeddable":true,"href":"https:\/\/words-of-faith.org\/ro\/wp-json\/wp\/v2\/comments?post=15452"}],"version-history":[{"count":0,"href":"https:\/\/words-of-faith.org\/ro\/wp-json\/wp\/v2\/pages\/15452\/revisions"}],"up":[{"embeddable":true,"href":"https:\/\/words-of-faith.org\/ro\/wp-json\/wp\/v2\/pages\/15414"}],"wp:attachment":[{"href":"https:\/\/words-of-faith.org\/ro\/wp-json\/wp\/v2\/media?parent=15452"}],"curies":[{"name":"wp","href":"https:\/\/api.w.org\/{rel}","templated":true}]}}