{"id":15470,"date":"2020-06-10T19:34:29","date_gmt":"2020-06-10T17:34:29","guid":{"rendered":"https:\/\/aslaksen.bcc.no\/?page_id=15470"},"modified":"2020-08-21T14:01:17","modified_gmt":"2020-08-21T12:01:17","slug":"de-la-numai-minciuna-la-numai-adevar","status":"publish","type":"page","link":"https:\/\/words-of-faith.org\/ro\/studiu-biblic\/tema-4\/de-la-numai-minciuna-la-numai-adevar\/","title":{"rendered":"De la numai minciun\u0103 &#8211; la numai adev\u0103r!!!"},"content":{"rendered":"\n\t<section class=\"section\" id=\"section_1400045435\">\n\t\t<div class=\"section-bg fill\" >\n\t\t\t\t\t\t\t\t\t\n\t\t\t\n\n\t\t<\/div>\n\n\t\t\n\n\t\t<div class=\"section-content relative\">\n\t\t\t\n<div class=\"row align-center\"  id=\"row-486504611\">\n\n\t<div id=\"col-1847918097\" class=\"col small-12 large-12\"  >\n\t\t\t\t<div class=\"col-inner\"  >\n\t\t\t\n\t\t\t\n<p class=\"breadcrumbs\"><a href=\"..\/\">Theme 4<\/a> \/ Messages<\/p>\n<h1>De la numai minciun\u0103 \u2013 la numai adev\u0103r!!!<\/h1>\n<p class=\"article-date\">Comori Ascunse, publicat \u00een iunie 1985<\/p>\n<p class=\"article-author\">de Elias Aslaksen<\/p>\n\t\t<\/div>\n\t\t\t\t\t<\/div>\n\n\t\n\n<style>\n#row-486504611 > .col > .col-inner {\n  padding: 30px 0px 0px 0px;\n}\n<\/style>\n<\/div>\n<div class=\"row align-center audio\"  id=\"row-458988373\">\n\n\t<div id=\"col-1500918699\" class=\"col small-12 large-12\"  >\n\t\t\t\t<div class=\"col-inner\"  >\n\t\t\t\n\t\t\t\n<!--[if lt IE 9]><script>document.createElement('audio');<\/script><![endif]-->\n<audio class=\"wp-audio-shortcode\" id=\"audio-15470-1\" preload=\"none\" style=\"width: 100%;\" controls=\"controls\"><source type=\"audio\/mpeg\" src=\"\/audio\/Tema%204\/ROM\/21%20S%20-%20Fra%20bare%20l%C3%B8gn%20%E2%80%94%20til%20bare%20sannhet_ROM.mp3?_=1\" \/><a href=\"\/audio\/Tema%204\/ROM\/21%20S%20-%20Fra%20bare%20l%C3%B8gn%20%E2%80%94%20til%20bare%20sannhet_ROM.mp3\">\/audio\/Tema%204\/ROM\/21%20S%20-%20Fra%20bare%20l%C3%B8gn%20%E2%80%94%20til%20bare%20sannhet_ROM.mp3<\/a><\/audio>\n<p class=\"click-to-listen\">Click to listen to the speech.<\/p>\n\t\t<\/div>\n\t\t\t\t\t<\/div>\n\n\t\n<\/div>\n<div class=\"row align-center article article-excerpt\"  id=\"row-929565768\">\n\n\t<div id=\"col-663672246\" class=\"col small-12 large-12\"  >\n\t\t\t\t<div class=\"col-inner text-left\"  >\n\t\t\t\n\t\t\t\n<p>O, ce eliberare, ce transformare, ce dezvoltare, ce chemare, ce dragoste de nedescris, pe care Dumnezeu o are pentru noi, c\u0103 El cu adev\u0103rat vrea s\u0103 fac\u0103 o lucrare at\u00e2t de uimitor de mare, de sl\u0103vit\u0103 \u0219i de dumnezeiasc\u0103 \u00een fiecare om care crede din toat\u0103 inima toate cuvintele vie\u021bii din Noul Testament, despre aceast\u0103 via\u021b\u0103!!!<\/p>\n<p>\u201eDoar minciun\u0103 sunt fii oamenilor!\u201d A\u0219a suntem noi \u00een interior, strica\u021bi de p\u0103cat. \u201eDimpotriv\u0103, Dumnezeu s\u0103 fie g\u0103sit adev\u0103rat \u0219i fiecare om s\u0103 fie g\u0103sit mincinos.\u201d Isus a spus: \u201eEu sunt adev\u0103rul!\u201d Rom. 3:4 \u0219i Ioan 14:6. Chemarea noastr\u0103 cereasc\u0103 este s\u0103 devenim asemeni Lui, acum, \u00een timpul harului. Cu alte cuvinte s\u0103 devii adev\u0103r \u2013 doar adev\u0103r \u00een practic\u0103, \u00een toate felurile posibile! \u0218i aici se potrive\u0219te cuv\u00e2ntul din Isaia 53 \u00een cel mai \u00eenalt grad: \u201eCine a crezut ceea ce el a auzit?\u201d<\/p>\n<p>Dar pream\u0103rit s\u0103 fie Dumnezeu pentru fiecare care \u00ee\u0219i \u00eensu\u0219e\u0219te cu adev\u0103rat credin\u021b\u0103 vie \u00een cuvintele lui Isus \u0219i cuvintele apostolilor!!! Pentru c\u0103 prin credin\u021b\u0103 se reu\u0219e\u0219te. Este acela\u0219i lucru cu a fi eliberat de f\u0103\u021b\u0103rnicie \u00een toate formele posibile, pentru c\u0103 f\u0103\u021b\u0103rnicia este minciun\u0103! Vezi Luca 12:1. F\u0103\u021b\u0103rnicia \u00eenseamn\u0103 s\u0103 te prefaci \u00een orice fel c\u0103 este mai bine cu tine dec\u00e2t este \u00een realitate. Prin urmare este o performan\u021b\u0103 teatral\u0103! Performan\u021b\u0103 = actorie! Atunci colectezi cinste pentru ceva ce nu e\u0219ti cu adev\u0103rat, \u00een loc s\u0103 protestezi \u00een numele adev\u0103rului!<\/p>\n<p>Aceasta coincide de asemenea cu \u00een\u0219el\u0103ciunea \u0219i nesinceritatea. Este scris despre Isus ca ceva extraordinar de mare, c\u0103 El a fost f\u0103r\u0103 \u00een\u0219el\u0103ciune. Pentru c\u0103 El era adev\u0103rul! \u2014 \u2014 \u2014<\/p>\n<p>Se poate min\u021bi \u00een toate felurile posibile, nu doar direct, prin minciun\u0103 brutal\u0103 \u0219i pove\u0219ti! \u00cen general, din nefericire, omul \u00ee\u0219i ascunde nebunia proprie \u0219i lipsa de bucurie. \u2014 \u0218i este speriat de moarte c\u0103 cineva va afla asta! El este preocupat s\u0103 se apere \u0219i s\u0103 se justifice, dup\u0103 toate regulile artei, \u00een loc s\u0103 dea dreptate adev\u0103ratei judec\u0103\u021bi a luminii. \u2014<\/p>\n<p>De ce-\u021bi este at\u00e2t de groaznic de fric\u0103? Da, s\u0103 scazi \u00een ochii oamenilor. Dar scazi doar \u00een ochii oamenilor pro\u0219ti! C\u0103ci s\u0103 te smere\u0219ti \u0219i s\u0103 mergi \u00een jos este cea mai profitabil\u0103 virtute existent\u0103! Atunci cre\u0219ti \u00een ochii lui Dumnezeu!<\/p>\n<p>A\u0219adar, duhovnice\u0219te vorbind, s\u0103 ai fric\u0103 s\u0103 te smere\u0219ti este nebunie!<\/p>\n<p>Acesta este \u0219i motivul pentru care mul\u021bi nu reu\u0219esc s\u0103-\u0219i cear\u0103 iertare oamenilor pentru una sau alta, \u00een ciuda faptului c\u0103 ar avea un motiv bun s\u0103 fac\u0103 asta, \u0219i le-ar crea bucurie \u00een interior. Cu adev\u0103rat! C\u0103ci \u021binta este: Doar adev\u0103r!<\/p>\n\t\t<\/div>\n\t\t\t\t\t<\/div>\n\n\t\n\n\t<div id=\"col-315978046\" class=\"col copyright small-12 large-12\"  >\n\t\t\t\t<div class=\"col-inner text-left\"  >\n\t\t\t\n\t\t\t\n<div>\u00a9 Copyright Stiftelsen Skjulte Skatters Forlag<\/div>\n\t\t<\/div>\n\t\t\t\t\t<\/div>\n\n\t\n\n\t<div id=\"col-619088456\" class=\"col small-12 large-12\"  >\n\t\t\t\t<div class=\"col-inner text-left\"  >\n\t\t\t\n\t\t\t\n<div><a href=\"#\" class=\"read-more\">Cite\u0219te mai departe<\/a><\/div>\n\t\t<\/div>\n\t\t\t\t\t<\/div>\n\n\t\n\n\t<div id=\"col-1710302158\" class=\"col small-12 large-12\"  >\n\t\t\t\t<div class=\"col-inner text-left\"  >\n\t\t\t\n\t\t\t\n<p class=\"next-previous-message\"><a class=\"previous\" href=\"\/ro\/bible-studies\/theme-4\/the-fundamental-law-of-a-godly-life\/\"><i class=\"icon-angle-left\"><\/i> Previous<\/a><a class=\"next\" href=\"\/ro\/bible-studies\/theme-4\/humble-of-heart\/\">Next <i class=\"icon-angle-right\"><\/i><\/a><\/p>\n\t\t<\/div>\n\t\t\t\t\t<\/div>\n\n\t\n<\/div>\n\t\t<\/div>\n\n\t\t\n<style>\n#section_1400045435 {\n  padding-top: 0px;\n  padding-bottom: 0px;\n  margin-bottom: 0px;\n}\n@media (min-width:550px) {\n  #section_1400045435 {\n    padding-top: 0px;\n    padding-bottom: 0px;\n  }\n}\n<\/style>\n\t<\/section>\n\t\n\n\t<section class=\"section food-for-thought\" id=\"section_1161137227\">\n\t\t<div class=\"section-bg fill\" >\n\t\t\t\t\t\t\t\t\t\n\t\t\t\n\n\t\t<\/div>\n\n\t\t\n\n\t\t<div class=\"section-content relative\">\n\t\t\t\n<div class=\"row align-center\"  id=\"row-968789394\">\n\n\t<div id=\"col-1611685293\" class=\"col title small-12 large-12\"  >\n\t\t\t\t<div class=\"col-inner text-left dark\"  >\n\t\t\t\n\t\t\t\n<h2>Devotional<\/h2>\n\t\t<\/div>\n\t\t\t\t\t<\/div>\n\n\t\n\n\t<div id=\"col-1478604067\" class=\"col small-12 large-12\"  >\n\t\t\t\t<div class=\"col-inner dark\"  >\n\t\t\t\n\t\t\t\n<p>De ce crezi c\u0103 scrierea \u201eDe la numai minciun\u0103 &#8211; la numai adev\u0103r!!!\u201d a fost inclus\u0103 \u00een aceast\u0103 tem\u0103 despre smerenie?<\/p>\n<p class='info'>You have to <a href='\/login\/'>log in<\/a> if you want to save your answer.<\/p>\n\t\t<\/div>\n\t\t\t\t\t<\/div>\n\n\t\n<\/div>\n\t\t<\/div>\n\n\t\t\n<style>\n#section_1161137227 {\n  padding-top: 30px;\n  padding-bottom: 30px;\n  background-color: rgb(73, 92, 94);\n}\n<\/style>\n\t<\/section>\n\t\n","protected":false},"excerpt":{"rendered":"","protected":false},"author":5,"featured_media":0,"parent":15414,"menu_order":3,"comment_status":"closed","ping_status":"closed","template":"page-blank.php","meta":{"footnotes":""},"class_list":["post-15470","page","type-page","status-publish","hentry"],"aioseo_notices":[],"_links":{"self":[{"href":"https:\/\/words-of-faith.org\/ro\/wp-json\/wp\/v2\/pages\/15470","targetHints":{"allow":["GET"]}}],"collection":[{"href":"https:\/\/words-of-faith.org\/ro\/wp-json\/wp\/v2\/pages"}],"about":[{"href":"https:\/\/words-of-faith.org\/ro\/wp-json\/wp\/v2\/types\/page"}],"author":[{"embeddable":true,"href":"https:\/\/words-of-faith.org\/ro\/wp-json\/wp\/v2\/users\/5"}],"replies":[{"embeddable":true,"href":"https:\/\/words-of-faith.org\/ro\/wp-json\/wp\/v2\/comments?post=15470"}],"version-history":[{"count":0,"href":"https:\/\/words-of-faith.org\/ro\/wp-json\/wp\/v2\/pages\/15470\/revisions"}],"up":[{"embeddable":true,"href":"https:\/\/words-of-faith.org\/ro\/wp-json\/wp\/v2\/pages\/15414"}],"wp:attachment":[{"href":"https:\/\/words-of-faith.org\/ro\/wp-json\/wp\/v2\/media?parent=15470"}],"curies":[{"name":"wp","href":"https:\/\/api.w.org\/{rel}","templated":true}]}}