{"id":15488,"date":"2020-06-10T19:37:28","date_gmt":"2020-06-10T17:37:28","guid":{"rendered":"https:\/\/aslaksen.bcc.no\/?page_id=15488"},"modified":"2020-08-21T14:04:38","modified_gmt":"2020-08-21T12:04:38","slug":"smeriti-cu-inima","status":"publish","type":"page","link":"https:\/\/words-of-faith.org\/ro\/studiu-biblic\/tema-4\/smeriti-cu-inima\/","title":{"rendered":"Smeri\u021bi cu inima"},"content":{"rendered":"\n\t<section class=\"section\" id=\"section_154280473\">\n\t\t<div class=\"section-bg fill\" >\n\t\t\t\t\t\t\t\t\t\n\t\t\t\n\n\t\t<\/div>\n\n\t\t\n\n\t\t<div class=\"section-content relative\">\n\t\t\t\n<div class=\"row align-center\"  id=\"row-85423186\">\n\n\t<div id=\"col-1498727341\" class=\"col small-12 large-12\"  >\n\t\t\t\t<div class=\"col-inner\"  >\n\t\t\t\n\t\t\t\n<p class=\"breadcrumbs\"><a href=\"..\/\">Theme 4<\/a> \/ Messages<\/p>\n<h1>Smeri\u021bi cu inima<\/h1>\n<p class=\"article-date\">Extras dintr-o vorbire din iulie 1963<\/p>\n<p class=\"article-author\">de Elias Aslaksen<\/p>\n\t\t<\/div>\n\t\t\t\t\t<\/div>\n\n\t\n\n<style>\n#row-85423186 > .col > .col-inner {\n  padding: 30px 0px 0px 0px;\n}\n<\/style>\n<\/div>\n<div class=\"row align-center audio\"  id=\"row-578646490\">\n\n\t<div id=\"col-2079938902\" class=\"col small-12 large-12\"  >\n\t\t\t\t<div class=\"col-inner\"  >\n\t\t\t\n\t\t\t\n<!--[if lt IE 9]><script>document.createElement('audio');<\/script><![endif]-->\n<audio class=\"wp-audio-shortcode\" id=\"audio-15488-1\" preload=\"none\" style=\"width: 100%;\" controls=\"controls\"><source type=\"audio\/mpeg\" src=\"\/audio\/Tema%204\/ROM\/22%20T%20-%20Ydmyke%20av%20hjerte_ROM.mp3?_=1\" \/><a href=\"\/audio\/Tema%204\/ROM\/22%20T%20-%20Ydmyke%20av%20hjerte_ROM.mp3\">\/audio\/Tema%204\/ROM\/22%20T%20-%20Ydmyke%20av%20hjerte_ROM.mp3<\/a><\/audio>\n<p class=\"click-to-listen\">Click to listen to the speech.<\/p>\n\t\t<\/div>\n\t\t\t\t\t<\/div>\n\n\t\n<\/div>\n<div class=\"row align-center article article-excerpt\"  id=\"row-1050196664\">\n\n\t<div id=\"col-349452310\" class=\"col small-12 large-12\"  >\n\t\t\t\t<div class=\"col-inner text-left\"  >\n\t\t\t\n\t\t\t\n<p>Scrie, de exemplu: \u201eNu at\u00e2rn\u0103 de cine vrea, nici de cine alearg\u0103, ci de Dumnezeu care are mil\u0103!\u201d Exist\u0103 vreo lege pentru cei c\u0103rora El le d\u0103 \u00eendurare, El le d\u0103 har? Da, este tocmai aceasta. Deci, v\u0103zut superficial, te po\u021bi g\u00e2ndi: Da, atunci nu ajut\u0103 la nimic, nu are sens s\u0103 mai fiu zelos? Nu, asta este corect. Dar asta nu \u00eenseamn\u0103 c\u0103 este la \u00eent\u00e2mplare \u0219i c\u0103 e o loterie c\u0103 Dumnezeu este schimb\u0103tor. Noi \u0219tim cui d\u0103 El har! Da, \u0219tim \u0219i cui d\u0103 mai mult har, \u0219i \u0219tim \u0219i cui d\u0103 cel mai mult har dar \u0219i cui nu-i d\u0103 absolut deloc har. Sunt mul\u021bi care alearg\u0103, sunt mul\u021bi care vor, sunt mul\u021bi care sunt ambi\u021bio\u0219i \u2013 \u0219ti\u021bi cuv\u00e2ntul \u0103sta? Da, ce \u00eenseamn\u0103 el? \u00censeamn\u0103 c\u0103 eu vreau, eu vreau sus, vreau \u00eenainte.<\/p>\n<p>Vreau s\u0103 devin un slujitor al lui Dumnezeu, vreau s\u0103&nbsp;devin priceput, vreau s\u0103 vorbesc str\u0103lucit. Sufl\u0103 \u00een cinstea asta cu tot ce vrei tu. Vrei s\u0103 mergi \u00een jos? Po\u021bi fi \u00een mijlocul unei biserici vii al lui Dumnezeu f\u0103r\u0103 s\u0103 fii vreodat\u0103 fericit. Care este motivul? Nu spune c\u0103 sunt multe motive. Este lips\u0103 de smerenie. E\u0219ti prea mare \u0219i prea puternic \u00een tine \u00eensu\u021bi, acesta este singurul motiv. Este dovedit, sunt o mul\u021bime de exemple pentru asta. Nu s-a \u00eent\u00e2mplat mare lucru, nu ai biruin\u021b\u0103 asupra p\u0103catului, da este o nenorocire curat\u0103, dar \u00een mijlocul la asta ai un interes mare s\u0103 te ridici \u0219i s\u0103 vorbe\u0219ti sl\u0103vit. Se reg\u0103se\u0219te cineva \u00een asta? Se reg\u0103se\u0219te cineva \u00een asta? Nu este periculos s\u0103 fi smerit, nu este periculos s\u0103 recuno\u0219ti, \u00eenc\u0103 nu \u00een\u021belegi asta? Contrariul este periculos.<\/p>\n<p>Se reg\u0103se\u0219te cineva \u00een asta? Are vreun sens s\u0103 g\u00e2nde\u0219ti a\u0219a? Duhovnice\u0219te vorbind este demen\u021b\u0103. Acesta este adev\u0103rul. Altfel spus: este f\u0103\u021b\u0103rnicie, este teatru. Dore\u0219ti s\u0103 induci \u00een eroare \u0219i s\u0103 impresionezi oamenii, pentru a primi o cinste pe care \u00een niciun fel nu \u021bi se cuvine. Nu este a\u0219a? Da, termin-o cu asta! Termin-o pentru totdeauna! Devino interesat de a birui asupra p\u0103catului. \u0218i care este drumul \u00eentr-acolo? Care este drumul? A fi smerit. A te \u00eenjosi. Atunci Dumnezeu d\u0103 har chiar dac\u0103 nu l-am cerut.<\/p>\n\t\t<\/div>\n\t\t\t\t\t<\/div>\n\n\t\n\n\t<div id=\"col-1134714337\" class=\"col copyright small-12 large-12\"  >\n\t\t\t\t<div class=\"col-inner text-left\"  >\n\t\t\t\n\t\t\t\n<div>\u00a9 Copyright Stiftelsen Skjulte Skatters Forlag<\/div>\n\t\t<\/div>\n\t\t\t\t\t<\/div>\n\n\t\n\n\t<div id=\"col-1318382663\" class=\"col small-12 large-12\"  >\n\t\t\t\t<div class=\"col-inner text-left\"  >\n\t\t\t\n\t\t\t\n<div><a href=\"#\" class=\"read-more\">Cite\u0219te mai departe<\/a><\/div>\n\t\t<\/div>\n\t\t\t\t\t<\/div>\n\n\t\n\n\t<div id=\"col-1228539362\" class=\"col small-12 large-12\"  >\n\t\t\t\t<div class=\"col-inner text-left\"  >\n\t\t\t\n\t\t\t\n<p class=\"next-previous-message\"><a class=\"previous\" href=\"\/ro\/bible-studies\/theme-4\/from-only-lying-to-only-truth\/\"><i class=\"icon-angle-left\"><\/i> Previous<\/a><a class=\"next\" href=\"\/ro\/bible-studies\/theme-4\/gods-method-of-working\/\">Next <i class=\"icon-angle-right\"><\/i><\/a><\/p>\n\t\t<\/div>\n\t\t\t\t\t<\/div>\n\n\t\n<\/div>\n\t\t<\/div>\n\n\t\t\n<style>\n#section_154280473 {\n  padding-top: 0px;\n  padding-bottom: 0px;\n  margin-bottom: 0px;\n}\n@media (min-width:550px) {\n  #section_154280473 {\n    padding-top: 0px;\n    padding-bottom: 0px;\n  }\n}\n<\/style>\n\t<\/section>\n\t\n\n\t<section class=\"section food-for-thought\" id=\"section_2054514529\">\n\t\t<div class=\"section-bg fill\" >\n\t\t\t\t\t\t\t\t\t\n\t\t\t\n\n\t\t<\/div>\n\n\t\t\n\n\t\t<div class=\"section-content relative\">\n\t\t\t\n<div class=\"row align-center\"  id=\"row-950722058\">\n\n\t<div id=\"col-376048969\" class=\"col title small-12 large-12\"  >\n\t\t\t\t<div class=\"col-inner text-left dark\"  >\n\t\t\t\n\t\t\t\n<h2>Devotional<\/h2>\n\t\t<\/div>\n\t\t\t\t\t<\/div>\n\n\t\n\n\t<div id=\"col-229036343\" class=\"col small-12 large-12\"  >\n\t\t\t\t<div class=\"col-inner dark\"  >\n\t\t\t\n\t\t\t\n<p>\u00cen vorbirea \u201eSmeri\u021bi cu inima\u201d, Aslaksen cite\u0219te un verset din Biblie de la Romani 9 care spune c\u0103 nu at\u00e2rn\u0103 nici de cine vrea, nici de cine alearg\u0103, ci de Dumnezeu, care are mil\u0103 (d\u0103 har). Nu ajut\u0103, atunci, s\u0103 \u201ealergi\u201d? De ce trebuie totu\u0219i s\u0103 ne smerim?<\/p>\n<p class='info'>You have to <a href='\/login\/'>log in<\/a> if you want to save your answer.<\/p>\n\t\t<\/div>\n\t\t\t\t\t<\/div>\n\n\t\n<\/div>\n\t\t<\/div>\n\n\t\t\n<style>\n#section_2054514529 {\n  padding-top: 30px;\n  padding-bottom: 30px;\n  background-color: rgb(73, 92, 94);\n}\n<\/style>\n\t<\/section>\n\t\n","protected":false},"excerpt":{"rendered":"","protected":false},"author":5,"featured_media":0,"parent":15414,"menu_order":4,"comment_status":"closed","ping_status":"closed","template":"page-blank.php","meta":{"footnotes":""},"class_list":["post-15488","page","type-page","status-publish","hentry"],"aioseo_notices":[],"_links":{"self":[{"href":"https:\/\/words-of-faith.org\/ro\/wp-json\/wp\/v2\/pages\/15488","targetHints":{"allow":["GET"]}}],"collection":[{"href":"https:\/\/words-of-faith.org\/ro\/wp-json\/wp\/v2\/pages"}],"about":[{"href":"https:\/\/words-of-faith.org\/ro\/wp-json\/wp\/v2\/types\/page"}],"author":[{"embeddable":true,"href":"https:\/\/words-of-faith.org\/ro\/wp-json\/wp\/v2\/users\/5"}],"replies":[{"embeddable":true,"href":"https:\/\/words-of-faith.org\/ro\/wp-json\/wp\/v2\/comments?post=15488"}],"version-history":[{"count":0,"href":"https:\/\/words-of-faith.org\/ro\/wp-json\/wp\/v2\/pages\/15488\/revisions"}],"up":[{"embeddable":true,"href":"https:\/\/words-of-faith.org\/ro\/wp-json\/wp\/v2\/pages\/15414"}],"wp:attachment":[{"href":"https:\/\/words-of-faith.org\/ro\/wp-json\/wp\/v2\/media?parent=15488"}],"curies":[{"name":"wp","href":"https:\/\/api.w.org\/{rel}","templated":true}]}}