{"id":15506,"date":"2020-06-10T19:40:36","date_gmt":"2020-06-10T17:40:36","guid":{"rendered":"https:\/\/aslaksen.bcc.no\/?page_id=15506"},"modified":"2020-08-21T14:07:54","modified_gmt":"2020-08-21T12:07:54","slug":"modul-in-care-lucreaza-dumnezeu","status":"publish","type":"page","link":"https:\/\/words-of-faith.org\/ro\/studiu-biblic\/tema-4\/modul-in-care-lucreaza-dumnezeu\/","title":{"rendered":"Modul \u00een care lucreaz\u0103 Dumnezeu"},"content":{"rendered":"\n\t<section class=\"section\" id=\"section_298781373\">\n\t\t<div class=\"section-bg fill\" >\n\t\t\t\t\t\t\t\t\t\n\t\t\t\n\n\t\t<\/div>\n\n\t\t\n\n\t\t<div class=\"section-content relative\">\n\t\t\t\n<div class=\"row align-center\"  id=\"row-1442543233\">\n\n\t<div id=\"col-874090271\" class=\"col small-12 large-12\"  >\n\t\t\t\t<div class=\"col-inner\"  >\n\t\t\t\n\t\t\t\n<p class=\"breadcrumbs\"><a href=\"..\/\">Theme 4<\/a> \/ Messages<\/p>\n<h1>Modul \u00een care lucreaz\u0103 Dumnezeu<\/h1>\n<p class=\"article-date\">Comori Ascunse, publicat \u00een aprilie 1958<\/p>\n<p class=\"article-author\">de Elias Aslaksen<\/p>\n\t\t<\/div>\n\t\t\t\t\t<\/div>\n\n\t\n\n<style>\n#row-1442543233 > .col > .col-inner {\n  padding: 30px 0px 0px 0px;\n}\n<\/style>\n<\/div>\n<div class=\"row align-center audio\"  id=\"row-1498512596\">\n\n\t<div id=\"col-1116114397\" class=\"col small-12 large-12\"  >\n\t\t\t\t<div class=\"col-inner\"  >\n\t\t\t\n\t\t\t\n<!--[if lt IE 9]><script>document.createElement('audio');<\/script><![endif]-->\n<audio class=\"wp-audio-shortcode\" id=\"audio-15506-1\" preload=\"none\" style=\"width: 100%;\" controls=\"controls\"><source type=\"audio\/mpeg\" src=\"\/audio\/Tema%204\/ROM\/23%20S%20-%20Metoda%20de%20lucru%20a%20lui%20Dumnezeu.mp3?_=1\" \/><a href=\"\/audio\/Tema%204\/ROM\/23%20S%20-%20Metoda%20de%20lucru%20a%20lui%20Dumnezeu.mp3\">\/audio\/Tema%204\/ROM\/23%20S%20-%20Metoda%20de%20lucru%20a%20lui%20Dumnezeu.mp3<\/a><\/audio>\n<p class=\"click-to-listen\">Click to listen to the speech.<\/p>\n\t\t<\/div>\n\t\t\t\t\t<\/div>\n\n\t\n<\/div>\n<div class=\"row align-center article article-excerpt\"  id=\"row-818725736\">\n\n\t<div id=\"col-38224905\" class=\"col small-12 large-12\"  >\n\t\t\t\t<div class=\"col-inner text-left\"  >\n\t\t\t\n\t\t\t\n<p>Este \u00een toate felurile la fel. De altfel este \u0219i foarte rezonabil, pentru c\u0103 to\u021bi oamenii au acelea\u0219i \u00eenclina\u021bii, \u0219i anume de a se \u00eeng\u00e2mfa, de a avea g\u00e2nduri mari despre ei \u00een\u0219i\u0219i. Ei \u00ee\u0219i iau cinstea pentru ceea ce Dumnezeu a lucrat \u00een harul S\u0103u mare, \u00een ei \u0219i prin ei.<\/p>\n<p>Tocmai de aceea, planul Lui neclintit \u0219i metoda de lucru este s\u0103 \u00eempiedice asta. Iar astfel, lucrarea lui este de a <strong>ne zdrobi dup\u0103 fire<\/strong> ca s\u0103 ne ajute s\u0103 ne cobor\u00e2m ad\u00e2nc \u00een ochii no\u0219tri proprii. De exemplu \u00eempiedic\u0103 succesul la una sau alta, prin faptul c\u0103 Se retrage \u00een anumite situa\u021bii, \u00een harul Lui, \u0219i ne las\u0103 s\u0103 gust\u0103m rodul drumului nostru \u2013 rodul propriei puteri, voin\u021be \u0219i priceperi.<\/p>\n<p>\u00cen acest fel suntem smeri\u021bi \u0219i primim greutate \u00een barca vie\u021bii noastre, a\u0219a \u00eenc\u00e2t s\u0103 putem purta \u0219i naviga prin orice fel de vreme schimb\u0103toare, f\u0103r\u0103 s\u0103 ne rostogolim \u0219i s\u0103 ajungem \u00eentr-o stare bun\u0103 \u00een portul ve\u0219nic.<\/p>\n<p>Voia Lui bun\u0103 \u0219i iubitoare este ca s\u0103 ne \u00eenal\u021be \u00eempreun\u0103 cu El, \u0219i tocmai de aceea trebuie ca El puternic s\u0103 ne fr\u00e2ng\u0103 \u0219i ca s\u0103 putem purta ulterior \u00een\u0103l\u021barea f\u0103r\u0103 s\u0103 lu\u0103m cinste din ea.<\/p>\n<p>El \u00eempline\u0219te acest lucru cu m\u00e2n\u0103 tare \u0219i inim\u0103 hot\u0103r\u00e2t\u0103, f\u0103r\u0103 s\u0103 Se lase influen\u021bat \u00een vreun fel de lipsa noastr\u0103 de \u00een\u021belegere a felului Lui de ac\u021biune.<\/p>\n<p>Cinste, cinste, cinste \u2013 numelui S\u0103u!<\/p>\n\t\t<\/div>\n\t\t\t\t\t<\/div>\n\n\t\n\n\t<div id=\"col-246046485\" class=\"col copyright small-12 large-12\"  >\n\t\t\t\t<div class=\"col-inner text-left\"  >\n\t\t\t\n\t\t\t\n<div>\u00a9 Copyright Stiftelsen Skjulte Skatters Forlag<\/div>\n\t\t<\/div>\n\t\t\t\t\t<\/div>\n\n\t\n\n\t<div id=\"col-714856803\" class=\"col small-12 large-12\"  >\n\t\t\t\t<div class=\"col-inner text-left\"  >\n\t\t\t\n\t\t\t\n<div><a href=\"#\" class=\"read-more\">Cite\u0219te mai departe<\/a><\/div>\n\t\t<\/div>\n\t\t\t\t\t<\/div>\n\n\t\n\n\t<div id=\"col-1423452071\" class=\"col small-12 large-12\"  >\n\t\t\t\t<div class=\"col-inner text-left\"  >\n\t\t\t\n\t\t\t\n<p class=\"next-previous-message\"><a class=\"previous\" href=\"\/ro\/bible-studies\/theme-4\/humble-of-heart\/\"><i class=\"icon-angle-left\"><\/i> Previous<\/a><a class=\"next\" href=\"\/ro\/bible-studies\/theme-4\/the-abundant-and-sure-grace-of-david\/\">Next <i class=\"icon-angle-right\"><\/i><\/a><\/p>\n\t\t<\/div>\n\t\t\t\t\t<\/div>\n\n\t\n<\/div>\n\t\t<\/div>\n\n\t\t\n<style>\n#section_298781373 {\n  padding-top: 0px;\n  padding-bottom: 0px;\n  margin-bottom: 0px;\n}\n@media (min-width:550px) {\n  #section_298781373 {\n    padding-top: 0px;\n    padding-bottom: 0px;\n  }\n}\n<\/style>\n\t<\/section>\n\t\n\n\t<section class=\"section food-for-thought\" id=\"section_332903448\">\n\t\t<div class=\"section-bg fill\" >\n\t\t\t\t\t\t\t\t\t\n\t\t\t\n\n\t\t<\/div>\n\n\t\t\n\n\t\t<div class=\"section-content relative\">\n\t\t\t\n<div class=\"row align-center\"  id=\"row-738363032\">\n\n\t<div id=\"col-282399948\" class=\"col title small-12 large-12\"  >\n\t\t\t\t<div class=\"col-inner text-left dark\"  >\n\t\t\t\n\t\t\t\n<h2>Devotional<\/h2>\n\t\t<\/div>\n\t\t\t\t\t<\/div>\n\n\t\n\n\t<div id=\"col-2119754007\" class=\"col small-12 large-12\"  >\n\t\t\t\t<div class=\"col-inner dark\"  >\n\t\t\t\n\t\t\t\n<p>\u00cen scrierea \u201eModul \u00een care lucreaz\u0103 Dumnezeu\u201d, Aslaksen scrie despre a lua noi \u00een\u0219ine cinstea care apar\u021bine lui Dumnezeu. Un lucru este s\u0103 iei cinste de la oameni, dar te po\u021bi g\u00e2ndi la un alt exemplu concret de a lua cinstea care apar\u021bine lui Dumnezeu, \u0219i de ce este a\u0219a de periculos?<\/p>\n<p class='info'>You have to <a href='\/login\/'>log in<\/a> if you want to save your answer.<\/p>\n\t\t<\/div>\n\t\t\t\t\t<\/div>\n\n\t\n<\/div>\n\t\t<\/div>\n\n\t\t\n<style>\n#section_332903448 {\n  padding-top: 30px;\n  padding-bottom: 30px;\n  background-color: rgb(73, 92, 94);\n}\n<\/style>\n\t<\/section>\n\t\n","protected":false},"excerpt":{"rendered":"","protected":false},"author":5,"featured_media":0,"parent":15414,"menu_order":5,"comment_status":"closed","ping_status":"closed","template":"page-blank.php","meta":{"footnotes":""},"class_list":["post-15506","page","type-page","status-publish","hentry"],"aioseo_notices":[],"_links":{"self":[{"href":"https:\/\/words-of-faith.org\/ro\/wp-json\/wp\/v2\/pages\/15506","targetHints":{"allow":["GET"]}}],"collection":[{"href":"https:\/\/words-of-faith.org\/ro\/wp-json\/wp\/v2\/pages"}],"about":[{"href":"https:\/\/words-of-faith.org\/ro\/wp-json\/wp\/v2\/types\/page"}],"author":[{"embeddable":true,"href":"https:\/\/words-of-faith.org\/ro\/wp-json\/wp\/v2\/users\/5"}],"replies":[{"embeddable":true,"href":"https:\/\/words-of-faith.org\/ro\/wp-json\/wp\/v2\/comments?post=15506"}],"version-history":[{"count":0,"href":"https:\/\/words-of-faith.org\/ro\/wp-json\/wp\/v2\/pages\/15506\/revisions"}],"up":[{"embeddable":true,"href":"https:\/\/words-of-faith.org\/ro\/wp-json\/wp\/v2\/pages\/15414"}],"wp:attachment":[{"href":"https:\/\/words-of-faith.org\/ro\/wp-json\/wp\/v2\/media?parent=15506"}],"curies":[{"name":"wp","href":"https:\/\/api.w.org\/{rel}","templated":true}]}}